{"id":5494,"date":"2020-08-28T12:39:28","date_gmt":"2020-08-28T10:39:28","guid":{"rendered":"http:\/\/chapterzero-france.com\/?page_id=5494"},"modified":"2020-10-10T15:55:36","modified_gmt":"2020-10-10T13:55:36","slug":"nous-rejoindre","status":"publish","type":"page","link":"https:\/\/chapterzero-france.com\/index.php\/nous-rejoindre\/","title":{"rendered":"Adh\u00e9rez"},"content":{"rendered":"<div id=\"wppb-builder-container\" class=\"wppb-builder-container\">                <div  class=\"wppb-row-parent  wppb-row-1602337987311 \"  >\n\t\t\t\t\t\n\t\t\t\t\t\t\t\t\t\t\n\t\t\t\t\t\t\t\t\t\t\n\t\t\t\t\t<div class=\"wppb-container \">\n\t\t\t\t\t\t\t\t\t\t\t\t\t\n                        <div class=\"wppb-row\">\n\t\t\t\t\t\t\t                                    <div  class=\"wppb-column-parent wppb-column-parent-view wppb-col-1602337987310  \"  >\n                                        <div class=\"wppb-column\">\n\t\t\t\t\t\n\t\t\t\t\t\t\t\t\t\t\t\n                                            <div class=\"wppb-builder-addons\">\n\t\t\t\t\t\t\t\t\t\t\t\t<div class='wppb-builder-addon wppb-addon-1602337996855'  data-addon-id='1602337996855'><div class='wppb-addon'><div class=\"wppb-text-block-addon\"><div class=\"wppb-text-block-content 0\"><p style=\"font-weight: 400;text-align: center\"><strong>Vous \u00eates administrateur.trice ou un.e expert.e du climat ou de la gouvernance ?<\/strong><\/p><p style=\"font-weight: 400;text-align: center\">Vous souhaitez favoriser la mobilisation des conseils d'administration aux enjeux climatiques afin d\u2019en faire un \u00e9l\u00e9ment structurant de la gouvernance ?<\/p><p style=\"font-weight: 400;text-align: center\"><strong>Rejoignez la communaut\u00e9 des personnalit\u00e9s engag\u00e9es de Chapter Zero France.<\/strong><\/p><p style=\"font-weight: 400;text-align: center\"><strong>Pour soutenir le financement de l\u2019association, l\u2019adh\u00e9sion annuelle est de 200\u20ac.<\/strong><\/p><p style=\"font-weight: 400;text-align: center\">\u00a0<\/p><p style=\"font-weight: 400;text-align: center\">Elle donne acc\u00e8s \u00e0 l\u2019ensemble de nos activit\u00e9s (certaines, comme les Huis Clos, \u00e9tant r\u00e9serv\u00e9es aux administrateurs en exercice), la contribution au r\u00e9seau d\u2019influence des chapters dans le monde ainsi qu\u2019\u00e0 des r\u00e9ductions sur certaines formations partenaires \u2013 \u00e0 ce jour, celles du Chapter Nordics <a href=\"https:\/\/track.pstmrk.it\/3s\/boardsimpactforum.com%2Fbif-board-program-nordics%2F\/lvid\/Jt__AQ\/AQ\/cfb67e25-e116-4433-953d-a02fc99faa2e\/4\/DBPy93SVEi\">\"Boards oversight of sustainability for value creation\"<\/a> et <a href=\"https:\/\/track.pstmrk.it\/3s\/boardsimpactforum.com%2Fboard-oversight-of-responsible-ai-for-value-creation%2F\/lvid\/Jt__AQ\/AQ\/cfb67e25-e116-4433-953d-a02fc99faa2e\/5\/4dFR9mTip2\">\"Boards Oversight of AI for value creation\"<\/a>.<\/p><p style=\"font-weight: 400;text-align: center\">\u00a0<\/p><p style=\"font-weight: 400;text-align: center\">Gr\u00e2ce au rescrit fiscal de l\u2019association, <strong>66 % du montant de la cotisation est d\u00e9ductible de l\u2019imp\u00f4t, dans la limite de 20 %<\/strong> du revenu imposable, ce qui revient \u00e0 un <strong>cout annuel individuel tr\u00e8s modique de 68 \u20ac.<\/strong><\/p><\/div><\/div><\/div><\/div><div class='wppb-builder-addon wppb-addon-1759819820628'  data-addon-id='1759819820628'><div class='wppb-addon'><div class=\"wppb-text-block-addon\"><\/div><\/div><\/div>                                            <\/div>\n                                        <\/div>\n                                    <\/div>\n\t\t\t\t\t\t\t\t\t                        <\/div>\n\n                    <\/div>\n                <\/div>\n\t\t\t\t                <div  class=\"wppb-row-parent  wppb-row-1653946868351 \"  >\n\t\t\t\t\t\n\t\t\t\t\t\t\t\t\t\t\n\t\t\t\t\t\t\t\t\t\t\n\t\t\t\t\t<div class=\"wppb-container \">\n\t\t\t\t\t\t\t\t\t\t\t\t\t\n                        <div class=\"wppb-row\">\n\t\t\t\t\t\t\t                                    <div  class=\"wppb-column-parent wppb-column-parent-view wppb-col-1653946868350  \"  >\n                                        <div class=\"wppb-column\">\n\t\t\t\t\t\n\t\t\t\t\t\t\t\t\t\t\t\n                                            <div class=\"wppb-builder-addons\">\n\t\t\t\t\t\t\t\t\t\t\t\t<div class='wppb-builder-addon wppb-addon-1653947274304'  data-addon-id='1653947274304'><div class='wppb-addon'><div class=\"wppb-text-block-addon\"><div class=\"wppb-text-block-content 0\"><h6 style=\"text-align: center\"><strong>Pour faire votre demande d\u2019adh\u00e9sion, veuillez remplir le formulaire ci-dessous. Nous reviendrons vers vous d\u00e8s r\u00e9ception de votre demande.<\/strong><\/h6><\/div><\/div><\/div><\/div>                                            <\/div>\n                                        <\/div>\n                                    <\/div>\n\t\t\t\t\t\t\t\t\t                        <\/div>\n\n                    <\/div>\n                <\/div>\n\t\t\t\t                <div  class=\"wppb-row-parent  wppb-row-1614775246639 \"  >\n\t\t\t\t\t\n\t\t\t\t\t\t\t\t\t\t\n\t\t\t\t\t\t\t\t\t\t\n\t\t\t\t\t<div class=\"wppb-container \">\n\t\t\t\t\t\t\t\t\t\t\t\t\t\n                        <div class=\"wppb-row\">\n\t\t\t\t\t\t\t                                    <div  class=\"wppb-column-parent wppb-column-parent-view wppb-col-1614775246635  \"  >\n                                        <div class=\"wppb-column\">\n\t\t\t\t\t\n\t\t\t\t\t\t\t\t\t\t\t\n                                            <div class=\"wppb-builder-addons\">\n\t\t\t\t\t\t\t\t\t\t\t\t<div class='wppb-builder-addon wppb-addon-1614850589790'  data-addon-id='1614850589790'><div class='wppb-addon'><div class=\"wppb-addon wppb-button-addon\"><div class=\"wppb-button-addon-content\"><a  href=\"http:\/\/chapterzero-france.com\/wp-content\/uploads\/2020\/11\/Reglement-interieur_CZF_Final_nov2020.pdf\" target=_blank class=\"wppb-btn-addons  wppb-btn-custom wppb-btn-rounded wppb-btn-large wppb-btn-no\">R\u00e8glement int\u00e9rieur<\/a><\/div><\/div><\/div><\/div>                                            <\/div>\n                                        <\/div>\n                                    <\/div>\n\t\t\t\t\t\t\t\t\t                                    <div  class=\"wppb-column-parent wppb-column-parent-view wppb-col-1614775246636  \"  >\n                                        <div class=\"wppb-column\">\n\t\t\t\t\t\n\t\t\t\t\t\t\t\t\t\t\t\n                                            <div class=\"wppb-builder-addons\">\n\t\t\t\t\t\t\t\t\t\t\t\t<div class='wppb-builder-addon wppb-addon-1614775246753'  data-addon-id='1614775246753'><div class='wppb-addon'><div class=\"wppb-addon wppb-button-addon\"><div class=\"wppb-button-addon-content\"><a  href=\"http:\/\/chapterzero-france.com\/wp-content\/uploads\/2021\/04\/Charte-CGI_vFR.pdf\" target=_blank class=\"wppb-btn-addons  wppb-btn-custom wppb-btn-rounded wppb-btn-large wppb-btn-no\">Charte CGI<\/a><\/div><\/div><\/div><\/div>                                            <\/div>\n                                        <\/div>\n                                    <\/div>\n\t\t\t\t\t\t\t\t\t                                    <div  class=\"wppb-column-parent wppb-column-parent-view wppb-col-1614775246637  \"  >\n                                        <div class=\"wppb-column\">\n\t\t\t\t\t\n\t\t\t\t\t\t\t\t\t\t\t\n                                            <div class=\"wppb-builder-addons\">\n\t\t\t\t\t\t\t\t\t\t\t\t<div class='wppb-builder-addon wppb-addon-1614775246947'  data-addon-id='1614775246947'><div class='wppb-addon'><div class=\"wppb-addon wppb-button-addon\"><div class=\"wppb-button-addon-content\"><a  href=\"http:\/\/chapterzero-france.com\/wp-content\/uploads\/2021\/03\/Proposition-de-valeur-pour-ladherent-CZF-20210303-final.pdf\" target=_blank class=\"wppb-btn-addons  wppb-btn-custom wppb-btn-rounded wppb-btn-large wppb-btn-no\">Avantages adh\u00e9rents<\/a><\/div><\/div><\/div><\/div>                                            <\/div>\n                                        <\/div>\n                                    <\/div>\n\t\t\t\t\t\t\t\t\t                                    <div  class=\"wppb-column-parent wppb-column-parent-view wppb-col-1690114544978  \"  >\n                                        <div class=\"wppb-column\">\n\t\t\t\t\t\n\t\t\t\t\t\t\t\t\t\t\t\n                                            <div class=\"wppb-builder-addons\">\n\t\t\t\t\t\t\t\t\t\t\t\t<div class='wppb-builder-addon wppb-addon-1690114965350'  data-addon-id='1690114965350'><div class='wppb-addon'><div class=\"wppb-addon wppb-button-addon\"><div class=\"wppb-button-addon-content\"><a  href=\"https:\/\/chapterzero-france.com\/wp-content\/uploads\/2023\/07\/2023-07-Chapter-Zero-France-Value-Proposition.docx.pdf\" target=_blank class=\"wppb-btn-addons  wppb-btn-custom wppb-btn-rounded wppb-btn-large wppb-btn-no\">Proposition de valeur<\/a><\/div><\/div><\/div><\/div>                                            <\/div>\n                                        <\/div>\n                                    <\/div>\n\t\t\t\t\t\t\t\t\t                        <\/div>\n\n                    <\/div>\n                <\/div>\n\t\t\t\t                <div  class=\"wppb-row-parent  wppb-row-1602337987331 \"  >\n\t\t\t\t\t\n\t\t\t\t\t\t\t\t\t\t\n\t\t\t\t\t\t\t\t\t\t\n\t\t\t\t\t<div class=\"wppb-container \">\n\t\t\t\t\t\t\t\t\t\t\t\t\t\n                        <div class=\"wppb-row\">\n\t\t\t\t\t\t\t                                    <div  class=\"wppb-column-parent wppb-column-parent-view wppb-col-1602337987330  \"  >\n                                        <div class=\"wppb-column\">\n\t\t\t\t\t\n\t\t\t\t\t\t\t\t\t\t\t\n                                            <div class=\"wppb-builder-addons\">\n\t\t\t\t\t\t\t\t\t\t\t\t<div id=\"iframe_assoconnect\" class='wppb-builder-addon wppb-addon-1602338044213'  data-addon-id='1602338044213'><div class='wppb-addon'><div class=\"wppb-raw-html-addon\"><div class=\"wppb-raw-html-content\"><iframe loading=\"lazy\" src=\"https:\/\/chapter-zero-france.assoconnect.com\/collect\/description\/618678-j-adhesion-chapter-zero-france?iframe=1\" width=\"100%\" height=\"900\"><\/iframe><\/div><\/div><\/div><\/div>                                            <\/div>\n                                        <\/div>\n                                    <\/div>\n\t\t\t\t\t\t\t\t\t                        <\/div>\n\n                    <\/div>\n                <\/div>\n\t\t\t\t<\/div>","protected":false},"excerpt":{"rendered":"<p>Vous \u00eates administrateur.trice ou un.e expert.e du climat ou de la gouvernance ?Vous souhaitez favoriser la mobilisation des conseils d&#8217;administration aux enjeux climatiques afin d\u2019en faire un \u00e9l\u00e9ment structurant de la gouvernance ?Rejoignez la communaut\u00e9 des personnalit\u00e9s engag\u00e9es de Chapter Zero France.Pour soutenir le financement de l\u2019association, l\u2019adh\u00e9sion annuelle est&hellip;<\/p>\n","protected":false},"author":1,"featured_media":0,"parent":0,"menu_order":0,"comment_status":"closed","ping_status":"closed","template":"","meta":{"advgb_blocks_editor_width":"","advgb_blocks_columns_visual_guide":"","_monsterinsights_skip_tracking":false,"_monsterinsights_sitenote_active":false,"_monsterinsights_sitenote_note":"","_monsterinsights_sitenote_category":0,"footnotes":""},"class_list":["post-5494","page","type-page","status-publish","hentry"],"yoast_head":"<!-- This site is optimized with the Yoast SEO plugin v23.4 - https:\/\/yoast.com\/wordpress\/plugins\/seo\/ -->\n<title>Adh\u00e9rez - Chapter Zero France<\/title>\n<meta name=\"description\" content=\"Formulaire \u00e0 remplir pour adh\u00e9rer \u00e0 l&#039;association Chapter Zero France.\" \/>\n<meta name=\"robots\" content=\"index, follow, max-snippet:-1, max-image-preview:large, max-video-preview:-1\" \/>\n<link rel=\"canonical\" href=\"https:\/\/chapterzero-france.com\/index.php\/nous-rejoindre\/\" \/>\n<meta property=\"og:locale\" content=\"fr_FR\" \/>\n<meta property=\"og:type\" content=\"article\" \/>\n<meta property=\"og:title\" content=\"Adh\u00e9rez - Chapter Zero France\" \/>\n<meta property=\"og:description\" content=\"Formulaire \u00e0 remplir pour adh\u00e9rer \u00e0 l&#039;association Chapter Zero France.\" \/>\n<meta property=\"og:url\" content=\"https:\/\/chapterzero-france.com\/index.php\/nous-rejoindre\/\" \/>\n<meta property=\"og:site_name\" content=\"Chapter Zero France\" \/>\n<meta property=\"article:modified_time\" content=\"2020-10-10T13:55:36+00:00\" \/>\n<meta name=\"twitter:card\" content=\"summary_large_image\" \/>\n<script type=\"application\/ld+json\" class=\"yoast-schema-graph\">{\"@context\":\"https:\/\/schema.org\",\"@graph\":[{\"@type\":\"WebPage\",\"@id\":\"https:\/\/chapterzero-france.com\/index.php\/nous-rejoindre\/\",\"url\":\"https:\/\/chapterzero-france.com\/index.php\/nous-rejoindre\/\",\"name\":\"Adh\u00e9rez - Chapter Zero France\",\"isPartOf\":{\"@id\":\"https:\/\/chapterzero-france.com\/#website\"},\"datePublished\":\"2020-08-28T10:39:28+00:00\",\"dateModified\":\"2020-10-10T13:55:36+00:00\",\"description\":\"Formulaire \u00e0 remplir pour adh\u00e9rer \u00e0 l'association Chapter Zero France.\",\"breadcrumb\":{\"@id\":\"https:\/\/chapterzero-france.com\/index.php\/nous-rejoindre\/#breadcrumb\"},\"inLanguage\":\"fr-FR\",\"potentialAction\":[{\"@type\":\"ReadAction\",\"target\":[\"https:\/\/chapterzero-france.com\/index.php\/nous-rejoindre\/\"]}]},{\"@type\":\"BreadcrumbList\",\"@id\":\"https:\/\/chapterzero-france.com\/index.php\/nous-rejoindre\/#breadcrumb\",\"itemListElement\":[{\"@type\":\"ListItem\",\"position\":1,\"name\":\"Accueil\",\"item\":\"https:\/\/chapterzero-france.com\/\"},{\"@type\":\"ListItem\",\"position\":2,\"name\":\"Adh\u00e9rez\"}]},{\"@type\":\"WebSite\",\"@id\":\"https:\/\/chapterzero-france.com\/#website\",\"url\":\"https:\/\/chapterzero-france.com\/\",\"name\":\"Chapter Zero France\",\"description\":\"Le Forum Climat des Administrateurs\",\"publisher\":{\"@id\":\"https:\/\/chapterzero-france.com\/#organization\"},\"potentialAction\":[{\"@type\":\"SearchAction\",\"target\":{\"@type\":\"EntryPoint\",\"urlTemplate\":\"https:\/\/chapterzero-france.com\/?s={search_term_string}\"},\"query-input\":{\"@type\":\"PropertyValueSpecification\",\"valueRequired\":true,\"valueName\":\"search_term_string\"}}],\"inLanguage\":\"fr-FR\"},{\"@type\":\"Organization\",\"@id\":\"https:\/\/chapterzero-france.com\/#organization\",\"name\":\"Chapter Zero France\",\"url\":\"https:\/\/chapterzero-france.com\/\",\"logo\":{\"@type\":\"ImageObject\",\"inLanguage\":\"fr-FR\",\"@id\":\"https:\/\/chapterzero-france.com\/#\/schema\/logo\/image\/\",\"url\":\"https:\/\/chapterzero-france.com\/wp-content\/uploads\/2020\/08\/ChapterZero_Logo_FranceForumClimat-e1598537853484.jpg\",\"contentUrl\":\"https:\/\/chapterzero-france.com\/wp-content\/uploads\/2020\/08\/ChapterZero_Logo_FranceForumClimat-e1598537853484.jpg\",\"width\":100,\"height\":38,\"caption\":\"Chapter Zero France\"},\"image\":{\"@id\":\"https:\/\/chapterzero-france.com\/#\/schema\/logo\/image\/\"}}]}<\/script>\n<!-- \/ Yoast SEO plugin. -->","yoast_head_json":{"title":"Adh\u00e9rez - Chapter Zero France","description":"Formulaire \u00e0 remplir pour adh\u00e9rer \u00e0 l'association Chapter Zero France.","robots":{"index":"index","follow":"follow","max-snippet":"max-snippet:-1","max-image-preview":"max-image-preview:large","max-video-preview":"max-video-preview:-1"},"canonical":"https:\/\/chapterzero-france.com\/index.php\/nous-rejoindre\/","og_locale":"fr_FR","og_type":"article","og_title":"Adh\u00e9rez - Chapter Zero France","og_description":"Formulaire \u00e0 remplir pour adh\u00e9rer \u00e0 l'association Chapter Zero France.","og_url":"https:\/\/chapterzero-france.com\/index.php\/nous-rejoindre\/","og_site_name":"Chapter Zero France","article_modified_time":"2020-10-10T13:55:36+00:00","twitter_card":"summary_large_image","schema":{"@context":"https:\/\/schema.org","@graph":[{"@type":"WebPage","@id":"https:\/\/chapterzero-france.com\/index.php\/nous-rejoindre\/","url":"https:\/\/chapterzero-france.com\/index.php\/nous-rejoindre\/","name":"Adh\u00e9rez - Chapter Zero France","isPartOf":{"@id":"https:\/\/chapterzero-france.com\/#website"},"datePublished":"2020-08-28T10:39:28+00:00","dateModified":"2020-10-10T13:55:36+00:00","description":"Formulaire \u00e0 remplir pour adh\u00e9rer \u00e0 l'association Chapter Zero France.","breadcrumb":{"@id":"https:\/\/chapterzero-france.com\/index.php\/nous-rejoindre\/#breadcrumb"},"inLanguage":"fr-FR","potentialAction":[{"@type":"ReadAction","target":["https:\/\/chapterzero-france.com\/index.php\/nous-rejoindre\/"]}]},{"@type":"BreadcrumbList","@id":"https:\/\/chapterzero-france.com\/index.php\/nous-rejoindre\/#breadcrumb","itemListElement":[{"@type":"ListItem","position":1,"name":"Accueil","item":"https:\/\/chapterzero-france.com\/"},{"@type":"ListItem","position":2,"name":"Adh\u00e9rez"}]},{"@type":"WebSite","@id":"https:\/\/chapterzero-france.com\/#website","url":"https:\/\/chapterzero-france.com\/","name":"Chapter Zero France","description":"Le Forum Climat des Administrateurs","publisher":{"@id":"https:\/\/chapterzero-france.com\/#organization"},"potentialAction":[{"@type":"SearchAction","target":{"@type":"EntryPoint","urlTemplate":"https:\/\/chapterzero-france.com\/?s={search_term_string}"},"query-input":{"@type":"PropertyValueSpecification","valueRequired":true,"valueName":"search_term_string"}}],"inLanguage":"fr-FR"},{"@type":"Organization","@id":"https:\/\/chapterzero-france.com\/#organization","name":"Chapter Zero France","url":"https:\/\/chapterzero-france.com\/","logo":{"@type":"ImageObject","inLanguage":"fr-FR","@id":"https:\/\/chapterzero-france.com\/#\/schema\/logo\/image\/","url":"https:\/\/chapterzero-france.com\/wp-content\/uploads\/2020\/08\/ChapterZero_Logo_FranceForumClimat-e1598537853484.jpg","contentUrl":"https:\/\/chapterzero-france.com\/wp-content\/uploads\/2020\/08\/ChapterZero_Logo_FranceForumClimat-e1598537853484.jpg","width":100,"height":38,"caption":"Chapter Zero France"},"image":{"@id":"https:\/\/chapterzero-france.com\/#\/schema\/logo\/image\/"}}]}},"coauthors":[],"author_meta":{"author_link":"https:\/\/chapterzero-france.com\/index.php\/author\/admin3183\/","display_name":"admin3183"},"relative_dates":{"created":"Publi\u00e9 6 ans il y a","modified":"Mis \u00e0 jour 6 ans il y a"},"absolute_dates":{"created":"Publi\u00e9 le 28 ao\u00fbt 2020","modified":"Mise \u00e0 jour le 10 octobre 2020"},"absolute_dates_time":{"created":"Publi\u00e9 le 28 ao\u00fbt 2020 12 h 39 min","modified":"Mise \u00e0 jour le 10 octobre 2020 15 h 55 min"},"featured_img_caption":"","featured_img":false,"series_order":"","_links":{"self":[{"href":"https:\/\/chapterzero-france.com\/index.php\/wp-json\/wp\/v2\/pages\/5494","targetHints":{"allow":["GET"]}}],"collection":[{"href":"https:\/\/chapterzero-france.com\/index.php\/wp-json\/wp\/v2\/pages"}],"about":[{"href":"https:\/\/chapterzero-france.com\/index.php\/wp-json\/wp\/v2\/types\/page"}],"author":[{"embeddable":true,"href":"https:\/\/chapterzero-france.com\/index.php\/wp-json\/wp\/v2\/users\/1"}],"replies":[{"embeddable":true,"href":"https:\/\/chapterzero-france.com\/index.php\/wp-json\/wp\/v2\/comments?post=5494"}],"version-history":[{"count":22,"href":"https:\/\/chapterzero-france.com\/index.php\/wp-json\/wp\/v2\/pages\/5494\/revisions"}],"predecessor-version":[{"id":6068,"href":"https:\/\/chapterzero-france.com\/index.php\/wp-json\/wp\/v2\/pages\/5494\/revisions\/6068"}],"wp:attachment":[{"href":"https:\/\/chapterzero-france.com\/index.php\/wp-json\/wp\/v2\/media?parent=5494"}],"curies":[{"name":"wp","href":"https:\/\/api.w.org\/{rel}","templated":true}]}}