{"id":5792,"date":"2020-08-31T19:51:20","date_gmt":"2020-08-31T17:51:20","guid":{"rendered":"http:\/\/chapterzero-france.com\/?page_id=5792"},"modified":"2022-10-05T19:12:21","modified_gmt":"2022-10-05T17:12:21","slug":"evenements","status":"publish","type":"page","link":"https:\/\/chapterzero-france.com\/index.php\/evenements\/","title":{"rendered":"Ev\u00e8nements"},"content":{"rendered":"<div id=\"wppb-builder-container\" class=\"wppb-builder-container\">                <div  class=\"wppb-row-parent  wppb-row-1611591649101 \"  >\n\t\t\t\t\t\n\t\t\t\t\t\t\t\t\t\t\n\t\t\t\t\t\t\t\t\t\t\n\t\t\t\t\t<div class=\"wppb-container \">\n\t\t\t\t\t\t\t\t\t\t\t\t\t\n                        <div class=\"wppb-row\">\n\t\t\t\t\t\t\t                                    <div  class=\"wppb-column-parent wppb-column-parent-view wppb-col-1611591649098  \"  >\n                                        <div class=\"wppb-column\">\n\t\t\t\t\t\n\t\t\t\t\t\t\t\t\t\t\t\n                                            <div class=\"wppb-builder-addons\">\n\t\t\t\t\t\t\t\t\t\t\t\t                                            <\/div>\n                                        <\/div>\n                                    <\/div>\n\t\t\t\t\t\t\t\t\t                                    <div  class=\"wppb-column-parent wppb-column-parent-view wppb-col-1611591649099  \"  >\n                                        <div class=\"wppb-column\">\n\t\t\t\t\t\n\t\t\t\t\t\t\t\t\t\t\t\n                                            <div class=\"wppb-builder-addons\">\n\t\t\t\t\t\t\t\t\t\t\t\t<div class='wppb-builder-addon wppb-addon-1611591649104'  data-addon-id='1611591649104'><div class='wppb-addon'><div class=\"wppb-addon wppb-button-addon\"><div class=\"wppb-button-addon-content\"><a  href=\"http:\/\/chapterzero-france.com\/index.php\/evenements-passes\/\" target=_self class=\"wppb-btn-addons  wppb-btn-custom wppb-btn-rounded wppb-btn-standard wppb-btn-no\">Ev\u00e8nements pass\u00e9s<\/a><\/div><\/div><\/div><\/div>                                            <\/div>\n                                        <\/div>\n                                    <\/div>\n\t\t\t\t\t\t\t\t\t                                    <div  class=\"wppb-column-parent wppb-column-parent-view wppb-col-1611591649100  \"  >\n                                        <div class=\"wppb-column\">\n\t\t\t\t\t\n\t\t\t\t\t\t\t\t\t\t\t\n                                            <div class=\"wppb-builder-addons\">\n\t\t\t\t\t\t\t\t\t\t\t\t                                            <\/div>\n                                        <\/div>\n                                    <\/div>\n\t\t\t\t\t\t\t\t\t                        <\/div>\n\n                    <\/div>\n                <\/div>\n\t\t\t\t                <div  class=\"wppb-row-parent  wppb-row-1664990211579 \"  >\n\t\t\t\t\t\n\t\t\t\t\t\t\t\t\t\t\n\t\t\t\t\t\t\t\t\t\t\n\t\t\t\t\t<div class=\"wppb-container \">\n\t\t\t\t\t\t\t\t\t\t\t\t\t\n                        <div class=\"wppb-row\">\n\t\t\t\t\t\t\t                                    <div  class=\"wppb-column-parent wppb-column-parent-view wppb-col-1664990211578  \"  >\n                                        <div class=\"wppb-column\">\n\t\t\t\t\t\n\t\t\t\t\t\t\t\t\t\t\t\n                                            <div class=\"wppb-builder-addons\">\n\t\t\t\t\t\t\t\t\t\t\t\t<div class='wppb-builder-addon wppb-widget-1664990247191 wppb-addon-1664990247191'  data-addon-id='1664990247191'><div class='wppb-widget'><h5>Prochains \u00e9v\u00e8nements<\/h5><div class=\"event_listings_class\">\n\t<div class=\"no_event_listings_found_widget wpem-alert wpem-alert-danger wpem-mb-0\">\n\t\tIl n\u2019y a actuellement aucun \u00e9v\u00e8nement.\t<\/div>\n<\/div>\n<\/div><\/div>                                            <\/div>\n                                        <\/div>\n                                    <\/div>\n\t\t\t\t\t\t\t\t\t                        <\/div>\n\n                    <\/div>\n                <\/div>\n\t\t\t\t<\/div>","protected":false},"excerpt":{"rendered":"<p>Ev\u00e8nements pass\u00e9s Prochains \u00e9v\u00e8nements Il n\u2019y a actuellement aucun \u00e9v\u00e8nement.<\/p>\n","protected":false},"author":1,"featured_media":0,"parent":0,"menu_order":0,"comment_status":"closed","ping_status":"closed","template":"","meta":{"advgb_blocks_editor_width":"","advgb_blocks_columns_visual_guide":"","_monsterinsights_skip_tracking":false,"_monsterinsights_sitenote_active":false,"_monsterinsights_sitenote_note":"","_monsterinsights_sitenote_category":0,"footnotes":""},"class_list":["post-5792","page","type-page","status-publish","hentry"],"yoast_head":"<!-- This site is optimized with the Yoast SEO plugin v23.4 - https:\/\/yoast.com\/wordpress\/plugins\/seo\/ -->\n<title>Ev\u00e8nements climat et gouvernance - Chapter Zero France<\/title>\n<meta name=\"description\" content=\"La liste des \u00e9v\u00e8nements organis\u00e9s par l&#039;association Chapter Zero France sur les th\u00e9matiques climat et gouvernance.\" \/>\n<meta name=\"robots\" content=\"index, follow, max-snippet:-1, max-image-preview:large, max-video-preview:-1\" \/>\n<link rel=\"canonical\" href=\"https:\/\/chapterzero-france.com\/index.php\/evenements\/\" \/>\n<meta property=\"og:locale\" content=\"fr_FR\" \/>\n<meta property=\"og:type\" content=\"article\" \/>\n<meta property=\"og:title\" content=\"Ev\u00e8nements climat et gouvernance - Chapter Zero France\" \/>\n<meta property=\"og:description\" content=\"La liste des \u00e9v\u00e8nements organis\u00e9s par l&#039;association Chapter Zero France sur les th\u00e9matiques climat et gouvernance.\" \/>\n<meta property=\"og:url\" content=\"https:\/\/chapterzero-france.com\/index.php\/evenements\/\" \/>\n<meta property=\"og:site_name\" content=\"Chapter Zero France\" \/>\n<meta property=\"article:modified_time\" content=\"2022-10-05T17:12:21+00:00\" \/>\n<meta name=\"twitter:card\" content=\"summary_large_image\" \/>\n<script type=\"application\/ld+json\" class=\"yoast-schema-graph\">{\"@context\":\"https:\/\/schema.org\",\"@graph\":[{\"@type\":\"WebPage\",\"@id\":\"https:\/\/chapterzero-france.com\/index.php\/evenements\/\",\"url\":\"https:\/\/chapterzero-france.com\/index.php\/evenements\/\",\"name\":\"Ev\u00e8nements climat et gouvernance - Chapter Zero France\",\"isPartOf\":{\"@id\":\"https:\/\/chapterzero-france.com\/#website\"},\"datePublished\":\"2020-08-31T17:51:20+00:00\",\"dateModified\":\"2022-10-05T17:12:21+00:00\",\"description\":\"La liste des \u00e9v\u00e8nements organis\u00e9s par l'association Chapter Zero France sur les th\u00e9matiques climat et gouvernance.\",\"breadcrumb\":{\"@id\":\"https:\/\/chapterzero-france.com\/index.php\/evenements\/#breadcrumb\"},\"inLanguage\":\"fr-FR\",\"potentialAction\":[{\"@type\":\"ReadAction\",\"target\":[\"https:\/\/chapterzero-france.com\/index.php\/evenements\/\"]}]},{\"@type\":\"BreadcrumbList\",\"@id\":\"https:\/\/chapterzero-france.com\/index.php\/evenements\/#breadcrumb\",\"itemListElement\":[{\"@type\":\"ListItem\",\"position\":1,\"name\":\"Accueil\",\"item\":\"https:\/\/chapterzero-france.com\/\"},{\"@type\":\"ListItem\",\"position\":2,\"name\":\"Ev\u00e8nements\"}]},{\"@type\":\"WebSite\",\"@id\":\"https:\/\/chapterzero-france.com\/#website\",\"url\":\"https:\/\/chapterzero-france.com\/\",\"name\":\"Chapter Zero France\",\"description\":\"Le Forum Climat des Administrateurs\",\"publisher\":{\"@id\":\"https:\/\/chapterzero-france.com\/#organization\"},\"potentialAction\":[{\"@type\":\"SearchAction\",\"target\":{\"@type\":\"EntryPoint\",\"urlTemplate\":\"https:\/\/chapterzero-france.com\/?s={search_term_string}\"},\"query-input\":{\"@type\":\"PropertyValueSpecification\",\"valueRequired\":true,\"valueName\":\"search_term_string\"}}],\"inLanguage\":\"fr-FR\"},{\"@type\":\"Organization\",\"@id\":\"https:\/\/chapterzero-france.com\/#organization\",\"name\":\"Chapter Zero France\",\"url\":\"https:\/\/chapterzero-france.com\/\",\"logo\":{\"@type\":\"ImageObject\",\"inLanguage\":\"fr-FR\",\"@id\":\"https:\/\/chapterzero-france.com\/#\/schema\/logo\/image\/\",\"url\":\"https:\/\/chapterzero-france.com\/wp-content\/uploads\/2020\/08\/ChapterZero_Logo_FranceForumClimat-e1598537853484.jpg\",\"contentUrl\":\"https:\/\/chapterzero-france.com\/wp-content\/uploads\/2020\/08\/ChapterZero_Logo_FranceForumClimat-e1598537853484.jpg\",\"width\":100,\"height\":38,\"caption\":\"Chapter Zero France\"},\"image\":{\"@id\":\"https:\/\/chapterzero-france.com\/#\/schema\/logo\/image\/\"}}]}<\/script>\n<!-- \/ Yoast SEO plugin. -->","yoast_head_json":{"title":"Ev\u00e8nements climat et gouvernance - Chapter Zero France","description":"La liste des \u00e9v\u00e8nements organis\u00e9s par l'association Chapter Zero France sur les th\u00e9matiques climat et gouvernance.","robots":{"index":"index","follow":"follow","max-snippet":"max-snippet:-1","max-image-preview":"max-image-preview:large","max-video-preview":"max-video-preview:-1"},"canonical":"https:\/\/chapterzero-france.com\/index.php\/evenements\/","og_locale":"fr_FR","og_type":"article","og_title":"Ev\u00e8nements climat et gouvernance - Chapter Zero France","og_description":"La liste des \u00e9v\u00e8nements organis\u00e9s par l'association Chapter Zero France sur les th\u00e9matiques climat et gouvernance.","og_url":"https:\/\/chapterzero-france.com\/index.php\/evenements\/","og_site_name":"Chapter Zero France","article_modified_time":"2022-10-05T17:12:21+00:00","twitter_card":"summary_large_image","schema":{"@context":"https:\/\/schema.org","@graph":[{"@type":"WebPage","@id":"https:\/\/chapterzero-france.com\/index.php\/evenements\/","url":"https:\/\/chapterzero-france.com\/index.php\/evenements\/","name":"Ev\u00e8nements climat et gouvernance - Chapter Zero France","isPartOf":{"@id":"https:\/\/chapterzero-france.com\/#website"},"datePublished":"2020-08-31T17:51:20+00:00","dateModified":"2022-10-05T17:12:21+00:00","description":"La liste des \u00e9v\u00e8nements organis\u00e9s par l'association Chapter Zero France sur les th\u00e9matiques climat et gouvernance.","breadcrumb":{"@id":"https:\/\/chapterzero-france.com\/index.php\/evenements\/#breadcrumb"},"inLanguage":"fr-FR","potentialAction":[{"@type":"ReadAction","target":["https:\/\/chapterzero-france.com\/index.php\/evenements\/"]}]},{"@type":"BreadcrumbList","@id":"https:\/\/chapterzero-france.com\/index.php\/evenements\/#breadcrumb","itemListElement":[{"@type":"ListItem","position":1,"name":"Accueil","item":"https:\/\/chapterzero-france.com\/"},{"@type":"ListItem","position":2,"name":"Ev\u00e8nements"}]},{"@type":"WebSite","@id":"https:\/\/chapterzero-france.com\/#website","url":"https:\/\/chapterzero-france.com\/","name":"Chapter Zero France","description":"Le Forum Climat des Administrateurs","publisher":{"@id":"https:\/\/chapterzero-france.com\/#organization"},"potentialAction":[{"@type":"SearchAction","target":{"@type":"EntryPoint","urlTemplate":"https:\/\/chapterzero-france.com\/?s={search_term_string}"},"query-input":{"@type":"PropertyValueSpecification","valueRequired":true,"valueName":"search_term_string"}}],"inLanguage":"fr-FR"},{"@type":"Organization","@id":"https:\/\/chapterzero-france.com\/#organization","name":"Chapter Zero France","url":"https:\/\/chapterzero-france.com\/","logo":{"@type":"ImageObject","inLanguage":"fr-FR","@id":"https:\/\/chapterzero-france.com\/#\/schema\/logo\/image\/","url":"https:\/\/chapterzero-france.com\/wp-content\/uploads\/2020\/08\/ChapterZero_Logo_FranceForumClimat-e1598537853484.jpg","contentUrl":"https:\/\/chapterzero-france.com\/wp-content\/uploads\/2020\/08\/ChapterZero_Logo_FranceForumClimat-e1598537853484.jpg","width":100,"height":38,"caption":"Chapter Zero France"},"image":{"@id":"https:\/\/chapterzero-france.com\/#\/schema\/logo\/image\/"}}]}},"coauthors":[],"author_meta":{"author_link":"https:\/\/chapterzero-france.com\/index.php\/author\/admin3183\/","display_name":"admin3183"},"relative_dates":{"created":"Publi\u00e9 6 ans il y a","modified":"Mis \u00e0 jour 4 ans il y a"},"absolute_dates":{"created":"Publi\u00e9 le 31 ao\u00fbt 2020","modified":"Mise \u00e0 jour le 5 octobre 2022"},"absolute_dates_time":{"created":"Publi\u00e9 le 31 ao\u00fbt 2020 19 h 51 min","modified":"Mise \u00e0 jour le 5 octobre 2022 19 h 12 min"},"featured_img_caption":"","featured_img":false,"series_order":"","_links":{"self":[{"href":"https:\/\/chapterzero-france.com\/index.php\/wp-json\/wp\/v2\/pages\/5792","targetHints":{"allow":["GET"]}}],"collection":[{"href":"https:\/\/chapterzero-france.com\/index.php\/wp-json\/wp\/v2\/pages"}],"about":[{"href":"https:\/\/chapterzero-france.com\/index.php\/wp-json\/wp\/v2\/types\/page"}],"author":[{"embeddable":true,"href":"https:\/\/chapterzero-france.com\/index.php\/wp-json\/wp\/v2\/users\/1"}],"replies":[{"embeddable":true,"href":"https:\/\/chapterzero-france.com\/index.php\/wp-json\/wp\/v2\/comments?post=5792"}],"version-history":[{"count":13,"href":"https:\/\/chapterzero-france.com\/index.php\/wp-json\/wp\/v2\/pages\/5792\/revisions"}],"predecessor-version":[{"id":7094,"href":"https:\/\/chapterzero-france.com\/index.php\/wp-json\/wp\/v2\/pages\/5792\/revisions\/7094"}],"wp:attachment":[{"href":"https:\/\/chapterzero-france.com\/index.php\/wp-json\/wp\/v2\/media?parent=5792"}],"curies":[{"name":"wp","href":"https:\/\/api.w.org\/{rel}","templated":true}]}}