{"id":5934,"date":"2020-09-30T12:06:48","date_gmt":"2020-09-30T10:06:48","guid":{"rendered":"http:\/\/chapterzero-france.com\/?page_id=5934"},"modified":"2020-09-30T12:06:49","modified_gmt":"2020-09-30T10:06:49","slug":"conditions-generales-dutilisation","status":"publish","type":"page","link":"https:\/\/chapterzero-france.com\/index.php\/conditions-generales-dutilisation\/","title":{"rendered":"Conditions G\u00e9n\u00e9rales d&#8217;utilisation"},"content":{"rendered":"<div id=\"wppb-builder-container\" class=\"wppb-builder-container\">                <div  class=\"wppb-row-parent  wppb-row-1601460281336 \"  >\n\t\t\t\t\t\n\t\t\t\t\t\t\t\t\t\t\n\t\t\t\t\t\t\t\t\t\t\n\t\t\t\t\t<div class=\"wppb-container \">\n\t\t\t\t\t\t\t\t\t\t\t\t\t\n                        <div class=\"wppb-row\">\n\t\t\t\t\t\t\t                                    <div  class=\"wppb-column-parent wppb-column-parent-view wppb-col-1601460281335  \"  >\n                                        <div class=\"wppb-column\">\n\t\t\t\t\t\n\t\t\t\t\t\t\t\t\t\t\t\n                                            <div class=\"wppb-builder-addons\">\n\t\t\t\t\t\t\t\t\t\t\t\t<div class='wppb-builder-addon wppb-addon-1601460289286'  data-addon-id='1601460289286'><div class='wppb-addon'><div class=\"wppb-text-block-addon\"><div class=\"wppb-text-block-content 0\"><p style=\"text-align: center\"><em>En vigueur au 01\/09\/2020<\/em><\/p><p>Les pr\u00e9sentes conditions g\u00e9n\u00e9rales d'utilisation (dites \u00ab\u00a0<strong>CGU - Mentions L\u00e9gales<\/strong>\u00a0\u00bb) ont pour objet l'encadrement juridique des modalit\u00e9s de mise \u00e0 disposition du site et des services par Chapter Zero France et de d\u00e9finir les conditions d\u2019acc\u00e8s et d\u2019utilisation des services par \u00ab\u00a0<strong>l'Utilisateur<\/strong>\u00a0\u00bb.<\/p><p>Les pr\u00e9sentes CGU sont accessibles sur le site \u00e0 la rubrique\u00a0\u00ab<strong>CGU<\/strong>\u00bb.<\/p><p>Toute inscription ou utilisation du site implique l'acceptation sans aucune r\u00e9serve ni restriction des pr\u00e9sentes CGU par l\u2019utilisateur. Lors de l'inscription sur le site via le Formulaire d\u2019inscription, chaque utilisateur accepte express\u00e9ment les pr\u00e9sentes CGU en cochant la case pr\u00e9c\u00e9dant le texte suivant\u00a0: \u00ab <em>Je reconnais avoir lu et compris les CGU et je les accepte<\/em> \u00bb.<\/p><p>En cas de non-acceptation des CGU stipul\u00e9es dans le pr\u00e9sent contrat, l'Utilisateur se doit de renoncer \u00e0 l'acc\u00e8s des services propos\u00e9s par le site.<\/p><p><em>www.chapterzero-france.com<\/em> se r\u00e9serve le droit de modifier unilat\u00e9ralement et \u00e0 tout moment le contenu des pr\u00e9sentes CGU.<\/p><h1>Article 1 : Les mentions l\u00e9gales<\/h1><p>L\u2019\u00e9dition et la direction de la publication du site www.chapterzero-france.com\u00a0est assur\u00e9e par Chapter Zero France, domicili\u00e9 \u00e0 Paris, France.<\/p><p>Adresse e-mail : contact@chapterzero-france.com.<\/p><p>L'h\u00e9bergeur du site www.chapterzero-france.com\u00a0est la soci\u00e9t\u00e9 OVH SAS, dont le si\u00e8ge social est situ\u00e9 au 2 rue Kellermann, 59 100 Roubaix, France<\/p><h1>Article 2\u00a0: Acc\u00e8s au site<\/h1><p>Le site <em>www.chapterzero-france.com<\/em> permet \u00e0 l'Utilisateur un acc\u00e8s gratuit aux services suivants\u00a0:<\/p><p>Acc\u00e8s \u00e0 des articles\/rapports\/\u00e9tudes et acc\u00e8s \u00e0 des outils de formation concernant la gouvernance des entreprises et les risques climatiques pouvant affecter les entreprises.<\/p><p>Le site est accessible gratuitement en tout lieu \u00e0 tout Utilisateur ayant un acc\u00e8s \u00e0 Internet. Tous les frais support\u00e9s par l'Utilisateur pour acc\u00e9der au service (mat\u00e9riel informatique, logiciels, connexion Internet, etc.) sont \u00e0 sa charge.<\/p><p>L\u2019Utilisateur non membre n'a pas acc\u00e8s aux services r\u00e9serv\u00e9s. Pour cela, il doit s\u2019inscrire en remplissant le formulaire. En acceptant de s\u2019inscrire aux services r\u00e9serv\u00e9s, l\u2019Utilisateur membre s\u2019engage \u00e0 fournir des informations sinc\u00e8res et exactes concernant son \u00e9tat civil et ses coordonn\u00e9es, notamment son adresse email.<\/p><p>Pour acc\u00e9der aux services, l\u2019Utilisateur doit ensuite s'identifier \u00e0 l'aide de son identifiant et de son mot de passe qui lui seront communiqu\u00e9s apr\u00e8s son inscription.<\/p><p>Tout Utilisateur membre r\u00e9guli\u00e8rement inscrit pourra \u00e9galement solliciter sa d\u00e9sinscription en se rendant \u00e0 la page d\u00e9di\u00e9e sur son espace personnel. Celle-ci sera effective dans un d\u00e9lai raisonnable.<\/p><p>Tout \u00e9v\u00e9nement d\u00fb \u00e0 un cas de force majeure ayant pour cons\u00e9quence un dysfonctionnement du site ou serveur et sous r\u00e9serve de toute interruption ou modification en cas de maintenance, n'engage pas la responsabilit\u00e9 de <em>www.chapterzero-france.com. <\/em>Dans ces cas, l\u2019Utilisateur accepte ainsi ne pas tenir rigueur \u00e0 l\u2019\u00e9diteur de toute interruption ou suspension de service, m\u00eame sans pr\u00e9avis.<\/p><p>L'Utilisateur a la possibilit\u00e9 de contacter le site par messagerie \u00e9lectronique \u00e0 l\u2019adresse email de l\u2019\u00e9diteur communiqu\u00e9 \u00e0 l\u2019ARTICLE 1.<\/p><h1>Article 3\u00a0: Collecte des donn\u00e9es<\/h1><p>Le site www.chapterzero-france.com respecte la vie priv\u00e9e de l\u2019internaute et se conforme strictement aux lois en vigueur sur la protection de la vie priv\u00e9e et des libert\u00e9s individuelles. Aucune information personnelle n\u2019est collect\u00e9e \u00e0 votre insu. Aucune information personnelle n\u2019est c\u00e9d\u00e9e \u00e0 des tiers.<\/p><p>Chapter Zero France s\u2019engage \u00e0 ce que la collecte et le traitement de vos donn\u00e9es, effectu\u00e9s \u00e0 partir du site soient conformes au r\u00e8glement g\u00e9n\u00e9ral sur la protection des donn\u00e9es (RGPD) et \u00e0 la loi Informatique et Libert\u00e9s.<\/p><p>Les d\u00e9tails de la politique de confidentialit\u00e9 appliqu\u00e9e par Chapter Zero France vis-\u00e0-vis des utilisateurs du site internet <a href=\"http:\/\/www.chapterzero-france.com\">www.chapterzero-france.com<\/a> sont pr\u00e9cis\u00e9s dans la <a href=\"http:\/\/chapterzero-france.com\/index.php\/politique-de-confidentialite-2\/\"><u>Politique de Confidentialit\u00e9 disponible ici<\/u><\/a>.<\/p><p>Chapter Zero France utilise le service de Sendinblue en tant que plateforme marketing. En soumettant le formulaire d\u2019adh\u00e9sion ( <a href=\"http:\/\/chapterzero-france.com\/index.php\/nous-rejoindre\/\">http:\/\/chapterzero-france.com\/index.php\/nous-rejoindre\/<\/a> ), vous reconnaissez que les informations que vous allez fournir seront transmises \u00e0 Sendinblue en sa qualit\u00e9 de processeur de donn\u00e9es; et ce conform\u00e9ment \u00e0 ses\u00a0<u><a href=\"https:\/\/fr.sendinblue.com\/legal\/termsofuse\/\">conditions g\u00e9n\u00e9rales d'utilisation<\/a>.<\/u><\/p><h1>Article 4\u00a0: Propri\u00e9t\u00e9 intellectuelle<\/h1><p>Les marques, logos, signes ainsi que tous les contenus du site (textes, images, son\u2026) font l'objet d'une protection par le Code de la propri\u00e9t\u00e9 intellectuelle et plus particuli\u00e8rement par le droit d'auteur.<\/p><p>L'Utilisateur doit solliciter l'autorisation pr\u00e9alable du site pour toute reproduction, publication, copie des diff\u00e9rents contenus. Il s'engage \u00e0 une utilisation des contenus du site dans un cadre strictement priv\u00e9, toute utilisation \u00e0 des fins commerciales et publicitaires est strictement interdite.<\/p><p>Toute repr\u00e9sentation totale ou partielle de ce site par quelque proc\u00e9d\u00e9 que ce soit, sans l\u2019autorisation expresse de l\u2019exploitant du site Internet constituerait une contrefa\u00e7on sanctionn\u00e9e par l\u2019article L 335-2 et suivants du Code de la propri\u00e9t\u00e9 intellectuelle.<\/p><p>Il est rappel\u00e9 conform\u00e9ment \u00e0 l\u2019article L122-5 du Code de propri\u00e9t\u00e9 intellectuelle que l\u2019Utilisateur qui reproduit, copie ou publie le contenu prot\u00e9g\u00e9 doit citer l\u2019auteur et sa source.<\/p><h1>Article 5\u00a0: Responsabilit\u00e9<\/h1><p>Les sources des informations diffus\u00e9es sur le site www.chapterzero-france.com\u00a0sont r\u00e9put\u00e9es fiables mais le site ne garantit pas qu\u2019il soit exempt de d\u00e9fauts, d\u2019erreurs ou d\u2019omissions.<\/p><p>Les informations communiqu\u00e9es sont pr\u00e9sent\u00e9es \u00e0 titre indicatif et g\u00e9n\u00e9ral sans valeur contractuelle. Malgr\u00e9 des mises \u00e0 jour r\u00e9guli\u00e8res, le site <em>www.chapterzero-france.com\u00a0<\/em>ne peut \u00eatre tenu responsable de la modification des dispositions administratives et juridiques survenant apr\u00e8s la publication. De m\u00eame, le site ne peut \u00eatre tenue responsable de l\u2019utilisation et de l\u2019interpr\u00e9tation de l\u2019information contenue dans ce site.<\/p><p>L'Utilisateur s'assure de garder son mot de passe secret. Toute divulgation du mot de passe, quelle que soit sa forme, est interdite. Il assume les risques li\u00e9s \u00e0 l'utilisation de son identifiant et mot de passe. Le site d\u00e9cline toute responsabilit\u00e9.<\/p><p>Le site <em>www.chapterzero-france.com\u00a0<\/em>ne peut \u00eatre tenu pour responsable d\u2019\u00e9ventuels virus qui pourraient infecter l\u2019ordinateur ou tout mat\u00e9riel informatique de l\u2019Internaute, suite \u00e0 une utilisation, \u00e0 l\u2019acc\u00e8s, ou au t\u00e9l\u00e9chargement provenant de ce site.<\/p><p>La responsabilit\u00e9 du site ne peut \u00eatre engag\u00e9e en cas de force majeure ou du fait impr\u00e9visible et insurmontable d'un tiers.<\/p><h1>Article 6\u00a0: Liens hypertextes<\/h1><p>Des liens hypertextes peuvent \u00eatre pr\u00e9sents sur le site. L\u2019Utilisateur est inform\u00e9 qu\u2019en cliquant sur ces liens, il sortira du site <em>www.chapterzero-france.com.<\/em> Ce dernier n\u2019a pas de contr\u00f4le sur les pages web sur lesquelles aboutissent ces liens et ne saurait, en aucun cas, \u00eatre responsable de leur contenu.<\/p><h1>Article 7\u00a0: Cookies<\/h1><p>L\u2019Utilisateur est inform\u00e9 que lors de ses visites sur le site, un cookie peut s\u2019installer automatiquement sur son logiciel de navigation.<\/p><p>Les cookies sont de petits fichiers stock\u00e9s temporairement sur le disque dur de l\u2019ordinateur de l\u2019Utilisateur par votre navigateur et qui sont n\u00e9cessaires \u00e0 l\u2019utilisation du site <em>www.chapterzero-france.com<\/em>. Les cookies ne contiennent pas d\u2019information personnelle et ne peuvent pas \u00eatre utilis\u00e9s pour identifier quelqu\u2019un. Un cookie contient un identifiant unique, g\u00e9n\u00e9r\u00e9 al\u00e9atoirement et donc anonyme. Certains cookies expirent \u00e0 la fin de la visite de l\u2019Utilisateur, d\u2019autres restent.<\/p><p>L\u2019information contenue dans les cookies est utilis\u00e9e pour am\u00e9liorer le site <em>www.chapterzero-france.com<\/em>.<\/p><p>En naviguant sur le site, L\u2019Utilisateur les accepte.<\/p><p>L\u2019Utilisateur doit toutefois donner son consentement quant \u00e0 l\u2019utilisation de certains cookies.<\/p><p>A d\u00e9faut d\u2019acceptation, l\u2019Utilisateur est inform\u00e9 que certaines fonctionnalit\u00e9s ou pages risquent de lui \u00eatre refus\u00e9es.<\/p><p>L\u2019Utilisateur pourra d\u00e9sactiver ces cookies par l\u2019interm\u00e9diaire des param\u00e8tres figurant au sein de son logiciel de navigation.<\/p><h1>Article 8\u00a0: Droit applicable et juridiction comp\u00e9tente<\/h1><p>La l\u00e9gislation fran\u00e7aise s'applique au pr\u00e9sent contrat. En cas d'absence de r\u00e9solution amiable d'un litige n\u00e9 entre les parties, les tribunaux fran\u00e7ais seront seuls comp\u00e9tents pour en conna\u00eetre.<\/p><p>Pour toute question relative \u00e0 l\u2019application des pr\u00e9sentes CGU, vous pouvez joindre l\u2019\u00e9diteur aux coordonn\u00e9es inscrites \u00e0 l\u2019ARTICLE 1.<\/p><\/div><\/div><\/div><\/div>                                            <\/div>\n                                        <\/div>\n                                    <\/div>\n\t\t\t\t\t\t\t\t\t                        <\/div>\n\n                    <\/div>\n                <\/div>\n\t\t\t\t<\/div>","protected":false},"excerpt":{"rendered":"<p>En vigueur au 01\/09\/2020Les pr\u00e9sentes conditions g\u00e9n\u00e9rales d&#8217;utilisation (dites \u00ab\u00a0CGU &#8211; Mentions L\u00e9gales\u00a0\u00bb) ont pour objet l&#8217;encadrement juridique des modalit\u00e9s de mise \u00e0 disposition du site et des services par Chapter Zero France et de d\u00e9finir les conditions d\u2019acc\u00e8s et d\u2019utilisation des services par \u00ab\u00a0l&#8217;Utilisateur\u00a0\u00bb.Les pr\u00e9sentes CGU sont accessibles sur&hellip;<\/p>\n","protected":false},"author":1,"featured_media":0,"parent":0,"menu_order":0,"comment_status":"closed","ping_status":"closed","template":"","meta":{"advgb_blocks_editor_width":"","advgb_blocks_columns_visual_guide":"","_monsterinsights_skip_tracking":false,"_monsterinsights_sitenote_active":false,"_monsterinsights_sitenote_note":"","_monsterinsights_sitenote_category":0,"footnotes":""},"class_list":["post-5934","page","type-page","status-publish","hentry"],"yoast_head":"<!-- This site is optimized with the Yoast SEO plugin v23.4 - https:\/\/yoast.com\/wordpress\/plugins\/seo\/ -->\n<title>Conditions G\u00e9n\u00e9rales d&#039;utilisation - Chapter Zero France<\/title>\n<meta name=\"robots\" content=\"index, follow, max-snippet:-1, max-image-preview:large, max-video-preview:-1\" \/>\n<link rel=\"canonical\" href=\"https:\/\/chapterzero-france.com\/index.php\/conditions-generales-dutilisation\/\" \/>\n<meta property=\"og:locale\" content=\"fr_FR\" \/>\n<meta property=\"og:type\" content=\"article\" \/>\n<meta property=\"og:title\" content=\"Conditions G\u00e9n\u00e9rales d&#039;utilisation - Chapter Zero France\" \/>\n<meta property=\"og:description\" content=\"En vigueur au 01\/09\/2020Les pr\u00e9sentes conditions g\u00e9n\u00e9rales d&#039;utilisation (dites \u00ab\u00a0CGU - Mentions L\u00e9gales\u00a0\u00bb) ont pour objet l&#039;encadrement juridique des modalit\u00e9s de mise \u00e0 disposition du site et des services par Chapter Zero France et de d\u00e9finir les conditions d\u2019acc\u00e8s et d\u2019utilisation des services par \u00ab\u00a0l&#039;Utilisateur\u00a0\u00bb.Les pr\u00e9sentes CGU sont accessibles sur&hellip;\" \/>\n<meta property=\"og:url\" content=\"https:\/\/chapterzero-france.com\/index.php\/conditions-generales-dutilisation\/\" \/>\n<meta property=\"og:site_name\" content=\"Chapter Zero France\" \/>\n<meta property=\"article:modified_time\" content=\"2020-09-30T10:06:49+00:00\" \/>\n<meta name=\"twitter:card\" content=\"summary_large_image\" \/>\n<script type=\"application\/ld+json\" class=\"yoast-schema-graph\">{\"@context\":\"https:\/\/schema.org\",\"@graph\":[{\"@type\":\"WebPage\",\"@id\":\"https:\/\/chapterzero-france.com\/index.php\/conditions-generales-dutilisation\/\",\"url\":\"https:\/\/chapterzero-france.com\/index.php\/conditions-generales-dutilisation\/\",\"name\":\"Conditions G\u00e9n\u00e9rales d'utilisation - Chapter Zero France\",\"isPartOf\":{\"@id\":\"https:\/\/chapterzero-france.com\/#website\"},\"datePublished\":\"2020-09-30T10:06:48+00:00\",\"dateModified\":\"2020-09-30T10:06:49+00:00\",\"breadcrumb\":{\"@id\":\"https:\/\/chapterzero-france.com\/index.php\/conditions-generales-dutilisation\/#breadcrumb\"},\"inLanguage\":\"fr-FR\",\"potentialAction\":[{\"@type\":\"ReadAction\",\"target\":[\"https:\/\/chapterzero-france.com\/index.php\/conditions-generales-dutilisation\/\"]}]},{\"@type\":\"BreadcrumbList\",\"@id\":\"https:\/\/chapterzero-france.com\/index.php\/conditions-generales-dutilisation\/#breadcrumb\",\"itemListElement\":[{\"@type\":\"ListItem\",\"position\":1,\"name\":\"Accueil\",\"item\":\"https:\/\/chapterzero-france.com\/\"},{\"@type\":\"ListItem\",\"position\":2,\"name\":\"Conditions G\u00e9n\u00e9rales d&#8217;utilisation\"}]},{\"@type\":\"WebSite\",\"@id\":\"https:\/\/chapterzero-france.com\/#website\",\"url\":\"https:\/\/chapterzero-france.com\/\",\"name\":\"Chapter Zero France\",\"description\":\"Le Forum Climat des Administrateurs\",\"publisher\":{\"@id\":\"https:\/\/chapterzero-france.com\/#organization\"},\"potentialAction\":[{\"@type\":\"SearchAction\",\"target\":{\"@type\":\"EntryPoint\",\"urlTemplate\":\"https:\/\/chapterzero-france.com\/?s={search_term_string}\"},\"query-input\":{\"@type\":\"PropertyValueSpecification\",\"valueRequired\":true,\"valueName\":\"search_term_string\"}}],\"inLanguage\":\"fr-FR\"},{\"@type\":\"Organization\",\"@id\":\"https:\/\/chapterzero-france.com\/#organization\",\"name\":\"Chapter Zero France\",\"url\":\"https:\/\/chapterzero-france.com\/\",\"logo\":{\"@type\":\"ImageObject\",\"inLanguage\":\"fr-FR\",\"@id\":\"https:\/\/chapterzero-france.com\/#\/schema\/logo\/image\/\",\"url\":\"https:\/\/chapterzero-france.com\/wp-content\/uploads\/2020\/08\/ChapterZero_Logo_FranceForumClimat-e1598537853484.jpg\",\"contentUrl\":\"https:\/\/chapterzero-france.com\/wp-content\/uploads\/2020\/08\/ChapterZero_Logo_FranceForumClimat-e1598537853484.jpg\",\"width\":100,\"height\":38,\"caption\":\"Chapter Zero France\"},\"image\":{\"@id\":\"https:\/\/chapterzero-france.com\/#\/schema\/logo\/image\/\"}}]}<\/script>\n<!-- \/ Yoast SEO plugin. -->","yoast_head_json":{"title":"Conditions G\u00e9n\u00e9rales d'utilisation - Chapter Zero France","robots":{"index":"index","follow":"follow","max-snippet":"max-snippet:-1","max-image-preview":"max-image-preview:large","max-video-preview":"max-video-preview:-1"},"canonical":"https:\/\/chapterzero-france.com\/index.php\/conditions-generales-dutilisation\/","og_locale":"fr_FR","og_type":"article","og_title":"Conditions G\u00e9n\u00e9rales d'utilisation - Chapter Zero France","og_description":"En vigueur au 01\/09\/2020Les pr\u00e9sentes conditions g\u00e9n\u00e9rales d'utilisation (dites \u00ab\u00a0CGU - Mentions L\u00e9gales\u00a0\u00bb) ont pour objet l'encadrement juridique des modalit\u00e9s de mise \u00e0 disposition du site et des services par Chapter Zero France et de d\u00e9finir les conditions d\u2019acc\u00e8s et d\u2019utilisation des services par \u00ab\u00a0l'Utilisateur\u00a0\u00bb.Les pr\u00e9sentes CGU sont accessibles sur&hellip;","og_url":"https:\/\/chapterzero-france.com\/index.php\/conditions-generales-dutilisation\/","og_site_name":"Chapter Zero France","article_modified_time":"2020-09-30T10:06:49+00:00","twitter_card":"summary_large_image","schema":{"@context":"https:\/\/schema.org","@graph":[{"@type":"WebPage","@id":"https:\/\/chapterzero-france.com\/index.php\/conditions-generales-dutilisation\/","url":"https:\/\/chapterzero-france.com\/index.php\/conditions-generales-dutilisation\/","name":"Conditions G\u00e9n\u00e9rales d'utilisation - Chapter Zero France","isPartOf":{"@id":"https:\/\/chapterzero-france.com\/#website"},"datePublished":"2020-09-30T10:06:48+00:00","dateModified":"2020-09-30T10:06:49+00:00","breadcrumb":{"@id":"https:\/\/chapterzero-france.com\/index.php\/conditions-generales-dutilisation\/#breadcrumb"},"inLanguage":"fr-FR","potentialAction":[{"@type":"ReadAction","target":["https:\/\/chapterzero-france.com\/index.php\/conditions-generales-dutilisation\/"]}]},{"@type":"BreadcrumbList","@id":"https:\/\/chapterzero-france.com\/index.php\/conditions-generales-dutilisation\/#breadcrumb","itemListElement":[{"@type":"ListItem","position":1,"name":"Accueil","item":"https:\/\/chapterzero-france.com\/"},{"@type":"ListItem","position":2,"name":"Conditions G\u00e9n\u00e9rales d&#8217;utilisation"}]},{"@type":"WebSite","@id":"https:\/\/chapterzero-france.com\/#website","url":"https:\/\/chapterzero-france.com\/","name":"Chapter Zero France","description":"Le Forum Climat des Administrateurs","publisher":{"@id":"https:\/\/chapterzero-france.com\/#organization"},"potentialAction":[{"@type":"SearchAction","target":{"@type":"EntryPoint","urlTemplate":"https:\/\/chapterzero-france.com\/?s={search_term_string}"},"query-input":{"@type":"PropertyValueSpecification","valueRequired":true,"valueName":"search_term_string"}}],"inLanguage":"fr-FR"},{"@type":"Organization","@id":"https:\/\/chapterzero-france.com\/#organization","name":"Chapter Zero France","url":"https:\/\/chapterzero-france.com\/","logo":{"@type":"ImageObject","inLanguage":"fr-FR","@id":"https:\/\/chapterzero-france.com\/#\/schema\/logo\/image\/","url":"https:\/\/chapterzero-france.com\/wp-content\/uploads\/2020\/08\/ChapterZero_Logo_FranceForumClimat-e1598537853484.jpg","contentUrl":"https:\/\/chapterzero-france.com\/wp-content\/uploads\/2020\/08\/ChapterZero_Logo_FranceForumClimat-e1598537853484.jpg","width":100,"height":38,"caption":"Chapter Zero France"},"image":{"@id":"https:\/\/chapterzero-france.com\/#\/schema\/logo\/image\/"}}]}},"coauthors":[],"author_meta":{"author_link":"https:\/\/chapterzero-france.com\/index.php\/author\/admin3183\/","display_name":"admin3183"},"relative_dates":{"created":"Publi\u00e9 6 ans il y a","modified":"Mis \u00e0 jour 6 ans il y a"},"absolute_dates":{"created":"Publi\u00e9 le 30 septembre 2020","modified":"Mise \u00e0 jour le 30 septembre 2020"},"absolute_dates_time":{"created":"Publi\u00e9 le 30 septembre 2020 12 h 06 min","modified":"Mise \u00e0 jour le 30 septembre 2020 12 h 06 min"},"featured_img_caption":"","featured_img":false,"series_order":"","_links":{"self":[{"href":"https:\/\/chapterzero-france.com\/index.php\/wp-json\/wp\/v2\/pages\/5934","targetHints":{"allow":["GET"]}}],"collection":[{"href":"https:\/\/chapterzero-france.com\/index.php\/wp-json\/wp\/v2\/pages"}],"about":[{"href":"https:\/\/chapterzero-france.com\/index.php\/wp-json\/wp\/v2\/types\/page"}],"author":[{"embeddable":true,"href":"https:\/\/chapterzero-france.com\/index.php\/wp-json\/wp\/v2\/users\/1"}],"replies":[{"embeddable":true,"href":"https:\/\/chapterzero-france.com\/index.php\/wp-json\/wp\/v2\/comments?post=5934"}],"version-history":[{"count":1,"href":"https:\/\/chapterzero-france.com\/index.php\/wp-json\/wp\/v2\/pages\/5934\/revisions"}],"predecessor-version":[{"id":5935,"href":"https:\/\/chapterzero-france.com\/index.php\/wp-json\/wp\/v2\/pages\/5934\/revisions\/5935"}],"wp:attachment":[{"href":"https:\/\/chapterzero-france.com\/index.php\/wp-json\/wp\/v2\/media?parent=5934"}],"curies":[{"name":"wp","href":"https:\/\/api.w.org\/{rel}","templated":true}]}}