{"id":5936,"date":"2020-09-30T12:16:32","date_gmt":"2020-09-30T10:16:32","guid":{"rendered":"http:\/\/chapterzero-france.com\/?page_id=5936"},"modified":"2020-09-30T12:16:33","modified_gmt":"2020-09-30T10:16:33","slug":"politique-de-confidentialite-2","status":"publish","type":"page","link":"https:\/\/chapterzero-france.com\/index.php\/politique-de-confidentialite-2\/","title":{"rendered":"Politique de confidentialit\u00e9"},"content":{"rendered":"<div id=\"wppb-builder-container\" class=\"wppb-builder-container\">                <div  class=\"wppb-row-parent  wppb-row-1601460866211 \"  >\n\t\t\t\t\t\n\t\t\t\t\t\t\t\t\t\t\n\t\t\t\t\t\t\t\t\t\t\n\t\t\t\t\t<div class=\"wppb-container \">\n\t\t\t\t\t\t\t\t\t\t\t\t\t\n                        <div class=\"wppb-row\">\n\t\t\t\t\t\t\t                                    <div  class=\"wppb-column-parent wppb-column-parent-view wppb-col-1601460866210  \"  >\n                                        <div class=\"wppb-column\">\n\t\t\t\t\t\n\t\t\t\t\t\t\t\t\t\t\t\n                                            <div class=\"wppb-builder-addons\">\n\t\t\t\t\t\t\t\t\t\t\t\t<div class='wppb-builder-addon wppb-addon-1601460874384'  data-addon-id='1601460874384'><div class='wppb-addon'><div class=\"wppb-text-block-addon\"><div class=\"wppb-text-block-content 0\"><p>Chapter Zero France collecte des donn\u00e9es personnelles uniquement via le formulaire d\u2019adh\u00e9sion pr\u00e9sent sur la page internet <a href=\"http:\/\/chapterzero-france.com\/index.php\/nous-rejoindre\/\">http:\/\/chapterzero-france.com\/index.php\/nous-rejoindre\/<\/a> .<\/p><p>Dans la mesure o\u00f9 en cochant la case plac\u00e9 \u00e0 la fin du formulaire (<em>J'accepte de recevoir vos e-mails et confirme avoir pris connaissance de votre politique de confidentialit\u00e9 et mentions l\u00e9gales.<\/em>) et en soumettant le formulaire en pressant le bouton \u2018S\u2019inscrire\u2019, nous avons obtenu le consentement de la personne concern\u00e9e pour le traitement des donn\u00e9es \u00e0 caract\u00e8re personnel, l\u2019article 6, paragraphe 1, alin\u00e9a 1, alin\u00e9a 1A du RGPD s\u2019applique comme base juridique.<\/p><p>Les donn\u00e9es pr\u00e9sentes sur le formulaire sont sauvegard\u00e9es dans un fichier informatis\u00e9 par l\u2019association Chapter Zero France avec l\u2019assistance de la plateforme en ligne marketing de la soci\u00e9t\u00e9 Sendinblue, qui remplit le r\u00f4le de processeur de donn\u00e9es.<\/p><p>Le traitement des donn\u00e9es est effectu\u00e9 sur la base des int\u00e9r\u00eats l\u00e9gitimes de l\u2019association dans la mesure o\u00f9 elles sont n\u00e9cessaires pour g\u00e9rer les adh\u00e9sions \u00e0 l\u2019association Chapter Zero France et faire parvenir des informations sur les \u00e9v\u00e8nements organis\u00e9s par l\u2019association.<\/p><p>Les renseignements rassembl\u00e9s seront communiqu\u00e9s aux seuls destinataires suivants\u00a0: l\u2019\u00e9quipe de Chapter Zero France en charge de la gestion des adh\u00e9sions et l\u2019\u00e9quipe de Chapter Zero France en charge de l\u2019organisation des \u00e9v\u00e8nements.<\/p><p>Vos informations seront conserv\u00e9es pour la dur\u00e9e de votre adh\u00e9sion \u00e0 l\u2019association Chapter Zero France.<\/p><p>Vous garderez un droit de regard sur vos informations. Vous pourriez y acc\u00e9der, les rectifier, demander leur modification et suppression et exercer votre droit \u00e0 la limitation du traitement. Vous pourrez exercer ces droits \u00e0 tout moment. Pour cela, vous pourriez contacter notre Service juridique\u00a0:<\/p><ul><li>Par mail au\u00a0: contact@chapterzero-france.com\u00a0;<\/li><li>Par courrier postal \u00e0 l\u2019adresse 51 rue d\u2019Assas, 75006 Paris.<\/li><\/ul><p>Aussi, vous pouvez retirer votre consentement au traitement de vos donn\u00e9es \u00e0 tout moment ou vous opposer au traitement de vos donn\u00e9es. Vous pouvez \u00e9galement exercer un droit \u00e0 la portabilit\u00e9 sur vos donn\u00e9es personnelles.<\/p><p>Si apr\u00e8s avoir contact\u00e9 notre service juridique, vous constatez que vos droits \u00ab Informatiques et Libert\u00e9s \u00bb ne sont pas respect\u00e9s, vous pourrez adresser une r\u00e9clamation \u00e0 la Commission nationale de l\u2019Informatique et des Libert\u00e9s ou CNIL, 3 Place de Fontenoy, 75007 Paris.<\/p><p>Note\u00a0: Les informations marqu\u00e9es d\u2019ast\u00e9risques dans le formulaire sont obligatoires et doivent imp\u00e9rativement \u00eatre fournies. Il s\u2019agit de renseignements n\u00e9cessaires \u00e0 la fourniture des services associ\u00e9s \u00e0 l\u2019adh\u00e9sion \u00e0 l\u2019association.<\/p><\/div><\/div><\/div><\/div>                                            <\/div>\n                                        <\/div>\n                                    <\/div>\n\t\t\t\t\t\t\t\t\t                        <\/div>\n\n                    <\/div>\n                <\/div>\n\t\t\t\t<\/div>","protected":false},"excerpt":{"rendered":"<p>Chapter Zero France collecte des donn\u00e9es personnelles uniquement via le formulaire d\u2019adh\u00e9sion pr\u00e9sent sur la page internet http:\/\/chapterzero-france.com\/index.php\/nous-rejoindre\/ .Dans la mesure o\u00f9 en cochant la case plac\u00e9 \u00e0 la fin du formulaire (J&#8217;accepte de recevoir vos e-mails et confirme avoir pris connaissance de votre politique de confidentialit\u00e9 et mentions l\u00e9gales.)&hellip;<\/p>\n","protected":false},"author":1,"featured_media":0,"parent":0,"menu_order":0,"comment_status":"closed","ping_status":"closed","template":"","meta":{"advgb_blocks_editor_width":"","advgb_blocks_columns_visual_guide":"","_monsterinsights_skip_tracking":false,"_monsterinsights_sitenote_active":false,"_monsterinsights_sitenote_note":"","_monsterinsights_sitenote_category":0,"footnotes":""},"class_list":["post-5936","page","type-page","status-publish","hentry"],"yoast_head":"<!-- This site is optimized with the Yoast SEO plugin v23.4 - https:\/\/yoast.com\/wordpress\/plugins\/seo\/ -->\n<title>Politique de confidentialit\u00e9 - Chapter Zero France<\/title>\n<meta name=\"robots\" content=\"index, follow, max-snippet:-1, max-image-preview:large, max-video-preview:-1\" \/>\n<link rel=\"canonical\" href=\"https:\/\/chapterzero-france.com\/index.php\/politique-de-confidentialite-2\/\" \/>\n<meta property=\"og:locale\" content=\"fr_FR\" \/>\n<meta property=\"og:type\" content=\"article\" \/>\n<meta property=\"og:title\" content=\"Politique de confidentialit\u00e9 - Chapter Zero France\" \/>\n<meta property=\"og:description\" content=\"Chapter Zero France collecte des donn\u00e9es personnelles uniquement via le formulaire d\u2019adh\u00e9sion pr\u00e9sent sur la page internet http:\/\/chapterzero-france.com\/index.php\/nous-rejoindre\/ .Dans la mesure o\u00f9 en cochant la case plac\u00e9 \u00e0 la fin du formulaire (J&#039;accepte de recevoir vos e-mails et confirme avoir pris connaissance de votre politique de confidentialit\u00e9 et mentions l\u00e9gales.)&hellip;\" \/>\n<meta property=\"og:url\" content=\"https:\/\/chapterzero-france.com\/index.php\/politique-de-confidentialite-2\/\" \/>\n<meta property=\"og:site_name\" content=\"Chapter Zero France\" \/>\n<meta property=\"article:modified_time\" content=\"2020-09-30T10:16:33+00:00\" \/>\n<meta name=\"twitter:card\" content=\"summary_large_image\" \/>\n<script type=\"application\/ld+json\" class=\"yoast-schema-graph\">{\"@context\":\"https:\/\/schema.org\",\"@graph\":[{\"@type\":\"WebPage\",\"@id\":\"https:\/\/chapterzero-france.com\/index.php\/politique-de-confidentialite-2\/\",\"url\":\"https:\/\/chapterzero-france.com\/index.php\/politique-de-confidentialite-2\/\",\"name\":\"Politique de confidentialit\u00e9 - Chapter Zero France\",\"isPartOf\":{\"@id\":\"https:\/\/chapterzero-france.com\/#website\"},\"datePublished\":\"2020-09-30T10:16:32+00:00\",\"dateModified\":\"2020-09-30T10:16:33+00:00\",\"breadcrumb\":{\"@id\":\"https:\/\/chapterzero-france.com\/index.php\/politique-de-confidentialite-2\/#breadcrumb\"},\"inLanguage\":\"fr-FR\",\"potentialAction\":[{\"@type\":\"ReadAction\",\"target\":[\"https:\/\/chapterzero-france.com\/index.php\/politique-de-confidentialite-2\/\"]}]},{\"@type\":\"BreadcrumbList\",\"@id\":\"https:\/\/chapterzero-france.com\/index.php\/politique-de-confidentialite-2\/#breadcrumb\",\"itemListElement\":[{\"@type\":\"ListItem\",\"position\":1,\"name\":\"Accueil\",\"item\":\"https:\/\/chapterzero-france.com\/\"},{\"@type\":\"ListItem\",\"position\":2,\"name\":\"Politique de confidentialit\u00e9\"}]},{\"@type\":\"WebSite\",\"@id\":\"https:\/\/chapterzero-france.com\/#website\",\"url\":\"https:\/\/chapterzero-france.com\/\",\"name\":\"Chapter Zero France\",\"description\":\"Le Forum Climat des Administrateurs\",\"publisher\":{\"@id\":\"https:\/\/chapterzero-france.com\/#organization\"},\"potentialAction\":[{\"@type\":\"SearchAction\",\"target\":{\"@type\":\"EntryPoint\",\"urlTemplate\":\"https:\/\/chapterzero-france.com\/?s={search_term_string}\"},\"query-input\":{\"@type\":\"PropertyValueSpecification\",\"valueRequired\":true,\"valueName\":\"search_term_string\"}}],\"inLanguage\":\"fr-FR\"},{\"@type\":\"Organization\",\"@id\":\"https:\/\/chapterzero-france.com\/#organization\",\"name\":\"Chapter Zero France\",\"url\":\"https:\/\/chapterzero-france.com\/\",\"logo\":{\"@type\":\"ImageObject\",\"inLanguage\":\"fr-FR\",\"@id\":\"https:\/\/chapterzero-france.com\/#\/schema\/logo\/image\/\",\"url\":\"https:\/\/chapterzero-france.com\/wp-content\/uploads\/2020\/08\/ChapterZero_Logo_FranceForumClimat-e1598537853484.jpg\",\"contentUrl\":\"https:\/\/chapterzero-france.com\/wp-content\/uploads\/2020\/08\/ChapterZero_Logo_FranceForumClimat-e1598537853484.jpg\",\"width\":100,\"height\":38,\"caption\":\"Chapter Zero France\"},\"image\":{\"@id\":\"https:\/\/chapterzero-france.com\/#\/schema\/logo\/image\/\"}}]}<\/script>\n<!-- \/ Yoast SEO plugin. -->","yoast_head_json":{"title":"Politique de confidentialit\u00e9 - Chapter Zero France","robots":{"index":"index","follow":"follow","max-snippet":"max-snippet:-1","max-image-preview":"max-image-preview:large","max-video-preview":"max-video-preview:-1"},"canonical":"https:\/\/chapterzero-france.com\/index.php\/politique-de-confidentialite-2\/","og_locale":"fr_FR","og_type":"article","og_title":"Politique de confidentialit\u00e9 - Chapter Zero France","og_description":"Chapter Zero France collecte des donn\u00e9es personnelles uniquement via le formulaire d\u2019adh\u00e9sion pr\u00e9sent sur la page internet http:\/\/chapterzero-france.com\/index.php\/nous-rejoindre\/ .Dans la mesure o\u00f9 en cochant la case plac\u00e9 \u00e0 la fin du formulaire (J'accepte de recevoir vos e-mails et confirme avoir pris connaissance de votre politique de confidentialit\u00e9 et mentions l\u00e9gales.)&hellip;","og_url":"https:\/\/chapterzero-france.com\/index.php\/politique-de-confidentialite-2\/","og_site_name":"Chapter Zero France","article_modified_time":"2020-09-30T10:16:33+00:00","twitter_card":"summary_large_image","schema":{"@context":"https:\/\/schema.org","@graph":[{"@type":"WebPage","@id":"https:\/\/chapterzero-france.com\/index.php\/politique-de-confidentialite-2\/","url":"https:\/\/chapterzero-france.com\/index.php\/politique-de-confidentialite-2\/","name":"Politique de confidentialit\u00e9 - Chapter Zero France","isPartOf":{"@id":"https:\/\/chapterzero-france.com\/#website"},"datePublished":"2020-09-30T10:16:32+00:00","dateModified":"2020-09-30T10:16:33+00:00","breadcrumb":{"@id":"https:\/\/chapterzero-france.com\/index.php\/politique-de-confidentialite-2\/#breadcrumb"},"inLanguage":"fr-FR","potentialAction":[{"@type":"ReadAction","target":["https:\/\/chapterzero-france.com\/index.php\/politique-de-confidentialite-2\/"]}]},{"@type":"BreadcrumbList","@id":"https:\/\/chapterzero-france.com\/index.php\/politique-de-confidentialite-2\/#breadcrumb","itemListElement":[{"@type":"ListItem","position":1,"name":"Accueil","item":"https:\/\/chapterzero-france.com\/"},{"@type":"ListItem","position":2,"name":"Politique de confidentialit\u00e9"}]},{"@type":"WebSite","@id":"https:\/\/chapterzero-france.com\/#website","url":"https:\/\/chapterzero-france.com\/","name":"Chapter Zero France","description":"Le Forum Climat des Administrateurs","publisher":{"@id":"https:\/\/chapterzero-france.com\/#organization"},"potentialAction":[{"@type":"SearchAction","target":{"@type":"EntryPoint","urlTemplate":"https:\/\/chapterzero-france.com\/?s={search_term_string}"},"query-input":{"@type":"PropertyValueSpecification","valueRequired":true,"valueName":"search_term_string"}}],"inLanguage":"fr-FR"},{"@type":"Organization","@id":"https:\/\/chapterzero-france.com\/#organization","name":"Chapter Zero France","url":"https:\/\/chapterzero-france.com\/","logo":{"@type":"ImageObject","inLanguage":"fr-FR","@id":"https:\/\/chapterzero-france.com\/#\/schema\/logo\/image\/","url":"https:\/\/chapterzero-france.com\/wp-content\/uploads\/2020\/08\/ChapterZero_Logo_FranceForumClimat-e1598537853484.jpg","contentUrl":"https:\/\/chapterzero-france.com\/wp-content\/uploads\/2020\/08\/ChapterZero_Logo_FranceForumClimat-e1598537853484.jpg","width":100,"height":38,"caption":"Chapter Zero France"},"image":{"@id":"https:\/\/chapterzero-france.com\/#\/schema\/logo\/image\/"}}]}},"coauthors":[],"author_meta":{"author_link":"https:\/\/chapterzero-france.com\/index.php\/author\/admin3183\/","display_name":"admin3183"},"relative_dates":{"created":"Publi\u00e9 6 ans il y a","modified":"Mis \u00e0 jour 6 ans il y a"},"absolute_dates":{"created":"Publi\u00e9 le 30 septembre 2020","modified":"Mise \u00e0 jour le 30 septembre 2020"},"absolute_dates_time":{"created":"Publi\u00e9 le 30 septembre 2020 12 h 16 min","modified":"Mise \u00e0 jour le 30 septembre 2020 12 h 16 min"},"featured_img_caption":"","featured_img":false,"series_order":"","_links":{"self":[{"href":"https:\/\/chapterzero-france.com\/index.php\/wp-json\/wp\/v2\/pages\/5936","targetHints":{"allow":["GET"]}}],"collection":[{"href":"https:\/\/chapterzero-france.com\/index.php\/wp-json\/wp\/v2\/pages"}],"about":[{"href":"https:\/\/chapterzero-france.com\/index.php\/wp-json\/wp\/v2\/types\/page"}],"author":[{"embeddable":true,"href":"https:\/\/chapterzero-france.com\/index.php\/wp-json\/wp\/v2\/users\/1"}],"replies":[{"embeddable":true,"href":"https:\/\/chapterzero-france.com\/index.php\/wp-json\/wp\/v2\/comments?post=5936"}],"version-history":[{"count":1,"href":"https:\/\/chapterzero-france.com\/index.php\/wp-json\/wp\/v2\/pages\/5936\/revisions"}],"predecessor-version":[{"id":5937,"href":"https:\/\/chapterzero-france.com\/index.php\/wp-json\/wp\/v2\/pages\/5936\/revisions\/5937"}],"wp:attachment":[{"href":"https:\/\/chapterzero-france.com\/index.php\/wp-json\/wp\/v2\/media?parent=5936"}],"curies":[{"name":"wp","href":"https:\/\/api.w.org\/{rel}","templated":true}]}}