{"id":6018,"date":"2020-10-04T19:25:18","date_gmt":"2020-10-04T17:25:18","guid":{"rendered":"http:\/\/chapterzero-france.com\/?page_id=6018"},"modified":"2024-12-01T13:02:09","modified_gmt":"2024-12-01T12:02:09","slug":"introduction-aux-risques-climatiques-physiques","status":"publish","type":"page","link":"https:\/\/chapterzero-france.com\/index.php\/introduction-aux-risques-climatiques-physiques\/","title":{"rendered":"Micro learning sur les administrateurs face aux risques climatiques"},"content":{"rendered":"<div id=\"wppb-builder-container\" class=\"wppb-builder-container\">                <div  class=\"wppb-row-parent  wppb-row-1601832177559 \"  >\n\t\t\t\t\t\n\t\t\t\t\t\t\t\t\t\t\n\t\t\t\t\t\t\t\t\t\t\n\t\t\t\t\t<div class=\"wppb-container \">\n\t\t\t\t\t\t\t\t\t\t\t\t\t\n                        <div class=\"wppb-row\">\n\t\t\t\t\t\t\t                                    <div  class=\"wppb-column-parent wppb-column-parent-view wppb-col-1601832177557  \"  >\n                                        <div class=\"wppb-column\">\n\t\t\t\t\t\n\t\t\t\t\t\t\t\t\t\t\t\n                                            <div class=\"wppb-builder-addons\">\n\t\t\t\t\t\t\t\t\t\t\t\t<div class='wppb-builder-addon wppb-addon-1601832257235'  data-addon-id='1601832257235'><div class='wppb-addon'><div class=\"wppb-text-block-addon\"><div class=\"wppb-text-block-content 0\"><h1><span style=\"color: #000000\">Guide d'introduction aux risques climatiques physiques<\/span><\/h1><\/div><\/div><\/div><\/div>                                            <\/div>\n                                        <\/div>\n                                    <\/div>\n\t\t\t\t\t\t\t\t\t                                    <div  class=\"wppb-column-parent wppb-column-parent-view wppb-col-1601832177558  \"  >\n                                        <div class=\"wppb-column\">\n\t\t\t\t\t\n\t\t\t\t\t\t\t\t\t\t\t\n                                            <div class=\"wppb-builder-addons\">\n\t\t\t\t\t\t\t\t\t\t\t\t<div class='wppb-builder-addon wppb-addon-1601832299499'  data-addon-id='1601832299499'><div class='wppb-addon'><div class=\"wppb-image-addon\"><figure class=\"wppb-image-addon-content-wrap\"><div class=\"wppb-image-addon-content wppb-imginlineblock\"><img decoding=\"async\" class=\"wppb-image-addon-img\" src=\"http:\/\/chapterzero-france.com\/wp-content\/uploads\/2020\/10\/Hand-Transparent-300x273.png\" alt=\"Image\"><\/div><\/figure><\/div><\/div><\/div>                                            <\/div>\n                                        <\/div>\n                                    <\/div>\n\t\t\t\t\t\t\t\t\t                        <\/div>\n\n                    <\/div>\n                <\/div>\n\t\t\t\t                <div  class=\"wppb-row-parent  wppb-row-1601832177699 \"  >\n\t\t\t\t\t\n\t\t\t\t\t\t\t\t\t\t\n\t\t\t\t\t\t\t\t\t\t\n\t\t\t\t\t<div class=\"wppb-container \">\n\t\t\t\t\t\t\t\t\t\t\t\t\t\n                        <div class=\"wppb-row\">\n\t\t\t\t\t\t\t                                    <div  class=\"wppb-column-parent wppb-column-parent-view wppb-col-1601832177698  \"  >\n                                        <div class=\"wppb-column\">\n\t\t\t\t\t\n\t\t\t\t\t\t\t\t\t\t\t\n                                            <div class=\"wppb-builder-addons\">\n\t\t\t\t\t\t\t\t\t\t\t\t                                            <\/div>\n                                        <\/div>\n                                    <\/div>\n\t\t\t\t\t\t\t\t\t                        <\/div>\n\n                    <\/div>\n                <\/div>\n\t\t\t\t                <div  class=\"wppb-row-parent  wppb-row-1601832177834 \"  >\n\t\t\t\t\t\n\t\t\t\t\t\t\t\t\t\t\n\t\t\t\t\t\t\t\t\t\t\n\t\t\t\t\t<div class=\"wppb-container \">\n\t\t\t\t\t\t\t\t\t\t\t\t\t\n                        <div class=\"wppb-row\">\n\t\t\t\t\t\t\t                                    <div  class=\"wppb-column-parent wppb-column-parent-view wppb-col-1601832177832  \"  >\n                                        <div class=\"wppb-column\">\n\t\t\t\t\t\n\t\t\t\t\t\t\t\t\t\t\t\n                                            <div class=\"wppb-builder-addons\">\n\t\t\t\t\t\t\t\t\t\t\t\t<div class='wppb-builder-addon wppb-addon-1601833364177'  data-addon-id='1601833364177'><div class='wppb-addon'><div class=\"wppb-text-block-addon\"><div class=\"wppb-text-block-content 0\"><p style=\"text-align: left\">Le r\u00e9chauffement du climat de la Terre a plac\u00e9 les questions du risque climatique physique, de l\u2019adaptation au climat et du renforcement de la r\u00e9silience au premier plan de l\u2019attention des entreprises. Les risques climatiques physiques sont d\u00e9sormais consid\u00e9r\u00e9s comme des risques financiers importants qui repr\u00e9sentent un d\u00e9fi commercial critique - et une opportunit\u00e9.<\/p><\/div><\/div><\/div><\/div><div class='wppb-builder-addon wppb-addon-1601832178022'  data-addon-id='1601832178022'><div class='wppb-addon'><div class=\"wppb-text-block-addon\"><div class=\"wppb-text-block-content 0\"><p style=\"text-align: left\">Ce guide a \u00e9t\u00e9 con\u00e7u en collaboration avec Acclimatise et MinterEllison pour aider nos membres \u00e0 comprendre comment ces risques pourraient affecter leurs entreprises et leurs parties prenantes, afin de r\u00e9agir et d'\u00e9laborer des strat\u00e9gies de mani\u00e8re appropri\u00e9e. Il vise \u00e0 am\u00e9liorer la connaissance et la compr\u00e9hension des risques climatiques physiques et donne un aper\u00e7u concis de l'\u00e9tat actuel de la science du climat.<\/p><\/div><\/div><\/div><\/div><div class='wppb-builder-addon wppb-addon-1601833541644'  data-addon-id='1601833541644'><div class='wppb-addon'><div class=\"wppb-addon wppb-button-addon\"><div class=\"wppb-button-addon-content\"><a  href=\"http:\/\/chapterzero-france.com\/wp-content\/uploads\/2020\/10\/QUESTIONS-TO-ASSIST-NON-EXECUTIVE-DIRECTOR-OVERSIGHT-OF-PHYSICAL-CLIMATE-RISK-MANAGEMENT-vF.pdf\" target=_blank class=\"wppb-btn-addons  wppb-btn-warning wppb-btn-rounded wppb-btn-large wppb-btn-no\">T\u00e9l\u00e9chargez le guide<\/a><\/div><\/div><\/div><\/div>                                            <\/div>\n                                        <\/div>\n                                    <\/div>\n\t\t\t\t\t\t\t\t\t                                    <div  class=\"wppb-column-parent wppb-column-parent-view wppb-col-1601832177833  \"  >\n                                        <div class=\"wppb-column\">\n\t\t\t\t\t\n\t\t\t\t\t\t\t\t\t\t\t\n                                            <div class=\"wppb-builder-addons\">\n\t\t\t\t\t\t\t\t\t\t\t\t<div class='wppb-builder-addon wppb-addon-1601833411584'  data-addon-id='1601833411584'><div class='wppb-addon'><div class=\"wppb-video-addon\"><div class=\"wppb-video-content\"><div class=\"wppb-video-block wppb-embed-responsive wppb-embed-responsive-16by9\"><iframe class=\"wppb-embed-responsive-item\" src=\"\/\/www.youtube.com\/embed\/KTP2NL6A6yo?controls=1&#038;modestbranding=1\" allowFullScreen><\/iframe><\/div><\/div><\/div><\/div><\/div>                                            <\/div>\n                                        <\/div>\n                                    <\/div>\n\t\t\t\t\t\t\t\t\t                        <\/div>\n\n                    <\/div>\n                <\/div>\n\t\t\t\t                <div  class=\"wppb-row-parent  wppb-row-1601832178079 \"  >\n\t\t\t\t\t\n\t\t\t\t\t\t\t\t\t\t\n\t\t\t\t\t\t\t\t\t\t\n\t\t\t\t\t<div class=\"wppb-container \">\n\t\t\t\t\t\t\t\t\t\t\t\t\t\n                        <div class=\"wppb-row\">\n\t\t\t\t\t\t\t                                    <div  class=\"wppb-column-parent wppb-column-parent-view wppb-col-1601832178077  \"  >\n                                        <div class=\"wppb-column\">\n\t\t\t\t\t\n\t\t\t\t\t\t\t\t\t\t\t\n                                            <div class=\"wppb-builder-addons\">\n\t\t\t\t\t\t\t\t\t\t\t\t<div class='wppb-builder-addon wppb-addon-1601833928629'  data-addon-id='1601833928629'><div class='wppb-addon'><div class=\"wppb-text-block-addon\"><div class=\"wppb-text-block-content 0\"><h3><span style=\"color: #ffffff\"><strong>En posant des questions cibl\u00e9es et en comprenant ce qui est et n'est pas une r\u00e9ponse satisfaisante, les administrateurs jouent un r\u00f4le d\u00e9terminant dans la conduite d'une action d'entreprise inform\u00e9e et proportionn\u00e9e sur le risque climatique physique.<\/strong><\/span><\/h3><\/div><\/div><\/div><\/div>                                            <\/div>\n                                        <\/div>\n                                    <\/div>\n\t\t\t\t\t\t\t\t\t                                    <div  class=\"wppb-column-parent wppb-column-parent-view wppb-col-1601832178078  \"  >\n                                        <div class=\"wppb-column\">\n\t\t\t\t\t\n\t\t\t\t\t\t\t\t\t\t\t\n                                            <div class=\"wppb-builder-addons\">\n\t\t\t\t\t\t\t\t\t\t\t\t<div class='wppb-builder-addon wppb-addon-1601834231775'  data-addon-id='1601834231775'><div class='wppb-addon'><div class=\"wppb-image-addon\"><figure class=\"wppb-image-addon-content-wrap\"><div class=\"wppb-image-addon-content wppb-imginlineblock\"><img decoding=\"async\" class=\"wppb-image-addon-img\" src=\"http:\/\/chapterzero-france.com\/wp-content\/uploads\/2020\/10\/Themes-Toolkit-Intro-Risques-Physiques.png\" alt=\"Image\"><\/div><\/figure><\/div><\/div><\/div><div class='wppb-builder-addon wppb-addon-1601834422449'  data-addon-id='1601834422449'><div class='wppb-addon'><div class=\"wppb-text-block-addon\"><div class=\"wppb-text-block-content 0\"><p>Les questions du guide sont organis\u00e9es par th\u00e8me (par exemple la gouvernance et les impacts) et se rapportent aux piliers des recommandations de la TCFD: gouvernance, strat\u00e9gie, gestion des risques ou m\u00e9triques et cibles.<\/p><\/div><\/div><\/div><\/div>                                            <\/div>\n                                        <\/div>\n                                    <\/div>\n\t\t\t\t\t\t\t\t\t                        <\/div>\n\n                    <\/div>\n                <\/div>\n\t\t\t\t                <div  class=\"wppb-row-parent  wppb-row-1601832178387 \"  >\n\t\t\t\t\t\n\t\t\t\t\t\t\t\t\t\t\n\t\t\t\t\t\t\t\t\t\t\n\t\t\t\t\t<div class=\"wppb-container \">\n\t\t\t\t\t\t\t\t\t\t\t\t\t\n                        <div class=\"wppb-row\">\n\t\t\t\t\t\t\t                                    <div  class=\"wppb-column-parent wppb-column-parent-view wppb-col-1601832178385  \"  >\n                                        <div class=\"wppb-column\">\n\t\t\t\t\t\n\t\t\t\t\t\t\t\t\t\t\t\n                                            <div class=\"wppb-builder-addons\">\n\t\t\t\t\t\t\t\t\t\t\t\t<div class='wppb-builder-addon wppb-addon-1601834606869'  data-addon-id='1601834606869'><div class='wppb-addon'><div class=\"wppb-image-addon\"><figure class=\"wppb-image-addon-content-wrap\"><div class=\"wppb-image-addon-content wppb-imginlineblock\"><img decoding=\"async\" class=\"wppb-image-addon-img\" src=\"http:\/\/chapterzero-france.com\/wp-content\/uploads\/2020\/10\/9-Questions-Toolkit-Intro-Risque-Physique.png\" alt=\"Image\"><\/div><\/figure><\/div><\/div><\/div>                                            <\/div>\n                                        <\/div>\n                                    <\/div>\n\t\t\t\t\t\t\t\t\t                                    <div  class=\"wppb-column-parent wppb-column-parent-view wppb-col-1601832178386  \"  >\n                                        <div class=\"wppb-column\">\n\t\t\t\t\t\n\t\t\t\t\t\t\t\t\t\t\t\n                                            <div class=\"wppb-builder-addons\">\n\t\t\t\t\t\t\t\t\t\t\t\t<div class='wppb-builder-addon wppb-addon-1601834703921'  data-addon-id='1601834703921'><div class='wppb-addon'><div class=\"wppb-text-block-addon\"><div class=\"wppb-text-block-content 0\"><h3>Pour aider les administrateurs non ex\u00e9cutifs \u00e0 mener des discussions \u00e9clair\u00e9es et strat\u00e9giques avec leurs conseils d'administration, nous avons inclus dans ce guide neuf questions cl\u00e9s autour de ces risques climatiques physiques.<\/h3><\/div><\/div><\/div><\/div>                                            <\/div>\n                                        <\/div>\n                                    <\/div>\n\t\t\t\t\t\t\t\t\t                        <\/div>\n\n                    <\/div>\n                <\/div>\n\t\t\t\t                <div  class=\"wppb-row-parent  wppb-row-1733053906840 \"  >\n\t\t\t\t\t\n\t\t\t\t\t\t\t\t\t\t\n\t\t\t\t\t\t\t\t\t\t\n\t\t\t\t\t<div class=\"wppb-container \">\n\t\t\t\t\t\t\t\t\t\t\t\t\t\n                        <div class=\"wppb-row\">\n\t\t\t\t\t\t\t                                    <div  class=\"wppb-column-parent wppb-column-parent-view wppb-col-1733053906841  \"  >\n                                        <div class=\"wppb-column\">\n\t\t\t\t\t\n\t\t\t\t\t\t\t\t\t\t\t\n                                            <div class=\"wppb-builder-addons\">\n\t\t\t\t\t\t\t\t\t\t\t\t<div class='wppb-builder-addon wppb-addon-1733053906842'  data-addon-id='1733053906842'><div class='wppb-addon'><div class=\"wppb-text-block-addon\"><div class=\"wppb-text-block-content 0\"><h1 style=\"text-align: center\"><a href=\"https:\/\/chapterzero-france.com\/index.php\/parcours-climat\/\"><span data-olk-copy-source=\"MessageBody\">Climat et Gouvernance : Parcours express pour administrateurs<\/span><\/a><\/h1><\/div><\/div><\/div><\/div>                                            <\/div>\n                                        <\/div>\n                                    <\/div>\n\t\t\t\t\t\t\t\t\t                                    <div  class=\"wppb-column-parent wppb-column-parent-view wppb-col-1733053906843  \"  >\n                                        <div class=\"wppb-column\">\n\t\t\t\t\t\n\t\t\t\t\t\t\t\t\t\t\t\n                                            <div class=\"wppb-builder-addons\">\n\t\t\t\t\t\t\t\t\t\t\t\t<div class='wppb-builder-addon wppb-addon-1733053906844'  data-addon-id='1733053906844'><div class='wppb-addon'><div class=\"wppb-image-addon\"><figure class=\"wppb-image-addon-content-wrap\"><div class=\"wppb-image-addon-content wppb-imginlineblock\"><img decoding=\"async\" class=\"wppb-image-addon-img\" src=\"\" alt=\"Image\"><\/div><\/figure><\/div><\/div><\/div><div class='wppb-builder-addon wppb-addon-1733058287870'  data-addon-id='1733058287870'><div class='wppb-addon'><div class=\"wppb-image-addon\"><figure class=\"wppb-image-addon-content-wrap\"><div class=\"wppb-image-addon-content wppb-imginlineblock\"><img decoding=\"async\" class=\"wppb-image-addon-img\" src=\"http:\/\/chapterzero-france.com\/wp-content\/uploads\/2020\/10\/chapter-zero-informing-inspiring_small300x273-300x273.png\" alt=\"Combinaison des risques climatiques et de la gouvernance\"><\/div><\/figure><\/div><\/div><\/div>                                            <\/div>\n                                        <\/div>\n                                    <\/div>\n\t\t\t\t\t\t\t\t\t                        <\/div>\n\n                    <\/div>\n                <\/div>\n\t\t\t\t<\/div>","protected":false},"excerpt":{"rendered":"<p>Guide d&#8217;introduction aux risques climatiques physiques Le r\u00e9chauffement du climat de la Terre a plac\u00e9 les questions du risque climatique physique, de l\u2019adaptation au climat et du renforcement de la r\u00e9silience au premier plan de l\u2019attention des entreprises. Les risques climatiques physiques sont d\u00e9sormais consid\u00e9r\u00e9s comme des risques financiers importants&hellip;<\/p>\n","protected":false},"author":1,"featured_media":0,"parent":0,"menu_order":0,"comment_status":"closed","ping_status":"closed","template":"","meta":{"advgb_blocks_editor_width":"","advgb_blocks_columns_visual_guide":"","_monsterinsights_skip_tracking":false,"_monsterinsights_sitenote_active":false,"_monsterinsights_sitenote_note":"","_monsterinsights_sitenote_category":0,"footnotes":""},"class_list":["post-6018","page","type-page","status-publish","hentry"],"yoast_head":"<!-- This site is optimized with the Yoast SEO plugin v23.4 - https:\/\/yoast.com\/wordpress\/plugins\/seo\/ -->\n<title>Boite \u00e0 outils:les risques climatiques physiques-Chapter Zero France<\/title>\n<meta name=\"description\" content=\"Boite \u00e0 outils concr\u00e8te permettant aux administrateurs de mieux appr\u00e9hender le concept de risque climatique physique.\" \/>\n<meta name=\"robots\" content=\"index, follow, max-snippet:-1, max-image-preview:large, max-video-preview:-1\" \/>\n<link rel=\"canonical\" href=\"https:\/\/chapterzero-france.com\/index.php\/introduction-aux-risques-climatiques-physiques\/\" \/>\n<meta property=\"og:locale\" content=\"fr_FR\" \/>\n<meta property=\"og:type\" content=\"article\" \/>\n<meta property=\"og:title\" content=\"Boite \u00e0 outils:les risques climatiques physiques-Chapter Zero France\" \/>\n<meta property=\"og:description\" content=\"Boite \u00e0 outils concr\u00e8te permettant aux administrateurs de mieux appr\u00e9hender le concept de risque climatique physique.\" \/>\n<meta property=\"og:url\" content=\"https:\/\/chapterzero-france.com\/index.php\/introduction-aux-risques-climatiques-physiques\/\" \/>\n<meta property=\"og:site_name\" content=\"Chapter Zero France\" \/>\n<meta property=\"article:modified_time\" content=\"2024-12-01T12:02:09+00:00\" \/>\n<meta name=\"twitter:card\" content=\"summary_large_image\" \/>\n<script type=\"application\/ld+json\" class=\"yoast-schema-graph\">{\"@context\":\"https:\/\/schema.org\",\"@graph\":[{\"@type\":\"WebPage\",\"@id\":\"https:\/\/chapterzero-france.com\/index.php\/introduction-aux-risques-climatiques-physiques\/\",\"url\":\"https:\/\/chapterzero-france.com\/index.php\/introduction-aux-risques-climatiques-physiques\/\",\"name\":\"Boite \u00e0 outils:les risques climatiques physiques-Chapter Zero France\",\"isPartOf\":{\"@id\":\"https:\/\/chapterzero-france.com\/#website\"},\"datePublished\":\"2020-10-04T17:25:18+00:00\",\"dateModified\":\"2024-12-01T12:02:09+00:00\",\"description\":\"Boite \u00e0 outils concr\u00e8te permettant aux administrateurs de mieux appr\u00e9hender le concept de risque climatique physique.\",\"breadcrumb\":{\"@id\":\"https:\/\/chapterzero-france.com\/index.php\/introduction-aux-risques-climatiques-physiques\/#breadcrumb\"},\"inLanguage\":\"fr-FR\",\"potentialAction\":[{\"@type\":\"ReadAction\",\"target\":[\"https:\/\/chapterzero-france.com\/index.php\/introduction-aux-risques-climatiques-physiques\/\"]}]},{\"@type\":\"BreadcrumbList\",\"@id\":\"https:\/\/chapterzero-france.com\/index.php\/introduction-aux-risques-climatiques-physiques\/#breadcrumb\",\"itemListElement\":[{\"@type\":\"ListItem\",\"position\":1,\"name\":\"Accueil\",\"item\":\"https:\/\/chapterzero-france.com\/\"},{\"@type\":\"ListItem\",\"position\":2,\"name\":\"Micro learning sur les administrateurs face aux risques climatiques\"}]},{\"@type\":\"WebSite\",\"@id\":\"https:\/\/chapterzero-france.com\/#website\",\"url\":\"https:\/\/chapterzero-france.com\/\",\"name\":\"Chapter Zero France\",\"description\":\"Le Forum Climat des Administrateurs\",\"publisher\":{\"@id\":\"https:\/\/chapterzero-france.com\/#organization\"},\"potentialAction\":[{\"@type\":\"SearchAction\",\"target\":{\"@type\":\"EntryPoint\",\"urlTemplate\":\"https:\/\/chapterzero-france.com\/?s={search_term_string}\"},\"query-input\":{\"@type\":\"PropertyValueSpecification\",\"valueRequired\":true,\"valueName\":\"search_term_string\"}}],\"inLanguage\":\"fr-FR\"},{\"@type\":\"Organization\",\"@id\":\"https:\/\/chapterzero-france.com\/#organization\",\"name\":\"Chapter Zero France\",\"url\":\"https:\/\/chapterzero-france.com\/\",\"logo\":{\"@type\":\"ImageObject\",\"inLanguage\":\"fr-FR\",\"@id\":\"https:\/\/chapterzero-france.com\/#\/schema\/logo\/image\/\",\"url\":\"https:\/\/chapterzero-france.com\/wp-content\/uploads\/2020\/08\/ChapterZero_Logo_FranceForumClimat-e1598537853484.jpg\",\"contentUrl\":\"https:\/\/chapterzero-france.com\/wp-content\/uploads\/2020\/08\/ChapterZero_Logo_FranceForumClimat-e1598537853484.jpg\",\"width\":100,\"height\":38,\"caption\":\"Chapter Zero France\"},\"image\":{\"@id\":\"https:\/\/chapterzero-france.com\/#\/schema\/logo\/image\/\"}}]}<\/script>\n<!-- \/ Yoast SEO plugin. -->","yoast_head_json":{"title":"Boite \u00e0 outils:les risques climatiques physiques-Chapter Zero France","description":"Boite \u00e0 outils concr\u00e8te permettant aux administrateurs de mieux appr\u00e9hender le concept de risque climatique physique.","robots":{"index":"index","follow":"follow","max-snippet":"max-snippet:-1","max-image-preview":"max-image-preview:large","max-video-preview":"max-video-preview:-1"},"canonical":"https:\/\/chapterzero-france.com\/index.php\/introduction-aux-risques-climatiques-physiques\/","og_locale":"fr_FR","og_type":"article","og_title":"Boite \u00e0 outils:les risques climatiques physiques-Chapter Zero France","og_description":"Boite \u00e0 outils concr\u00e8te permettant aux administrateurs de mieux appr\u00e9hender le concept de risque climatique physique.","og_url":"https:\/\/chapterzero-france.com\/index.php\/introduction-aux-risques-climatiques-physiques\/","og_site_name":"Chapter Zero France","article_modified_time":"2024-12-01T12:02:09+00:00","twitter_card":"summary_large_image","schema":{"@context":"https:\/\/schema.org","@graph":[{"@type":"WebPage","@id":"https:\/\/chapterzero-france.com\/index.php\/introduction-aux-risques-climatiques-physiques\/","url":"https:\/\/chapterzero-france.com\/index.php\/introduction-aux-risques-climatiques-physiques\/","name":"Boite \u00e0 outils:les risques climatiques physiques-Chapter Zero France","isPartOf":{"@id":"https:\/\/chapterzero-france.com\/#website"},"datePublished":"2020-10-04T17:25:18+00:00","dateModified":"2024-12-01T12:02:09+00:00","description":"Boite \u00e0 outils concr\u00e8te permettant aux administrateurs de mieux appr\u00e9hender le concept de risque climatique physique.","breadcrumb":{"@id":"https:\/\/chapterzero-france.com\/index.php\/introduction-aux-risques-climatiques-physiques\/#breadcrumb"},"inLanguage":"fr-FR","potentialAction":[{"@type":"ReadAction","target":["https:\/\/chapterzero-france.com\/index.php\/introduction-aux-risques-climatiques-physiques\/"]}]},{"@type":"BreadcrumbList","@id":"https:\/\/chapterzero-france.com\/index.php\/introduction-aux-risques-climatiques-physiques\/#breadcrumb","itemListElement":[{"@type":"ListItem","position":1,"name":"Accueil","item":"https:\/\/chapterzero-france.com\/"},{"@type":"ListItem","position":2,"name":"Micro learning sur les administrateurs face aux risques climatiques"}]},{"@type":"WebSite","@id":"https:\/\/chapterzero-france.com\/#website","url":"https:\/\/chapterzero-france.com\/","name":"Chapter Zero France","description":"Le Forum Climat des Administrateurs","publisher":{"@id":"https:\/\/chapterzero-france.com\/#organization"},"potentialAction":[{"@type":"SearchAction","target":{"@type":"EntryPoint","urlTemplate":"https:\/\/chapterzero-france.com\/?s={search_term_string}"},"query-input":{"@type":"PropertyValueSpecification","valueRequired":true,"valueName":"search_term_string"}}],"inLanguage":"fr-FR"},{"@type":"Organization","@id":"https:\/\/chapterzero-france.com\/#organization","name":"Chapter Zero France","url":"https:\/\/chapterzero-france.com\/","logo":{"@type":"ImageObject","inLanguage":"fr-FR","@id":"https:\/\/chapterzero-france.com\/#\/schema\/logo\/image\/","url":"https:\/\/chapterzero-france.com\/wp-content\/uploads\/2020\/08\/ChapterZero_Logo_FranceForumClimat-e1598537853484.jpg","contentUrl":"https:\/\/chapterzero-france.com\/wp-content\/uploads\/2020\/08\/ChapterZero_Logo_FranceForumClimat-e1598537853484.jpg","width":100,"height":38,"caption":"Chapter Zero France"},"image":{"@id":"https:\/\/chapterzero-france.com\/#\/schema\/logo\/image\/"}}]}},"coauthors":[],"author_meta":{"author_link":"https:\/\/chapterzero-france.com\/index.php\/author\/admin3183\/","display_name":"admin3183"},"relative_dates":{"created":"Publi\u00e9 6 ans il y a","modified":"Mis \u00e0 jour 1 an il y a"},"absolute_dates":{"created":"Publi\u00e9 le 4 octobre 2020","modified":"Mise \u00e0 jour le 1 d\u00e9cembre 2024"},"absolute_dates_time":{"created":"Publi\u00e9 le 4 octobre 2020 19 h 25 min","modified":"Mise \u00e0 jour le 1 d\u00e9cembre 2024 13 h 02 min"},"featured_img_caption":"","featured_img":false,"series_order":"","_links":{"self":[{"href":"https:\/\/chapterzero-france.com\/index.php\/wp-json\/wp\/v2\/pages\/6018","targetHints":{"allow":["GET"]}}],"collection":[{"href":"https:\/\/chapterzero-france.com\/index.php\/wp-json\/wp\/v2\/pages"}],"about":[{"href":"https:\/\/chapterzero-france.com\/index.php\/wp-json\/wp\/v2\/types\/page"}],"author":[{"embeddable":true,"href":"https:\/\/chapterzero-france.com\/index.php\/wp-json\/wp\/v2\/users\/1"}],"replies":[{"embeddable":true,"href":"https:\/\/chapterzero-france.com\/index.php\/wp-json\/wp\/v2\/comments?post=6018"}],"version-history":[{"count":2,"href":"https:\/\/chapterzero-france.com\/index.php\/wp-json\/wp\/v2\/pages\/6018\/revisions"}],"predecessor-version":[{"id":7432,"href":"https:\/\/chapterzero-france.com\/index.php\/wp-json\/wp\/v2\/pages\/6018\/revisions\/7432"}],"wp:attachment":[{"href":"https:\/\/chapterzero-france.com\/index.php\/wp-json\/wp\/v2\/media?parent=6018"}],"curies":[{"name":"wp","href":"https:\/\/api.w.org\/{rel}","templated":true}]}}