{"id":6149,"date":"2020-11-10T13:25:10","date_gmt":"2020-11-10T12:25:10","guid":{"rendered":"http:\/\/chapterzero-france.com\/?page_id=6149"},"modified":"2020-11-10T13:25:11","modified_gmt":"2020-11-10T12:25:11","slug":"refus-de-signature-de-laccord-dadhesion","status":"publish","type":"page","link":"https:\/\/chapterzero-france.com\/index.php\/refus-de-signature-de-laccord-dadhesion\/","title":{"rendered":"Refus de signature de l&#8217;accord d&#8217;adh\u00e9sion"},"content":{"rendered":"<div id=\"wppb-builder-container\" class=\"wppb-builder-container\">                <div  class=\"wppb-row-parent  wppb-row-1604404656452 \"  >\n\t\t\t\t\t\n\t\t\t\t\t\t\t\t\t\t\n\t\t\t\t\t\t\t\t\t\t\n\t\t\t\t\t<div class=\"wppb-container \">\n\t\t\t\t\t\t\t\t\t\t\t\t\t\n                        <div class=\"wppb-row\">\n\t\t\t\t\t\t\t                                    <div  class=\"wppb-column-parent wppb-column-parent-view wppb-col-1604404656451  \"  >\n                                        <div class=\"wppb-column\">\n\t\t\t\t\t\n\t\t\t\t\t\t\t\t\t\t\t\n                                            <div class=\"wppb-builder-addons\">\n\t\t\t\t\t\t\t\t\t\t\t\t<div class='wppb-builder-addon wppb-addon-1604404668902'  data-addon-id='1604404668902'><div class='wppb-addon'><div class=\"wppb-text-block-addon\"><div class=\"wppb-text-block-content 0\"><p>Vous avez refus\u00e9 de signer l'accord d'adh\u00e9sion de Chapter Zero France. L'acceptation de l'accord d'adh\u00e9sion est n\u00e9cessaire pour devenir membre de l'association.<\/p><p>Si vous avez des questions concernant Chapter Zero France en g\u00e9n\u00e9ral ou sur l'accord d'adh\u00e9sion en particulier, n'h\u00e9sitez pas \u00e0 nous \u00e9crire \u00e0 <a href=\"mailto:contact@chapterzero-france.com\">contact@chapterzero-france.com<\/a>.<\/p><p>\u00a0<\/p><\/div><\/div><\/div><\/div>                                            <\/div>\n                                        <\/div>\n                                    <\/div>\n\t\t\t\t\t\t\t\t\t                        <\/div>\n\n                    <\/div>\n                <\/div>\n\t\t\t\t<\/div>","protected":false},"excerpt":{"rendered":"<p>Vous avez refus\u00e9 de signer l&#8217;accord d&#8217;adh\u00e9sion de Chapter Zero France. L&#8217;acceptation de l&#8217;accord d&#8217;adh\u00e9sion est n\u00e9cessaire pour devenir membre de l&#8217;association.Si vous avez des questions concernant Chapter Zero France en g\u00e9n\u00e9ral ou sur l&#8217;accord d&#8217;adh\u00e9sion en particulier, n&#8217;h\u00e9sitez pas \u00e0 nous \u00e9crire \u00e0 contact@chapterzero-france.com.\u00a0<\/p>\n","protected":false},"author":1,"featured_media":0,"parent":0,"menu_order":0,"comment_status":"closed","ping_status":"closed","template":"","meta":{"advgb_blocks_editor_width":"","advgb_blocks_columns_visual_guide":"","_monsterinsights_skip_tracking":false,"_monsterinsights_sitenote_active":false,"_monsterinsights_sitenote_note":"","_monsterinsights_sitenote_category":0,"footnotes":""},"class_list":["post-6149","page","type-page","status-publish","hentry"],"yoast_head":"<!-- This site is optimized with the Yoast SEO plugin v23.4 - https:\/\/yoast.com\/wordpress\/plugins\/seo\/ -->\n<title>Refus de signature de l&#039;accord d&#039;adh\u00e9sion - Chapter Zero France<\/title>\n<meta name=\"robots\" content=\"index, follow, max-snippet:-1, max-image-preview:large, max-video-preview:-1\" \/>\n<link rel=\"canonical\" href=\"https:\/\/chapterzero-france.com\/index.php\/refus-de-signature-de-laccord-dadhesion\/\" \/>\n<meta property=\"og:locale\" content=\"fr_FR\" \/>\n<meta property=\"og:type\" content=\"article\" \/>\n<meta property=\"og:title\" content=\"Refus de signature de l&#039;accord d&#039;adh\u00e9sion - Chapter Zero France\" \/>\n<meta property=\"og:description\" content=\"Vous avez refus\u00e9 de signer l&#039;accord d&#039;adh\u00e9sion de Chapter Zero France. L&#039;acceptation de l&#039;accord d&#039;adh\u00e9sion est n\u00e9cessaire pour devenir membre de l&#039;association.Si vous avez des questions concernant Chapter Zero France en g\u00e9n\u00e9ral ou sur l&#039;accord d&#039;adh\u00e9sion en particulier, n&#039;h\u00e9sitez pas \u00e0 nous \u00e9crire \u00e0 contact@chapterzero-france.com.\u00a0\" \/>\n<meta property=\"og:url\" content=\"https:\/\/chapterzero-france.com\/index.php\/refus-de-signature-de-laccord-dadhesion\/\" \/>\n<meta property=\"og:site_name\" content=\"Chapter Zero France\" \/>\n<meta property=\"article:modified_time\" content=\"2020-11-10T12:25:11+00:00\" \/>\n<meta name=\"twitter:card\" content=\"summary_large_image\" \/>\n<script type=\"application\/ld+json\" class=\"yoast-schema-graph\">{\"@context\":\"https:\/\/schema.org\",\"@graph\":[{\"@type\":\"WebPage\",\"@id\":\"https:\/\/chapterzero-france.com\/index.php\/refus-de-signature-de-laccord-dadhesion\/\",\"url\":\"https:\/\/chapterzero-france.com\/index.php\/refus-de-signature-de-laccord-dadhesion\/\",\"name\":\"Refus de signature de l'accord d'adh\u00e9sion - Chapter Zero France\",\"isPartOf\":{\"@id\":\"https:\/\/chapterzero-france.com\/#website\"},\"datePublished\":\"2020-11-10T12:25:10+00:00\",\"dateModified\":\"2020-11-10T12:25:11+00:00\",\"breadcrumb\":{\"@id\":\"https:\/\/chapterzero-france.com\/index.php\/refus-de-signature-de-laccord-dadhesion\/#breadcrumb\"},\"inLanguage\":\"fr-FR\",\"potentialAction\":[{\"@type\":\"ReadAction\",\"target\":[\"https:\/\/chapterzero-france.com\/index.php\/refus-de-signature-de-laccord-dadhesion\/\"]}]},{\"@type\":\"BreadcrumbList\",\"@id\":\"https:\/\/chapterzero-france.com\/index.php\/refus-de-signature-de-laccord-dadhesion\/#breadcrumb\",\"itemListElement\":[{\"@type\":\"ListItem\",\"position\":1,\"name\":\"Accueil\",\"item\":\"https:\/\/chapterzero-france.com\/\"},{\"@type\":\"ListItem\",\"position\":2,\"name\":\"Refus de signature de l&#8217;accord d&#8217;adh\u00e9sion\"}]},{\"@type\":\"WebSite\",\"@id\":\"https:\/\/chapterzero-france.com\/#website\",\"url\":\"https:\/\/chapterzero-france.com\/\",\"name\":\"Chapter Zero France\",\"description\":\"Le Forum Climat des Administrateurs\",\"publisher\":{\"@id\":\"https:\/\/chapterzero-france.com\/#organization\"},\"potentialAction\":[{\"@type\":\"SearchAction\",\"target\":{\"@type\":\"EntryPoint\",\"urlTemplate\":\"https:\/\/chapterzero-france.com\/?s={search_term_string}\"},\"query-input\":{\"@type\":\"PropertyValueSpecification\",\"valueRequired\":true,\"valueName\":\"search_term_string\"}}],\"inLanguage\":\"fr-FR\"},{\"@type\":\"Organization\",\"@id\":\"https:\/\/chapterzero-france.com\/#organization\",\"name\":\"Chapter Zero France\",\"url\":\"https:\/\/chapterzero-france.com\/\",\"logo\":{\"@type\":\"ImageObject\",\"inLanguage\":\"fr-FR\",\"@id\":\"https:\/\/chapterzero-france.com\/#\/schema\/logo\/image\/\",\"url\":\"https:\/\/chapterzero-france.com\/wp-content\/uploads\/2020\/08\/ChapterZero_Logo_FranceForumClimat-e1598537853484.jpg\",\"contentUrl\":\"https:\/\/chapterzero-france.com\/wp-content\/uploads\/2020\/08\/ChapterZero_Logo_FranceForumClimat-e1598537853484.jpg\",\"width\":100,\"height\":38,\"caption\":\"Chapter Zero France\"},\"image\":{\"@id\":\"https:\/\/chapterzero-france.com\/#\/schema\/logo\/image\/\"}}]}<\/script>\n<!-- \/ Yoast SEO plugin. -->","yoast_head_json":{"title":"Refus de signature de l'accord d'adh\u00e9sion - Chapter Zero France","robots":{"index":"index","follow":"follow","max-snippet":"max-snippet:-1","max-image-preview":"max-image-preview:large","max-video-preview":"max-video-preview:-1"},"canonical":"https:\/\/chapterzero-france.com\/index.php\/refus-de-signature-de-laccord-dadhesion\/","og_locale":"fr_FR","og_type":"article","og_title":"Refus de signature de l'accord d'adh\u00e9sion - Chapter Zero France","og_description":"Vous avez refus\u00e9 de signer l'accord d'adh\u00e9sion de Chapter Zero France. L'acceptation de l'accord d'adh\u00e9sion est n\u00e9cessaire pour devenir membre de l'association.Si vous avez des questions concernant Chapter Zero France en g\u00e9n\u00e9ral ou sur l'accord d'adh\u00e9sion en particulier, n'h\u00e9sitez pas \u00e0 nous \u00e9crire \u00e0 contact@chapterzero-france.com.\u00a0","og_url":"https:\/\/chapterzero-france.com\/index.php\/refus-de-signature-de-laccord-dadhesion\/","og_site_name":"Chapter Zero France","article_modified_time":"2020-11-10T12:25:11+00:00","twitter_card":"summary_large_image","schema":{"@context":"https:\/\/schema.org","@graph":[{"@type":"WebPage","@id":"https:\/\/chapterzero-france.com\/index.php\/refus-de-signature-de-laccord-dadhesion\/","url":"https:\/\/chapterzero-france.com\/index.php\/refus-de-signature-de-laccord-dadhesion\/","name":"Refus de signature de l'accord d'adh\u00e9sion - Chapter Zero France","isPartOf":{"@id":"https:\/\/chapterzero-france.com\/#website"},"datePublished":"2020-11-10T12:25:10+00:00","dateModified":"2020-11-10T12:25:11+00:00","breadcrumb":{"@id":"https:\/\/chapterzero-france.com\/index.php\/refus-de-signature-de-laccord-dadhesion\/#breadcrumb"},"inLanguage":"fr-FR","potentialAction":[{"@type":"ReadAction","target":["https:\/\/chapterzero-france.com\/index.php\/refus-de-signature-de-laccord-dadhesion\/"]}]},{"@type":"BreadcrumbList","@id":"https:\/\/chapterzero-france.com\/index.php\/refus-de-signature-de-laccord-dadhesion\/#breadcrumb","itemListElement":[{"@type":"ListItem","position":1,"name":"Accueil","item":"https:\/\/chapterzero-france.com\/"},{"@type":"ListItem","position":2,"name":"Refus de signature de l&#8217;accord d&#8217;adh\u00e9sion"}]},{"@type":"WebSite","@id":"https:\/\/chapterzero-france.com\/#website","url":"https:\/\/chapterzero-france.com\/","name":"Chapter Zero France","description":"Le Forum Climat des Administrateurs","publisher":{"@id":"https:\/\/chapterzero-france.com\/#organization"},"potentialAction":[{"@type":"SearchAction","target":{"@type":"EntryPoint","urlTemplate":"https:\/\/chapterzero-france.com\/?s={search_term_string}"},"query-input":{"@type":"PropertyValueSpecification","valueRequired":true,"valueName":"search_term_string"}}],"inLanguage":"fr-FR"},{"@type":"Organization","@id":"https:\/\/chapterzero-france.com\/#organization","name":"Chapter Zero France","url":"https:\/\/chapterzero-france.com\/","logo":{"@type":"ImageObject","inLanguage":"fr-FR","@id":"https:\/\/chapterzero-france.com\/#\/schema\/logo\/image\/","url":"https:\/\/chapterzero-france.com\/wp-content\/uploads\/2020\/08\/ChapterZero_Logo_FranceForumClimat-e1598537853484.jpg","contentUrl":"https:\/\/chapterzero-france.com\/wp-content\/uploads\/2020\/08\/ChapterZero_Logo_FranceForumClimat-e1598537853484.jpg","width":100,"height":38,"caption":"Chapter Zero France"},"image":{"@id":"https:\/\/chapterzero-france.com\/#\/schema\/logo\/image\/"}}]}},"coauthors":[],"author_meta":{"author_link":"https:\/\/chapterzero-france.com\/index.php\/author\/admin3183\/","display_name":"admin3183"},"relative_dates":{"created":"Publi\u00e9 5 ans il y a","modified":"Mis \u00e0 jour 5 ans il y a"},"absolute_dates":{"created":"Publi\u00e9 le 10 novembre 2020","modified":"Mise \u00e0 jour le 10 novembre 2020"},"absolute_dates_time":{"created":"Publi\u00e9 le 10 novembre 2020 13 h 25 min","modified":"Mise \u00e0 jour le 10 novembre 2020 13 h 25 min"},"featured_img_caption":"","featured_img":false,"series_order":"","_links":{"self":[{"href":"https:\/\/chapterzero-france.com\/index.php\/wp-json\/wp\/v2\/pages\/6149","targetHints":{"allow":["GET"]}}],"collection":[{"href":"https:\/\/chapterzero-france.com\/index.php\/wp-json\/wp\/v2\/pages"}],"about":[{"href":"https:\/\/chapterzero-france.com\/index.php\/wp-json\/wp\/v2\/types\/page"}],"author":[{"embeddable":true,"href":"https:\/\/chapterzero-france.com\/index.php\/wp-json\/wp\/v2\/users\/1"}],"replies":[{"embeddable":true,"href":"https:\/\/chapterzero-france.com\/index.php\/wp-json\/wp\/v2\/comments?post=6149"}],"version-history":[{"count":1,"href":"https:\/\/chapterzero-france.com\/index.php\/wp-json\/wp\/v2\/pages\/6149\/revisions"}],"predecessor-version":[{"id":6150,"href":"https:\/\/chapterzero-france.com\/index.php\/wp-json\/wp\/v2\/pages\/6149\/revisions\/6150"}],"wp:attachment":[{"href":"https:\/\/chapterzero-france.com\/index.php\/wp-json\/wp\/v2\/media?parent=6149"}],"curies":[{"name":"wp","href":"https:\/\/api.w.org\/{rel}","templated":true}]}}