{"id":6334,"date":"2021-01-31T19:02:04","date_gmt":"2021-01-31T18:02:04","guid":{"rendered":"http:\/\/chapterzero-france.com\/?page_id=6334"},"modified":"2021-01-31T19:25:54","modified_gmt":"2021-01-31T18:25:54","slug":"changement-climatique-des-nouvelles-contraintes-reglementaires-aux-enjeux-juridiques-et-reputationnels-pour-les-administrateurs","status":"publish","type":"page","link":"https:\/\/chapterzero-france.com\/index.php\/changement-climatique-des-nouvelles-contraintes-reglementaires-aux-enjeux-juridiques-et-reputationnels-pour-les-administrateurs\/","title":{"rendered":"Changement climatique: des nouvelles contraintes r\u00e9glementaires aux enjeux juridiques et r\u00e9putationnels pour les administrateurs"},"content":{"rendered":"<div id=\"wppb-builder-container\" class=\"wppb-builder-container\">                <div  class=\"wppb-row-parent  wppb-row-1612115273447 \"  >\n\t\t\t\t\t\n\t\t\t\t\t\t\t\t\t\t\n\t\t\t\t\t\t\t\t\t\t\n\t\t\t\t\t<div class=\"wppb-container \">\n\t\t\t\t\t\t\t\t\t\t\t\t\t\n                        <div class=\"wppb-row\">\n\t\t\t\t\t\t\t                                    <div  class=\"wppb-column-parent wppb-column-parent-view wppb-col-1612115273446  \"  >\n                                        <div class=\"wppb-column\">\n\t\t\t\t\t\n\t\t\t\t\t\t\t\t\t\t\t\n                                            <div class=\"wppb-builder-addons\">\n\t\t\t\t\t\t\t\t\t\t\t\t<div class='wppb-builder-addon wppb-addon-1612115323379'  data-addon-id='1612115323379'><div class='wppb-addon'><div class=\"wppb-text-block-addon\"><div class=\"wppb-text-block-content 0\"><p style=\"text-align: center\"><strong>Organis\u00e9 par Chapter Zero France en collaboration avec\u00a0<a href=\"https:\/\/www.bakermckenzie.com\/fr\/locations\/emea\/france\" target=\"_blank\" rel=\"noreferrer noopener\">Baker McKenzie Paris<\/a>\u00a0et\u00a0<a href=\"http:\/\/www.rep-publica.com\/\" target=\"_blank\" rel=\"noreferrer noopener\">Rep-Publica<\/a>.<\/strong><\/p><p style=\"text-align: center\"><strong>Date: 27\/01\/2021<\/strong><\/p><\/div><\/div><\/div><\/div><div class='wppb-builder-addon wppb-addon-1614158833670'  data-addon-id='1614158833670'><div class='wppb-addon'><div class=\"wppb-addon wppb-button-addon\"><div class=\"wppb-button-addon-content\"><a  href=\"http:\/\/chapterzero-france.com\/wp-content\/uploads\/2021\/02\/Synthese-Webinaire-Chapter_Zero-_France_20210127.pdf\" target=_blank class=\"wppb-btn-addons  wppb-btn-custom wppb-btn-rounded wppb-btn-large wppb-btn-no\">T\u00e9l\u00e9chargez la synth\u00e8se de l&#039;\u00e9v\u00e8nement<\/a><\/div><\/div><\/div><\/div>                                            <\/div>\n                                        <\/div>\n                                    <\/div>\n\t\t\t\t\t\t\t\t\t                        <\/div>\n\n                    <\/div>\n                <\/div>\n\t\t\t\t                <div  class=\"wppb-row-parent  wppb-row-1612115273468 \"  >\n\t\t\t\t\t\n\t\t\t\t\t\t\t\t\t\t\n\t\t\t\t\t\t\t\t\t\t\n\t\t\t\t\t<div class=\"wppb-container \">\n\t\t\t\t\t\t\t\t\t\t\t\t\t\n                        <div class=\"wppb-row\">\n\t\t\t\t\t\t\t                                    <div  class=\"wppb-column-parent wppb-column-parent-view wppb-col-1612115273466  \"  >\n                                        <div class=\"wppb-column\">\n\t\t\t\t\t\n\t\t\t\t\t\t\t\t\t\t\t\n                                            <div class=\"wppb-builder-addons\">\n\t\t\t\t\t\t\t\t\t\t\t\t<div class='wppb-builder-addon wppb-addon-1612115855572'  data-addon-id='1612115855572'><div class='wppb-addon'><div class=\"wppb-text-block-addon\"><div class=\"wppb-text-block-content 0\"><h2 style=\"text-align: center\">Trois points essentiels \u00e0 retenir<\/h2><p style=\"text-align: left\">Les intervenants convergent sur les enjeux-cl\u00e9s suivants pour les Administrateurs\u00a0:<\/p><ul><li style=\"text-align: left\">Les normes sont de plus en plus nombreuses et contraignantes \u00e0 la fois au niveau international, europ\u00e9en et fran\u00e7ais, et ceci s\u2019accompagne de nouveaux types de contentieux \u00e0 l\u2019encontre des Etats et des entreprises\u00a0: dans ce contexte les soci\u00e9t\u00e9s g\u00e8rent un niveau accru de responsabilit\u00e9 en mati\u00e8re de climat.<\/li><li style=\"text-align: left\">Les actions \u00e0 l\u2019encontre des soci\u00e9t\u00e9s t\u00e9moignent d\u2019une vari\u00e9t\u00e9 et d\u2019une cr\u00e9ativit\u00e9 auxquelles il convient de se pr\u00e9parer, y compris en tant qu\u2019Administrateur dont la responsabilit\u00e9 peut \u00eatre recherch\u00e9e, de fa\u00e7on g\u00e9n\u00e9rale \u00e0 titre collectif (mise en cause du Conseil d\u2019Administration) mais potentiellement aussi \u00e0 titre individuel.<\/li><li style=\"text-align: left\">Au-del\u00e0 de cette dimension juridique, l\u2019enjeu climat entre pleinement dans le champ r\u00e9putationel des entreprises, et les d\u00e9cisions de Conseil d\u2019Administration doivent int\u00e9grer le risque que feraient peser sur le \u00ab\u00a0permis d\u2019op\u00e9rer\u00a0\u00bb des interpellations via les r\u00e9seaux sociaux ou d\u2019autres campagnes.<\/li><\/ul><\/div><\/div><\/div><\/div>                                            <\/div>\n                                        <\/div>\n                                    <\/div>\n\t\t\t\t\t\t\t\t\t                                    <div  class=\"wppb-column-parent wppb-column-parent-view wppb-col-1612115273467  \"  >\n                                        <div class=\"wppb-column\">\n\t\t\t\t\t\n\t\t\t\t\t\t\t\t\t\t\t\n                                            <div class=\"wppb-builder-addons\">\n\t\t\t\t\t\t\t\t\t\t\t\t<div class='wppb-builder-addon wppb-addon-1612115599606'  data-addon-id='1612115599606'><div class='wppb-addon'><div class=\"wppb-image-addon\"><figure class=\"wppb-image-addon-content-wrap\"><div class=\"wppb-image-addon-content wppb-imginlineblock\"><a rel=nofolow href=\"http:\/\/chapterzero-france.com\/wp-content\/uploads\/2021\/01\/PARDOCS-1608215-v12-CZF_-_Slides.pdf\" target=_blank><img decoding=\"async\" class=\"wppb-image-addon-img\" src=\"http:\/\/chapterzero-france.com\/wp-content\/uploads\/2021\/01\/SlideIntro-Event-27012021-300x168.jpg\" alt=\"Image\"><\/a><\/div><figcaption class=\"wppb-addon-image-caption\">T\u00e9l\u00e9chargez les slides du webinaire en cliquant sur l&#039;image<\/figcaption><\/figure><\/div><\/div><\/div>                                            <\/div>\n                                        <\/div>\n                                    <\/div>\n\t\t\t\t\t\t\t\t\t                        <\/div>\n\n                    <\/div>\n                <\/div>\n\t\t\t\t                <div  class=\"wppb-row-parent  wppb-row-1612115273794 \"  >\n\t\t\t\t\t\n\t\t\t\t\t\t\t\t\t\t\n\t\t\t\t\t\t\t\t\t\t\n\t\t\t\t\t<div class=\"wppb-container \">\n\t\t\t\t\t\t\t\t\t\t\t\t\t\n                        <div class=\"wppb-row\">\n\t\t\t\t\t\t\t                                    <div  class=\"wppb-column-parent wppb-column-parent-view wppb-col-1612115273795  \"  >\n                                        <div class=\"wppb-column\">\n\t\t\t\t\t\n\t\t\t\t\t\t\t\t\t\t\t\n                                            <div class=\"wppb-builder-addons\">\n\t\t\t\t\t\t\t\t\t\t\t\t<div class='wppb-builder-addon wppb-addon-1612115273796'  data-addon-id='1612115273796'><div class='wppb-addon'><div class=\"wppb-text-block-addon\"><div class=\"wppb-text-block-content 0\"><h2 style=\"text-align: center\">La vid\u00e9o compl\u00e8te du webinaire<\/h2><\/div><\/div><\/div><\/div>                                            <\/div>\n                                        <\/div>\n                                    <\/div>\n\t\t\t\t\t\t\t\t\t                                    <div  class=\"wppb-column-parent wppb-column-parent-view wppb-col-1612115273797  \"  >\n                                        <div class=\"wppb-column\">\n\t\t\t\t\t\n\t\t\t\t\t\t\t\t\t\t\t\n                                            <div class=\"wppb-builder-addons\">\n\t\t\t\t\t\t\t\t\t\t\t\t<div class='wppb-builder-addon wppb-addon-1612196034395'  data-addon-id='1612196034395'><div class='wppb-addon'><div class=\"wppb-video-popup-addon\"><div class=\"wppb-video-popup-content\"><div class=\"wppb-video-popup-wrap \"><div class=\"wppb-video-popup-content\"><a href=\"http:\/\/chapterzero-france.com\/Videos\/WebinaireReglementationClean.mp4\" class=\"wppb-video-popup wppb-video-popup-icon\"><i class=\"wppb-font-play-button-alt\"><\/i><\/a><\/div><\/div><\/div><\/div><\/div><\/div>                                            <\/div>\n                                        <\/div>\n                                    <\/div>\n\t\t\t\t\t\t\t\t\t                        <\/div>\n\n                    <\/div>\n                <\/div>\n\t\t\t\t                <div  class=\"wppb-row-parent  wppb-row-1614158833677 \"  >\n\t\t\t\t\t\n\t\t\t\t\t\t\t\t\t\t\n\t\t\t\t\t\t\t\t\t\t\n\t\t\t\t\t<div class=\"wppb-container \">\n\t\t\t\t\t\t\t\t\t\t\t\t\t\n                        <div class=\"wppb-row\">\n\t\t\t\t\t\t\t                                    <div  class=\"wppb-column-parent wppb-column-parent-view wppb-col-1614158833676  \"  >\n                                        <div class=\"wppb-column\">\n\t\t\t\t\t\n\t\t\t\t\t\t\t\t\t\t\t\n                                            <div class=\"wppb-builder-addons\">\n\t\t\t\t\t\t\t\t\t\t\t\t<div class='wppb-builder-addon wppb-addon-1614158833675'  data-addon-id='1614158833675'><div class='wppb-addon'><div class=\"wppb-text-block-addon\"><div class=\"wppb-text-block-content 0\"><h2 style=\"text-align: center\">Video Highlights<\/h2><\/div><\/div><\/div><\/div>                                            <\/div>\n                                        <\/div>\n                                    <\/div>\n\t\t\t\t\t\t\t\t\t                        <\/div>\n\n                    <\/div>\n                <\/div>\n\t\t\t\t                <div  class=\"wppb-row-parent  wppb-row-1612195442605 \"  >\n\t\t\t\t\t\n\t\t\t\t\t\t\t\t\t\t\n\t\t\t\t\t\t\t\t\t\t\n\t\t\t\t\t<div class=\"wppb-container \">\n\t\t\t\t\t\t\t\t\t\t\t\t\t\n                        <div class=\"wppb-row\">\n\t\t\t\t\t\t\t                                    <div  class=\"wppb-column-parent wppb-column-parent-view wppb-col-1612195442608  \"  >\n                                        <div class=\"wppb-column\">\n\t\t\t\t\t\n\t\t\t\t\t\t\t\t\t\t\t\n                                            <div class=\"wppb-builder-addons\">\n\t\t\t\t\t\t\t\t\t\t\t\t<div class='wppb-builder-addon wppb-addon-1612793431880'  data-addon-id='1612793431880'><div class='wppb-addon'><div class=\"wppb-video-popup-addon\"><div class=\"wppb-video-popup-content\"><div class=\"wppb-video-popup-wrap \"><div class=\"wppb-video-popup-content\"><a href=\"http:\/\/chapterzero-france.com\/Videos\/Video1Normesetoutilsdegestioninterne.mp4\" class=\"wppb-video-popup wppb-video-popup-icon\"><i class=\"wppb-font-play-button-alt\"><\/i><\/a><\/div><\/div><\/div><\/div><\/div><\/div><div class='wppb-builder-addon wppb-addon-1612793715632'  data-addon-id='1612793715632'><div class='wppb-addon'><div class=\"wppb-text-block-addon\"><div class=\"wppb-text-block-content 0\"><p style=\"text-align: center\">Normes et outils de gestion interne<\/p><\/div><\/div><\/div><\/div><div class='wppb-builder-addon wppb-addon-1612793432269'  data-addon-id='1612793432269'><div class='wppb-addon'><div class=\"wppb-video-popup-addon\"><div class=\"wppb-video-popup-content\"><div class=\"wppb-video-popup-wrap \"><div class=\"wppb-video-popup-content\"><a href=\"http:\/\/chapterzero-france.com\/Videos\/Video3Risquesrputationnels.mp4\" class=\"wppb-video-popup wppb-video-popup-icon\"><i class=\"wppb-font-play-button-alt\"><\/i><\/a><\/div><\/div><\/div><\/div><\/div><\/div><div class='wppb-builder-addon wppb-addon-1612793432272'  data-addon-id='1612793432272'><div class='wppb-addon'><div class=\"wppb-text-block-addon\"><div class=\"wppb-text-block-content 0\"><p style=\"text-align: center\">Les risques r\u00e9putationnels<\/p><\/div><\/div><\/div><\/div><div class='wppb-builder-addon wppb-addon-1612793432375'  data-addon-id='1612793432375'><div class='wppb-addon'><div class=\"wppb-video-popup-addon\"><div class=\"wppb-video-popup-content\"><div class=\"wppb-video-popup-wrap \"><div class=\"wppb-video-popup-content\"><a href=\"http:\/\/chapterzero-france.com\/Videos\/Video5RepsonsabilitindividuelledesNEDs.mp4\" class=\"wppb-video-popup wppb-video-popup-icon\"><i class=\"wppb-font-play-button-alt\"><\/i><\/a><\/div><\/div><\/div><\/div><\/div><\/div><div class='wppb-builder-addon wppb-addon-1612793432378'  data-addon-id='1612793432378'><div class='wppb-addon'><div class=\"wppb-text-block-addon\"><div class=\"wppb-text-block-content 0\"><p style=\"text-align: center\">La responsabilit\u00e9 individuelle des administrateurs<\/p><\/div><\/div><\/div><\/div>                                            <\/div>\n                                        <\/div>\n                                    <\/div>\n\t\t\t\t\t\t\t\t\t                                    <div  class=\"wppb-column-parent wppb-column-parent-view wppb-col-1614159785329  \"  >\n                                        <div class=\"wppb-column\">\n\t\t\t\t\t\n\t\t\t\t\t\t\t\t\t\t\t\n                                            <div class=\"wppb-builder-addons\">\n\t\t\t\t\t\t\t\t\t\t\t\t<div class='wppb-builder-addon wppb-addon-1614159785332'  data-addon-id='1614159785332'><div class='wppb-addon'><div class=\"wppb-video-popup-addon\"><div class=\"wppb-video-popup-content\"><div class=\"wppb-video-popup-wrap \"><div class=\"wppb-video-popup-content\"><a href=\"http:\/\/chapterzero-france.com\/Videos\/Video2Liendecausalit.mp4\" class=\"wppb-video-popup wppb-video-popup-icon\"><i class=\"wppb-font-play-button-alt\"><\/i><\/a><\/div><\/div><\/div><\/div><\/div><\/div><div class='wppb-builder-addon wppb-addon-1614159785333'  data-addon-id='1614159785333'><div class='wppb-addon'><div class=\"wppb-text-block-addon\"><div class=\"wppb-text-block-content 0\"><p style=\"text-align: center\">Les risques pour l'entreprise<\/p><\/div><\/div><\/div><\/div><div class='wppb-builder-addon wppb-addon-1614159785336'  data-addon-id='1614159785336'><div class='wppb-addon'><div class=\"wppb-video-popup-addon\"><div class=\"wppb-video-popup-content\"><div class=\"wppb-video-popup-wrap \"><div class=\"wppb-video-popup-content\"><a href=\"http:\/\/chapterzero-france.com\/Videos\/Video4Devoirdecuriosit.mp4\" class=\"wppb-video-popup wppb-video-popup-icon\"><i class=\"wppb-font-play-button-alt\"><\/i><\/a><\/div><\/div><\/div><\/div><\/div><\/div><div class='wppb-builder-addon wppb-addon-1614159785337'  data-addon-id='1614159785337'><div class='wppb-addon'><div class=\"wppb-text-block-addon\"><div class=\"wppb-text-block-content 0\"><p style=\"text-align: center\">Le devoir de curiosit\u00e9<\/p><\/div><\/div><\/div><\/div>                                            <\/div>\n                                        <\/div>\n                                    <\/div>\n\t\t\t\t\t\t\t\t\t                        <\/div>\n\n                    <\/div>\n                <\/div>\n\t\t\t\t<\/div>","protected":false},"excerpt":{"rendered":"<p>Organis\u00e9 par Chapter Zero France en collaboration avec\u00a0Baker McKenzie Paris\u00a0et\u00a0Rep-Publica.Date: 27\/01\/2021T\u00e9l\u00e9chargez la synth\u00e8se de l&#039;\u00e9v\u00e8nement Trois points essentiels \u00e0 retenirLes intervenants convergent sur les enjeux-cl\u00e9s suivants pour les Administrateurs\u00a0:Les normes sont de plus en plus nombreuses et contraignantes \u00e0 la fois au niveau international, europ\u00e9en et fran\u00e7ais, et ceci s\u2019accompagne&hellip;<\/p>\n","protected":false},"author":1,"featured_media":0,"parent":0,"menu_order":0,"comment_status":"closed","ping_status":"closed","template":"","meta":{"advgb_blocks_editor_width":"","advgb_blocks_columns_visual_guide":"","_monsterinsights_skip_tracking":false,"_monsterinsights_sitenote_active":false,"_monsterinsights_sitenote_note":"","_monsterinsights_sitenote_category":0,"footnotes":""},"class_list":["post-6334","page","type-page","status-publish","hentry"],"yoast_head":"<!-- This site is optimized with the Yoast SEO plugin v23.4 - https:\/\/yoast.com\/wordpress\/plugins\/seo\/ -->\n<title>Changement climatique: des nouvelles contraintes r\u00e9glementaires aux enjeux juridiques et r\u00e9putationnels pour les administrateurs - Chapter Zero France<\/title>\n<meta name=\"robots\" content=\"index, follow, max-snippet:-1, max-image-preview:large, max-video-preview:-1\" \/>\n<link rel=\"canonical\" href=\"https:\/\/chapterzero-france.com\/index.php\/changement-climatique-des-nouvelles-contraintes-reglementaires-aux-enjeux-juridiques-et-reputationnels-pour-les-administrateurs\/\" \/>\n<meta property=\"og:locale\" content=\"fr_FR\" \/>\n<meta property=\"og:type\" content=\"article\" \/>\n<meta property=\"og:title\" content=\"Changement climatique: des nouvelles contraintes r\u00e9glementaires aux enjeux juridiques et r\u00e9putationnels pour les administrateurs - Chapter Zero France\" \/>\n<meta property=\"og:description\" content=\"Organis\u00e9 par Chapter Zero France en collaboration avec\u00a0Baker McKenzie Paris\u00a0et\u00a0Rep-Publica.Date: 27\/01\/2021T\u00e9l\u00e9chargez la synth\u00e8se de l&#039;\u00e9v\u00e8nement Trois points essentiels \u00e0 retenirLes intervenants convergent sur les enjeux-cl\u00e9s suivants pour les Administrateurs\u00a0:Les normes sont de plus en plus nombreuses et contraignantes \u00e0 la fois au niveau international, europ\u00e9en et fran\u00e7ais, et ceci s\u2019accompagne&hellip;\" \/>\n<meta property=\"og:url\" content=\"https:\/\/chapterzero-france.com\/index.php\/changement-climatique-des-nouvelles-contraintes-reglementaires-aux-enjeux-juridiques-et-reputationnels-pour-les-administrateurs\/\" \/>\n<meta property=\"og:site_name\" content=\"Chapter Zero France\" \/>\n<meta property=\"article:modified_time\" content=\"2021-01-31T18:25:54+00:00\" \/>\n<meta name=\"twitter:card\" content=\"summary_large_image\" \/>\n<script type=\"application\/ld+json\" class=\"yoast-schema-graph\">{\"@context\":\"https:\/\/schema.org\",\"@graph\":[{\"@type\":\"WebPage\",\"@id\":\"https:\/\/chapterzero-france.com\/index.php\/changement-climatique-des-nouvelles-contraintes-reglementaires-aux-enjeux-juridiques-et-reputationnels-pour-les-administrateurs\/\",\"url\":\"https:\/\/chapterzero-france.com\/index.php\/changement-climatique-des-nouvelles-contraintes-reglementaires-aux-enjeux-juridiques-et-reputationnels-pour-les-administrateurs\/\",\"name\":\"Changement climatique: des nouvelles contraintes r\u00e9glementaires aux enjeux juridiques et r\u00e9putationnels pour les administrateurs - Chapter Zero France\",\"isPartOf\":{\"@id\":\"https:\/\/chapterzero-france.com\/#website\"},\"datePublished\":\"2021-01-31T18:02:04+00:00\",\"dateModified\":\"2021-01-31T18:25:54+00:00\",\"breadcrumb\":{\"@id\":\"https:\/\/chapterzero-france.com\/index.php\/changement-climatique-des-nouvelles-contraintes-reglementaires-aux-enjeux-juridiques-et-reputationnels-pour-les-administrateurs\/#breadcrumb\"},\"inLanguage\":\"fr-FR\",\"potentialAction\":[{\"@type\":\"ReadAction\",\"target\":[\"https:\/\/chapterzero-france.com\/index.php\/changement-climatique-des-nouvelles-contraintes-reglementaires-aux-enjeux-juridiques-et-reputationnels-pour-les-administrateurs\/\"]}]},{\"@type\":\"BreadcrumbList\",\"@id\":\"https:\/\/chapterzero-france.com\/index.php\/changement-climatique-des-nouvelles-contraintes-reglementaires-aux-enjeux-juridiques-et-reputationnels-pour-les-administrateurs\/#breadcrumb\",\"itemListElement\":[{\"@type\":\"ListItem\",\"position\":1,\"name\":\"Accueil\",\"item\":\"https:\/\/chapterzero-france.com\/\"},{\"@type\":\"ListItem\",\"position\":2,\"name\":\"Changement climatique: des nouvelles contraintes r\u00e9glementaires aux enjeux juridiques et r\u00e9putationnels pour les administrateurs\"}]},{\"@type\":\"WebSite\",\"@id\":\"https:\/\/chapterzero-france.com\/#website\",\"url\":\"https:\/\/chapterzero-france.com\/\",\"name\":\"Chapter Zero France\",\"description\":\"Le Forum Climat des Administrateurs\",\"publisher\":{\"@id\":\"https:\/\/chapterzero-france.com\/#organization\"},\"potentialAction\":[{\"@type\":\"SearchAction\",\"target\":{\"@type\":\"EntryPoint\",\"urlTemplate\":\"https:\/\/chapterzero-france.com\/?s={search_term_string}\"},\"query-input\":{\"@type\":\"PropertyValueSpecification\",\"valueRequired\":true,\"valueName\":\"search_term_string\"}}],\"inLanguage\":\"fr-FR\"},{\"@type\":\"Organization\",\"@id\":\"https:\/\/chapterzero-france.com\/#organization\",\"name\":\"Chapter Zero France\",\"url\":\"https:\/\/chapterzero-france.com\/\",\"logo\":{\"@type\":\"ImageObject\",\"inLanguage\":\"fr-FR\",\"@id\":\"https:\/\/chapterzero-france.com\/#\/schema\/logo\/image\/\",\"url\":\"https:\/\/chapterzero-france.com\/wp-content\/uploads\/2020\/08\/ChapterZero_Logo_FranceForumClimat-e1598537853484.jpg\",\"contentUrl\":\"https:\/\/chapterzero-france.com\/wp-content\/uploads\/2020\/08\/ChapterZero_Logo_FranceForumClimat-e1598537853484.jpg\",\"width\":100,\"height\":38,\"caption\":\"Chapter Zero France\"},\"image\":{\"@id\":\"https:\/\/chapterzero-france.com\/#\/schema\/logo\/image\/\"}}]}<\/script>\n<!-- \/ Yoast SEO plugin. -->","yoast_head_json":{"title":"Changement climatique: des nouvelles contraintes r\u00e9glementaires aux enjeux juridiques et r\u00e9putationnels pour les administrateurs - Chapter Zero France","robots":{"index":"index","follow":"follow","max-snippet":"max-snippet:-1","max-image-preview":"max-image-preview:large","max-video-preview":"max-video-preview:-1"},"canonical":"https:\/\/chapterzero-france.com\/index.php\/changement-climatique-des-nouvelles-contraintes-reglementaires-aux-enjeux-juridiques-et-reputationnels-pour-les-administrateurs\/","og_locale":"fr_FR","og_type":"article","og_title":"Changement climatique: des nouvelles contraintes r\u00e9glementaires aux enjeux juridiques et r\u00e9putationnels pour les administrateurs - Chapter Zero France","og_description":"Organis\u00e9 par Chapter Zero France en collaboration avec\u00a0Baker McKenzie Paris\u00a0et\u00a0Rep-Publica.Date: 27\/01\/2021T\u00e9l\u00e9chargez la synth\u00e8se de l&#039;\u00e9v\u00e8nement Trois points essentiels \u00e0 retenirLes intervenants convergent sur les enjeux-cl\u00e9s suivants pour les Administrateurs\u00a0:Les normes sont de plus en plus nombreuses et contraignantes \u00e0 la fois au niveau international, europ\u00e9en et fran\u00e7ais, et ceci s\u2019accompagne&hellip;","og_url":"https:\/\/chapterzero-france.com\/index.php\/changement-climatique-des-nouvelles-contraintes-reglementaires-aux-enjeux-juridiques-et-reputationnels-pour-les-administrateurs\/","og_site_name":"Chapter Zero France","article_modified_time":"2021-01-31T18:25:54+00:00","twitter_card":"summary_large_image","schema":{"@context":"https:\/\/schema.org","@graph":[{"@type":"WebPage","@id":"https:\/\/chapterzero-france.com\/index.php\/changement-climatique-des-nouvelles-contraintes-reglementaires-aux-enjeux-juridiques-et-reputationnels-pour-les-administrateurs\/","url":"https:\/\/chapterzero-france.com\/index.php\/changement-climatique-des-nouvelles-contraintes-reglementaires-aux-enjeux-juridiques-et-reputationnels-pour-les-administrateurs\/","name":"Changement climatique: des nouvelles contraintes r\u00e9glementaires aux enjeux juridiques et r\u00e9putationnels pour les administrateurs - Chapter Zero France","isPartOf":{"@id":"https:\/\/chapterzero-france.com\/#website"},"datePublished":"2021-01-31T18:02:04+00:00","dateModified":"2021-01-31T18:25:54+00:00","breadcrumb":{"@id":"https:\/\/chapterzero-france.com\/index.php\/changement-climatique-des-nouvelles-contraintes-reglementaires-aux-enjeux-juridiques-et-reputationnels-pour-les-administrateurs\/#breadcrumb"},"inLanguage":"fr-FR","potentialAction":[{"@type":"ReadAction","target":["https:\/\/chapterzero-france.com\/index.php\/changement-climatique-des-nouvelles-contraintes-reglementaires-aux-enjeux-juridiques-et-reputationnels-pour-les-administrateurs\/"]}]},{"@type":"BreadcrumbList","@id":"https:\/\/chapterzero-france.com\/index.php\/changement-climatique-des-nouvelles-contraintes-reglementaires-aux-enjeux-juridiques-et-reputationnels-pour-les-administrateurs\/#breadcrumb","itemListElement":[{"@type":"ListItem","position":1,"name":"Accueil","item":"https:\/\/chapterzero-france.com\/"},{"@type":"ListItem","position":2,"name":"Changement climatique: des nouvelles contraintes r\u00e9glementaires aux enjeux juridiques et r\u00e9putationnels pour les administrateurs"}]},{"@type":"WebSite","@id":"https:\/\/chapterzero-france.com\/#website","url":"https:\/\/chapterzero-france.com\/","name":"Chapter Zero France","description":"Le Forum Climat des Administrateurs","publisher":{"@id":"https:\/\/chapterzero-france.com\/#organization"},"potentialAction":[{"@type":"SearchAction","target":{"@type":"EntryPoint","urlTemplate":"https:\/\/chapterzero-france.com\/?s={search_term_string}"},"query-input":{"@type":"PropertyValueSpecification","valueRequired":true,"valueName":"search_term_string"}}],"inLanguage":"fr-FR"},{"@type":"Organization","@id":"https:\/\/chapterzero-france.com\/#organization","name":"Chapter Zero France","url":"https:\/\/chapterzero-france.com\/","logo":{"@type":"ImageObject","inLanguage":"fr-FR","@id":"https:\/\/chapterzero-france.com\/#\/schema\/logo\/image\/","url":"https:\/\/chapterzero-france.com\/wp-content\/uploads\/2020\/08\/ChapterZero_Logo_FranceForumClimat-e1598537853484.jpg","contentUrl":"https:\/\/chapterzero-france.com\/wp-content\/uploads\/2020\/08\/ChapterZero_Logo_FranceForumClimat-e1598537853484.jpg","width":100,"height":38,"caption":"Chapter Zero France"},"image":{"@id":"https:\/\/chapterzero-france.com\/#\/schema\/logo\/image\/"}}]}},"coauthors":[],"author_meta":{"author_link":"https:\/\/chapterzero-france.com\/index.php\/author\/admin3183\/","display_name":"admin3183"},"relative_dates":{"created":"Publi\u00e9 5 ans il y a","modified":"Mis \u00e0 jour 5 ans il y a"},"absolute_dates":{"created":"Publi\u00e9 le 31 janvier 2021","modified":"Mise \u00e0 jour le 31 janvier 2021"},"absolute_dates_time":{"created":"Publi\u00e9 le 31 janvier 2021 19 h 02 min","modified":"Mise \u00e0 jour le 31 janvier 2021 19 h 25 min"},"featured_img_caption":"","featured_img":false,"series_order":"","_links":{"self":[{"href":"https:\/\/chapterzero-france.com\/index.php\/wp-json\/wp\/v2\/pages\/6334","targetHints":{"allow":["GET"]}}],"collection":[{"href":"https:\/\/chapterzero-france.com\/index.php\/wp-json\/wp\/v2\/pages"}],"about":[{"href":"https:\/\/chapterzero-france.com\/index.php\/wp-json\/wp\/v2\/types\/page"}],"author":[{"embeddable":true,"href":"https:\/\/chapterzero-france.com\/index.php\/wp-json\/wp\/v2\/users\/1"}],"replies":[{"embeddable":true,"href":"https:\/\/chapterzero-france.com\/index.php\/wp-json\/wp\/v2\/comments?post=6334"}],"version-history":[{"count":1,"href":"https:\/\/chapterzero-france.com\/index.php\/wp-json\/wp\/v2\/pages\/6334\/revisions"}],"predecessor-version":[{"id":6335,"href":"https:\/\/chapterzero-france.com\/index.php\/wp-json\/wp\/v2\/pages\/6334\/revisions\/6335"}],"wp:attachment":[{"href":"https:\/\/chapterzero-france.com\/index.php\/wp-json\/wp\/v2\/media?parent=6334"}],"curies":[{"name":"wp","href":"https:\/\/api.w.org\/{rel}","templated":true}]}}