{"id":6390,"date":"2021-02-07T20:17:22","date_gmt":"2021-02-07T19:17:22","guid":{"rendered":"http:\/\/chapterzero-france.com\/?page_id=6390"},"modified":"2021-02-07T20:21:37","modified_gmt":"2021-02-07T19:21:37","slug":"climate-change-the-impacts-on-corporate-strategy","status":"publish","type":"page","link":"https:\/\/chapterzero-france.com\/index.php\/climate-change-the-impacts-on-corporate-strategy\/","title":{"rendered":"Climate Change: The Impacts on Corporate Strategy"},"content":{"rendered":"<div id=\"wppb-builder-container\" class=\"wppb-builder-container\">                <div  class=\"wppb-row-parent  wppb-row-1612115273447 \"  >\n\t\t\t\t\t\n\t\t\t\t\t\t\t\t\t\t\n\t\t\t\t\t\t\t\t\t\t\n\t\t\t\t\t<div class=\"wppb-container \">\n\t\t\t\t\t\t\t\t\t\t\t\t\t\n                        <div class=\"wppb-row\">\n\t\t\t\t\t\t\t                                    <div  class=\"wppb-column-parent wppb-column-parent-view wppb-col-1612115273446  \"  >\n                                        <div class=\"wppb-column\">\n\t\t\t\t\t\n\t\t\t\t\t\t\t\t\t\t\t\n                                            <div class=\"wppb-builder-addons\">\n\t\t\t\t\t\t\t\t\t\t\t\t<div class='wppb-builder-addon wppb-addon-1612115323379'  data-addon-id='1612115323379'><div class='wppb-addon'><div class=\"wppb-text-block-addon\"><div class=\"wppb-text-block-content 0\"><p style=\"text-align: center\"><strong>Organized by Chapter Zero France\u00a0 in collaboration with Deloitte, Cefic and Danone.<\/strong><\/p><p style=\"text-align: center\"><strong>Date: 05\/02\/2021<\/strong><\/p><\/div><\/div><\/div><\/div><div class='wppb-builder-addon wppb-addon-1614157600006'  data-addon-id='1614157600006'><div class='wppb-addon'><div class=\"wppb-addon wppb-button-addon\"><div class=\"wppb-button-addon-content\"><a  href=\"http:\/\/chapterzero-france.com\/wp-content\/uploads\/2021\/02\/Synthese-Webinaire-Chapter_Zero-_France_20210205.pdf\" target=_blank class=\"wppb-btn-addons  wppb-btn-custom wppb-btn-rounded wppb-btn-large wppb-btn-no\">T\u00e9l\u00e9chargez la synth\u00e8se de l&#039;\u00e9v\u00e8nement<\/a><\/div><\/div><\/div><\/div>                                            <\/div>\n                                        <\/div>\n                                    <\/div>\n\t\t\t\t\t\t\t\t\t                        <\/div>\n\n                    <\/div>\n                <\/div>\n\t\t\t\t                <div  class=\"wppb-row-parent  wppb-row-1612115273468 \"  >\n\t\t\t\t\t\n\t\t\t\t\t\t\t\t\t\t\n\t\t\t\t\t\t\t\t\t\t\n\t\t\t\t\t<div class=\"wppb-container \">\n\t\t\t\t\t\t\t\t\t\t\t\t\t\n                        <div class=\"wppb-row\">\n\t\t\t\t\t\t\t                                    <div  class=\"wppb-column-parent wppb-column-parent-view wppb-col-1612115273466  \"  >\n                                        <div class=\"wppb-column\">\n\t\t\t\t\t\n\t\t\t\t\t\t\t\t\t\t\t\n                                            <div class=\"wppb-builder-addons\">\n\t\t\t\t\t\t\t\t\t\t\t\t<div class='wppb-builder-addon wppb-addon-1612115855572'  data-addon-id='1612115855572'><div class='wppb-addon'><div class=\"wppb-text-block-addon\"><div class=\"wppb-text-block-content 0\"><h2 style=\"text-align: center\"><strong>Three takeaways<\/strong><\/h2><p>The speaker\u2019s reflections converge on the fact that:<\/p><ul><li>Engaging with the Board on climate change: 1) proposing a strategic roadmap exercise, than a risk and stranded assets only discussion; 2) addressing carbon-neutrality and competitiveness in an integrated way, as they both command the future \u201clicense to operate\u201d; 3) talking about \u201cimpact\u201d instead of tons of CO2 emissions.<\/li><li>The complexity and the diversity of the effects that contribute to emissions is so high that only data-driven, pareto-approaches can help focus on the few most impactful levers that the Board should be involved with.<\/li><li>No \u201cbusiness as usual\u201d: climate change calls for a shift in the way companies operate, in particular with regards to their cooperation in broader eco-systems (vertical integration, circular economy\u2026) in order to make carbon neutrality a collective and winning game.<\/li><\/ul><\/div><\/div><\/div><\/div>                                            <\/div>\n                                        <\/div>\n                                    <\/div>\n\t\t\t\t\t\t\t\t\t                                    <div  class=\"wppb-column-parent wppb-column-parent-view wppb-col-1612115273467  \"  >\n                                        <div class=\"wppb-column\">\n\t\t\t\t\t\n\t\t\t\t\t\t\t\t\t\t\t\n                                            <div class=\"wppb-builder-addons\">\n\t\t\t\t\t\t\t\t\t\t\t\t<div class='wppb-builder-addon wppb-addon-1612115599606'  data-addon-id='1612115599606'><div class='wppb-addon'><div class=\"wppb-image-addon\"><figure class=\"wppb-image-addon-content-wrap\"><div class=\"wppb-image-addon-content wppb-imginlineblock\"><a rel=nofolow href=\"http:\/\/chapterzero-france.com\/wp-content\/uploads\/2021\/02\/CC-consequences-on-corporate-strategy_VF.pdf\" target=_blank><img decoding=\"async\" class=\"wppb-image-addon-img\" src=\"http:\/\/chapterzero-france.com\/wp-content\/uploads\/2021\/02\/Capture-First-Slide-CC-and-Corporate-Strategy-300x163.jpg\" alt=\"Image\"><\/a><\/div><figcaption class=\"wppb-addon-image-caption\">T\u00e9l\u00e9chargez les slides du webinaire en cliquant sur l&#039;image<\/figcaption><\/figure><\/div><\/div><\/div>                                            <\/div>\n                                        <\/div>\n                                    <\/div>\n\t\t\t\t\t\t\t\t\t                        <\/div>\n\n                    <\/div>\n                <\/div>\n\t\t\t\t                <div  class=\"wppb-row-parent  wppb-row-1612115273794 \"  >\n\t\t\t\t\t\n\t\t\t\t\t\t\t\t\t\t\n\t\t\t\t\t\t\t\t\t\t\n\t\t\t\t\t<div class=\"wppb-container \">\n\t\t\t\t\t\t\t\t\t\t\t\t\t\n                        <div class=\"wppb-row\">\n\t\t\t\t\t\t\t                                    <div  class=\"wppb-column-parent wppb-column-parent-view wppb-col-1612115273795  \"  >\n                                        <div class=\"wppb-column\">\n\t\t\t\t\t\n\t\t\t\t\t\t\t\t\t\t\t\n                                            <div class=\"wppb-builder-addons\">\n\t\t\t\t\t\t\t\t\t\t\t\t<div class='wppb-builder-addon wppb-addon-1612115273796'  data-addon-id='1612115273796'><div class='wppb-addon'><div class=\"wppb-text-block-addon\"><div class=\"wppb-text-block-content 0\"><h2 style=\"text-align: center\">The complete webinar video<\/h2><\/div><\/div><\/div><\/div>                                            <\/div>\n                                        <\/div>\n                                    <\/div>\n\t\t\t\t\t\t\t\t\t                                    <div  class=\"wppb-column-parent wppb-column-parent-view wppb-col-1612115273797  \"  >\n                                        <div class=\"wppb-column\">\n\t\t\t\t\t\n\t\t\t\t\t\t\t\t\t\t\t\n                                            <div class=\"wppb-builder-addons\">\n\t\t\t\t\t\t\t\t\t\t\t\t<div class='wppb-builder-addon wppb-addon-1612196034395'  data-addon-id='1612196034395'><div class='wppb-addon'><div class=\"wppb-video-popup-addon\"><div class=\"wppb-video-popup-content\"><div class=\"wppb-video-popup-wrap \"><div class=\"wppb-video-popup-content\"><a href=\"http:\/\/chapterzero-france.com\/Videos\/ClimateandCorporateStrategywebinar05022021.mp4\" class=\"wppb-video-popup wppb-video-popup-icon\"><i class=\"wppb-font-play-button-alt\"><\/i><\/a><\/div><\/div><\/div><\/div><\/div><\/div>                                            <\/div>\n                                        <\/div>\n                                    <\/div>\n\t\t\t\t\t\t\t\t\t                        <\/div>\n\n                    <\/div>\n                <\/div>\n\t\t\t\t                <div  class=\"wppb-row-parent  wppb-row-1614157600107 \"  >\n\t\t\t\t\t\n\t\t\t\t\t\t\t\t\t\t\n\t\t\t\t\t\t\t\t\t\t\n\t\t\t\t\t<div class=\"wppb-container \">\n\t\t\t\t\t\t\t\t\t\t\t\t\t\n                        <div class=\"wppb-row\">\n\t\t\t\t\t\t\t                                    <div  class=\"wppb-column-parent wppb-column-parent-view wppb-col-1614157600106  \"  >\n                                        <div class=\"wppb-column\">\n\t\t\t\t\t\n\t\t\t\t\t\t\t\t\t\t\t\n                                            <div class=\"wppb-builder-addons\">\n\t\t\t\t\t\t\t\t\t\t\t\t<div class='wppb-builder-addon wppb-addon-1614157600063'  data-addon-id='1614157600063'><div class='wppb-addon'><div class=\"wppb-text-block-addon\"><div class=\"wppb-text-block-content 0\"><h2 style=\"text-align: center\">Video highlights<\/h2><\/div><\/div><\/div><\/div>                                            <\/div>\n                                        <\/div>\n                                    <\/div>\n\t\t\t\t\t\t\t\t\t                        <\/div>\n\n                    <\/div>\n                <\/div>\n\t\t\t\t                <div  class=\"wppb-row-parent  wppb-row-1612195442605 \"  >\n\t\t\t\t\t\n\t\t\t\t\t\t\t\t\t\t\n\t\t\t\t\t\t\t\t\t\t\n\t\t\t\t\t<div class=\"wppb-container \">\n\t\t\t\t\t\t\t\t\t\t\t\t\t\n                        <div class=\"wppb-row\">\n\t\t\t\t\t\t\t                                    <div  class=\"wppb-column-parent wppb-column-parent-view wppb-col-1612195442608  \"  >\n                                        <div class=\"wppb-column\">\n\t\t\t\t\t\n\t\t\t\t\t\t\t\t\t\t\t\n                                            <div class=\"wppb-builder-addons\">\n\t\t\t\t\t\t\t\t\t\t\t\t<div class='wppb-builder-addon wppb-addon-1613931660048'  data-addon-id='1613931660048'><div class='wppb-addon'><div class=\"wppb-video-popup-addon\"><div class=\"wppb-video-popup-content\"><div class=\"wppb-video-popup-wrap \"><div class=\"wppb-video-popup-content\"><a href=\"http:\/\/chapterzero-france.com\/Videos\/WebinaireCorpStratCatherine1.mp4\" class=\"wppb-video-popup wppb-video-popup-icon\"><i class=\"wppb-font-play-button-alt\"><\/i><\/a><\/div><\/div><\/div><\/div><\/div><\/div><div class='wppb-builder-addon wppb-addon-1613931660187'  data-addon-id='1613931660187'><div class='wppb-addon'><div class=\"wppb-text-block-addon\"><div class=\"wppb-text-block-content 0\"><p style=\"text-align: center\">Pressure from investors and regulators mounts on corporations<\/p><\/div><\/div><\/div><\/div><div class='wppb-builder-addon wppb-addon-1613931660211'  data-addon-id='1613931660211'><div class='wppb-addon'><div class=\"wppb-video-popup-addon\"><div class=\"wppb-video-popup-content\"><div class=\"wppb-video-popup-wrap \"><div class=\"wppb-video-popup-content\"><a href=\"http:\/\/chapterzero-france.com\/Videos\/WebinaireCorpStratMarco2.mp4\" class=\"wppb-video-popup wppb-video-popup-icon\"><i class=\"wppb-font-play-button-alt\"><\/i><\/a><\/div><\/div><\/div><\/div><\/div><\/div><div class='wppb-builder-addon wppb-addon-1613931660193'  data-addon-id='1613931660193'><div class='wppb-addon'><div class=\"wppb-text-block-addon\"><div class=\"wppb-text-block-content 0\"><p style=\"text-align: center\">Competition will be extremely fierce<\/p><\/div><\/div><\/div><\/div><div class='wppb-builder-addon wppb-addon-1613931660205'  data-addon-id='1613931660205'><div class='wppb-addon'><div class=\"wppb-video-popup-addon\"><div class=\"wppb-video-popup-content\"><div class=\"wppb-video-popup-wrap \"><div class=\"wppb-video-popup-content\"><a href=\"http:\/\/chapterzero-france.com\/Videos\/WebinaireCorpStratEric4.mp4\" class=\"wppb-video-popup wppb-video-popup-icon\"><i class=\"wppb-font-play-button-alt\"><\/i><\/a><\/div><\/div><\/div><\/div><\/div><\/div><div class='wppb-builder-addon wppb-addon-1612196781475'  data-addon-id='1612196781475'><div class='wppb-addon'><div class=\"wppb-text-block-addon\"><div class=\"wppb-text-block-content 0\"><p style=\"text-align: center\">In the case of Danone, agriculture is the main source of CO2 emissions<\/p><\/div><\/div><\/div><\/div><div class='wppb-builder-addon wppb-addon-1613931660199'  data-addon-id='1613931660199'><div class='wppb-addon'><div class=\"wppb-video-popup-addon\"><div class=\"wppb-video-popup-content\"><div class=\"wppb-video-popup-wrap \"><div class=\"wppb-video-popup-content\"><a href=\"http:\/\/chapterzero-france.com\/Videos\/WebinaireCorpStratQA2.mp4\" class=\"wppb-video-popup wppb-video-popup-icon\"><i class=\"wppb-font-play-button-alt\"><\/i><\/a><\/div><\/div><\/div><\/div><\/div><\/div><div class='wppb-builder-addon wppb-addon-1613931660181'  data-addon-id='1613931660181'><div class='wppb-addon'><div class=\"wppb-text-block-addon\"><div class=\"wppb-text-block-content 0\"><p style=\"text-align: center\">Q&amp;A 2<\/p><\/div><\/div><\/div><\/div>                                            <\/div>\n                                        <\/div>\n                                    <\/div>\n\t\t\t\t\t\t\t\t\t                                    <div  class=\"wppb-column-parent wppb-column-parent-view wppb-col-1614157600062  \"  >\n                                        <div class=\"wppb-column\">\n\t\t\t\t\t\n\t\t\t\t\t\t\t\t\t\t\t\n                                            <div class=\"wppb-builder-addons\">\n\t\t\t\t\t\t\t\t\t\t\t\t<div class='wppb-builder-addon wppb-addon-1614157600066'  data-addon-id='1614157600066'><div class='wppb-addon'><div class=\"wppb-video-popup-addon\"><div class=\"wppb-video-popup-content\"><div class=\"wppb-video-popup-wrap \"><div class=\"wppb-video-popup-content\"><a href=\"http:\/\/chapterzero-france.com\/Videos\/WebinaireCorpStratMarco1.mp4\" class=\"wppb-video-popup wppb-video-popup-icon\"><i class=\"wppb-font-play-button-alt\"><\/i><\/a><\/div><\/div><\/div><\/div><\/div><\/div><div class='wppb-builder-addon wppb-addon-1614157600067'  data-addon-id='1614157600067'><div class='wppb-addon'><div class=\"wppb-text-block-addon\"><div class=\"wppb-text-block-content 0\"><p style=\"text-align: center\">Reframe fundamental questions in order to be able to accomplish the required thought revolution<\/p><\/div><\/div><\/div><\/div><div class='wppb-builder-addon wppb-addon-1614157600070'  data-addon-id='1614157600070'><div class='wppb-addon'><div class=\"wppb-video-popup-addon\"><div class=\"wppb-video-popup-content\"><div class=\"wppb-video-popup-wrap \"><div class=\"wppb-video-popup-content\"><a href=\"http:\/\/chapterzero-france.com\/Videos\/WebinaireCorpStratEric1.mp4\" class=\"wppb-video-popup wppb-video-popup-icon\"><i class=\"wppb-font-play-button-alt\"><\/i><\/a><\/div><\/div><\/div><\/div><\/div><\/div><div class='wppb-builder-addon wppb-addon-1614157600071'  data-addon-id='1614157600071'><div class='wppb-addon'><div class=\"wppb-text-block-addon\"><div class=\"wppb-text-block-content 0\"><p style=\"text-align: center\">Use company's strengths to advance climate agenda<\/p><\/div><\/div><\/div><\/div><div class='wppb-builder-addon wppb-addon-1614157600074'  data-addon-id='1614157600074'><div class='wppb-addon'><div class=\"wppb-video-popup-addon\"><div class=\"wppb-video-popup-content\"><div class=\"wppb-video-popup-wrap \"><div class=\"wppb-video-popup-content\"><a href=\"http:\/\/chapterzero-france.com\/Videos\/WebinaireCorpStratQA1.mp4\" class=\"wppb-video-popup wppb-video-popup-icon\"><i class=\"wppb-font-play-button-alt\"><\/i><\/a><\/div><\/div><\/div><\/div><\/div><\/div><div class='wppb-builder-addon wppb-addon-1614157600075'  data-addon-id='1614157600075'><div class='wppb-addon'><div class=\"wppb-text-block-addon\"><div class=\"wppb-text-block-content 0\"><p style=\"text-align: center\">Q&amp;A 1<\/p><\/div><\/div><\/div><\/div>                                            <\/div>\n                                        <\/div>\n                                    <\/div>\n\t\t\t\t\t\t\t\t\t                        <\/div>\n\n                    <\/div>\n                <\/div>\n\t\t\t\t<\/div>","protected":false},"excerpt":{"rendered":"<p>Organized by Chapter Zero France\u00a0 in collaboration with Deloitte, Cefic and Danone.Date: 05\/02\/2021T\u00e9l\u00e9chargez la synth\u00e8se de l&#039;\u00e9v\u00e8nement Three takeawaysThe speaker\u2019s reflections converge on the fact that:Engaging with the Board on climate change: 1) proposing a strategic roadmap exercise, than a risk and stranded assets only discussion; 2) addressing carbon-neutrality and&hellip;<\/p>\n","protected":false},"author":1,"featured_media":0,"parent":0,"menu_order":0,"comment_status":"closed","ping_status":"closed","template":"","meta":{"advgb_blocks_editor_width":"","advgb_blocks_columns_visual_guide":"","_monsterinsights_skip_tracking":false,"_monsterinsights_sitenote_active":false,"_monsterinsights_sitenote_note":"","_monsterinsights_sitenote_category":0,"footnotes":""},"class_list":["post-6390","page","type-page","status-publish","hentry"],"yoast_head":"<!-- This site is optimized with the Yoast SEO plugin v23.4 - https:\/\/yoast.com\/wordpress\/plugins\/seo\/ -->\n<title>Climate Change: The Impacts on Corporate Strategy - Chapter Zero France<\/title>\n<meta name=\"robots\" content=\"index, follow, max-snippet:-1, max-image-preview:large, max-video-preview:-1\" \/>\n<link rel=\"canonical\" href=\"https:\/\/chapterzero-france.com\/index.php\/climate-change-the-impacts-on-corporate-strategy\/\" \/>\n<meta property=\"og:locale\" content=\"fr_FR\" \/>\n<meta property=\"og:type\" content=\"article\" \/>\n<meta property=\"og:title\" content=\"Climate Change: The Impacts on Corporate Strategy - Chapter Zero France\" \/>\n<meta property=\"og:description\" content=\"Organized by Chapter Zero France\u00a0 in collaboration with Deloitte, Cefic and Danone.Date: 05\/02\/2021T\u00e9l\u00e9chargez la synth\u00e8se de l&#039;\u00e9v\u00e8nement Three takeawaysThe speaker\u2019s reflections converge on the fact that:Engaging with the Board on climate change: 1) proposing a strategic roadmap exercise, than a risk and stranded assets only discussion; 2) addressing carbon-neutrality and&hellip;\" \/>\n<meta property=\"og:url\" content=\"https:\/\/chapterzero-france.com\/index.php\/climate-change-the-impacts-on-corporate-strategy\/\" \/>\n<meta property=\"og:site_name\" content=\"Chapter Zero France\" \/>\n<meta property=\"article:modified_time\" content=\"2021-02-07T19:21:37+00:00\" \/>\n<meta name=\"twitter:card\" content=\"summary_large_image\" \/>\n<script type=\"application\/ld+json\" class=\"yoast-schema-graph\">{\"@context\":\"https:\/\/schema.org\",\"@graph\":[{\"@type\":\"WebPage\",\"@id\":\"https:\/\/chapterzero-france.com\/index.php\/climate-change-the-impacts-on-corporate-strategy\/\",\"url\":\"https:\/\/chapterzero-france.com\/index.php\/climate-change-the-impacts-on-corporate-strategy\/\",\"name\":\"Climate Change: The Impacts on Corporate Strategy - Chapter Zero France\",\"isPartOf\":{\"@id\":\"https:\/\/chapterzero-france.com\/#website\"},\"datePublished\":\"2021-02-07T19:17:22+00:00\",\"dateModified\":\"2021-02-07T19:21:37+00:00\",\"breadcrumb\":{\"@id\":\"https:\/\/chapterzero-france.com\/index.php\/climate-change-the-impacts-on-corporate-strategy\/#breadcrumb\"},\"inLanguage\":\"fr-FR\",\"potentialAction\":[{\"@type\":\"ReadAction\",\"target\":[\"https:\/\/chapterzero-france.com\/index.php\/climate-change-the-impacts-on-corporate-strategy\/\"]}]},{\"@type\":\"BreadcrumbList\",\"@id\":\"https:\/\/chapterzero-france.com\/index.php\/climate-change-the-impacts-on-corporate-strategy\/#breadcrumb\",\"itemListElement\":[{\"@type\":\"ListItem\",\"position\":1,\"name\":\"Accueil\",\"item\":\"https:\/\/chapterzero-france.com\/\"},{\"@type\":\"ListItem\",\"position\":2,\"name\":\"Climate Change: The Impacts on Corporate Strategy\"}]},{\"@type\":\"WebSite\",\"@id\":\"https:\/\/chapterzero-france.com\/#website\",\"url\":\"https:\/\/chapterzero-france.com\/\",\"name\":\"Chapter Zero France\",\"description\":\"Le Forum Climat des Administrateurs\",\"publisher\":{\"@id\":\"https:\/\/chapterzero-france.com\/#organization\"},\"potentialAction\":[{\"@type\":\"SearchAction\",\"target\":{\"@type\":\"EntryPoint\",\"urlTemplate\":\"https:\/\/chapterzero-france.com\/?s={search_term_string}\"},\"query-input\":{\"@type\":\"PropertyValueSpecification\",\"valueRequired\":true,\"valueName\":\"search_term_string\"}}],\"inLanguage\":\"fr-FR\"},{\"@type\":\"Organization\",\"@id\":\"https:\/\/chapterzero-france.com\/#organization\",\"name\":\"Chapter Zero France\",\"url\":\"https:\/\/chapterzero-france.com\/\",\"logo\":{\"@type\":\"ImageObject\",\"inLanguage\":\"fr-FR\",\"@id\":\"https:\/\/chapterzero-france.com\/#\/schema\/logo\/image\/\",\"url\":\"https:\/\/chapterzero-france.com\/wp-content\/uploads\/2020\/08\/ChapterZero_Logo_FranceForumClimat-e1598537853484.jpg\",\"contentUrl\":\"https:\/\/chapterzero-france.com\/wp-content\/uploads\/2020\/08\/ChapterZero_Logo_FranceForumClimat-e1598537853484.jpg\",\"width\":100,\"height\":38,\"caption\":\"Chapter Zero France\"},\"image\":{\"@id\":\"https:\/\/chapterzero-france.com\/#\/schema\/logo\/image\/\"}}]}<\/script>\n<!-- \/ Yoast SEO plugin. -->","yoast_head_json":{"title":"Climate Change: The Impacts on Corporate Strategy - Chapter Zero France","robots":{"index":"index","follow":"follow","max-snippet":"max-snippet:-1","max-image-preview":"max-image-preview:large","max-video-preview":"max-video-preview:-1"},"canonical":"https:\/\/chapterzero-france.com\/index.php\/climate-change-the-impacts-on-corporate-strategy\/","og_locale":"fr_FR","og_type":"article","og_title":"Climate Change: The Impacts on Corporate Strategy - Chapter Zero France","og_description":"Organized by Chapter Zero France\u00a0 in collaboration with Deloitte, Cefic and Danone.Date: 05\/02\/2021T\u00e9l\u00e9chargez la synth\u00e8se de l&#039;\u00e9v\u00e8nement Three takeawaysThe speaker\u2019s reflections converge on the fact that:Engaging with the Board on climate change: 1) proposing a strategic roadmap exercise, than a risk and stranded assets only discussion; 2) addressing carbon-neutrality and&hellip;","og_url":"https:\/\/chapterzero-france.com\/index.php\/climate-change-the-impacts-on-corporate-strategy\/","og_site_name":"Chapter Zero France","article_modified_time":"2021-02-07T19:21:37+00:00","twitter_card":"summary_large_image","schema":{"@context":"https:\/\/schema.org","@graph":[{"@type":"WebPage","@id":"https:\/\/chapterzero-france.com\/index.php\/climate-change-the-impacts-on-corporate-strategy\/","url":"https:\/\/chapterzero-france.com\/index.php\/climate-change-the-impacts-on-corporate-strategy\/","name":"Climate Change: The Impacts on Corporate Strategy - Chapter Zero France","isPartOf":{"@id":"https:\/\/chapterzero-france.com\/#website"},"datePublished":"2021-02-07T19:17:22+00:00","dateModified":"2021-02-07T19:21:37+00:00","breadcrumb":{"@id":"https:\/\/chapterzero-france.com\/index.php\/climate-change-the-impacts-on-corporate-strategy\/#breadcrumb"},"inLanguage":"fr-FR","potentialAction":[{"@type":"ReadAction","target":["https:\/\/chapterzero-france.com\/index.php\/climate-change-the-impacts-on-corporate-strategy\/"]}]},{"@type":"BreadcrumbList","@id":"https:\/\/chapterzero-france.com\/index.php\/climate-change-the-impacts-on-corporate-strategy\/#breadcrumb","itemListElement":[{"@type":"ListItem","position":1,"name":"Accueil","item":"https:\/\/chapterzero-france.com\/"},{"@type":"ListItem","position":2,"name":"Climate Change: The Impacts on Corporate Strategy"}]},{"@type":"WebSite","@id":"https:\/\/chapterzero-france.com\/#website","url":"https:\/\/chapterzero-france.com\/","name":"Chapter Zero France","description":"Le Forum Climat des Administrateurs","publisher":{"@id":"https:\/\/chapterzero-france.com\/#organization"},"potentialAction":[{"@type":"SearchAction","target":{"@type":"EntryPoint","urlTemplate":"https:\/\/chapterzero-france.com\/?s={search_term_string}"},"query-input":{"@type":"PropertyValueSpecification","valueRequired":true,"valueName":"search_term_string"}}],"inLanguage":"fr-FR"},{"@type":"Organization","@id":"https:\/\/chapterzero-france.com\/#organization","name":"Chapter Zero France","url":"https:\/\/chapterzero-france.com\/","logo":{"@type":"ImageObject","inLanguage":"fr-FR","@id":"https:\/\/chapterzero-france.com\/#\/schema\/logo\/image\/","url":"https:\/\/chapterzero-france.com\/wp-content\/uploads\/2020\/08\/ChapterZero_Logo_FranceForumClimat-e1598537853484.jpg","contentUrl":"https:\/\/chapterzero-france.com\/wp-content\/uploads\/2020\/08\/ChapterZero_Logo_FranceForumClimat-e1598537853484.jpg","width":100,"height":38,"caption":"Chapter Zero France"},"image":{"@id":"https:\/\/chapterzero-france.com\/#\/schema\/logo\/image\/"}}]}},"coauthors":[],"author_meta":{"author_link":"https:\/\/chapterzero-france.com\/index.php\/author\/admin3183\/","display_name":"admin3183"},"relative_dates":{"created":"Publi\u00e9 5 ans il y a","modified":"Mis \u00e0 jour 5 ans il y a"},"absolute_dates":{"created":"Publi\u00e9 le 7 f\u00e9vrier 2021","modified":"Mise \u00e0 jour le 7 f\u00e9vrier 2021"},"absolute_dates_time":{"created":"Publi\u00e9 le 7 f\u00e9vrier 2021 20 h 17 min","modified":"Mise \u00e0 jour le 7 f\u00e9vrier 2021 20 h 21 min"},"featured_img_caption":"","featured_img":false,"series_order":"","_links":{"self":[{"href":"https:\/\/chapterzero-france.com\/index.php\/wp-json\/wp\/v2\/pages\/6390","targetHints":{"allow":["GET"]}}],"collection":[{"href":"https:\/\/chapterzero-france.com\/index.php\/wp-json\/wp\/v2\/pages"}],"about":[{"href":"https:\/\/chapterzero-france.com\/index.php\/wp-json\/wp\/v2\/types\/page"}],"author":[{"embeddable":true,"href":"https:\/\/chapterzero-france.com\/index.php\/wp-json\/wp\/v2\/users\/1"}],"replies":[{"embeddable":true,"href":"https:\/\/chapterzero-france.com\/index.php\/wp-json\/wp\/v2\/comments?post=6390"}],"version-history":[{"count":1,"href":"https:\/\/chapterzero-france.com\/index.php\/wp-json\/wp\/v2\/pages\/6390\/revisions"}],"predecessor-version":[{"id":6391,"href":"https:\/\/chapterzero-france.com\/index.php\/wp-json\/wp\/v2\/pages\/6390\/revisions\/6391"}],"wp:attachment":[{"href":"https:\/\/chapterzero-france.com\/index.php\/wp-json\/wp\/v2\/media?parent=6390"}],"curies":[{"name":"wp","href":"https:\/\/api.w.org\/{rel}","templated":true}]}}