{"id":6414,"date":"2021-02-12T15:01:06","date_gmt":"2021-02-12T14:01:06","guid":{"rendered":"http:\/\/chapterzero-france.com\/?page_id=6414"},"modified":"2021-02-12T15:01:07","modified_gmt":"2021-02-12T14:01:07","slug":"changement-climatique-les-nouvelles-exigences-des-pourvoyeurs-de-capitaux","status":"publish","type":"page","link":"https:\/\/chapterzero-france.com\/index.php\/changement-climatique-les-nouvelles-exigences-des-pourvoyeurs-de-capitaux\/","title":{"rendered":"Changement climatique: Les nouvelles exigences des pourvoyeurs de capitaux"},"content":{"rendered":"<div id=\"wppb-builder-container\" class=\"wppb-builder-container\">                <div  class=\"wppb-row-parent  wppb-row-1612115273447 \"  >\n\t\t\t\t\t\n\t\t\t\t\t\t\t\t\t\t\n\t\t\t\t\t\t\t\t\t\t\n\t\t\t\t\t<div class=\"wppb-container \">\n\t\t\t\t\t\t\t\t\t\t\t\t\t\n                        <div class=\"wppb-row\">\n\t\t\t\t\t\t\t                                    <div  class=\"wppb-column-parent wppb-column-parent-view wppb-col-1612115273446  \"  >\n                                        <div class=\"wppb-column\">\n\t\t\t\t\t\n\t\t\t\t\t\t\t\t\t\t\t\n                                            <div class=\"wppb-builder-addons\">\n\t\t\t\t\t\t\t\t\t\t\t\t<div class='wppb-builder-addon wppb-addon-1612115323379'  data-addon-id='1612115323379'><div class='wppb-addon'><div class=\"wppb-text-block-addon\"><div class=\"wppb-text-block-content 0\"><p style=\"text-align: center\"><strong>Organis\u00e9 par Chapter Zero France en collaboration avec Amundi, Banque de France et Qivalio.<\/strong><\/p><p style=\"text-align: center\"><strong>Date: 11\/02\/2021<\/strong><\/p><\/div><\/div><\/div><\/div><div class='wppb-builder-addon wppb-addon-1614099022525'  data-addon-id='1614099022525'><div class='wppb-addon'><div class=\"wppb-addon wppb-button-addon\"><div class=\"wppb-button-addon-content\"><a  href=\"http:\/\/chapterzero-france.com\/wp-content\/uploads\/2021\/02\/Synthese-Webinaire-Chapter_Zero-_France_20210211.pdf\" target=_blank class=\"wppb-btn-addons  wppb-btn-custom wppb-btn-rounded wppb-btn-large wppb-btn-no\">T\u00e9l\u00e9chargez la synth\u00e8se de l&#039;\u00e9v\u00e8nement<\/a><\/div><\/div><\/div><\/div>                                            <\/div>\n                                        <\/div>\n                                    <\/div>\n\t\t\t\t\t\t\t\t\t                        <\/div>\n\n                    <\/div>\n                <\/div>\n\t\t\t\t                <div  class=\"wppb-row-parent  wppb-row-1612115273468 \"  >\n\t\t\t\t\t\n\t\t\t\t\t\t\t\t\t\t\n\t\t\t\t\t\t\t\t\t\t\n\t\t\t\t\t<div class=\"wppb-container \">\n\t\t\t\t\t\t\t\t\t\t\t\t\t\n                        <div class=\"wppb-row\">\n\t\t\t\t\t\t\t                                    <div  class=\"wppb-column-parent wppb-column-parent-view wppb-col-1612115273466  \"  >\n                                        <div class=\"wppb-column\">\n\t\t\t\t\t\n\t\t\t\t\t\t\t\t\t\t\t\n                                            <div class=\"wppb-builder-addons\">\n\t\t\t\t\t\t\t\t\t\t\t\t<div class='wppb-builder-addon wppb-addon-1612115855572'  data-addon-id='1612115855572'><div class='wppb-addon'><div class=\"wppb-text-block-addon\"><div class=\"wppb-text-block-content 0\"><h2>Trois points essentiels \u00e0 retenir<\/h2><ul><li style=\"text-align: left\">La dimension ESG cro\u00eet chaque ann\u00e9e dans les processus d\u2019\u00e9valuation et les contrats des financeurs\u00a0: toutes classes d\u2019actifs confondus, plus de 75% d\u2019entre eux int\u00e8grent d\u00e9sormais les crit\u00e8res ESG. Cette prise en compte peut d\u00e9sormais prendre la forme d\u2019obligations et pr\u00eats index\u00e9s \u00e0 l\u2019atteinte de r\u00e9sultats ESG pr\u00e9cis.<\/li><li style=\"text-align: left\">C\u00f4t\u00e9 equity, on assiste \u00e0 une \u00e9volution d\u2019approche, d\u2019une logique d\u2019exclusion (filtre n\u00e9gatif sur certains secteurs\/\u00e9metteurs) \u00e0 une logique de s\u00e9lection de \u00ab\u00a0Best in class\u00a0\u00bb et d\u2019investissements cibl\u00e9s sur certaines th\u00e9matiques (impact, d\u00e9veloppement durable). La demande de la part des investisseurs individuels pour des placements \u00e0 forte dimension ESG s\u2019acc\u00e9l\u00e8re, et le fait que ces placements commencent \u00e0 afficher un surcro\u00eet de rentabilit\u00e9 contribuera amplifier le mouvement.<\/li><li style=\"text-align: left\">A un niveau syst\u00e9mique, les autorit\u00e9s de supervision s\u2019emparent \u00e9galement de l\u2019impact du changement climatique et cherchent \u00e0 anticiper, en co-construction avec les parties prenantes, la r\u00e9silience du syst\u00e8me financier face aux d\u00e9fis de la transition \u00e9cologique (\u2018stress tests\u2019).<\/li><\/ul><\/div><\/div><\/div><\/div>                                            <\/div>\n                                        <\/div>\n                                    <\/div>\n\t\t\t\t\t\t\t\t\t                                    <div  class=\"wppb-column-parent wppb-column-parent-view wppb-col-1612115273467  \"  >\n                                        <div class=\"wppb-column\">\n\t\t\t\t\t\n\t\t\t\t\t\t\t\t\t\t\t\n                                            <div class=\"wppb-builder-addons\">\n\t\t\t\t\t\t\t\t\t\t\t\t<div class='wppb-builder-addon wppb-addon-1612115599606'  data-addon-id='1612115599606'><div class='wppb-addon'><div class=\"wppb-image-addon\"><figure class=\"wppb-image-addon-content-wrap\"><div class=\"wppb-image-addon-content wppb-imginlineblock\"><a rel=nofolow href=\"http:\/\/chapterzero-france.com\/wp-content\/uploads\/2021\/02\/CC-acces-au-capital_VF.pdf\" target=_blank><img decoding=\"async\" class=\"wppb-image-addon-img\" src=\"http:\/\/chapterzero-france.com\/wp-content\/uploads\/2021\/02\/Capture-1ere-slide-Pourvoyeur-capitaux-300x163.jpg\" alt=\"Image\"><\/a><\/div><figcaption class=\"wppb-addon-image-caption\">T\u00e9l\u00e9chargez les slides du webinaire en cliquant sur l&#039;image<\/figcaption><\/figure><\/div><\/div><\/div>                                            <\/div>\n                                        <\/div>\n                                    <\/div>\n\t\t\t\t\t\t\t\t\t                        <\/div>\n\n                    <\/div>\n                <\/div>\n\t\t\t\t                <div  class=\"wppb-row-parent  wppb-row-1612115273794 \"  >\n\t\t\t\t\t\n\t\t\t\t\t\t\t\t\t\t\n\t\t\t\t\t\t\t\t\t\t\n\t\t\t\t\t<div class=\"wppb-container \">\n\t\t\t\t\t\t\t\t\t\t\t\t\t\n                        <div class=\"wppb-row\">\n\t\t\t\t\t\t\t                                    <div  class=\"wppb-column-parent wppb-column-parent-view wppb-col-1612115273795  \"  >\n                                        <div class=\"wppb-column\">\n\t\t\t\t\t\n\t\t\t\t\t\t\t\t\t\t\t\n                                            <div class=\"wppb-builder-addons\">\n\t\t\t\t\t\t\t\t\t\t\t\t<div class='wppb-builder-addon wppb-addon-1612115273796'  data-addon-id='1612115273796'><div class='wppb-addon'><div class=\"wppb-text-block-addon\"><div class=\"wppb-text-block-content 0\"><h2 style=\"text-align: center\">La vid\u00e9o compl\u00e8te du webinaire<\/h2><\/div><\/div><\/div><\/div>                                            <\/div>\n                                        <\/div>\n                                    <\/div>\n\t\t\t\t\t\t\t\t\t                                    <div  class=\"wppb-column-parent wppb-column-parent-view wppb-col-1612115273797  \"  >\n                                        <div class=\"wppb-column\">\n\t\t\t\t\t\n\t\t\t\t\t\t\t\t\t\t\t\n                                            <div class=\"wppb-builder-addons\">\n\t\t\t\t\t\t\t\t\t\t\t\t<div class='wppb-builder-addon wppb-addon-1612196034395'  data-addon-id='1612196034395'><div class='wppb-addon'><div class=\"wppb-video-popup-addon\"><div class=\"wppb-video-popup-content\"><div class=\"wppb-video-popup-wrap \"><div class=\"wppb-video-popup-content\"><a href=\"http:\/\/www.chapterzero-france.com\/Videos\/WebinaireExigencepourvoyeurcapitauxv2.mp4\" class=\"wppb-video-popup wppb-video-popup-icon\"><i class=\"wppb-font-play-button-alt\"><\/i><\/a><\/div><\/div><\/div><\/div><\/div><\/div>                                            <\/div>\n                                        <\/div>\n                                    <\/div>\n\t\t\t\t\t\t\t\t\t                        <\/div>\n\n                    <\/div>\n                <\/div>\n\t\t\t\t<\/div>","protected":false},"excerpt":{"rendered":"<p>Organis\u00e9 par Chapter Zero France en collaboration avec Amundi, Banque de France et Qivalio.Date: 11\/02\/2021T\u00e9l\u00e9chargez la synth\u00e8se de l&#039;\u00e9v\u00e8nement Trois points essentiels \u00e0 retenirLa dimension ESG cro\u00eet chaque ann\u00e9e dans les processus d\u2019\u00e9valuation et les contrats des financeurs\u00a0: toutes classes d\u2019actifs confondus, plus de 75% d\u2019entre eux int\u00e8grent d\u00e9sormais les&hellip;<\/p>\n","protected":false},"author":1,"featured_media":0,"parent":0,"menu_order":0,"comment_status":"closed","ping_status":"closed","template":"","meta":{"advgb_blocks_editor_width":"","advgb_blocks_columns_visual_guide":"","_monsterinsights_skip_tracking":false,"_monsterinsights_sitenote_active":false,"_monsterinsights_sitenote_note":"","_monsterinsights_sitenote_category":0,"footnotes":""},"class_list":["post-6414","page","type-page","status-publish","hentry"],"yoast_head":"<!-- This site is optimized with the Yoast SEO plugin v23.4 - https:\/\/yoast.com\/wordpress\/plugins\/seo\/ -->\n<title>Changement climatique: Les nouvelles exigences des pourvoyeurs de capitaux - Chapter Zero France<\/title>\n<meta name=\"robots\" content=\"index, follow, max-snippet:-1, max-image-preview:large, max-video-preview:-1\" \/>\n<link rel=\"canonical\" href=\"https:\/\/chapterzero-france.com\/index.php\/changement-climatique-les-nouvelles-exigences-des-pourvoyeurs-de-capitaux\/\" \/>\n<meta property=\"og:locale\" content=\"fr_FR\" \/>\n<meta property=\"og:type\" content=\"article\" \/>\n<meta property=\"og:title\" content=\"Changement climatique: Les nouvelles exigences des pourvoyeurs de capitaux - Chapter Zero France\" \/>\n<meta property=\"og:description\" content=\"Organis\u00e9 par Chapter Zero France en collaboration avec Amundi, Banque de France et Qivalio.Date: 11\/02\/2021T\u00e9l\u00e9chargez la synth\u00e8se de l&#039;\u00e9v\u00e8nement Trois points essentiels \u00e0 retenirLa dimension ESG cro\u00eet chaque ann\u00e9e dans les processus d\u2019\u00e9valuation et les contrats des financeurs\u00a0: toutes classes d\u2019actifs confondus, plus de 75% d\u2019entre eux int\u00e8grent d\u00e9sormais les&hellip;\" \/>\n<meta property=\"og:url\" content=\"https:\/\/chapterzero-france.com\/index.php\/changement-climatique-les-nouvelles-exigences-des-pourvoyeurs-de-capitaux\/\" \/>\n<meta property=\"og:site_name\" content=\"Chapter Zero France\" \/>\n<meta property=\"article:modified_time\" content=\"2021-02-12T14:01:07+00:00\" \/>\n<meta name=\"twitter:card\" content=\"summary_large_image\" \/>\n<script type=\"application\/ld+json\" class=\"yoast-schema-graph\">{\"@context\":\"https:\/\/schema.org\",\"@graph\":[{\"@type\":\"WebPage\",\"@id\":\"https:\/\/chapterzero-france.com\/index.php\/changement-climatique-les-nouvelles-exigences-des-pourvoyeurs-de-capitaux\/\",\"url\":\"https:\/\/chapterzero-france.com\/index.php\/changement-climatique-les-nouvelles-exigences-des-pourvoyeurs-de-capitaux\/\",\"name\":\"Changement climatique: Les nouvelles exigences des pourvoyeurs de capitaux - Chapter Zero France\",\"isPartOf\":{\"@id\":\"https:\/\/chapterzero-france.com\/#website\"},\"datePublished\":\"2021-02-12T14:01:06+00:00\",\"dateModified\":\"2021-02-12T14:01:07+00:00\",\"breadcrumb\":{\"@id\":\"https:\/\/chapterzero-france.com\/index.php\/changement-climatique-les-nouvelles-exigences-des-pourvoyeurs-de-capitaux\/#breadcrumb\"},\"inLanguage\":\"fr-FR\",\"potentialAction\":[{\"@type\":\"ReadAction\",\"target\":[\"https:\/\/chapterzero-france.com\/index.php\/changement-climatique-les-nouvelles-exigences-des-pourvoyeurs-de-capitaux\/\"]}]},{\"@type\":\"BreadcrumbList\",\"@id\":\"https:\/\/chapterzero-france.com\/index.php\/changement-climatique-les-nouvelles-exigences-des-pourvoyeurs-de-capitaux\/#breadcrumb\",\"itemListElement\":[{\"@type\":\"ListItem\",\"position\":1,\"name\":\"Accueil\",\"item\":\"https:\/\/chapterzero-france.com\/\"},{\"@type\":\"ListItem\",\"position\":2,\"name\":\"Changement climatique: Les nouvelles exigences des pourvoyeurs de capitaux\"}]},{\"@type\":\"WebSite\",\"@id\":\"https:\/\/chapterzero-france.com\/#website\",\"url\":\"https:\/\/chapterzero-france.com\/\",\"name\":\"Chapter Zero France\",\"description\":\"Le Forum Climat des Administrateurs\",\"publisher\":{\"@id\":\"https:\/\/chapterzero-france.com\/#organization\"},\"potentialAction\":[{\"@type\":\"SearchAction\",\"target\":{\"@type\":\"EntryPoint\",\"urlTemplate\":\"https:\/\/chapterzero-france.com\/?s={search_term_string}\"},\"query-input\":{\"@type\":\"PropertyValueSpecification\",\"valueRequired\":true,\"valueName\":\"search_term_string\"}}],\"inLanguage\":\"fr-FR\"},{\"@type\":\"Organization\",\"@id\":\"https:\/\/chapterzero-france.com\/#organization\",\"name\":\"Chapter Zero France\",\"url\":\"https:\/\/chapterzero-france.com\/\",\"logo\":{\"@type\":\"ImageObject\",\"inLanguage\":\"fr-FR\",\"@id\":\"https:\/\/chapterzero-france.com\/#\/schema\/logo\/image\/\",\"url\":\"https:\/\/chapterzero-france.com\/wp-content\/uploads\/2020\/08\/ChapterZero_Logo_FranceForumClimat-e1598537853484.jpg\",\"contentUrl\":\"https:\/\/chapterzero-france.com\/wp-content\/uploads\/2020\/08\/ChapterZero_Logo_FranceForumClimat-e1598537853484.jpg\",\"width\":100,\"height\":38,\"caption\":\"Chapter Zero France\"},\"image\":{\"@id\":\"https:\/\/chapterzero-france.com\/#\/schema\/logo\/image\/\"}}]}<\/script>\n<!-- \/ Yoast SEO plugin. -->","yoast_head_json":{"title":"Changement climatique: Les nouvelles exigences des pourvoyeurs de capitaux - Chapter Zero France","robots":{"index":"index","follow":"follow","max-snippet":"max-snippet:-1","max-image-preview":"max-image-preview:large","max-video-preview":"max-video-preview:-1"},"canonical":"https:\/\/chapterzero-france.com\/index.php\/changement-climatique-les-nouvelles-exigences-des-pourvoyeurs-de-capitaux\/","og_locale":"fr_FR","og_type":"article","og_title":"Changement climatique: Les nouvelles exigences des pourvoyeurs de capitaux - Chapter Zero France","og_description":"Organis\u00e9 par Chapter Zero France en collaboration avec Amundi, Banque de France et Qivalio.Date: 11\/02\/2021T\u00e9l\u00e9chargez la synth\u00e8se de l&#039;\u00e9v\u00e8nement Trois points essentiels \u00e0 retenirLa dimension ESG cro\u00eet chaque ann\u00e9e dans les processus d\u2019\u00e9valuation et les contrats des financeurs\u00a0: toutes classes d\u2019actifs confondus, plus de 75% d\u2019entre eux int\u00e8grent d\u00e9sormais les&hellip;","og_url":"https:\/\/chapterzero-france.com\/index.php\/changement-climatique-les-nouvelles-exigences-des-pourvoyeurs-de-capitaux\/","og_site_name":"Chapter Zero France","article_modified_time":"2021-02-12T14:01:07+00:00","twitter_card":"summary_large_image","schema":{"@context":"https:\/\/schema.org","@graph":[{"@type":"WebPage","@id":"https:\/\/chapterzero-france.com\/index.php\/changement-climatique-les-nouvelles-exigences-des-pourvoyeurs-de-capitaux\/","url":"https:\/\/chapterzero-france.com\/index.php\/changement-climatique-les-nouvelles-exigences-des-pourvoyeurs-de-capitaux\/","name":"Changement climatique: Les nouvelles exigences des pourvoyeurs de capitaux - Chapter Zero France","isPartOf":{"@id":"https:\/\/chapterzero-france.com\/#website"},"datePublished":"2021-02-12T14:01:06+00:00","dateModified":"2021-02-12T14:01:07+00:00","breadcrumb":{"@id":"https:\/\/chapterzero-france.com\/index.php\/changement-climatique-les-nouvelles-exigences-des-pourvoyeurs-de-capitaux\/#breadcrumb"},"inLanguage":"fr-FR","potentialAction":[{"@type":"ReadAction","target":["https:\/\/chapterzero-france.com\/index.php\/changement-climatique-les-nouvelles-exigences-des-pourvoyeurs-de-capitaux\/"]}]},{"@type":"BreadcrumbList","@id":"https:\/\/chapterzero-france.com\/index.php\/changement-climatique-les-nouvelles-exigences-des-pourvoyeurs-de-capitaux\/#breadcrumb","itemListElement":[{"@type":"ListItem","position":1,"name":"Accueil","item":"https:\/\/chapterzero-france.com\/"},{"@type":"ListItem","position":2,"name":"Changement climatique: Les nouvelles exigences des pourvoyeurs de capitaux"}]},{"@type":"WebSite","@id":"https:\/\/chapterzero-france.com\/#website","url":"https:\/\/chapterzero-france.com\/","name":"Chapter Zero France","description":"Le Forum Climat des Administrateurs","publisher":{"@id":"https:\/\/chapterzero-france.com\/#organization"},"potentialAction":[{"@type":"SearchAction","target":{"@type":"EntryPoint","urlTemplate":"https:\/\/chapterzero-france.com\/?s={search_term_string}"},"query-input":{"@type":"PropertyValueSpecification","valueRequired":true,"valueName":"search_term_string"}}],"inLanguage":"fr-FR"},{"@type":"Organization","@id":"https:\/\/chapterzero-france.com\/#organization","name":"Chapter Zero France","url":"https:\/\/chapterzero-france.com\/","logo":{"@type":"ImageObject","inLanguage":"fr-FR","@id":"https:\/\/chapterzero-france.com\/#\/schema\/logo\/image\/","url":"https:\/\/chapterzero-france.com\/wp-content\/uploads\/2020\/08\/ChapterZero_Logo_FranceForumClimat-e1598537853484.jpg","contentUrl":"https:\/\/chapterzero-france.com\/wp-content\/uploads\/2020\/08\/ChapterZero_Logo_FranceForumClimat-e1598537853484.jpg","width":100,"height":38,"caption":"Chapter Zero France"},"image":{"@id":"https:\/\/chapterzero-france.com\/#\/schema\/logo\/image\/"}}]}},"coauthors":[],"author_meta":{"author_link":"https:\/\/chapterzero-france.com\/index.php\/author\/admin3183\/","display_name":"admin3183"},"relative_dates":{"created":"Publi\u00e9 5 ans il y a","modified":"Mis \u00e0 jour 5 ans il y a"},"absolute_dates":{"created":"Publi\u00e9 le 12 f\u00e9vrier 2021","modified":"Mise \u00e0 jour le 12 f\u00e9vrier 2021"},"absolute_dates_time":{"created":"Publi\u00e9 le 12 f\u00e9vrier 2021 15 h 01 min","modified":"Mise \u00e0 jour le 12 f\u00e9vrier 2021 15 h 01 min"},"featured_img_caption":"","featured_img":false,"series_order":"","_links":{"self":[{"href":"https:\/\/chapterzero-france.com\/index.php\/wp-json\/wp\/v2\/pages\/6414","targetHints":{"allow":["GET"]}}],"collection":[{"href":"https:\/\/chapterzero-france.com\/index.php\/wp-json\/wp\/v2\/pages"}],"about":[{"href":"https:\/\/chapterzero-france.com\/index.php\/wp-json\/wp\/v2\/types\/page"}],"author":[{"embeddable":true,"href":"https:\/\/chapterzero-france.com\/index.php\/wp-json\/wp\/v2\/users\/1"}],"replies":[{"embeddable":true,"href":"https:\/\/chapterzero-france.com\/index.php\/wp-json\/wp\/v2\/comments?post=6414"}],"version-history":[{"count":1,"href":"https:\/\/chapterzero-france.com\/index.php\/wp-json\/wp\/v2\/pages\/6414\/revisions"}],"predecessor-version":[{"id":6415,"href":"https:\/\/chapterzero-france.com\/index.php\/wp-json\/wp\/v2\/pages\/6414\/revisions\/6415"}],"wp:attachment":[{"href":"https:\/\/chapterzero-france.com\/index.php\/wp-json\/wp\/v2\/media?parent=6414"}],"curies":[{"name":"wp","href":"https:\/\/api.w.org\/{rel}","templated":true}]}}