{"id":6545,"date":"2021-03-30T11:12:30","date_gmt":"2021-03-30T09:12:30","guid":{"rendered":"http:\/\/chapterzero-france.com\/?page_id=6545"},"modified":"2021-03-30T11:12:32","modified_gmt":"2021-03-30T09:12:32","slug":"doing-more-for-the-economy-with-less-from-the-planet-a-resource-efficiency-approach-to-measuring-and-managing-natural-capital","status":"publish","type":"page","link":"https:\/\/chapterzero-france.com\/index.php\/doing-more-for-the-economy-with-less-from-the-planet-a-resource-efficiency-approach-to-measuring-and-managing-natural-capital\/","title":{"rendered":"Doing more for the economy with less from the planet: a resource efficiency approach to measuring and managing natural capital"},"content":{"rendered":"<div id=\"wppb-builder-container\" class=\"wppb-builder-container\">                <div  class=\"wppb-row-parent  wppb-row-1612115273447 \"  >\n\t\t\t\t\t\n\t\t\t\t\t\t\t\t\t\t\n\t\t\t\t\t\t\t\t\t\t\n\t\t\t\t\t<div class=\"wppb-container \">\n\t\t\t\t\t\t\t\t\t\t\t\t\t\n                        <div class=\"wppb-row\">\n\t\t\t\t\t\t\t                                    <div  class=\"wppb-column-parent wppb-column-parent-view wppb-col-1612115273446  \"  >\n                                        <div class=\"wppb-column\">\n\t\t\t\t\t\n\t\t\t\t\t\t\t\t\t\t\t\n                                            <div class=\"wppb-builder-addons\">\n\t\t\t\t\t\t\t\t\t\t\t\t<div class='wppb-builder-addon wppb-addon-1612115323379'  data-addon-id='1612115323379'><div class='wppb-addon'><div class=\"wppb-text-block-addon\"><div class=\"wppb-text-block-content 0\"><p style=\"text-align: center\"><strong>Organised by Chapter Zero France and <a href=\"https:\/\/chapterzero.ch\/\">Chapter Zero Switzerland<\/a>\u00a0in collaboration with\u00a0<a href=\"https:\/\/eom.org\/\">Economics of Mutuality Foundation<\/a>.<\/strong><\/p><p style=\"text-align: center\"><strong>Date: 24\/03\/2021<\/strong><\/p><\/div><\/div><\/div><\/div>                                            <\/div>\n                                        <\/div>\n                                    <\/div>\n\t\t\t\t\t\t\t\t\t                        <\/div>\n\n                    <\/div>\n                <\/div>\n\t\t\t\t                <div  class=\"wppb-row-parent  wppb-row-1612115273468 \"  >\n\t\t\t\t\t\n\t\t\t\t\t\t\t\t\t\t\n\t\t\t\t\t\t\t\t\t\t\n\t\t\t\t\t<div class=\"wppb-container \">\n\t\t\t\t\t\t\t\t\t\t\t\t\t\n                        <div class=\"wppb-row\">\n\t\t\t\t\t\t\t                                    <div  class=\"wppb-column-parent wppb-column-parent-view wppb-col-1612115273466  \"  >\n                                        <div class=\"wppb-column\">\n\t\t\t\t\t\n\t\t\t\t\t\t\t\t\t\t\t\n                                            <div class=\"wppb-builder-addons\">\n\t\t\t\t\t\t\t\t\t\t\t\t<div class='wppb-builder-addon wppb-addon-1612115855572'  data-addon-id='1612115855572'><div class='wppb-addon'><div class=\"wppb-text-block-addon\"><div class=\"wppb-text-block-content 0\"><h2 style=\"text-align: center\"><strong>Three takeaways<\/strong><\/h2><ul><li><span style=\"font-weight: 400\">Natural capital is more than just climate, and efficient management of natural capital requires an input approach (vs an output approach).<\/span><\/li><li><span style=\"font-weight: 400\">Instead of an output approach, where emissions are measured, an input approach should be used, where the 5 natural assets - air, water, renewable materials, non-renewable materials and top-soil erosion are measured to produce a good or service.<\/span><\/li><li><span style=\"font-weight: 400\">The natural inputs-based approach allows businesses to go beyond management of financial capital and embrace other forms of capital and go beyond mono-stakeholder engagement to multi-stakeholder engagement.<\/span><\/li><\/ul><p>\u00a0<\/p><p>A one-pager summary of the session by <a href=\"https:\/\/www.share-share.org\/\">ShARE<\/a> is available for Chapter Zero France members. If interested, please contact us.\u00a0<\/p><\/div><\/div><\/div><\/div>                                            <\/div>\n                                        <\/div>\n                                    <\/div>\n\t\t\t\t\t\t\t\t\t                                    <div  class=\"wppb-column-parent wppb-column-parent-view wppb-col-1612115273467  \"  >\n                                        <div class=\"wppb-column\">\n\t\t\t\t\t\n\t\t\t\t\t\t\t\t\t\t\t\n                                            <div class=\"wppb-builder-addons\">\n\t\t\t\t\t\t\t\t\t\t\t\t<div class='wppb-builder-addon wppb-addon-1612115599606'  data-addon-id='1612115599606'><div class='wppb-addon'><div class=\"wppb-image-addon\"><figure class=\"wppb-image-addon-content-wrap\"><div class=\"wppb-image-addon-content wppb-imginlineblock\"><a rel=nofolow href=\"http:\/\/chapterzero-france.com\/wp-content\/uploads\/2021\/03\/Webinar-Natural-Capital_VF.pdf\" target=_blank><img decoding=\"async\" class=\"wppb-image-addon-img\" src=\"http:\/\/chapterzero-france.com\/wp-content\/uploads\/2021\/03\/Image-webinar-natural-capital_3.png\" alt=\"Image\"><\/a><\/div><figcaption class=\"wppb-addon-image-caption\">Download the webinar slides by clicking on the image<\/figcaption><\/figure><\/div><\/div><\/div>                                            <\/div>\n                                        <\/div>\n                                    <\/div>\n\t\t\t\t\t\t\t\t\t                        <\/div>\n\n                    <\/div>\n                <\/div>\n\t\t\t\t                <div  class=\"wppb-row-parent  wppb-row-1612115273794 \"  >\n\t\t\t\t\t\n\t\t\t\t\t\t\t\t\t\t\n\t\t\t\t\t\t\t\t\t\t\n\t\t\t\t\t<div class=\"wppb-container \">\n\t\t\t\t\t\t\t\t\t\t\t\t\t\n                        <div class=\"wppb-row\">\n\t\t\t\t\t\t\t                                    <div  class=\"wppb-column-parent wppb-column-parent-view wppb-col-1612115273795  \"  >\n                                        <div class=\"wppb-column\">\n\t\t\t\t\t\n\t\t\t\t\t\t\t\t\t\t\t\n                                            <div class=\"wppb-builder-addons\">\n\t\t\t\t\t\t\t\t\t\t\t\t<div class='wppb-builder-addon wppb-addon-1612115273796'  data-addon-id='1612115273796'><div class='wppb-addon'><div class=\"wppb-text-block-addon\"><div class=\"wppb-text-block-content 0\"><h2 style=\"text-align: center\">Webinar speakers<\/h2><p style=\"text-align: left\"><span class=\"has-inline-color has-luminous-vivid-amber-color\">Speakers :<\/span>\u00a0<\/p><ul style=\"text-align: left\"><li><strong>Economics of Mutuality Foundation\u00a0<\/strong>\u2013\u00a0<a href=\"https:\/\/eom.org\/team-bruno-roche\" target=\"_blank\" rel=\"noreferrer noopener\">Bruno Roche<\/a>, Founder and Executive Director<\/li><li><strong>Economics of Mutuality Foundation\u00a0<\/strong>\u2013\u00a0<a href=\"https:\/\/eom.org\/team-francesco-cordaro\" target=\"_blank\" rel=\"noreferrer noopener\">Francesco Cordaro<\/a>, Senior Expert Data Analytics<\/li><li><strong>Chipita S.A.<\/strong>\u00a0\u2013\u00a0<a href=\"https:\/\/www.linkedin.com\/in\/martinradvan\/\" target=\"_blank\" rel=\"noreferrer noopener\">Martin Radvan<\/a>, Non-Executive Director<\/li><\/ul><p style=\"text-align: left\"><span class=\"has-inline-color has-luminous-vivid-amber-color\">Moderators :<\/span><\/p><ul><li style=\"text-align: left\"><strong>Chapter Zero France\u00a0<\/strong>\u2013\u00a0<a href=\"https:\/\/www.linkedin.com\/in\/tatar-sonia-7a59505\/\" target=\"_blank\" rel=\"noreferrer noopener\">Sonia Tatar<\/a>, Board Member; Executive Director, INSEAD Corporate Governance Centre<\/li><li style=\"text-align: left\"><strong>Chapter Zero Switzerland\u00a0<\/strong>\u2013\u00a0<a href=\"http:\/\/www.linkedin.com\/in\/peter-braendle\" target=\"_blank\" rel=\"noreferrer noopener\">Peter Brandle<\/a>, Co-Chairman; CEO, Elephant Vert<\/li><\/ul><\/div><\/div><\/div><\/div>                                            <\/div>\n                                        <\/div>\n                                    <\/div>\n\t\t\t\t\t\t\t\t\t                                    <div  class=\"wppb-column-parent wppb-column-parent-view wppb-col-1612115273797  \"  >\n                                        <div class=\"wppb-column\">\n\t\t\t\t\t\n\t\t\t\t\t\t\t\t\t\t\t\n                                            <div class=\"wppb-builder-addons\">\n\t\t\t\t\t\t\t\t\t\t\t\t<div class='wppb-builder-addon wppb-addon-1617107102846'  data-addon-id='1617107102846'><div class='wppb-addon'><div class=\"wppb-video-addon\"><div class=\"wppb-video-content\"><div class=\"wppb-video-block wppb-embed-responsive wppb-embed-responsive-16by9\"><iframe class=\"wppb-embed-responsive-item\" src=\"\/\/www.youtube.com\/embed\/TLbAkEUKqGE?controls=1&#038;modestbranding=1\" allowFullScreen><\/iframe><\/div><\/div><\/div><\/div><\/div>                                            <\/div>\n                                        <\/div>\n                                    <\/div>\n\t\t\t\t\t\t\t\t\t                        <\/div>\n\n                    <\/div>\n                <\/div>\n\t\t\t\t                <div  class=\"wppb-row-parent  wppb-row-1617107688981 \"  >\n\t\t\t\t\t\n\t\t\t\t\t\t\t\t\t\t\n\t\t\t\t\t\t\t\t\t\t\n\t\t\t\t\t<div class=\"wppb-container \">\n\t\t\t\t\t\t\t\t\t\t\t\t\t\n                        <div class=\"wppb-row\">\n\t\t\t\t\t\t\t                                    <div  class=\"wppb-column-parent wppb-column-parent-view wppb-col-1617107688982  \"  >\n                                        <div class=\"wppb-column\">\n\t\t\t\t\t\n\t\t\t\t\t\t\t\t\t\t\t\n                                            <div class=\"wppb-builder-addons\">\n\t\t\t\t\t\t\t\t\t\t\t\t                                            <\/div>\n                                        <\/div>\n                                    <\/div>\n\t\t\t\t\t\t\t\t\t                                    <div  class=\"wppb-column-parent wppb-column-parent-view wppb-col-1617125434075  \"  >\n                                        <div class=\"wppb-column\">\n\t\t\t\t\t\n\t\t\t\t\t\t\t\t\t\t\t\n                                            <div class=\"wppb-builder-addons\">\n\t\t\t\t\t\t\t\t\t\t\t\t<div class='wppb-builder-addon wppb-addon-1617123185999'  data-addon-id='1617123185999'><div class='wppb-addon'><div class=\"wppb-image-addon\"><figure class=\"wppb-image-addon-content-wrap\"><div class=\"wppb-image-addon-content wppb-imginlineblock\"><img decoding=\"async\" class=\"wppb-image-addon-img\" src=\"http:\/\/chapterzero-france.com\/wp-content\/uploads\/2021\/03\/Swiss-2-ChapterZero_Logo_Tagline_RGB-Copy.jpg\" alt=\"Image\"><\/div><\/figure><\/div><\/div><\/div>                                            <\/div>\n                                        <\/div>\n                                    <\/div>\n\t\t\t\t\t\t\t\t\t                                    <div  class=\"wppb-column-parent wppb-column-parent-view wppb-col-1617125434073  \"  >\n                                        <div class=\"wppb-column\">\n\t\t\t\t\t\n\t\t\t\t\t\t\t\t\t\t\t\n                                            <div class=\"wppb-builder-addons\">\n\t\t\t\t\t\t\t\t\t\t\t\t<div class='wppb-builder-addon wppb-addon-1617107688985'  data-addon-id='1617107688985'><div class='wppb-addon'><div class=\"wppb-image-addon\"><figure class=\"wppb-image-addon-content-wrap\"><div class=\"wppb-image-addon-content wppb-imginlineblock\"><img decoding=\"async\" class=\"wppb-image-addon-img\" src=\"http:\/\/chapterzero-france.com\/wp-content\/uploads\/2021\/02\/economics_of_mutuality_logo.png\" alt=\"Image\"><\/div><\/figure><\/div><\/div><\/div>                                            <\/div>\n                                        <\/div>\n                                    <\/div>\n\t\t\t\t\t\t\t\t\t                                    <div  class=\"wppb-column-parent wppb-column-parent-view wppb-col-1617107688984  \"  >\n                                        <div class=\"wppb-column\">\n\t\t\t\t\t\n\t\t\t\t\t\t\t\t\t\t\t\n                                            <div class=\"wppb-builder-addons\">\n\t\t\t\t\t\t\t\t\t\t\t\t                                            <\/div>\n                                        <\/div>\n                                    <\/div>\n\t\t\t\t\t\t\t\t\t                        <\/div>\n\n                    <\/div>\n                <\/div>\n\t\t\t\t<\/div>","protected":false},"excerpt":{"rendered":"<p>Organised by Chapter Zero France and Chapter Zero Switzerland\u00a0in collaboration with\u00a0Economics of Mutuality Foundation.Date: 24\/03\/2021 Three takeawaysNatural capital is more than just climate, and efficient management of natural capital requires an input approach (vs an output approach).Instead of an output approach, where emissions are measured, an input approach should be&hellip;<\/p>\n","protected":false},"author":4,"featured_media":0,"parent":0,"menu_order":0,"comment_status":"closed","ping_status":"closed","template":"","meta":{"advgb_blocks_editor_width":"","advgb_blocks_columns_visual_guide":"","_monsterinsights_skip_tracking":false,"_monsterinsights_sitenote_active":false,"_monsterinsights_sitenote_note":"","_monsterinsights_sitenote_category":0,"footnotes":""},"class_list":["post-6545","page","type-page","status-publish","hentry"],"yoast_head":"<!-- This site is optimized with the Yoast SEO plugin v23.4 - https:\/\/yoast.com\/wordpress\/plugins\/seo\/ -->\n<title>Doing more for the economy with less from the planet: a resource efficiency approach to measuring and managing natural capital - Chapter Zero France<\/title>\n<meta name=\"robots\" content=\"index, follow, max-snippet:-1, max-image-preview:large, max-video-preview:-1\" \/>\n<link rel=\"canonical\" href=\"https:\/\/chapterzero-france.com\/index.php\/doing-more-for-the-economy-with-less-from-the-planet-a-resource-efficiency-approach-to-measuring-and-managing-natural-capital\/\" \/>\n<meta property=\"og:locale\" content=\"fr_FR\" \/>\n<meta property=\"og:type\" content=\"article\" \/>\n<meta property=\"og:title\" content=\"Doing more for the economy with less from the planet: a resource efficiency approach to measuring and managing natural capital - Chapter Zero France\" \/>\n<meta property=\"og:description\" content=\"Organised by Chapter Zero France and Chapter Zero Switzerland\u00a0in collaboration with\u00a0Economics of Mutuality Foundation.Date: 24\/03\/2021 Three takeawaysNatural capital is more than just climate, and efficient management of natural capital requires an input approach (vs an output approach).Instead of an output approach, where emissions are measured, an input approach should be&hellip;\" \/>\n<meta property=\"og:url\" content=\"https:\/\/chapterzero-france.com\/index.php\/doing-more-for-the-economy-with-less-from-the-planet-a-resource-efficiency-approach-to-measuring-and-managing-natural-capital\/\" \/>\n<meta property=\"og:site_name\" content=\"Chapter Zero France\" \/>\n<meta property=\"article:modified_time\" content=\"2021-03-30T09:12:32+00:00\" \/>\n<meta name=\"twitter:card\" content=\"summary_large_image\" \/>\n<script type=\"application\/ld+json\" class=\"yoast-schema-graph\">{\"@context\":\"https:\/\/schema.org\",\"@graph\":[{\"@type\":\"WebPage\",\"@id\":\"https:\/\/chapterzero-france.com\/index.php\/doing-more-for-the-economy-with-less-from-the-planet-a-resource-efficiency-approach-to-measuring-and-managing-natural-capital\/\",\"url\":\"https:\/\/chapterzero-france.com\/index.php\/doing-more-for-the-economy-with-less-from-the-planet-a-resource-efficiency-approach-to-measuring-and-managing-natural-capital\/\",\"name\":\"Doing more for the economy with less from the planet: a resource efficiency approach to measuring and managing natural capital - Chapter Zero France\",\"isPartOf\":{\"@id\":\"https:\/\/chapterzero-france.com\/#website\"},\"datePublished\":\"2021-03-30T09:12:30+00:00\",\"dateModified\":\"2021-03-30T09:12:32+00:00\",\"breadcrumb\":{\"@id\":\"https:\/\/chapterzero-france.com\/index.php\/doing-more-for-the-economy-with-less-from-the-planet-a-resource-efficiency-approach-to-measuring-and-managing-natural-capital\/#breadcrumb\"},\"inLanguage\":\"fr-FR\",\"potentialAction\":[{\"@type\":\"ReadAction\",\"target\":[\"https:\/\/chapterzero-france.com\/index.php\/doing-more-for-the-economy-with-less-from-the-planet-a-resource-efficiency-approach-to-measuring-and-managing-natural-capital\/\"]}]},{\"@type\":\"BreadcrumbList\",\"@id\":\"https:\/\/chapterzero-france.com\/index.php\/doing-more-for-the-economy-with-less-from-the-planet-a-resource-efficiency-approach-to-measuring-and-managing-natural-capital\/#breadcrumb\",\"itemListElement\":[{\"@type\":\"ListItem\",\"position\":1,\"name\":\"Accueil\",\"item\":\"https:\/\/chapterzero-france.com\/\"},{\"@type\":\"ListItem\",\"position\":2,\"name\":\"Doing more for the economy with less from the planet: a resource efficiency approach to measuring and managing natural capital\"}]},{\"@type\":\"WebSite\",\"@id\":\"https:\/\/chapterzero-france.com\/#website\",\"url\":\"https:\/\/chapterzero-france.com\/\",\"name\":\"Chapter Zero France\",\"description\":\"Le Forum Climat des Administrateurs\",\"publisher\":{\"@id\":\"https:\/\/chapterzero-france.com\/#organization\"},\"potentialAction\":[{\"@type\":\"SearchAction\",\"target\":{\"@type\":\"EntryPoint\",\"urlTemplate\":\"https:\/\/chapterzero-france.com\/?s={search_term_string}\"},\"query-input\":{\"@type\":\"PropertyValueSpecification\",\"valueRequired\":true,\"valueName\":\"search_term_string\"}}],\"inLanguage\":\"fr-FR\"},{\"@type\":\"Organization\",\"@id\":\"https:\/\/chapterzero-france.com\/#organization\",\"name\":\"Chapter Zero France\",\"url\":\"https:\/\/chapterzero-france.com\/\",\"logo\":{\"@type\":\"ImageObject\",\"inLanguage\":\"fr-FR\",\"@id\":\"https:\/\/chapterzero-france.com\/#\/schema\/logo\/image\/\",\"url\":\"https:\/\/chapterzero-france.com\/wp-content\/uploads\/2020\/08\/ChapterZero_Logo_FranceForumClimat-e1598537853484.jpg\",\"contentUrl\":\"https:\/\/chapterzero-france.com\/wp-content\/uploads\/2020\/08\/ChapterZero_Logo_FranceForumClimat-e1598537853484.jpg\",\"width\":100,\"height\":38,\"caption\":\"Chapter Zero France\"},\"image\":{\"@id\":\"https:\/\/chapterzero-france.com\/#\/schema\/logo\/image\/\"}}]}<\/script>\n<!-- \/ Yoast SEO plugin. -->","yoast_head_json":{"title":"Doing more for the economy with less from the planet: a resource efficiency approach to measuring and managing natural capital - Chapter Zero France","robots":{"index":"index","follow":"follow","max-snippet":"max-snippet:-1","max-image-preview":"max-image-preview:large","max-video-preview":"max-video-preview:-1"},"canonical":"https:\/\/chapterzero-france.com\/index.php\/doing-more-for-the-economy-with-less-from-the-planet-a-resource-efficiency-approach-to-measuring-and-managing-natural-capital\/","og_locale":"fr_FR","og_type":"article","og_title":"Doing more for the economy with less from the planet: a resource efficiency approach to measuring and managing natural capital - Chapter Zero France","og_description":"Organised by Chapter Zero France and Chapter Zero Switzerland\u00a0in collaboration with\u00a0Economics of Mutuality Foundation.Date: 24\/03\/2021 Three takeawaysNatural capital is more than just climate, and efficient management of natural capital requires an input approach (vs an output approach).Instead of an output approach, where emissions are measured, an input approach should be&hellip;","og_url":"https:\/\/chapterzero-france.com\/index.php\/doing-more-for-the-economy-with-less-from-the-planet-a-resource-efficiency-approach-to-measuring-and-managing-natural-capital\/","og_site_name":"Chapter Zero France","article_modified_time":"2021-03-30T09:12:32+00:00","twitter_card":"summary_large_image","schema":{"@context":"https:\/\/schema.org","@graph":[{"@type":"WebPage","@id":"https:\/\/chapterzero-france.com\/index.php\/doing-more-for-the-economy-with-less-from-the-planet-a-resource-efficiency-approach-to-measuring-and-managing-natural-capital\/","url":"https:\/\/chapterzero-france.com\/index.php\/doing-more-for-the-economy-with-less-from-the-planet-a-resource-efficiency-approach-to-measuring-and-managing-natural-capital\/","name":"Doing more for the economy with less from the planet: a resource efficiency approach to measuring and managing natural capital - Chapter Zero France","isPartOf":{"@id":"https:\/\/chapterzero-france.com\/#website"},"datePublished":"2021-03-30T09:12:30+00:00","dateModified":"2021-03-30T09:12:32+00:00","breadcrumb":{"@id":"https:\/\/chapterzero-france.com\/index.php\/doing-more-for-the-economy-with-less-from-the-planet-a-resource-efficiency-approach-to-measuring-and-managing-natural-capital\/#breadcrumb"},"inLanguage":"fr-FR","potentialAction":[{"@type":"ReadAction","target":["https:\/\/chapterzero-france.com\/index.php\/doing-more-for-the-economy-with-less-from-the-planet-a-resource-efficiency-approach-to-measuring-and-managing-natural-capital\/"]}]},{"@type":"BreadcrumbList","@id":"https:\/\/chapterzero-france.com\/index.php\/doing-more-for-the-economy-with-less-from-the-planet-a-resource-efficiency-approach-to-measuring-and-managing-natural-capital\/#breadcrumb","itemListElement":[{"@type":"ListItem","position":1,"name":"Accueil","item":"https:\/\/chapterzero-france.com\/"},{"@type":"ListItem","position":2,"name":"Doing more for the economy with less from the planet: a resource efficiency approach to measuring and managing natural capital"}]},{"@type":"WebSite","@id":"https:\/\/chapterzero-france.com\/#website","url":"https:\/\/chapterzero-france.com\/","name":"Chapter Zero France","description":"Le Forum Climat des Administrateurs","publisher":{"@id":"https:\/\/chapterzero-france.com\/#organization"},"potentialAction":[{"@type":"SearchAction","target":{"@type":"EntryPoint","urlTemplate":"https:\/\/chapterzero-france.com\/?s={search_term_string}"},"query-input":{"@type":"PropertyValueSpecification","valueRequired":true,"valueName":"search_term_string"}}],"inLanguage":"fr-FR"},{"@type":"Organization","@id":"https:\/\/chapterzero-france.com\/#organization","name":"Chapter Zero France","url":"https:\/\/chapterzero-france.com\/","logo":{"@type":"ImageObject","inLanguage":"fr-FR","@id":"https:\/\/chapterzero-france.com\/#\/schema\/logo\/image\/","url":"https:\/\/chapterzero-france.com\/wp-content\/uploads\/2020\/08\/ChapterZero_Logo_FranceForumClimat-e1598537853484.jpg","contentUrl":"https:\/\/chapterzero-france.com\/wp-content\/uploads\/2020\/08\/ChapterZero_Logo_FranceForumClimat-e1598537853484.jpg","width":100,"height":38,"caption":"Chapter Zero France"},"image":{"@id":"https:\/\/chapterzero-france.com\/#\/schema\/logo\/image\/"}}]}},"coauthors":[],"author_meta":{"author_link":"https:\/\/chapterzero-france.com\/index.php\/author\/czfr\/","display_name":"CZFR"},"relative_dates":{"created":"Publi\u00e9 5 ans il y a","modified":"Mis \u00e0 jour 5 ans il y a"},"absolute_dates":{"created":"Publi\u00e9 le 30 mars 2021","modified":"Mise \u00e0 jour le 30 mars 2021"},"absolute_dates_time":{"created":"Publi\u00e9 le 30 mars 2021 11 h 12 min","modified":"Mise \u00e0 jour le 30 mars 2021 11 h 12 min"},"featured_img_caption":"","featured_img":false,"series_order":"","_links":{"self":[{"href":"https:\/\/chapterzero-france.com\/index.php\/wp-json\/wp\/v2\/pages\/6545","targetHints":{"allow":["GET"]}}],"collection":[{"href":"https:\/\/chapterzero-france.com\/index.php\/wp-json\/wp\/v2\/pages"}],"about":[{"href":"https:\/\/chapterzero-france.com\/index.php\/wp-json\/wp\/v2\/types\/page"}],"author":[{"embeddable":true,"href":"https:\/\/chapterzero-france.com\/index.php\/wp-json\/wp\/v2\/users\/4"}],"replies":[{"embeddable":true,"href":"https:\/\/chapterzero-france.com\/index.php\/wp-json\/wp\/v2\/comments?post=6545"}],"version-history":[{"count":1,"href":"https:\/\/chapterzero-france.com\/index.php\/wp-json\/wp\/v2\/pages\/6545\/revisions"}],"predecessor-version":[{"id":6546,"href":"https:\/\/chapterzero-france.com\/index.php\/wp-json\/wp\/v2\/pages\/6545\/revisions\/6546"}],"wp:attachment":[{"href":"https:\/\/chapterzero-france.com\/index.php\/wp-json\/wp\/v2\/media?parent=6545"}],"curies":[{"name":"wp","href":"https:\/\/api.w.org\/{rel}","templated":true}]}}