{"id":6551,"date":"2021-03-30T11:51:11","date_gmt":"2021-03-30T09:51:11","guid":{"rendered":"http:\/\/chapterzero-france.com\/?page_id=6551"},"modified":"2021-03-30T11:51:12","modified_gmt":"2021-03-30T09:51:12","slug":"the-role-of-capital-markets-in-driving-the-transition-towards-a-carbon-zero-economy","status":"publish","type":"page","link":"https:\/\/chapterzero-france.com\/index.php\/the-role-of-capital-markets-in-driving-the-transition-towards-a-carbon-zero-economy\/","title":{"rendered":"The role of capital markets in driving the transition towards a carbon zero economy"},"content":{"rendered":"<div id=\"wppb-builder-container\" class=\"wppb-builder-container\">                <div  class=\"wppb-row-parent  wppb-row-1612115273447 \"  >\n\t\t\t\t\t\n\t\t\t\t\t\t\t\t\t\t\n\t\t\t\t\t\t\t\t\t\t\n\t\t\t\t\t<div class=\"wppb-container \">\n\t\t\t\t\t\t\t\t\t\t\t\t\t\n                        <div class=\"wppb-row\">\n\t\t\t\t\t\t\t                                    <div  class=\"wppb-column-parent wppb-column-parent-view wppb-col-1612115273446  \"  >\n                                        <div class=\"wppb-column\">\n\t\t\t\t\t\n\t\t\t\t\t\t\t\t\t\t\t\n                                            <div class=\"wppb-builder-addons\">\n\t\t\t\t\t\t\t\t\t\t\t\t<div class='wppb-builder-addon wppb-addon-1612115323379'  data-addon-id='1612115323379'><div class='wppb-addon'><div class=\"wppb-text-block-addon\"><div class=\"wppb-text-block-content 0\"><p style=\"text-align: center\"><strong>Organised by Chapter Zero France in collaboration with\u00a0<a href=\"https:\/\/mabanque.bnpparibas\/en\/home\">BNP Paribas<\/a>,\u00a0<a href=\"https:\/\/www.societegenerale.com\/en\">Soci\u00e9t\u00e9 G\u00e9n\u00e9rale<\/a>,\u00a0<a href=\"https:\/\/ciff.org\/\">Children's Investment Fund Foundation<\/a>\u00a0(CIFF),\u00a0<a href=\"https:\/\/www.ebrd.com\/home\">European Bank for Reconstruction and Development<\/a>\u00a0(EBRD), and\u00a0<a href=\"https:\/\/www.iese.edu\/\">IESE Business School<\/a>.\u00a0<\/strong><\/p><p style=\"text-align: center\"><strong>Date: 23\/03\/2021<\/strong><\/p><\/div><\/div><\/div><\/div>                                            <\/div>\n                                        <\/div>\n                                    <\/div>\n\t\t\t\t\t\t\t\t\t                        <\/div>\n\n                    <\/div>\n                <\/div>\n\t\t\t\t                <div  class=\"wppb-row-parent  wppb-row-1612115273468 \"  >\n\t\t\t\t\t\n\t\t\t\t\t\t\t\t\t\t\n\t\t\t\t\t\t\t\t\t\t\n\t\t\t\t\t<div class=\"wppb-container \">\n\t\t\t\t\t\t\t\t\t\t\t\t\t\n                        <div class=\"wppb-row\">\n\t\t\t\t\t\t\t                                    <div  class=\"wppb-column-parent wppb-column-parent-view wppb-col-1612115273466  \"  >\n                                        <div class=\"wppb-column\">\n\t\t\t\t\t\n\t\t\t\t\t\t\t\t\t\t\t\n                                            <div class=\"wppb-builder-addons\">\n\t\t\t\t\t\t\t\t\t\t\t\t<div class='wppb-builder-addon wppb-addon-1612115855572'  data-addon-id='1612115855572'><div class='wppb-addon'><div class=\"wppb-text-block-addon\"><div class=\"wppb-text-block-content 0\"><h2 style=\"text-align: center\"><strong>Three takeaways<\/strong><\/h2><ul><li><span style=\"font-weight: 400\">The notion of transition involves shifting capital allocation, assisting clients to embark on their journey to \u2018become carbon-neutral\u2019, and imposing sanctions on client and investee companies that fail to adhere to net-zero commitments. <\/span><\/li><li><span style=\"font-weight: 400\">Investors now largely consider that the role of the board in driving climate enaggement is crucial. However, only 3% of S&amp;P 100 Directors were found to be climate competent in an NYU report.\u00a0<\/span><\/li><li><span style=\"font-weight: 400\">Collaboration among countries is needed to align non-financial standards. Laggards and free-riders behavior remains a real risk and will justifiably lead to accusations of \u2018greenwashing\u2019, which will undermine credibility in the industry.<\/span><\/li><\/ul><p>\u00a0<\/p><p>A one-pager summary of the session by <a href=\"https:\/\/www.share-share.org\/\">ShARE<\/a> is available for Chapter Zero France members. If interested, please contact us.\u00a0<\/p><\/div><\/div><\/div><\/div>                                            <\/div>\n                                        <\/div>\n                                    <\/div>\n\t\t\t\t\t\t\t\t\t                                    <div  class=\"wppb-column-parent wppb-column-parent-view wppb-col-1612115273467  \"  >\n                                        <div class=\"wppb-column\">\n\t\t\t\t\t\n\t\t\t\t\t\t\t\t\t\t\t\n                                            <div class=\"wppb-builder-addons\">\n\t\t\t\t\t\t\t\t\t\t\t\t<div class='wppb-builder-addon wppb-addon-1612115599606'  data-addon-id='1612115599606'><div class='wppb-addon'><div class=\"wppb-image-addon\"><figure class=\"wppb-image-addon-content-wrap\"><div class=\"wppb-image-addon-content wppb-imginlineblock\"><a rel=nofolow href=\"http:\/\/chapterzero-france.com\/wp-content\/uploads\/2021\/03\/23032021-Webinar-Capital-Markets_VF.pdf\" target=_blank><img decoding=\"async\" class=\"wppb-image-addon-img\" src=\"http:\/\/chapterzero-france.com\/wp-content\/uploads\/2021\/03\/Image-webinar-capital-markets_3.png\" alt=\"Image\"><\/a><\/div><figcaption class=\"wppb-addon-image-caption\">Download the webinar slides by clicking on the image<\/figcaption><\/figure><\/div><\/div><\/div>                                            <\/div>\n                                        <\/div>\n                                    <\/div>\n\t\t\t\t\t\t\t\t\t                        <\/div>\n\n                    <\/div>\n                <\/div>\n\t\t\t\t                <div  class=\"wppb-row-parent  wppb-row-1612115273794 \"  >\n\t\t\t\t\t\n\t\t\t\t\t\t\t\t\t\t\n\t\t\t\t\t\t\t\t\t\t\n\t\t\t\t\t<div class=\"wppb-container \">\n\t\t\t\t\t\t\t\t\t\t\t\t\t\n                        <div class=\"wppb-row\">\n\t\t\t\t\t\t\t                                    <div  class=\"wppb-column-parent wppb-column-parent-view wppb-col-1612115273795  \"  >\n                                        <div class=\"wppb-column\">\n\t\t\t\t\t\n\t\t\t\t\t\t\t\t\t\t\t\n                                            <div class=\"wppb-builder-addons\">\n\t\t\t\t\t\t\t\t\t\t\t\t<div class='wppb-builder-addon wppb-addon-1612115273796'  data-addon-id='1612115273796'><div class='wppb-addon'><div class=\"wppb-text-block-addon\"><div class=\"wppb-text-block-content 0\"><h2 style=\"text-align: center\">Webinar speakers<\/h2><p style=\"text-align: left\"><span class=\"has-inline-color has-luminous-vivid-amber-color\">Speakers :<\/span>\u00a0\u00a0<\/p><ul><li style=\"text-align: left\"><strong>BNP Paribas<\/strong>\u00a0\u2013\u00a0<a href=\"https:\/\/group.bnpparibas\/decouvrez-le-groupe\/gouvernance-conformite\/conseil-administration\" target=\"_blank\" rel=\"noreferrer noopener\">Jean Lemierre<\/a>, Chair<\/li><li style=\"text-align: left\"><strong>Soci\u00e9t\u00e9 G\u00e9n\u00e9rale\u00a0<\/strong>\u2013\u00a0<a href=\"https:\/\/www.societegenerale.com\/sites\/default\/files\/pdf-gouvernance\/biographie-lorenzo-bini-smaghi.pdf\" target=\"_blank\" rel=\"noreferrer noopener\">Lorenzo Bini Smaghi<\/a>, Chair<\/li><li style=\"text-align: left\"><strong>The Children\u2019s Investment Fund Foundation\u00a0<\/strong>\u2013\u00a0<a href=\"https:\/\/ciff.org\/team\/kate-hampton\/\" target=\"_blank\" rel=\"noreferrer noopener\">Kate Hampton<\/a>, CEO<\/li><li style=\"text-align: left\"><strong>EBRD (European Bank for Reconstruction &amp; Development)\u00a0<\/strong>\u2013\u00a0<a href=\"https:\/\/www.ebrd.com\/pages\/about\/who\/structure\/executive\/rigterink.shtml\" target=\"_blank\" rel=\"noreferrer noopener\">J\u00fcrgen Rigterink<\/a>, First Vice President and Head of Client Services Group<\/li><\/ul><p style=\"text-align: left\"><span class=\"has-inline-color has-luminous-vivid-amber-color\">Moderator :<\/span><\/p><ul><li><strong>IESE Business School<\/strong>\u00a0\u2013\u00a0<a href=\"https:\/\/www.iese.edu\/es\/claustro-investigacion\/claustro\/mireia-gine\/\" target=\"_blank\" rel=\"noreferrer noopener\">Professor Mireia Gin\u00e9<\/a>, Associate Professor of Finance; Non Executive Director, Banco Sabadell<\/li><\/ul><\/div><\/div><\/div><\/div>                                            <\/div>\n                                        <\/div>\n                                    <\/div>\n\t\t\t\t\t\t\t\t\t                                    <div  class=\"wppb-column-parent wppb-column-parent-view wppb-col-1612115273797  \"  >\n                                        <div class=\"wppb-column\">\n\t\t\t\t\t\n\t\t\t\t\t\t\t\t\t\t\t\n                                            <div class=\"wppb-builder-addons\">\n\t\t\t\t\t\t\t\t\t\t\t\t<div class='wppb-builder-addon wppb-addon-1617120795167'  data-addon-id='1617120795167'><div class='wppb-addon'><div class=\"wppb-video-addon\"><div class=\"wppb-video-content\"><div class=\"wppb-video-block wppb-embed-responsive wppb-embed-responsive-16by9\"><iframe class=\"wppb-embed-responsive-item\" src=\"\/\/www.youtube.com\/embed\/Ex-hKTPowfU?controls=1&#038;modestbranding=1\" allowFullScreen><\/iframe><\/div><\/div><\/div><\/div><\/div>                                            <\/div>\n                                        <\/div>\n                                    <\/div>\n\t\t\t\t\t\t\t\t\t                        <\/div>\n\n                    <\/div>\n                <\/div>\n\t\t\t\t                <div  class=\"wppb-row-parent  wppb-row-1617107717998 \"  >\n\t\t\t\t\t\n\t\t\t\t\t\t\t\t\t\t\n\t\t\t\t\t\t\t\t\t\t\n\t\t\t\t\t<div class=\"wppb-container \">\n\t\t\t\t\t\t\t\t\t\t\t\t\t\n                        <div class=\"wppb-row\">\n\t\t\t\t\t\t\t                                    <div  class=\"wppb-column-parent wppb-column-parent-view wppb-col-1617107717999  \"  >\n                                        <div class=\"wppb-column\">\n\t\t\t\t\t\n\t\t\t\t\t\t\t\t\t\t\t\n                                            <div class=\"wppb-builder-addons\">\n\t\t\t\t\t\t\t\t\t\t\t\t<div class='wppb-builder-addon wppb-addon-1617107718000'  data-addon-id='1617107718000'><div class='wppb-addon'><div class=\"wppb-image-addon\"><figure class=\"wppb-image-addon-content-wrap\"><div class=\"wppb-image-addon-content wppb-imginlineblock\"><img decoding=\"async\" class=\"wppb-image-addon-img\" src=\"http:\/\/chapterzero-france.com\/wp-content\/uploads\/2021\/03\/BNPP_Sign_EN_1l_RVB.png\" alt=\"Image\"><\/div><\/figure><\/div><\/div><\/div>                                            <\/div>\n                                        <\/div>\n                                    <\/div>\n\t\t\t\t\t\t\t\t\t                                    <div  class=\"wppb-column-parent wppb-column-parent-view wppb-col-1617124405311  \"  >\n                                        <div class=\"wppb-column\">\n\t\t\t\t\t\n\t\t\t\t\t\t\t\t\t\t\t\n                                            <div class=\"wppb-builder-addons\">\n\t\t\t\t\t\t\t\t\t\t\t\t<div class='wppb-builder-addon wppb-addon-1617124405312'  data-addon-id='1617124405312'><div class='wppb-addon'><div class=\"wppb-image-addon\"><figure class=\"wppb-image-addon-content-wrap\"><div class=\"wppb-image-addon-content wppb-imginlineblock\"><img decoding=\"async\" class=\"wppb-image-addon-img\" src=\"http:\/\/chapterzero-france.com\/wp-content\/uploads\/2021\/03\/SOC102.png\" alt=\"Image\"><\/div><\/figure><\/div><\/div><\/div>                                            <\/div>\n                                        <\/div>\n                                    <\/div>\n\t\t\t\t\t\t\t\t\t                                    <div  class=\"wppb-column-parent wppb-column-parent-view wppb-col-1617124405318  \"  >\n                                        <div class=\"wppb-column\">\n\t\t\t\t\t\n\t\t\t\t\t\t\t\t\t\t\t\n                                            <div class=\"wppb-builder-addons\">\n\t\t\t\t\t\t\t\t\t\t\t\t<div class='wppb-builder-addon wppb-addon-1617124405319'  data-addon-id='1617124405319'><div class='wppb-addon'><div class=\"wppb-image-addon\"><figure class=\"wppb-image-addon-content-wrap\"><div class=\"wppb-image-addon-content wppb-imginlineblock\"><img decoding=\"async\" class=\"wppb-image-addon-img\" src=\"http:\/\/chapterzero-france.com\/wp-content\/uploads\/2021\/03\/CIFF-RGB_transparent.png\" alt=\"Image\"><\/div><\/figure><\/div><\/div><\/div>                                            <\/div>\n                                        <\/div>\n                                    <\/div>\n\t\t\t\t\t\t\t\t\t                                    <div  class=\"wppb-column-parent wppb-column-parent-view wppb-col-1617107718001  \"  >\n                                        <div class=\"wppb-column\">\n\t\t\t\t\t\n\t\t\t\t\t\t\t\t\t\t\t\n                                            <div class=\"wppb-builder-addons\">\n\t\t\t\t\t\t\t\t\t\t\t\t<div class='wppb-builder-addon wppb-addon-1617107718002'  data-addon-id='1617107718002'><div class='wppb-addon'><div class=\"wppb-image-addon\"><figure class=\"wppb-image-addon-content-wrap\"><div class=\"wppb-image-addon-content wppb-imginlineblock\"><img decoding=\"async\" class=\"wppb-image-addon-img\" src=\"http:\/\/chapterzero-france.com\/wp-content\/uploads\/2021\/03\/EBRD-blue-logo-long-E.png\" alt=\"Image\"><\/div><\/figure><\/div><\/div><\/div>                                            <\/div>\n                                        <\/div>\n                                    <\/div>\n\t\t\t\t\t\t\t\t\t                                    <div  class=\"wppb-column-parent wppb-column-parent-view wppb-col-1617107718003  \"  >\n                                        <div class=\"wppb-column\">\n\t\t\t\t\t\n\t\t\t\t\t\t\t\t\t\t\t\n                                            <div class=\"wppb-builder-addons\">\n\t\t\t\t\t\t\t\t\t\t\t\t<div class='wppb-builder-addon wppb-addon-1617107718004'  data-addon-id='1617107718004'><div class='wppb-addon'><div class=\"wppb-image-addon\"><figure class=\"wppb-image-addon-content-wrap\"><div class=\"wppb-image-addon-content wppb-imginlineblock\"><img decoding=\"async\" class=\"wppb-image-addon-img\" src=\"http:\/\/chapterzero-france.com\/wp-content\/uploads\/2021\/03\/IESE-logo-transparent-150x87.png\" alt=\"Image\"><\/div><\/figure><\/div><\/div><\/div>                                            <\/div>\n                                        <\/div>\n                                    <\/div>\n\t\t\t\t\t\t\t\t\t                        <\/div>\n\n                    <\/div>\n                <\/div>\n\t\t\t\t<\/div>","protected":false},"excerpt":{"rendered":"<p>Organised by Chapter Zero France in collaboration with\u00a0BNP Paribas,\u00a0Soci\u00e9t\u00e9 G\u00e9n\u00e9rale,\u00a0Children&#8217;s Investment Fund Foundation\u00a0(CIFF),\u00a0European Bank for Reconstruction and Development\u00a0(EBRD), and\u00a0IESE Business School.\u00a0Date: 23\/03\/2021 Three takeawaysThe notion of transition involves shifting capital allocation, assisting clients to embark on their journey to \u2018become carbon-neutral\u2019, and imposing sanctions on client and investee companies that&hellip;<\/p>\n","protected":false},"author":1,"featured_media":0,"parent":0,"menu_order":0,"comment_status":"closed","ping_status":"closed","template":"","meta":{"advgb_blocks_editor_width":"","advgb_blocks_columns_visual_guide":"","_monsterinsights_skip_tracking":false,"_monsterinsights_sitenote_active":false,"_monsterinsights_sitenote_note":"","_monsterinsights_sitenote_category":0,"footnotes":""},"class_list":["post-6551","page","type-page","status-publish","hentry"],"yoast_head":"<!-- This site is optimized with the Yoast SEO plugin v23.4 - https:\/\/yoast.com\/wordpress\/plugins\/seo\/ -->\n<title>The role of capital markets in driving the transition towards a carbon zero economy - Chapter Zero France<\/title>\n<meta name=\"robots\" content=\"index, follow, max-snippet:-1, max-image-preview:large, max-video-preview:-1\" \/>\n<link rel=\"canonical\" href=\"https:\/\/chapterzero-france.com\/index.php\/the-role-of-capital-markets-in-driving-the-transition-towards-a-carbon-zero-economy\/\" \/>\n<meta property=\"og:locale\" content=\"fr_FR\" \/>\n<meta property=\"og:type\" content=\"article\" \/>\n<meta property=\"og:title\" content=\"The role of capital markets in driving the transition towards a carbon zero economy - Chapter Zero France\" \/>\n<meta property=\"og:description\" content=\"Organised by Chapter Zero France in collaboration with\u00a0BNP Paribas,\u00a0Soci\u00e9t\u00e9 G\u00e9n\u00e9rale,\u00a0Children&#039;s Investment Fund Foundation\u00a0(CIFF),\u00a0European Bank for Reconstruction and Development\u00a0(EBRD), and\u00a0IESE Business School.\u00a0Date: 23\/03\/2021 Three takeawaysThe notion of transition involves shifting capital allocation, assisting clients to embark on their journey to \u2018become carbon-neutral\u2019, and imposing sanctions on client and investee companies that&hellip;\" \/>\n<meta property=\"og:url\" content=\"https:\/\/chapterzero-france.com\/index.php\/the-role-of-capital-markets-in-driving-the-transition-towards-a-carbon-zero-economy\/\" \/>\n<meta property=\"og:site_name\" content=\"Chapter Zero France\" \/>\n<meta property=\"article:modified_time\" content=\"2021-03-30T09:51:12+00:00\" \/>\n<meta name=\"twitter:card\" content=\"summary_large_image\" \/>\n<script type=\"application\/ld+json\" class=\"yoast-schema-graph\">{\"@context\":\"https:\/\/schema.org\",\"@graph\":[{\"@type\":\"WebPage\",\"@id\":\"https:\/\/chapterzero-france.com\/index.php\/the-role-of-capital-markets-in-driving-the-transition-towards-a-carbon-zero-economy\/\",\"url\":\"https:\/\/chapterzero-france.com\/index.php\/the-role-of-capital-markets-in-driving-the-transition-towards-a-carbon-zero-economy\/\",\"name\":\"The role of capital markets in driving the transition towards a carbon zero economy - Chapter Zero France\",\"isPartOf\":{\"@id\":\"https:\/\/chapterzero-france.com\/#website\"},\"datePublished\":\"2021-03-30T09:51:11+00:00\",\"dateModified\":\"2021-03-30T09:51:12+00:00\",\"breadcrumb\":{\"@id\":\"https:\/\/chapterzero-france.com\/index.php\/the-role-of-capital-markets-in-driving-the-transition-towards-a-carbon-zero-economy\/#breadcrumb\"},\"inLanguage\":\"fr-FR\",\"potentialAction\":[{\"@type\":\"ReadAction\",\"target\":[\"https:\/\/chapterzero-france.com\/index.php\/the-role-of-capital-markets-in-driving-the-transition-towards-a-carbon-zero-economy\/\"]}]},{\"@type\":\"BreadcrumbList\",\"@id\":\"https:\/\/chapterzero-france.com\/index.php\/the-role-of-capital-markets-in-driving-the-transition-towards-a-carbon-zero-economy\/#breadcrumb\",\"itemListElement\":[{\"@type\":\"ListItem\",\"position\":1,\"name\":\"Accueil\",\"item\":\"https:\/\/chapterzero-france.com\/\"},{\"@type\":\"ListItem\",\"position\":2,\"name\":\"The role of capital markets in driving the transition towards a carbon zero economy\"}]},{\"@type\":\"WebSite\",\"@id\":\"https:\/\/chapterzero-france.com\/#website\",\"url\":\"https:\/\/chapterzero-france.com\/\",\"name\":\"Chapter Zero France\",\"description\":\"Le Forum Climat des Administrateurs\",\"publisher\":{\"@id\":\"https:\/\/chapterzero-france.com\/#organization\"},\"potentialAction\":[{\"@type\":\"SearchAction\",\"target\":{\"@type\":\"EntryPoint\",\"urlTemplate\":\"https:\/\/chapterzero-france.com\/?s={search_term_string}\"},\"query-input\":{\"@type\":\"PropertyValueSpecification\",\"valueRequired\":true,\"valueName\":\"search_term_string\"}}],\"inLanguage\":\"fr-FR\"},{\"@type\":\"Organization\",\"@id\":\"https:\/\/chapterzero-france.com\/#organization\",\"name\":\"Chapter Zero France\",\"url\":\"https:\/\/chapterzero-france.com\/\",\"logo\":{\"@type\":\"ImageObject\",\"inLanguage\":\"fr-FR\",\"@id\":\"https:\/\/chapterzero-france.com\/#\/schema\/logo\/image\/\",\"url\":\"https:\/\/chapterzero-france.com\/wp-content\/uploads\/2020\/08\/ChapterZero_Logo_FranceForumClimat-e1598537853484.jpg\",\"contentUrl\":\"https:\/\/chapterzero-france.com\/wp-content\/uploads\/2020\/08\/ChapterZero_Logo_FranceForumClimat-e1598537853484.jpg\",\"width\":100,\"height\":38,\"caption\":\"Chapter Zero France\"},\"image\":{\"@id\":\"https:\/\/chapterzero-france.com\/#\/schema\/logo\/image\/\"}}]}<\/script>\n<!-- \/ Yoast SEO plugin. -->","yoast_head_json":{"title":"The role of capital markets in driving the transition towards a carbon zero economy - Chapter Zero France","robots":{"index":"index","follow":"follow","max-snippet":"max-snippet:-1","max-image-preview":"max-image-preview:large","max-video-preview":"max-video-preview:-1"},"canonical":"https:\/\/chapterzero-france.com\/index.php\/the-role-of-capital-markets-in-driving-the-transition-towards-a-carbon-zero-economy\/","og_locale":"fr_FR","og_type":"article","og_title":"The role of capital markets in driving the transition towards a carbon zero economy - Chapter Zero France","og_description":"Organised by Chapter Zero France in collaboration with\u00a0BNP Paribas,\u00a0Soci\u00e9t\u00e9 G\u00e9n\u00e9rale,\u00a0Children's Investment Fund Foundation\u00a0(CIFF),\u00a0European Bank for Reconstruction and Development\u00a0(EBRD), and\u00a0IESE Business School.\u00a0Date: 23\/03\/2021 Three takeawaysThe notion of transition involves shifting capital allocation, assisting clients to embark on their journey to \u2018become carbon-neutral\u2019, and imposing sanctions on client and investee companies that&hellip;","og_url":"https:\/\/chapterzero-france.com\/index.php\/the-role-of-capital-markets-in-driving-the-transition-towards-a-carbon-zero-economy\/","og_site_name":"Chapter Zero France","article_modified_time":"2021-03-30T09:51:12+00:00","twitter_card":"summary_large_image","schema":{"@context":"https:\/\/schema.org","@graph":[{"@type":"WebPage","@id":"https:\/\/chapterzero-france.com\/index.php\/the-role-of-capital-markets-in-driving-the-transition-towards-a-carbon-zero-economy\/","url":"https:\/\/chapterzero-france.com\/index.php\/the-role-of-capital-markets-in-driving-the-transition-towards-a-carbon-zero-economy\/","name":"The role of capital markets in driving the transition towards a carbon zero economy - Chapter Zero France","isPartOf":{"@id":"https:\/\/chapterzero-france.com\/#website"},"datePublished":"2021-03-30T09:51:11+00:00","dateModified":"2021-03-30T09:51:12+00:00","breadcrumb":{"@id":"https:\/\/chapterzero-france.com\/index.php\/the-role-of-capital-markets-in-driving-the-transition-towards-a-carbon-zero-economy\/#breadcrumb"},"inLanguage":"fr-FR","potentialAction":[{"@type":"ReadAction","target":["https:\/\/chapterzero-france.com\/index.php\/the-role-of-capital-markets-in-driving-the-transition-towards-a-carbon-zero-economy\/"]}]},{"@type":"BreadcrumbList","@id":"https:\/\/chapterzero-france.com\/index.php\/the-role-of-capital-markets-in-driving-the-transition-towards-a-carbon-zero-economy\/#breadcrumb","itemListElement":[{"@type":"ListItem","position":1,"name":"Accueil","item":"https:\/\/chapterzero-france.com\/"},{"@type":"ListItem","position":2,"name":"The role of capital markets in driving the transition towards a carbon zero economy"}]},{"@type":"WebSite","@id":"https:\/\/chapterzero-france.com\/#website","url":"https:\/\/chapterzero-france.com\/","name":"Chapter Zero France","description":"Le Forum Climat des Administrateurs","publisher":{"@id":"https:\/\/chapterzero-france.com\/#organization"},"potentialAction":[{"@type":"SearchAction","target":{"@type":"EntryPoint","urlTemplate":"https:\/\/chapterzero-france.com\/?s={search_term_string}"},"query-input":{"@type":"PropertyValueSpecification","valueRequired":true,"valueName":"search_term_string"}}],"inLanguage":"fr-FR"},{"@type":"Organization","@id":"https:\/\/chapterzero-france.com\/#organization","name":"Chapter Zero France","url":"https:\/\/chapterzero-france.com\/","logo":{"@type":"ImageObject","inLanguage":"fr-FR","@id":"https:\/\/chapterzero-france.com\/#\/schema\/logo\/image\/","url":"https:\/\/chapterzero-france.com\/wp-content\/uploads\/2020\/08\/ChapterZero_Logo_FranceForumClimat-e1598537853484.jpg","contentUrl":"https:\/\/chapterzero-france.com\/wp-content\/uploads\/2020\/08\/ChapterZero_Logo_FranceForumClimat-e1598537853484.jpg","width":100,"height":38,"caption":"Chapter Zero France"},"image":{"@id":"https:\/\/chapterzero-france.com\/#\/schema\/logo\/image\/"}}]}},"coauthors":[],"author_meta":{"author_link":"https:\/\/chapterzero-france.com\/index.php\/author\/admin3183\/","display_name":"admin3183"},"relative_dates":{"created":"Publi\u00e9 5 ans il y a","modified":"Mis \u00e0 jour 5 ans il y a"},"absolute_dates":{"created":"Publi\u00e9 le 30 mars 2021","modified":"Mise \u00e0 jour le 30 mars 2021"},"absolute_dates_time":{"created":"Publi\u00e9 le 30 mars 2021 11 h 51 min","modified":"Mise \u00e0 jour le 30 mars 2021 11 h 51 min"},"featured_img_caption":"","featured_img":false,"series_order":"","_links":{"self":[{"href":"https:\/\/chapterzero-france.com\/index.php\/wp-json\/wp\/v2\/pages\/6551","targetHints":{"allow":["GET"]}}],"collection":[{"href":"https:\/\/chapterzero-france.com\/index.php\/wp-json\/wp\/v2\/pages"}],"about":[{"href":"https:\/\/chapterzero-france.com\/index.php\/wp-json\/wp\/v2\/types\/page"}],"author":[{"embeddable":true,"href":"https:\/\/chapterzero-france.com\/index.php\/wp-json\/wp\/v2\/users\/1"}],"replies":[{"embeddable":true,"href":"https:\/\/chapterzero-france.com\/index.php\/wp-json\/wp\/v2\/comments?post=6551"}],"version-history":[{"count":1,"href":"https:\/\/chapterzero-france.com\/index.php\/wp-json\/wp\/v2\/pages\/6551\/revisions"}],"predecessor-version":[{"id":6552,"href":"https:\/\/chapterzero-france.com\/index.php\/wp-json\/wp\/v2\/pages\/6551\/revisions\/6552"}],"wp:attachment":[{"href":"https:\/\/chapterzero-france.com\/index.php\/wp-json\/wp\/v2\/media?parent=6551"}],"curies":[{"name":"wp","href":"https:\/\/api.w.org\/{rel}","templated":true}]}}