{"id":6555,"date":"2021-03-30T12:11:52","date_gmt":"2021-03-30T10:11:52","guid":{"rendered":"http:\/\/chapterzero-france.com\/?page_id=6555"},"modified":"2021-03-30T12:11:52","modified_gmt":"2021-03-30T10:11:52","slug":"climate-change-disclosure-the-role-of-the-tcfd-in-driving-effective-board-behaviour","status":"publish","type":"page","link":"https:\/\/chapterzero-france.com\/index.php\/climate-change-disclosure-the-role-of-the-tcfd-in-driving-effective-board-behaviour\/","title":{"rendered":"Climate change disclosure: the role of the TCFD in driving effective board behaviour"},"content":{"rendered":"<div id=\"wppb-builder-container\" class=\"wppb-builder-container\">                <div  class=\"wppb-row-parent  wppb-row-1612115273447 \"  >\n\t\t\t\t\t\n\t\t\t\t\t\t\t\t\t\t\n\t\t\t\t\t\t\t\t\t\t\n\t\t\t\t\t<div class=\"wppb-container \">\n\t\t\t\t\t\t\t\t\t\t\t\t\t\n                        <div class=\"wppb-row\">\n\t\t\t\t\t\t\t                                    <div  class=\"wppb-column-parent wppb-column-parent-view wppb-col-1612115273446  \"  >\n                                        <div class=\"wppb-column\">\n\t\t\t\t\t\n\t\t\t\t\t\t\t\t\t\t\t\n                                            <div class=\"wppb-builder-addons\">\n\t\t\t\t\t\t\t\t\t\t\t\t<div class='wppb-builder-addon wppb-addon-1612115323379'  data-addon-id='1612115323379'><div class='wppb-addon'><div class=\"wppb-text-block-addon\"><div class=\"wppb-text-block-content 0\"><p style=\"text-align: center\"><strong>Organised by Chapter Zero France in collaboration with\u00a0<a href=\"https:\/\/www.amf-france.org\/en\">AMF<\/a>\u00a0(Autorit\u00e9 des march\u00e9s financiers),\u00a0<a href=\"https:\/\/www.axa.com\/\">AXA<\/a>,\u00a0<a href=\"https:\/\/www2.deloitte.com\/fr\/fr.html\">Deloitte<\/a>,\u00a0<a href=\"https:\/\/www.lgim.com\/se\/en\/\">Legal&amp;General Investment Management<\/a>\u00a0and\u00a0<a href=\"https:\/\/www.scor.com\/en\">SCOR<\/a>.\u00a0<\/strong><\/p><p style=\"text-align: center\"><strong>Date: 26\/03\/2021<\/strong><\/p><\/div><\/div><\/div><\/div>                                            <\/div>\n                                        <\/div>\n                                    <\/div>\n\t\t\t\t\t\t\t\t\t                        <\/div>\n\n                    <\/div>\n                <\/div>\n\t\t\t\t                <div  class=\"wppb-row-parent  wppb-row-1612115273468 \"  >\n\t\t\t\t\t\n\t\t\t\t\t\t\t\t\t\t\n\t\t\t\t\t\t\t\t\t\t\n\t\t\t\t\t<div class=\"wppb-container \">\n\t\t\t\t\t\t\t\t\t\t\t\t\t\n                        <div class=\"wppb-row\">\n\t\t\t\t\t\t\t                                    <div  class=\"wppb-column-parent wppb-column-parent-view wppb-col-1612115273466  \"  >\n                                        <div class=\"wppb-column\">\n\t\t\t\t\t\n\t\t\t\t\t\t\t\t\t\t\t\n                                            <div class=\"wppb-builder-addons\">\n\t\t\t\t\t\t\t\t\t\t\t\t<div class='wppb-builder-addon wppb-addon-1612115855572'  data-addon-id='1612115855572'><div class='wppb-addon'><div class=\"wppb-text-block-addon\"><div class=\"wppb-text-block-content 0\"><h2 style=\"text-align: center\"><strong>Three takeaways<\/strong><\/h2><ul><li><span style=\"font-weight: 400\"><span style=\"font-weight: 400\">The 4 components of TCFD (governance, strategy, risk management and metrics\/targets) are often treated separately while they are meant to be the 4 facets of the same representation and to be fully consistent.<\/span><\/span><\/li><li><span style=\"font-weight: 400\">Scenario analysis is a powerful baseline for a fruitful dialogue between the management and the board: beyond the reporting, what is interesting for the board are the implications and the way to make the company\u2019s business more resilient.<\/span><\/li><li>The TCFD is not just\u00a0 a \u2018conversation tool\u2019, it is already an \u2018investment tool\u2019, which means Investors are eagerly looking for transition plan and hence to re-allocate capital.\u00a0<\/li><\/ul><p>\u00a0<\/p><p>A one-pager summary of the session by <a href=\"https:\/\/www.share-share.org\/\">ShARE<\/a> is available for Chapter Zero France members. If interested, please contact us.\u00a0<\/p><\/div><\/div><\/div><\/div>                                            <\/div>\n                                        <\/div>\n                                    <\/div>\n\t\t\t\t\t\t\t\t\t                                    <div  class=\"wppb-column-parent wppb-column-parent-view wppb-col-1612115273467  \"  >\n                                        <div class=\"wppb-column\">\n\t\t\t\t\t\n\t\t\t\t\t\t\t\t\t\t\t\n                                            <div class=\"wppb-builder-addons\">\n\t\t\t\t\t\t\t\t\t\t\t\t<div class='wppb-builder-addon wppb-addon-1612115599606'  data-addon-id='1612115599606'><div class='wppb-addon'><div class=\"wppb-image-addon\"><figure class=\"wppb-image-addon-content-wrap\"><div class=\"wppb-image-addon-content wppb-imginlineblock\"><a rel=nofolow href=\"http:\/\/chapterzero-france.com\/wp-content\/uploads\/2021\/03\/Webinar-TCFD_VF.pdf\" target=_blank><img decoding=\"async\" class=\"wppb-image-addon-img\" src=\"http:\/\/chapterzero-france.com\/wp-content\/uploads\/2021\/03\/Image-webinar-TCFD_3.png\" alt=\"Image\"><\/a><\/div><figcaption class=\"wppb-addon-image-caption\">Download the webinar slides by clicking on the image<\/figcaption><\/figure><\/div><\/div><\/div>                                            <\/div>\n                                        <\/div>\n                                    <\/div>\n\t\t\t\t\t\t\t\t\t                        <\/div>\n\n                    <\/div>\n                <\/div>\n\t\t\t\t                <div  class=\"wppb-row-parent  wppb-row-1612115273794 \"  >\n\t\t\t\t\t\n\t\t\t\t\t\t\t\t\t\t\n\t\t\t\t\t\t\t\t\t\t\n\t\t\t\t\t<div class=\"wppb-container \">\n\t\t\t\t\t\t\t\t\t\t\t\t\t\n                        <div class=\"wppb-row\">\n\t\t\t\t\t\t\t                                    <div  class=\"wppb-column-parent wppb-column-parent-view wppb-col-1612115273795  \"  >\n                                        <div class=\"wppb-column\">\n\t\t\t\t\t\n\t\t\t\t\t\t\t\t\t\t\t\n                                            <div class=\"wppb-builder-addons\">\n\t\t\t\t\t\t\t\t\t\t\t\t<div class='wppb-builder-addon wppb-addon-1612115273796'  data-addon-id='1612115273796'><div class='wppb-addon'><div class=\"wppb-text-block-addon\"><div class=\"wppb-text-block-content 0\"><h2 style=\"text-align: center\">Webinar speakers<\/h2><p style=\"text-align: left\"><span class=\"has-inline-color has-luminous-vivid-amber-color\">Speakers :<\/span>\u00a0<!-- wp:list \/--><\/p><ul style=\"text-align: left\"><li><strong>AMF (Autorit\u00e9 des march\u00e9s financiers)<\/strong>\u00a0\u2013\u00a0<a href=\"https:\/\/www.linkedin.com\/in\/julie-ansidei-48081111\/\" target=\"_blank\" rel=\"noreferrer noopener\">Julie Ansidei<\/a>, Head of Strategy and Sustainable Finance, Secretary to the Executive Committee<\/li><li><strong>AXA\u00a0<\/strong>\u2013\u00a0<a href=\"https:\/\/www.linkedin.com\/in\/sylvain-vanston-b609581\/\" target=\"_blank\" rel=\"noreferrer noopener\">Sylvain Vanston<\/a>, Group Head of Climate Change &amp; Biodiversity; Member, Taskforce on Climate-related Financial Disclosures<\/li><li><strong>SCOR\u00a0<\/strong>\u2013\u00a0<a href=\"https:\/\/www.linkedin.com\/in\/michele-lacroix-a85b08153\/\" target=\"_blank\" rel=\"noreferrer noopener\">Michele Lacroix<\/a>, Head of Group Investment Risk &amp; Sustainability; former chair of the EFRAG Lab project task force on climate disclosures; Chair of the Project Task Force on Climate-Related Reporting at EFRAG; member of the Technical Expert Group on Sustainable Finance at the European Commission<\/li><li><strong>Legal&amp;General Investment Management\u00a0<\/strong>\u2013\u00a0<a href=\"https:\/\/www.lgimblog.com\/authors\/investment-stewardship\/meryam-omi\/\" target=\"_blank\" rel=\"noreferrer noopener\">Meryam Omi<\/a>, Head of Sustainability &amp; Responsible Investment Strategy<\/li><\/ul><p style=\"text-align: left\"><span class=\"has-inline-color has-luminous-vivid-amber-color\">Moderator :<\/span><\/p><ul><li style=\"text-align: left\"><strong>Deloitte\u00a0<\/strong>\u2013\u00a0<a href=\"https:\/\/www.linkedin.com\/in\/ericdugelay\/\" target=\"_blank\" rel=\"noreferrer noopener\">Eric Dugelay<\/a>, Partner Sustainability Services; Member, Taskforce on Climate-related Financial Disclosures<\/li><\/ul><\/div><\/div><\/div><\/div>                                            <\/div>\n                                        <\/div>\n                                    <\/div>\n\t\t\t\t\t\t\t\t\t                                    <div  class=\"wppb-column-parent wppb-column-parent-view wppb-col-1612115273797  \"  >\n                                        <div class=\"wppb-column\">\n\t\t\t\t\t\n\t\t\t\t\t\t\t\t\t\t\t\n                                            <div class=\"wppb-builder-addons\">\n\t\t\t\t\t\t\t\t\t\t\t\t<div class='wppb-builder-addon wppb-addon-1617120308009'  data-addon-id='1617120308009'><div class='wppb-addon'><div class=\"wppb-video-addon\"><div class=\"wppb-video-content\"><div class=\"wppb-video-block wppb-embed-responsive wppb-embed-responsive-16by9\"><iframe class=\"wppb-embed-responsive-item\" src=\"\/\/www.youtube.com\/embed\/BHCNUjjtrEQ?controls=1&#038;modestbranding=1\" allowFullScreen><\/iframe><\/div><\/div><\/div><\/div><\/div>                                            <\/div>\n                                        <\/div>\n                                    <\/div>\n\t\t\t\t\t\t\t\t\t                        <\/div>\n\n                    <\/div>\n                <\/div>\n\t\t\t\t                <div  class=\"wppb-row-parent  wppb-row-1617107221577 \"  >\n\t\t\t\t\t\n\t\t\t\t\t\t\t\t\t\t\n\t\t\t\t\t\t\t\t\t\t\n\t\t\t\t\t<div class=\"wppb-container \">\n\t\t\t\t\t\t\t\t\t\t\t\t\t\n                        <div class=\"wppb-row\">\n\t\t\t\t\t\t\t                                    <div  class=\"wppb-column-parent wppb-column-parent-view wppb-col-1617107221576  \"  >\n                                        <div class=\"wppb-column\">\n\t\t\t\t\t\n\t\t\t\t\t\t\t\t\t\t\t\n                                            <div class=\"wppb-builder-addons\">\n\t\t\t\t\t\t\t\t\t\t\t\t<div class='wppb-builder-addon wppb-addon-1617107481485'  data-addon-id='1617107481485'><div class='wppb-addon'><div class=\"wppb-image-addon\"><figure class=\"wppb-image-addon-content-wrap\"><div class=\"wppb-image-addon-content wppb-imginlineblock\"><img decoding=\"async\" class=\"wppb-image-addon-img\" src=\"http:\/\/chapterzero-france.com\/wp-content\/uploads\/2021\/03\/AMF.png\" alt=\"Image\"><\/div><\/figure><\/div><\/div><\/div>                                            <\/div>\n                                        <\/div>\n                                    <\/div>\n\t\t\t\t\t\t\t\t\t                                    <div  class=\"wppb-column-parent wppb-column-parent-view wppb-col-1617125810841  \"  >\n                                        <div class=\"wppb-column\">\n\t\t\t\t\t\n\t\t\t\t\t\t\t\t\t\t\t\n                                            <div class=\"wppb-builder-addons\">\n\t\t\t\t\t\t\t\t\t\t\t\t<div class='wppb-builder-addon wppb-addon-1617125810842'  data-addon-id='1617125810842'><div class='wppb-addon'><div class=\"wppb-image-addon\"><figure class=\"wppb-image-addon-content-wrap\"><div class=\"wppb-image-addon-content wppb-imginlineblock\"><img decoding=\"async\" class=\"wppb-image-addon-img\" src=\"http:\/\/chapterzero-france.com\/wp-content\/uploads\/2021\/03\/AXA-150x150.png\" alt=\"Image\"><\/div><\/figure><\/div><\/div><\/div>                                            <\/div>\n                                        <\/div>\n                                    <\/div>\n\t\t\t\t\t\t\t\t\t                                    <div  class=\"wppb-column-parent wppb-column-parent-view wppb-col-1617125810839  \"  >\n                                        <div class=\"wppb-column\">\n\t\t\t\t\t\n\t\t\t\t\t\t\t\t\t\t\t\n                                            <div class=\"wppb-builder-addons\">\n\t\t\t\t\t\t\t\t\t\t\t\t<div class='wppb-builder-addon wppb-addon-1617125810840'  data-addon-id='1617125810840'><div class='wppb-addon'><div class=\"wppb-image-addon\"><figure class=\"wppb-image-addon-content-wrap\"><div class=\"wppb-image-addon-content wppb-imginlineblock\"><img decoding=\"async\" class=\"wppb-image-addon-img\" src=\"http:\/\/chapterzero-france.com\/wp-content\/uploads\/2021\/03\/DEL_PRI_RGB-1536x624.jpg\" alt=\"Image\"><\/div><\/figure><\/div><\/div><\/div>                                            <\/div>\n                                        <\/div>\n                                    <\/div>\n\t\t\t\t\t\t\t\t\t                                    <div  class=\"wppb-column-parent wppb-column-parent-view wppb-col-1617107221613  \"  >\n                                        <div class=\"wppb-column\">\n\t\t\t\t\t\n\t\t\t\t\t\t\t\t\t\t\t\n                                            <div class=\"wppb-builder-addons\">\n\t\t\t\t\t\t\t\t\t\t\t\t<div class='wppb-builder-addon wppb-addon-1617107221614'  data-addon-id='1617107221614'><div class='wppb-addon'><div class=\"wppb-image-addon\"><figure class=\"wppb-image-addon-content-wrap\"><div class=\"wppb-image-addon-content wppb-imginlineblock\"><img decoding=\"async\" class=\"wppb-image-addon-img\" src=\"http:\/\/chapterzero-france.com\/wp-content\/uploads\/2021\/03\/LGIM.png\" alt=\"Image\"><\/div><\/figure><\/div><\/div><\/div>                                            <\/div>\n                                        <\/div>\n                                    <\/div>\n\t\t\t\t\t\t\t\t\t                                    <div  class=\"wppb-column-parent wppb-column-parent-view wppb-col-1617107221596  \"  >\n                                        <div class=\"wppb-column\">\n\t\t\t\t\t\n\t\t\t\t\t\t\t\t\t\t\t\n                                            <div class=\"wppb-builder-addons\">\n\t\t\t\t\t\t\t\t\t\t\t\t<div class='wppb-builder-addon wppb-addon-1617107221597'  data-addon-id='1617107221597'><div class='wppb-addon'><div class=\"wppb-image-addon\"><figure class=\"wppb-image-addon-content-wrap\"><div class=\"wppb-image-addon-content wppb-imginlineblock\"><img decoding=\"async\" class=\"wppb-image-addon-img\" src=\"http:\/\/chapterzero-france.com\/wp-content\/uploads\/2021\/03\/SCOR.png\" alt=\"Image\"><\/div><\/figure><\/div><\/div><\/div>                                            <\/div>\n                                        <\/div>\n                                    <\/div>\n\t\t\t\t\t\t\t\t\t                        <\/div>\n\n                    <\/div>\n                <\/div>\n\t\t\t\t<\/div>","protected":false},"excerpt":{"rendered":"<p>Organised by Chapter Zero France in collaboration with\u00a0AMF\u00a0(Autorit\u00e9 des march\u00e9s financiers),\u00a0AXA,\u00a0Deloitte,\u00a0Legal&amp;General Investment Management\u00a0and\u00a0SCOR.\u00a0Date: 26\/03\/2021 Three takeawaysThe 4 components of TCFD (governance, strategy, risk management and metrics\/targets) are often treated separately while they are meant to be the 4 facets of the same representation and to be fully consistent.Scenario analysis is&hellip;<\/p>\n","protected":false},"author":1,"featured_media":0,"parent":0,"menu_order":0,"comment_status":"closed","ping_status":"closed","template":"","meta":{"advgb_blocks_editor_width":"","advgb_blocks_columns_visual_guide":"","_monsterinsights_skip_tracking":false,"_monsterinsights_sitenote_active":false,"_monsterinsights_sitenote_note":"","_monsterinsights_sitenote_category":0,"footnotes":""},"class_list":["post-6555","page","type-page","status-publish","hentry"],"yoast_head":"<!-- This site is optimized with the Yoast SEO plugin v23.4 - https:\/\/yoast.com\/wordpress\/plugins\/seo\/ -->\n<title>Climate change disclosure: the role of the TCFD in driving effective board behaviour - Chapter Zero France<\/title>\n<meta name=\"robots\" content=\"index, follow, max-snippet:-1, max-image-preview:large, max-video-preview:-1\" \/>\n<link rel=\"canonical\" href=\"https:\/\/chapterzero-france.com\/index.php\/climate-change-disclosure-the-role-of-the-tcfd-in-driving-effective-board-behaviour\/\" \/>\n<meta property=\"og:locale\" content=\"fr_FR\" \/>\n<meta property=\"og:type\" content=\"article\" \/>\n<meta property=\"og:title\" content=\"Climate change disclosure: the role of the TCFD in driving effective board behaviour - Chapter Zero France\" \/>\n<meta property=\"og:description\" content=\"Organised by Chapter Zero France in collaboration with\u00a0AMF\u00a0(Autorit\u00e9 des march\u00e9s financiers),\u00a0AXA,\u00a0Deloitte,\u00a0Legal&amp;General Investment Management\u00a0and\u00a0SCOR.\u00a0Date: 26\/03\/2021 Three takeawaysThe 4 components of TCFD (governance, strategy, risk management and metrics\/targets) are often treated separately while they are meant to be the 4 facets of the same representation and to be fully consistent.Scenario analysis is&hellip;\" \/>\n<meta property=\"og:url\" content=\"https:\/\/chapterzero-france.com\/index.php\/climate-change-disclosure-the-role-of-the-tcfd-in-driving-effective-board-behaviour\/\" \/>\n<meta property=\"og:site_name\" content=\"Chapter Zero France\" \/>\n<meta name=\"twitter:card\" content=\"summary_large_image\" \/>\n<script type=\"application\/ld+json\" class=\"yoast-schema-graph\">{\"@context\":\"https:\/\/schema.org\",\"@graph\":[{\"@type\":\"WebPage\",\"@id\":\"https:\/\/chapterzero-france.com\/index.php\/climate-change-disclosure-the-role-of-the-tcfd-in-driving-effective-board-behaviour\/\",\"url\":\"https:\/\/chapterzero-france.com\/index.php\/climate-change-disclosure-the-role-of-the-tcfd-in-driving-effective-board-behaviour\/\",\"name\":\"Climate change disclosure: the role of the TCFD in driving effective board behaviour - Chapter Zero France\",\"isPartOf\":{\"@id\":\"https:\/\/chapterzero-france.com\/#website\"},\"datePublished\":\"2021-03-30T10:11:52+00:00\",\"dateModified\":\"2021-03-30T10:11:52+00:00\",\"breadcrumb\":{\"@id\":\"https:\/\/chapterzero-france.com\/index.php\/climate-change-disclosure-the-role-of-the-tcfd-in-driving-effective-board-behaviour\/#breadcrumb\"},\"inLanguage\":\"fr-FR\",\"potentialAction\":[{\"@type\":\"ReadAction\",\"target\":[\"https:\/\/chapterzero-france.com\/index.php\/climate-change-disclosure-the-role-of-the-tcfd-in-driving-effective-board-behaviour\/\"]}]},{\"@type\":\"BreadcrumbList\",\"@id\":\"https:\/\/chapterzero-france.com\/index.php\/climate-change-disclosure-the-role-of-the-tcfd-in-driving-effective-board-behaviour\/#breadcrumb\",\"itemListElement\":[{\"@type\":\"ListItem\",\"position\":1,\"name\":\"Accueil\",\"item\":\"https:\/\/chapterzero-france.com\/\"},{\"@type\":\"ListItem\",\"position\":2,\"name\":\"Climate change disclosure: the role of the TCFD in driving effective board behaviour\"}]},{\"@type\":\"WebSite\",\"@id\":\"https:\/\/chapterzero-france.com\/#website\",\"url\":\"https:\/\/chapterzero-france.com\/\",\"name\":\"Chapter Zero France\",\"description\":\"Le Forum Climat des Administrateurs\",\"publisher\":{\"@id\":\"https:\/\/chapterzero-france.com\/#organization\"},\"potentialAction\":[{\"@type\":\"SearchAction\",\"target\":{\"@type\":\"EntryPoint\",\"urlTemplate\":\"https:\/\/chapterzero-france.com\/?s={search_term_string}\"},\"query-input\":{\"@type\":\"PropertyValueSpecification\",\"valueRequired\":true,\"valueName\":\"search_term_string\"}}],\"inLanguage\":\"fr-FR\"},{\"@type\":\"Organization\",\"@id\":\"https:\/\/chapterzero-france.com\/#organization\",\"name\":\"Chapter Zero France\",\"url\":\"https:\/\/chapterzero-france.com\/\",\"logo\":{\"@type\":\"ImageObject\",\"inLanguage\":\"fr-FR\",\"@id\":\"https:\/\/chapterzero-france.com\/#\/schema\/logo\/image\/\",\"url\":\"https:\/\/chapterzero-france.com\/wp-content\/uploads\/2020\/08\/ChapterZero_Logo_FranceForumClimat-e1598537853484.jpg\",\"contentUrl\":\"https:\/\/chapterzero-france.com\/wp-content\/uploads\/2020\/08\/ChapterZero_Logo_FranceForumClimat-e1598537853484.jpg\",\"width\":100,\"height\":38,\"caption\":\"Chapter Zero France\"},\"image\":{\"@id\":\"https:\/\/chapterzero-france.com\/#\/schema\/logo\/image\/\"}}]}<\/script>\n<!-- \/ Yoast SEO plugin. -->","yoast_head_json":{"title":"Climate change disclosure: the role of the TCFD in driving effective board behaviour - Chapter Zero France","robots":{"index":"index","follow":"follow","max-snippet":"max-snippet:-1","max-image-preview":"max-image-preview:large","max-video-preview":"max-video-preview:-1"},"canonical":"https:\/\/chapterzero-france.com\/index.php\/climate-change-disclosure-the-role-of-the-tcfd-in-driving-effective-board-behaviour\/","og_locale":"fr_FR","og_type":"article","og_title":"Climate change disclosure: the role of the TCFD in driving effective board behaviour - Chapter Zero France","og_description":"Organised by Chapter Zero France in collaboration with\u00a0AMF\u00a0(Autorit\u00e9 des march\u00e9s financiers),\u00a0AXA,\u00a0Deloitte,\u00a0Legal&amp;General Investment Management\u00a0and\u00a0SCOR.\u00a0Date: 26\/03\/2021 Three takeawaysThe 4 components of TCFD (governance, strategy, risk management and metrics\/targets) are often treated separately while they are meant to be the 4 facets of the same representation and to be fully consistent.Scenario analysis is&hellip;","og_url":"https:\/\/chapterzero-france.com\/index.php\/climate-change-disclosure-the-role-of-the-tcfd-in-driving-effective-board-behaviour\/","og_site_name":"Chapter Zero France","twitter_card":"summary_large_image","schema":{"@context":"https:\/\/schema.org","@graph":[{"@type":"WebPage","@id":"https:\/\/chapterzero-france.com\/index.php\/climate-change-disclosure-the-role-of-the-tcfd-in-driving-effective-board-behaviour\/","url":"https:\/\/chapterzero-france.com\/index.php\/climate-change-disclosure-the-role-of-the-tcfd-in-driving-effective-board-behaviour\/","name":"Climate change disclosure: the role of the TCFD in driving effective board behaviour - Chapter Zero France","isPartOf":{"@id":"https:\/\/chapterzero-france.com\/#website"},"datePublished":"2021-03-30T10:11:52+00:00","dateModified":"2021-03-30T10:11:52+00:00","breadcrumb":{"@id":"https:\/\/chapterzero-france.com\/index.php\/climate-change-disclosure-the-role-of-the-tcfd-in-driving-effective-board-behaviour\/#breadcrumb"},"inLanguage":"fr-FR","potentialAction":[{"@type":"ReadAction","target":["https:\/\/chapterzero-france.com\/index.php\/climate-change-disclosure-the-role-of-the-tcfd-in-driving-effective-board-behaviour\/"]}]},{"@type":"BreadcrumbList","@id":"https:\/\/chapterzero-france.com\/index.php\/climate-change-disclosure-the-role-of-the-tcfd-in-driving-effective-board-behaviour\/#breadcrumb","itemListElement":[{"@type":"ListItem","position":1,"name":"Accueil","item":"https:\/\/chapterzero-france.com\/"},{"@type":"ListItem","position":2,"name":"Climate change disclosure: the role of the TCFD in driving effective board behaviour"}]},{"@type":"WebSite","@id":"https:\/\/chapterzero-france.com\/#website","url":"https:\/\/chapterzero-france.com\/","name":"Chapter Zero France","description":"Le Forum Climat des Administrateurs","publisher":{"@id":"https:\/\/chapterzero-france.com\/#organization"},"potentialAction":[{"@type":"SearchAction","target":{"@type":"EntryPoint","urlTemplate":"https:\/\/chapterzero-france.com\/?s={search_term_string}"},"query-input":{"@type":"PropertyValueSpecification","valueRequired":true,"valueName":"search_term_string"}}],"inLanguage":"fr-FR"},{"@type":"Organization","@id":"https:\/\/chapterzero-france.com\/#organization","name":"Chapter Zero France","url":"https:\/\/chapterzero-france.com\/","logo":{"@type":"ImageObject","inLanguage":"fr-FR","@id":"https:\/\/chapterzero-france.com\/#\/schema\/logo\/image\/","url":"https:\/\/chapterzero-france.com\/wp-content\/uploads\/2020\/08\/ChapterZero_Logo_FranceForumClimat-e1598537853484.jpg","contentUrl":"https:\/\/chapterzero-france.com\/wp-content\/uploads\/2020\/08\/ChapterZero_Logo_FranceForumClimat-e1598537853484.jpg","width":100,"height":38,"caption":"Chapter Zero France"},"image":{"@id":"https:\/\/chapterzero-france.com\/#\/schema\/logo\/image\/"}}]}},"coauthors":[],"author_meta":{"author_link":"https:\/\/chapterzero-france.com\/index.php\/author\/admin3183\/","display_name":"admin3183"},"relative_dates":{"created":"Publi\u00e9 5 ans il y a","modified":"Mis \u00e0 jour 5 ans il y a"},"absolute_dates":{"created":"Publi\u00e9 le 30 mars 2021","modified":"Mise \u00e0 jour le 30 mars 2021"},"absolute_dates_time":{"created":"Publi\u00e9 le 30 mars 2021 12 h 11 min","modified":"Mise \u00e0 jour le 30 mars 2021 12 h 11 min"},"featured_img_caption":"","featured_img":false,"series_order":"","_links":{"self":[{"href":"https:\/\/chapterzero-france.com\/index.php\/wp-json\/wp\/v2\/pages\/6555","targetHints":{"allow":["GET"]}}],"collection":[{"href":"https:\/\/chapterzero-france.com\/index.php\/wp-json\/wp\/v2\/pages"}],"about":[{"href":"https:\/\/chapterzero-france.com\/index.php\/wp-json\/wp\/v2\/types\/page"}],"author":[{"embeddable":true,"href":"https:\/\/chapterzero-france.com\/index.php\/wp-json\/wp\/v2\/users\/1"}],"replies":[{"embeddable":true,"href":"https:\/\/chapterzero-france.com\/index.php\/wp-json\/wp\/v2\/comments?post=6555"}],"version-history":[{"count":1,"href":"https:\/\/chapterzero-france.com\/index.php\/wp-json\/wp\/v2\/pages\/6555\/revisions"}],"predecessor-version":[{"id":6556,"href":"https:\/\/chapterzero-france.com\/index.php\/wp-json\/wp\/v2\/pages\/6555\/revisions\/6556"}],"wp:attachment":[{"href":"https:\/\/chapterzero-france.com\/index.php\/wp-json\/wp\/v2\/media?parent=6555"}],"curies":[{"name":"wp","href":"https:\/\/api.w.org\/{rel}","templated":true}]}}