{"id":6605,"date":"2021-05-17T19:20:57","date_gmt":"2021-05-17T17:20:57","guid":{"rendered":"http:\/\/chapterzero-france.com\/?page_id=6605"},"modified":"2021-05-17T19:20:58","modified_gmt":"2021-05-17T17:20:58","slug":"integration-de-la-science-climatique-et-des-impacts-economiques-dans-la-strategie-dentreprise","status":"publish","type":"page","link":"https:\/\/chapterzero-france.com\/index.php\/integration-de-la-science-climatique-et-des-impacts-economiques-dans-la-strategie-dentreprise\/","title":{"rendered":"Int\u00e9gration de la science climatique et des impacts \u00e9conomiques dans la strat\u00e9gie d\u2019entreprise"},"content":{"rendered":"<div id=\"wppb-builder-container\" class=\"wppb-builder-container\">                <div  class=\"wppb-row-parent  wppb-row-1612115273447 \"  >\n\t\t\t\t\t\n\t\t\t\t\t\t\t\t\t\t\n\t\t\t\t\t\t\t\t\t\t\n\t\t\t\t\t<div class=\"wppb-container \">\n\t\t\t\t\t\t\t\t\t\t\t\t\t\n                        <div class=\"wppb-row\">\n\t\t\t\t\t\t\t                                    <div  class=\"wppb-column-parent wppb-column-parent-view wppb-col-1612115273446  \"  >\n                                        <div class=\"wppb-column\">\n\t\t\t\t\t\n\t\t\t\t\t\t\t\t\t\t\t\n                                            <div class=\"wppb-builder-addons\">\n\t\t\t\t\t\t\t\t\t\t\t\t<div class='wppb-builder-addon wppb-addon-1612115323379'  data-addon-id='1612115323379'><div class='wppb-addon'><div class=\"wppb-text-block-addon\"><div class=\"wppb-text-block-content 0\"><p style=\"text-align: center\"><strong>Organis\u00e9 par Chapter Zero France en collaboration avec <a href=\"https:\/\/www.climate.axa\/\">AXA Climate<\/a>.<\/strong><\/p><p style=\"text-align: center\"><strong>Date: 19\/05\/2021<\/strong><\/p><\/div><\/div><\/div><\/div>                                            <\/div>\n                                        <\/div>\n                                    <\/div>\n\t\t\t\t\t\t\t\t\t                        <\/div>\n\n                    <\/div>\n                <\/div>\n\t\t\t\t                <div  class=\"wppb-row-parent  wppb-row-1612115273468 \"  >\n\t\t\t\t\t\n\t\t\t\t\t\t\t\t\t\t\n\t\t\t\t\t\t\t\t\t\t\n\t\t\t\t\t<div class=\"wppb-container \">\n\t\t\t\t\t\t\t\t\t\t\t\t\t\n                        <div class=\"wppb-row\">\n\t\t\t\t\t\t\t                                    <div  class=\"wppb-column-parent wppb-column-parent-view wppb-col-1612115273466  \"  >\n                                        <div class=\"wppb-column\">\n\t\t\t\t\t\n\t\t\t\t\t\t\t\t\t\t\t\n                                            <div class=\"wppb-builder-addons\">\n\t\t\t\t\t\t\t\t\t\t\t\t<div class='wppb-builder-addon wppb-addon-1612115855572'  data-addon-id='1612115855572'><div class='wppb-addon'><div class=\"wppb-text-block-addon\"><div class=\"wppb-text-block-content 0\"><h2 style=\"text-align: left\">Trois points essentiels \u00e0 retenir<\/h2><ul style=\"text-align: left\"><li><span style=\"font-weight: 400\">Il convient pour les administrateurs d\u2019accompagner la direction g\u00e9n\u00e9rale pour retrouver le go\u00fbt de la planification \u00e0 long terme (\u2018quel sera l\u2019environnement du march\u00e9 en 2030\u00a0?\u2019), car dans le cadre du r\u00e9chauffement climatique les p\u00e9riodes d\u2019adaptation et d\u2019anticipation strat\u00e9gique s\u2019allongent.\u00a0<\/span><\/li><li><span style=\"font-weight: 400\">L\u2019orientation strat\u00e9gique des entreprises face au r\u00e9chauffement climatique requiert la valorisation de l'impact sur le capital naturel et l'int\u00e9gration des externalit\u00e9s n\u00e9gatives et positives dans les mod\u00e8les d\u2019affaires.<\/span><\/li><li style=\"text-align: left\"><span style=\"font-weight: 400\">Pour les entreprises, consid\u00e9rer les diff\u00e9rentes parties prenantes tout au long de la cha\u00eene de valeur (clients, fournisseurs, investisseurs\u2026) est un enjeu clef de la r\u00e9ponse au changement climatique\u00a0: cette augmentation du cadre de l\u2019entreprise implique pour les administrateurs d\u2019inventer et favoriser de nouvelles gouvernances.<\/span><\/li><\/ul><ol style=\"text-align: left\"><li style=\"list-style-type: none\">\u00a0<\/li><\/ol><p style=\"text-align: left\">Une courte synth\u00e8se pr\u00e9par\u00e9e par <a href=\"https:\/\/www.share-share.org\/\">ShARE<\/a> est disponible pour les membres. Si vous \u00eates int\u00e9ress\u00e9s, veuillez nous contacter.<\/p><\/div><\/div><\/div><\/div>                                            <\/div>\n                                        <\/div>\n                                    <\/div>\n\t\t\t\t\t\t\t\t\t                                    <div  class=\"wppb-column-parent wppb-column-parent-view wppb-col-1612115273467  \"  >\n                                        <div class=\"wppb-column\">\n\t\t\t\t\t\n\t\t\t\t\t\t\t\t\t\t\t\n                                            <div class=\"wppb-builder-addons\">\n\t\t\t\t\t\t\t\t\t\t\t\t<div class='wppb-builder-addon wppb-addon-1612115599606'  data-addon-id='1612115599606'><div class='wppb-addon'><div class=\"wppb-image-addon\"><figure class=\"wppb-image-addon-content-wrap\"><div class=\"wppb-image-addon-content wppb-imginlineblock\"><img decoding=\"async\" class=\"wppb-image-addon-img\" src=\"http:\/\/chapterzero-france.com\/wp-content\/uploads\/2021\/06\/Webinar-Science-Climat-19.05.jpg\" alt=\"Image\"><\/div><\/figure><\/div><\/div><\/div>                                            <\/div>\n                                        <\/div>\n                                    <\/div>\n\t\t\t\t\t\t\t\t\t                        <\/div>\n\n                    <\/div>\n                <\/div>\n\t\t\t\t                <div  class=\"wppb-row-parent  wppb-row-1612115273794 \"  >\n\t\t\t\t\t\n\t\t\t\t\t\t\t\t\t\t\n\t\t\t\t\t\t\t\t\t\t\n\t\t\t\t\t<div class=\"wppb-container \">\n\t\t\t\t\t\t\t\t\t\t\t\t\t\n                        <div class=\"wppb-row\">\n\t\t\t\t\t\t\t                                    <div  class=\"wppb-column-parent wppb-column-parent-view wppb-col-1612115273795  \"  >\n                                        <div class=\"wppb-column\">\n\t\t\t\t\t\n\t\t\t\t\t\t\t\t\t\t\t\n                                            <div class=\"wppb-builder-addons\">\n\t\t\t\t\t\t\t\t\t\t\t\t<div class='wppb-builder-addon wppb-addon-1612115273796'  data-addon-id='1612115273796'><div class='wppb-addon'><div class=\"wppb-text-block-addon\"><div class=\"wppb-text-block-content 0\"><h2 style=\"text-align: center\">Pan\u00e9listes de la session<\/h2><p style=\"text-align: left\"><span class=\"has-inline-color has-luminous-vivid-amber-color\">Pan\u00e9listes<\/span><\/p><ul style=\"text-align: left\"><li><a href=\"https:\/\/www.linkedin.com\/in\/christelle-castet-649234a\/?originalSubdomain=fr\">Christelle Castet<\/a>\u00a0\u2013 Sp\u00e9cialiste des risques climatiques,\u00a0<strong>AXA Climate<\/strong><\/li><li><a href=\"https:\/\/www.linkedin.com\/in\/christian-de-perthuis\/\">Christian de Perthuis<\/a>\u00a0\u2013 Economiste, Fondateur de la Chaire Economie du Climat,\u00a0<strong>Universit\u00e9 Paris-Dauphine<\/strong><\/li><li><a href=\"https:\/\/www.linkedin.com\/in\/antoinedenoix\/?originalSubdomain=fr\">Antoine Denoix<\/a>\u00a0\u2013 CEO,\u00a0<strong>AXA Climate<\/strong><\/li><\/ul><p style=\"text-align: left\"><span class=\"has-inline-color has-luminous-vivid-amber-color\">Mod\u00e9rateur<\/span><\/p><ul><li style=\"text-align: left\"><a href=\"https:\/\/www.linkedin.com\/in\/antoinepoincare\/\">Antoine Poincare<\/a>\u00a0\u2013 VP Climate School,\u00a0<strong>AXA Climate<\/strong><\/li><\/ul><\/div><\/div><\/div><\/div>                                            <\/div>\n                                        <\/div>\n                                    <\/div>\n\t\t\t\t\t\t\t\t\t                                    <div  class=\"wppb-column-parent wppb-column-parent-view wppb-col-1612115273797  \"  >\n                                        <div class=\"wppb-column\">\n\t\t\t\t\t\n\t\t\t\t\t\t\t\t\t\t\t\n                                            <div class=\"wppb-builder-addons\">\n\t\t\t\t\t\t\t\t\t\t\t\t<div class='wppb-builder-addon wppb-addon-1621436171048'  data-addon-id='1621436171048'><div class='wppb-addon'><div class=\"wppb-video-addon\"><div class=\"wppb-video-content\"><div class=\"wppb-video-block wppb-embed-responsive wppb-embed-responsive-16by9\"><iframe class=\"wppb-embed-responsive-item\" src=\"\/\/www.youtube.com\/embed\/_W2o1KH60ko?controls=1&#038;modestbranding=0\" allowFullScreen><\/iframe><\/div><\/div><\/div><\/div><\/div>                                            <\/div>\n                                        <\/div>\n                                    <\/div>\n\t\t\t\t\t\t\t\t\t                        <\/div>\n\n                    <\/div>\n                <\/div>\n\t\t\t\t                <div  class=\"wppb-row-parent  wppb-row-1621272140438 \"  >\n\t\t\t\t\t\n\t\t\t\t\t\t\t\t\t\t\n\t\t\t\t\t\t\t\t\t\t\n\t\t\t\t\t<div class=\"wppb-container \">\n\t\t\t\t\t\t\t\t\t\t\t\t\t\n                        <div class=\"wppb-row\">\n\t\t\t\t\t\t\t                                    <div  class=\"wppb-column-parent wppb-column-parent-view wppb-col-1621272140437  \"  >\n                                        <div class=\"wppb-column\">\n\t\t\t\t\t\n\t\t\t\t\t\t\t\t\t\t\t\n                                            <div class=\"wppb-builder-addons\">\n\t\t\t\t\t\t\t\t\t\t\t\t<div class='wppb-builder-addon wppb-addon-1621272140442'  data-addon-id='1621272140442'><div class='wppb-addon'><div class=\"wppb-image-addon\"><figure class=\"wppb-image-addon-content-wrap\"><div class=\"wppb-image-addon-content wppb-imginlineblock\"><img decoding=\"async\" class=\"wppb-image-addon-img\" src=\"http:\/\/chapterzero-france.com\/wp-content\/uploads\/2021\/05\/AXA_Climate_Blue_Horizontal_RVB.png\" alt=\"Image\"><\/div><\/figure><\/div><\/div><\/div>                                            <\/div>\n                                        <\/div>\n                                    <\/div>\n\t\t\t\t\t\t\t\t\t                                    <div  class=\"wppb-column-parent wppb-column-parent-view wppb-col-1621272140439  \"  >\n                                        <div class=\"wppb-column\">\n\t\t\t\t\t\n\t\t\t\t\t\t\t\t\t\t\t\n                                            <div class=\"wppb-builder-addons\">\n\t\t\t\t\t\t\t\t\t\t\t\t                                            <\/div>\n                                        <\/div>\n                                    <\/div>\n\t\t\t\t\t\t\t\t\t                                    <div  class=\"wppb-column-parent wppb-column-parent-view wppb-col-1621272140452  \"  >\n                                        <div class=\"wppb-column\">\n\t\t\t\t\t\n\t\t\t\t\t\t\t\t\t\t\t\n                                            <div class=\"wppb-builder-addons\">\n\t\t\t\t\t\t\t\t\t\t\t\t                                            <\/div>\n                                        <\/div>\n                                    <\/div>\n\t\t\t\t\t\t\t\t\t                                    <div  class=\"wppb-column-parent wppb-column-parent-view wppb-col-1621272140451  \"  >\n                                        <div class=\"wppb-column\">\n\t\t\t\t\t\n\t\t\t\t\t\t\t\t\t\t\t\n                                            <div class=\"wppb-builder-addons\">\n\t\t\t\t\t\t\t\t\t\t\t\t                                            <\/div>\n                                        <\/div>\n                                    <\/div>\n\t\t\t\t\t\t\t\t\t                        <\/div>\n\n                    <\/div>\n                <\/div>\n\t\t\t\t<\/div>","protected":false},"excerpt":{"rendered":"<p>Organis\u00e9 par Chapter Zero France en collaboration avec AXA Climate.Date: 19\/05\/2021 Trois points essentiels \u00e0 retenirIl convient pour les administrateurs d\u2019accompagner la direction g\u00e9n\u00e9rale pour retrouver le go\u00fbt de la planification \u00e0 long terme (\u2018quel sera l\u2019environnement du march\u00e9 en 2030\u00a0?\u2019), car dans le cadre du r\u00e9chauffement climatique les p\u00e9riodes&hellip;<\/p>\n","protected":false},"author":4,"featured_media":0,"parent":0,"menu_order":0,"comment_status":"closed","ping_status":"closed","template":"","meta":{"advgb_blocks_editor_width":"","advgb_blocks_columns_visual_guide":"","_monsterinsights_skip_tracking":false,"_monsterinsights_sitenote_active":false,"_monsterinsights_sitenote_note":"","_monsterinsights_sitenote_category":0,"footnotes":""},"class_list":["post-6605","page","type-page","status-publish","hentry"],"yoast_head":"<!-- This site is optimized with the Yoast SEO plugin v23.4 - https:\/\/yoast.com\/wordpress\/plugins\/seo\/ -->\n<title>Int\u00e9gration de la science climatique et des impacts \u00e9conomiques dans la strat\u00e9gie d\u2019entreprise - Chapter Zero France<\/title>\n<meta name=\"robots\" content=\"index, follow, max-snippet:-1, max-image-preview:large, max-video-preview:-1\" \/>\n<link rel=\"canonical\" href=\"https:\/\/chapterzero-france.com\/index.php\/integration-de-la-science-climatique-et-des-impacts-economiques-dans-la-strategie-dentreprise\/\" \/>\n<meta property=\"og:locale\" content=\"fr_FR\" \/>\n<meta property=\"og:type\" content=\"article\" \/>\n<meta property=\"og:title\" content=\"Int\u00e9gration de la science climatique et des impacts \u00e9conomiques dans la strat\u00e9gie d\u2019entreprise - Chapter Zero France\" \/>\n<meta property=\"og:description\" content=\"Organis\u00e9 par Chapter Zero France en collaboration avec AXA Climate.Date: 19\/05\/2021 Trois points essentiels \u00e0 retenirIl convient pour les administrateurs d\u2019accompagner la direction g\u00e9n\u00e9rale pour retrouver le go\u00fbt de la planification \u00e0 long terme (\u2018quel sera l\u2019environnement du march\u00e9 en 2030\u00a0?\u2019), car dans le cadre du r\u00e9chauffement climatique les p\u00e9riodes&hellip;\" \/>\n<meta property=\"og:url\" content=\"https:\/\/chapterzero-france.com\/index.php\/integration-de-la-science-climatique-et-des-impacts-economiques-dans-la-strategie-dentreprise\/\" \/>\n<meta property=\"og:site_name\" content=\"Chapter Zero France\" \/>\n<meta property=\"article:modified_time\" content=\"2021-05-17T17:20:58+00:00\" \/>\n<meta name=\"twitter:card\" content=\"summary_large_image\" \/>\n<script type=\"application\/ld+json\" class=\"yoast-schema-graph\">{\"@context\":\"https:\/\/schema.org\",\"@graph\":[{\"@type\":\"WebPage\",\"@id\":\"https:\/\/chapterzero-france.com\/index.php\/integration-de-la-science-climatique-et-des-impacts-economiques-dans-la-strategie-dentreprise\/\",\"url\":\"https:\/\/chapterzero-france.com\/index.php\/integration-de-la-science-climatique-et-des-impacts-economiques-dans-la-strategie-dentreprise\/\",\"name\":\"Int\u00e9gration de la science climatique et des impacts \u00e9conomiques dans la strat\u00e9gie d\u2019entreprise - Chapter Zero France\",\"isPartOf\":{\"@id\":\"https:\/\/chapterzero-france.com\/#website\"},\"datePublished\":\"2021-05-17T17:20:57+00:00\",\"dateModified\":\"2021-05-17T17:20:58+00:00\",\"breadcrumb\":{\"@id\":\"https:\/\/chapterzero-france.com\/index.php\/integration-de-la-science-climatique-et-des-impacts-economiques-dans-la-strategie-dentreprise\/#breadcrumb\"},\"inLanguage\":\"fr-FR\",\"potentialAction\":[{\"@type\":\"ReadAction\",\"target\":[\"https:\/\/chapterzero-france.com\/index.php\/integration-de-la-science-climatique-et-des-impacts-economiques-dans-la-strategie-dentreprise\/\"]}]},{\"@type\":\"BreadcrumbList\",\"@id\":\"https:\/\/chapterzero-france.com\/index.php\/integration-de-la-science-climatique-et-des-impacts-economiques-dans-la-strategie-dentreprise\/#breadcrumb\",\"itemListElement\":[{\"@type\":\"ListItem\",\"position\":1,\"name\":\"Accueil\",\"item\":\"https:\/\/chapterzero-france.com\/\"},{\"@type\":\"ListItem\",\"position\":2,\"name\":\"Int\u00e9gration de la science climatique et des impacts \u00e9conomiques dans la strat\u00e9gie d\u2019entreprise\"}]},{\"@type\":\"WebSite\",\"@id\":\"https:\/\/chapterzero-france.com\/#website\",\"url\":\"https:\/\/chapterzero-france.com\/\",\"name\":\"Chapter Zero France\",\"description\":\"Le Forum Climat des Administrateurs\",\"publisher\":{\"@id\":\"https:\/\/chapterzero-france.com\/#organization\"},\"potentialAction\":[{\"@type\":\"SearchAction\",\"target\":{\"@type\":\"EntryPoint\",\"urlTemplate\":\"https:\/\/chapterzero-france.com\/?s={search_term_string}\"},\"query-input\":{\"@type\":\"PropertyValueSpecification\",\"valueRequired\":true,\"valueName\":\"search_term_string\"}}],\"inLanguage\":\"fr-FR\"},{\"@type\":\"Organization\",\"@id\":\"https:\/\/chapterzero-france.com\/#organization\",\"name\":\"Chapter Zero France\",\"url\":\"https:\/\/chapterzero-france.com\/\",\"logo\":{\"@type\":\"ImageObject\",\"inLanguage\":\"fr-FR\",\"@id\":\"https:\/\/chapterzero-france.com\/#\/schema\/logo\/image\/\",\"url\":\"https:\/\/chapterzero-france.com\/wp-content\/uploads\/2020\/08\/ChapterZero_Logo_FranceForumClimat-e1598537853484.jpg\",\"contentUrl\":\"https:\/\/chapterzero-france.com\/wp-content\/uploads\/2020\/08\/ChapterZero_Logo_FranceForumClimat-e1598537853484.jpg\",\"width\":100,\"height\":38,\"caption\":\"Chapter Zero France\"},\"image\":{\"@id\":\"https:\/\/chapterzero-france.com\/#\/schema\/logo\/image\/\"}}]}<\/script>\n<!-- \/ Yoast SEO plugin. -->","yoast_head_json":{"title":"Int\u00e9gration de la science climatique et des impacts \u00e9conomiques dans la strat\u00e9gie d\u2019entreprise - Chapter Zero France","robots":{"index":"index","follow":"follow","max-snippet":"max-snippet:-1","max-image-preview":"max-image-preview:large","max-video-preview":"max-video-preview:-1"},"canonical":"https:\/\/chapterzero-france.com\/index.php\/integration-de-la-science-climatique-et-des-impacts-economiques-dans-la-strategie-dentreprise\/","og_locale":"fr_FR","og_type":"article","og_title":"Int\u00e9gration de la science climatique et des impacts \u00e9conomiques dans la strat\u00e9gie d\u2019entreprise - Chapter Zero France","og_description":"Organis\u00e9 par Chapter Zero France en collaboration avec AXA Climate.Date: 19\/05\/2021 Trois points essentiels \u00e0 retenirIl convient pour les administrateurs d\u2019accompagner la direction g\u00e9n\u00e9rale pour retrouver le go\u00fbt de la planification \u00e0 long terme (\u2018quel sera l\u2019environnement du march\u00e9 en 2030\u00a0?\u2019), car dans le cadre du r\u00e9chauffement climatique les p\u00e9riodes&hellip;","og_url":"https:\/\/chapterzero-france.com\/index.php\/integration-de-la-science-climatique-et-des-impacts-economiques-dans-la-strategie-dentreprise\/","og_site_name":"Chapter Zero France","article_modified_time":"2021-05-17T17:20:58+00:00","twitter_card":"summary_large_image","schema":{"@context":"https:\/\/schema.org","@graph":[{"@type":"WebPage","@id":"https:\/\/chapterzero-france.com\/index.php\/integration-de-la-science-climatique-et-des-impacts-economiques-dans-la-strategie-dentreprise\/","url":"https:\/\/chapterzero-france.com\/index.php\/integration-de-la-science-climatique-et-des-impacts-economiques-dans-la-strategie-dentreprise\/","name":"Int\u00e9gration de la science climatique et des impacts \u00e9conomiques dans la strat\u00e9gie d\u2019entreprise - Chapter Zero France","isPartOf":{"@id":"https:\/\/chapterzero-france.com\/#website"},"datePublished":"2021-05-17T17:20:57+00:00","dateModified":"2021-05-17T17:20:58+00:00","breadcrumb":{"@id":"https:\/\/chapterzero-france.com\/index.php\/integration-de-la-science-climatique-et-des-impacts-economiques-dans-la-strategie-dentreprise\/#breadcrumb"},"inLanguage":"fr-FR","potentialAction":[{"@type":"ReadAction","target":["https:\/\/chapterzero-france.com\/index.php\/integration-de-la-science-climatique-et-des-impacts-economiques-dans-la-strategie-dentreprise\/"]}]},{"@type":"BreadcrumbList","@id":"https:\/\/chapterzero-france.com\/index.php\/integration-de-la-science-climatique-et-des-impacts-economiques-dans-la-strategie-dentreprise\/#breadcrumb","itemListElement":[{"@type":"ListItem","position":1,"name":"Accueil","item":"https:\/\/chapterzero-france.com\/"},{"@type":"ListItem","position":2,"name":"Int\u00e9gration de la science climatique et des impacts \u00e9conomiques dans la strat\u00e9gie d\u2019entreprise"}]},{"@type":"WebSite","@id":"https:\/\/chapterzero-france.com\/#website","url":"https:\/\/chapterzero-france.com\/","name":"Chapter Zero France","description":"Le Forum Climat des Administrateurs","publisher":{"@id":"https:\/\/chapterzero-france.com\/#organization"},"potentialAction":[{"@type":"SearchAction","target":{"@type":"EntryPoint","urlTemplate":"https:\/\/chapterzero-france.com\/?s={search_term_string}"},"query-input":{"@type":"PropertyValueSpecification","valueRequired":true,"valueName":"search_term_string"}}],"inLanguage":"fr-FR"},{"@type":"Organization","@id":"https:\/\/chapterzero-france.com\/#organization","name":"Chapter Zero France","url":"https:\/\/chapterzero-france.com\/","logo":{"@type":"ImageObject","inLanguage":"fr-FR","@id":"https:\/\/chapterzero-france.com\/#\/schema\/logo\/image\/","url":"https:\/\/chapterzero-france.com\/wp-content\/uploads\/2020\/08\/ChapterZero_Logo_FranceForumClimat-e1598537853484.jpg","contentUrl":"https:\/\/chapterzero-france.com\/wp-content\/uploads\/2020\/08\/ChapterZero_Logo_FranceForumClimat-e1598537853484.jpg","width":100,"height":38,"caption":"Chapter Zero France"},"image":{"@id":"https:\/\/chapterzero-france.com\/#\/schema\/logo\/image\/"}}]}},"coauthors":[],"author_meta":{"author_link":"https:\/\/chapterzero-france.com\/index.php\/author\/czfr\/","display_name":"CZFR"},"relative_dates":{"created":"Publi\u00e9 5 ans il y a","modified":"Mis \u00e0 jour 5 ans il y a"},"absolute_dates":{"created":"Publi\u00e9 le 17 mai 2021","modified":"Mise \u00e0 jour le 17 mai 2021"},"absolute_dates_time":{"created":"Publi\u00e9 le 17 mai 2021 19 h 20 min","modified":"Mise \u00e0 jour le 17 mai 2021 19 h 20 min"},"featured_img_caption":"","featured_img":false,"series_order":"","_links":{"self":[{"href":"https:\/\/chapterzero-france.com\/index.php\/wp-json\/wp\/v2\/pages\/6605","targetHints":{"allow":["GET"]}}],"collection":[{"href":"https:\/\/chapterzero-france.com\/index.php\/wp-json\/wp\/v2\/pages"}],"about":[{"href":"https:\/\/chapterzero-france.com\/index.php\/wp-json\/wp\/v2\/types\/page"}],"author":[{"embeddable":true,"href":"https:\/\/chapterzero-france.com\/index.php\/wp-json\/wp\/v2\/users\/4"}],"replies":[{"embeddable":true,"href":"https:\/\/chapterzero-france.com\/index.php\/wp-json\/wp\/v2\/comments?post=6605"}],"version-history":[{"count":1,"href":"https:\/\/chapterzero-france.com\/index.php\/wp-json\/wp\/v2\/pages\/6605\/revisions"}],"predecessor-version":[{"id":6606,"href":"https:\/\/chapterzero-france.com\/index.php\/wp-json\/wp\/v2\/pages\/6605\/revisions\/6606"}],"wp:attachment":[{"href":"https:\/\/chapterzero-france.com\/index.php\/wp-json\/wp\/v2\/media?parent=6605"}],"curies":[{"name":"wp","href":"https:\/\/api.w.org\/{rel}","templated":true}]}}