{"id":6703,"date":"2021-06-30T16:04:05","date_gmt":"2021-06-30T14:04:05","guid":{"rendered":"http:\/\/chapterzero-france.com\/?page_id=6703"},"modified":"2021-06-30T16:04:07","modified_gmt":"2021-06-30T14:04:07","slug":"net-zero-tous-les-engagements-se-valent-ils-decryptage","status":"publish","type":"page","link":"https:\/\/chapterzero-france.com\/index.php\/net-zero-tous-les-engagements-se-valent-ils-decryptage\/","title":{"rendered":"Net Zero : tous les engagements se valent-ils ? D\u00e9cryptage."},"content":{"rendered":"<div id=\"wppb-builder-container\" class=\"wppb-builder-container\">                <div  class=\"wppb-row-parent  wppb-row-1612115273447 \"  >\n\t\t\t\t\t\n\t\t\t\t\t\t\t\t\t\t\n\t\t\t\t\t\t\t\t\t\t\n\t\t\t\t\t<div class=\"wppb-container \">\n\t\t\t\t\t\t\t\t\t\t\t\t\t\n                        <div class=\"wppb-row\">\n\t\t\t\t\t\t\t                                    <div  class=\"wppb-column-parent wppb-column-parent-view wppb-col-1612115273446  \"  >\n                                        <div class=\"wppb-column\">\n\t\t\t\t\t\n\t\t\t\t\t\t\t\t\t\t\t\n                                            <div class=\"wppb-builder-addons\">\n\t\t\t\t\t\t\t\t\t\t\t\t<div class='wppb-builder-addon wppb-addon-1612115323379'  data-addon-id='1612115323379'><div class='wppb-addon'><div class=\"wppb-text-block-addon\"><div class=\"wppb-text-block-content 0\"><p style=\"text-align: center\"><strong>Organis\u00e9 par Chapter Zero France en collaboration avec <a href=\"https:\/\/www2.deloitte.com\/fr\/fr\/pages\/sustainability-services\/articles\/deloitte-partenaire-chapter-zero-france.html\">Deloitte<\/a>.<\/strong><\/p><p style=\"text-align: center\"><strong>Date: 24\/06\/2021<\/strong><\/p><\/div><\/div><\/div><\/div>                                            <\/div>\n                                        <\/div>\n                                    <\/div>\n\t\t\t\t\t\t\t\t\t                        <\/div>\n\n                    <\/div>\n                <\/div>\n\t\t\t\t                <div  class=\"wppb-row-parent  wppb-row-1612115273468 \"  >\n\t\t\t\t\t\n\t\t\t\t\t\t\t\t\t\t\n\t\t\t\t\t\t\t\t\t\t\n\t\t\t\t\t<div class=\"wppb-container \">\n\t\t\t\t\t\t\t\t\t\t\t\t\t\n                        <div class=\"wppb-row\">\n\t\t\t\t\t\t\t                                    <div  class=\"wppb-column-parent wppb-column-parent-view wppb-col-1612115273466  \"  >\n                                        <div class=\"wppb-column\">\n\t\t\t\t\t\n\t\t\t\t\t\t\t\t\t\t\t\n                                            <div class=\"wppb-builder-addons\">\n\t\t\t\t\t\t\t\t\t\t\t\t<div class='wppb-builder-addon wppb-addon-1612115855572'  data-addon-id='1612115855572'><div class='wppb-addon'><div class=\"wppb-text-block-addon\"><div class=\"wppb-text-block-content 0\"><h2 style=\"text-align: left\">Trois points essentiels \u00e0 retenir<\/h2><ul style=\"text-align: left\"><li style=\"font-weight: 400\"><span style=\"font-weight: 400\">Dans les institutions financi\u00e8res et les entreprises industrielles, la valeur des engagements diverge consid\u00e9rablement et est r\u00e9ellement influenc\u00e9e par l\u2019engagement des administrateurs.<\/span><\/li><li style=\"font-weight: 400\"><span style=\"font-weight: 400\">Les entreprises leaders de la net zero \u00e9conomie auront beaucoup plus facilement acc\u00e8s au capital et b\u00e9n\u00e9ficieront d\u2019un co\u00fbt du capital plus bas que les autres entreprises.<\/span><\/li><li style=\"font-weight: 400\"><span style=\"font-weight: 400\">Les institutions financi\u00e8res finan\u00e7ant l'\u00e9conomie ont un pouvoir important sur la r\u00e9alisation de la net zero \u00e9conomie, \u00e0 travers le financement et l\u2019accompagnement.<\/span><\/li><\/ul><ol style=\"text-align: left\"><li style=\"list-style-type: none\">\u00a0<\/li><\/ol><p style=\"text-align: left\">Une courte synth\u00e8se pr\u00e9par\u00e9e par <a href=\"https:\/\/www.share-share.org\/\">ShARE<\/a> est disponible pour les membres. Si vous \u00eates int\u00e9ress\u00e9s, veuillez nous contacter.<\/p><\/div><\/div><\/div><\/div>                                            <\/div>\n                                        <\/div>\n                                    <\/div>\n\t\t\t\t\t\t\t\t\t                                    <div  class=\"wppb-column-parent wppb-column-parent-view wppb-col-1612115273467  \"  >\n                                        <div class=\"wppb-column\">\n\t\t\t\t\t\n\t\t\t\t\t\t\t\t\t\t\t\n                                            <div class=\"wppb-builder-addons\">\n\t\t\t\t\t\t\t\t\t\t\t\t<div class='wppb-builder-addon wppb-addon-1612115599606'  data-addon-id='1612115599606'><div class='wppb-addon'><div class=\"wppb-image-addon\"><figure class=\"wppb-image-addon-content-wrap\"><div class=\"wppb-image-addon-content wppb-imginlineblock\"><img decoding=\"async\" class=\"wppb-image-addon-img\" src=\"http:\/\/chapterzero-france.com\/wp-content\/uploads\/2021\/06\/Webinar-Net-Zero-24.06.jpg\" alt=\"Image\"><\/div><\/figure><\/div><\/div><\/div>                                            <\/div>\n                                        <\/div>\n                                    <\/div>\n\t\t\t\t\t\t\t\t\t                        <\/div>\n\n                    <\/div>\n                <\/div>\n\t\t\t\t                <div  class=\"wppb-row-parent  wppb-row-1612115273794 \"  >\n\t\t\t\t\t\n\t\t\t\t\t\t\t\t\t\t\n\t\t\t\t\t\t\t\t\t\t\n\t\t\t\t\t<div class=\"wppb-container \">\n\t\t\t\t\t\t\t\t\t\t\t\t\t\n                        <div class=\"wppb-row\">\n\t\t\t\t\t\t\t                                    <div  class=\"wppb-column-parent wppb-column-parent-view wppb-col-1612115273795  \"  >\n                                        <div class=\"wppb-column\">\n\t\t\t\t\t\n\t\t\t\t\t\t\t\t\t\t\t\n                                            <div class=\"wppb-builder-addons\">\n\t\t\t\t\t\t\t\t\t\t\t\t<div class='wppb-builder-addon wppb-addon-1612115273796'  data-addon-id='1612115273796'><div class='wppb-addon'><div class=\"wppb-text-block-addon\"><div class=\"wppb-text-block-content 0\"><h2 style=\"text-align: center\">Pan\u00e9listes de la session<\/h2><p style=\"text-align: left\"><span class=\"has-inline-color has-luminous-vivid-amber-color\">Pan\u00e9listes<\/span><\/p><ul style=\"text-align: left\"><li><a href=\"https:\/\/www.i4ce.org\/team-details\/benoit-leguet\/\" target=\"_blank\" rel=\"noreferrer noopener\" data-rich-text-format-boundary=\"true\">Beno\u00eet Leguet<\/a> \u2013 Directeur g\u00e9n\u00e9ral, <strong>I4CE \u2013 Institut de l\u2019\u00e9conomie pour le climat<\/strong><\/li><li><a href=\"https:\/\/www.cdp.net\/en\/info\/staff\/laurent-babikian\" target=\"_blank\" rel=\"noreferrer noopener\">Laurent Babikian<\/a> \u2013 Directeur Capital Markets Europe, <strong>CDP<\/strong><\/li><li><a href=\"https:\/\/www.linkedin.com\/in\/emmanuel-normant-9b97a8ba\/\" target=\"_blank\" rel=\"noreferrer noopener\">Emmanuel Normant<\/a> \u2013 Directeur d\u00e9veloppement durable, <strong>Saint-Gobain<\/strong><\/li><li><a href=\"https:\/\/www.linkedin.com\/in\/laetitia-tankwe-b783989\/\" target=\"_blank\" rel=\"noreferrer noopener\">Laetitia Tankwe<\/a>, Conseill\u00e8re du Pr\u00e9sident, <strong>Ircantec<\/strong><\/li><\/ul><p style=\"text-align: left\"><span class=\"has-inline-color has-luminous-vivid-amber-color\">Mod\u00e9rateur<\/span><\/p><ul id=\"block-58870c5c-b47c-4344-b011-9f31276cc4c5\" class=\"block-editor-block-list__block wp-block is-selected undefined rich-text block-editor-rich-text__editable is-hovered wp-block\" role=\"textbox\" aria-label=\"R\u00e9digez une liste\u2026\" data-block=\"58870c5c-b47c-4344-b011-9f31276cc4c5\" data-type=\"core\/list\" data-title=\"Liste\"><li><a href=\"https:\/\/www.linkedin.com\/in\/philippe-joubert-93997648\/\" target=\"_blank\" rel=\"noreferrer noopener\" data-rich-text-format-boundary=\"true\">Philippe Joubert <\/a>\u2013 Fondateur et pr\u00e9sident, <strong>Earth on Board<\/strong><\/li><\/ul><\/div><\/div><\/div><\/div>                                            <\/div>\n                                        <\/div>\n                                    <\/div>\n\t\t\t\t\t\t\t\t\t                                    <div  class=\"wppb-column-parent wppb-column-parent-view wppb-col-1612115273797  \"  >\n                                        <div class=\"wppb-column\">\n\t\t\t\t\t\n\t\t\t\t\t\t\t\t\t\t\t\n                                            <div class=\"wppb-builder-addons\">\n\t\t\t\t\t\t\t\t\t\t\t\t<div class='wppb-builder-addon wppb-addon-1621436171048'  data-addon-id='1621436171048'><div class='wppb-addon'><div class=\"wppb-video-addon\"><div class=\"wppb-video-content\"><div class=\"wppb-video-block wppb-embed-responsive wppb-embed-responsive-16by9\"><iframe class=\"wppb-embed-responsive-item\" src=\"\/\/www.youtube.com\/embed\/v8JmHiEILww?controls=1&#038;modestbranding=0\" allowFullScreen><\/iframe><\/div><\/div><\/div><\/div><\/div>                                            <\/div>\n                                        <\/div>\n                                    <\/div>\n\t\t\t\t\t\t\t\t\t                        <\/div>\n\n                    <\/div>\n                <\/div>\n\t\t\t\t                <div  class=\"wppb-row-parent  wppb-row-1621272140438 \"  >\n\t\t\t\t\t\n\t\t\t\t\t\t\t\t\t\t\n\t\t\t\t\t\t\t\t\t\t\n\t\t\t\t\t<div class=\"wppb-container \">\n\t\t\t\t\t\t\t\t\t\t\t\t\t\n                        <div class=\"wppb-row\">\n\t\t\t\t\t\t\t                                    <div  class=\"wppb-column-parent wppb-column-parent-view wppb-col-1621272140437  \"  >\n                                        <div class=\"wppb-column\">\n\t\t\t\t\t\n\t\t\t\t\t\t\t\t\t\t\t\n                                            <div class=\"wppb-builder-addons\">\n\t\t\t\t\t\t\t\t\t\t\t\t<div class='wppb-builder-addon wppb-addon-1625061948383'  data-addon-id='1625061948383'><div class='wppb-addon'><div class=\"wppb-image-addon\"><figure class=\"wppb-image-addon-content-wrap\"><div class=\"wppb-image-addon-content wppb-imginlineblock\"><img decoding=\"async\" class=\"wppb-image-addon-img\" src=\"http:\/\/chapterzero-france.com\/wp-content\/uploads\/2021\/03\/DEL_PRI_RGB.jpg\" alt=\"Image\"><\/div><\/figure><\/div><\/div><\/div><div class='wppb-builder-addon wppb-addon-1625061948443'  data-addon-id='1625061948443'><div class='wppb-addon'><div class=\"wppb-image-addon\"><figure class=\"wppb-image-addon-content-wrap\"><div class=\"wppb-image-addon-content wppb-imginlineblock\"><img decoding=\"async\" class=\"wppb-image-addon-img\" src=\"http:\/\/chapterzero-france.com\/wp-content\/uploads\/2021\/06\/MicrosoftTeams-image-1.png\" alt=\"Image\"><\/div><\/figure><\/div><\/div><\/div>                                            <\/div>\n                                        <\/div>\n                                    <\/div>\n\t\t\t\t\t\t\t\t\t                                    <div  class=\"wppb-column-parent wppb-column-parent-view wppb-col-1621272140439  \"  >\n                                        <div class=\"wppb-column\">\n\t\t\t\t\t\n\t\t\t\t\t\t\t\t\t\t\t\n                                            <div class=\"wppb-builder-addons\">\n\t\t\t\t\t\t\t\t\t\t\t\t<div class='wppb-builder-addon wppb-addon-1625061948390'  data-addon-id='1625061948390'><div class='wppb-addon'><div class=\"wppb-image-addon\"><figure class=\"wppb-image-addon-content-wrap\"><div class=\"wppb-image-addon-content wppb-imginlineblock\"><img decoding=\"async\" class=\"wppb-image-addon-img\" src=\"http:\/\/chapterzero-france.com\/wp-content\/uploads\/2021\/03\/1552325750289-150x150.png\" alt=\"Image\"><\/div><\/figure><\/div><\/div><\/div>                                            <\/div>\n                                        <\/div>\n                                    <\/div>\n\t\t\t\t\t\t\t\t\t                                    <div  class=\"wppb-column-parent wppb-column-parent-view wppb-col-1621272140452  \"  >\n                                        <div class=\"wppb-column\">\n\t\t\t\t\t\n\t\t\t\t\t\t\t\t\t\t\t\n                                            <div class=\"wppb-builder-addons\">\n\t\t\t\t\t\t\t\t\t\t\t\t<div class='wppb-builder-addon wppb-addon-1625061948393'  data-addon-id='1625061948393'><div class='wppb-addon'><div class=\"wppb-image-addon\"><figure class=\"wppb-image-addon-content-wrap\"><div class=\"wppb-image-addon-content wppb-imginlineblock\"><img decoding=\"async\" class=\"wppb-image-addon-img\" src=\"http:\/\/chapterzero-france.com\/wp-content\/uploads\/2021\/03\/logo-Ircantec-CDC.png\" alt=\"Image\"><\/div><\/figure><\/div><\/div><\/div><div class='wppb-builder-addon wppb-addon-1625061948450'  data-addon-id='1625061948450'><div class='wppb-addon'><div class=\"wppb-image-addon\"><figure class=\"wppb-image-addon-content-wrap\"><div class=\"wppb-image-addon-content wppb-imginlineblock\"><img decoding=\"async\" class=\"wppb-image-addon-img\" src=\"http:\/\/chapterzero-france.com\/wp-content\/uploads\/2021\/06\/Logo_I4CE.png\" alt=\"Image\"><\/div><\/figure><\/div><\/div><\/div>                                            <\/div>\n                                        <\/div>\n                                    <\/div>\n\t\t\t\t\t\t\t\t\t                                    <div  class=\"wppb-column-parent wppb-column-parent-view wppb-col-1621272140451  \"  >\n                                        <div class=\"wppb-column\">\n\t\t\t\t\t\n\t\t\t\t\t\t\t\t\t\t\t\n                                            <div class=\"wppb-builder-addons\">\n\t\t\t\t\t\t\t\t\t\t\t\t<div class='wppb-builder-addon wppb-addon-1625061948396'  data-addon-id='1625061948396'><div class='wppb-addon'><div class=\"wppb-image-addon\"><figure class=\"wppb-image-addon-content-wrap\"><div class=\"wppb-image-addon-content wppb-imginlineblock\"><img decoding=\"async\" class=\"wppb-image-addon-img\" src=\"http:\/\/chapterzero-france.com\/wp-content\/uploads\/2021\/03\/logo_saint-gobain_confort_habitat_bien_etre.jpg\" alt=\"Image\"><\/div><\/figure><\/div><\/div><\/div>                                            <\/div>\n                                        <\/div>\n                                    <\/div>\n\t\t\t\t\t\t\t\t\t                        <\/div>\n\n                    <\/div>\n                <\/div>\n\t\t\t\t<\/div>","protected":false},"excerpt":{"rendered":"<p>Organis\u00e9 par Chapter Zero France en collaboration avec Deloitte.Date: 24\/06\/2021 Trois points essentiels \u00e0 retenirDans les institutions financi\u00e8res et les entreprises industrielles, la valeur des engagements diverge consid\u00e9rablement et est r\u00e9ellement influenc\u00e9e par l\u2019engagement des administrateurs.Les entreprises leaders de la net zero \u00e9conomie auront beaucoup plus facilement acc\u00e8s au capital&hellip;<\/p>\n","protected":false},"author":4,"featured_media":0,"parent":0,"menu_order":0,"comment_status":"closed","ping_status":"closed","template":"","meta":{"advgb_blocks_editor_width":"","advgb_blocks_columns_visual_guide":"","_monsterinsights_skip_tracking":false,"_monsterinsights_sitenote_active":false,"_monsterinsights_sitenote_note":"","_monsterinsights_sitenote_category":0,"footnotes":""},"class_list":["post-6703","page","type-page","status-publish","hentry"],"yoast_head":"<!-- This site is optimized with the Yoast SEO plugin v23.4 - https:\/\/yoast.com\/wordpress\/plugins\/seo\/ -->\n<title>Net Zero : tous les engagements se valent-ils ? D\u00e9cryptage. - Chapter Zero France<\/title>\n<meta name=\"robots\" content=\"index, follow, max-snippet:-1, max-image-preview:large, max-video-preview:-1\" \/>\n<link rel=\"canonical\" href=\"https:\/\/chapterzero-france.com\/index.php\/net-zero-tous-les-engagements-se-valent-ils-decryptage\/\" \/>\n<meta property=\"og:locale\" content=\"fr_FR\" \/>\n<meta property=\"og:type\" content=\"article\" \/>\n<meta property=\"og:title\" content=\"Net Zero : tous les engagements se valent-ils ? D\u00e9cryptage. - Chapter Zero France\" \/>\n<meta property=\"og:description\" content=\"Organis\u00e9 par Chapter Zero France en collaboration avec Deloitte.Date: 24\/06\/2021 Trois points essentiels \u00e0 retenirDans les institutions financi\u00e8res et les entreprises industrielles, la valeur des engagements diverge consid\u00e9rablement et est r\u00e9ellement influenc\u00e9e par l\u2019engagement des administrateurs.Les entreprises leaders de la net zero \u00e9conomie auront beaucoup plus facilement acc\u00e8s au capital&hellip;\" \/>\n<meta property=\"og:url\" content=\"https:\/\/chapterzero-france.com\/index.php\/net-zero-tous-les-engagements-se-valent-ils-decryptage\/\" \/>\n<meta property=\"og:site_name\" content=\"Chapter Zero France\" \/>\n<meta property=\"article:modified_time\" content=\"2021-06-30T14:04:07+00:00\" \/>\n<meta name=\"twitter:card\" content=\"summary_large_image\" \/>\n<script type=\"application\/ld+json\" class=\"yoast-schema-graph\">{\"@context\":\"https:\/\/schema.org\",\"@graph\":[{\"@type\":\"WebPage\",\"@id\":\"https:\/\/chapterzero-france.com\/index.php\/net-zero-tous-les-engagements-se-valent-ils-decryptage\/\",\"url\":\"https:\/\/chapterzero-france.com\/index.php\/net-zero-tous-les-engagements-se-valent-ils-decryptage\/\",\"name\":\"Net Zero : tous les engagements se valent-ils ? D\u00e9cryptage. - Chapter Zero France\",\"isPartOf\":{\"@id\":\"https:\/\/chapterzero-france.com\/#website\"},\"datePublished\":\"2021-06-30T14:04:05+00:00\",\"dateModified\":\"2021-06-30T14:04:07+00:00\",\"breadcrumb\":{\"@id\":\"https:\/\/chapterzero-france.com\/index.php\/net-zero-tous-les-engagements-se-valent-ils-decryptage\/#breadcrumb\"},\"inLanguage\":\"fr-FR\",\"potentialAction\":[{\"@type\":\"ReadAction\",\"target\":[\"https:\/\/chapterzero-france.com\/index.php\/net-zero-tous-les-engagements-se-valent-ils-decryptage\/\"]}]},{\"@type\":\"BreadcrumbList\",\"@id\":\"https:\/\/chapterzero-france.com\/index.php\/net-zero-tous-les-engagements-se-valent-ils-decryptage\/#breadcrumb\",\"itemListElement\":[{\"@type\":\"ListItem\",\"position\":1,\"name\":\"Accueil\",\"item\":\"https:\/\/chapterzero-france.com\/\"},{\"@type\":\"ListItem\",\"position\":2,\"name\":\"Net Zero : tous les engagements se valent-ils ? D\u00e9cryptage.\"}]},{\"@type\":\"WebSite\",\"@id\":\"https:\/\/chapterzero-france.com\/#website\",\"url\":\"https:\/\/chapterzero-france.com\/\",\"name\":\"Chapter Zero France\",\"description\":\"Le Forum Climat des Administrateurs\",\"publisher\":{\"@id\":\"https:\/\/chapterzero-france.com\/#organization\"},\"potentialAction\":[{\"@type\":\"SearchAction\",\"target\":{\"@type\":\"EntryPoint\",\"urlTemplate\":\"https:\/\/chapterzero-france.com\/?s={search_term_string}\"},\"query-input\":{\"@type\":\"PropertyValueSpecification\",\"valueRequired\":true,\"valueName\":\"search_term_string\"}}],\"inLanguage\":\"fr-FR\"},{\"@type\":\"Organization\",\"@id\":\"https:\/\/chapterzero-france.com\/#organization\",\"name\":\"Chapter Zero France\",\"url\":\"https:\/\/chapterzero-france.com\/\",\"logo\":{\"@type\":\"ImageObject\",\"inLanguage\":\"fr-FR\",\"@id\":\"https:\/\/chapterzero-france.com\/#\/schema\/logo\/image\/\",\"url\":\"https:\/\/chapterzero-france.com\/wp-content\/uploads\/2020\/08\/ChapterZero_Logo_FranceForumClimat-e1598537853484.jpg\",\"contentUrl\":\"https:\/\/chapterzero-france.com\/wp-content\/uploads\/2020\/08\/ChapterZero_Logo_FranceForumClimat-e1598537853484.jpg\",\"width\":100,\"height\":38,\"caption\":\"Chapter Zero France\"},\"image\":{\"@id\":\"https:\/\/chapterzero-france.com\/#\/schema\/logo\/image\/\"}}]}<\/script>\n<!-- \/ Yoast SEO plugin. -->","yoast_head_json":{"title":"Net Zero : tous les engagements se valent-ils ? D\u00e9cryptage. - Chapter Zero France","robots":{"index":"index","follow":"follow","max-snippet":"max-snippet:-1","max-image-preview":"max-image-preview:large","max-video-preview":"max-video-preview:-1"},"canonical":"https:\/\/chapterzero-france.com\/index.php\/net-zero-tous-les-engagements-se-valent-ils-decryptage\/","og_locale":"fr_FR","og_type":"article","og_title":"Net Zero : tous les engagements se valent-ils ? D\u00e9cryptage. - Chapter Zero France","og_description":"Organis\u00e9 par Chapter Zero France en collaboration avec Deloitte.Date: 24\/06\/2021 Trois points essentiels \u00e0 retenirDans les institutions financi\u00e8res et les entreprises industrielles, la valeur des engagements diverge consid\u00e9rablement et est r\u00e9ellement influenc\u00e9e par l\u2019engagement des administrateurs.Les entreprises leaders de la net zero \u00e9conomie auront beaucoup plus facilement acc\u00e8s au capital&hellip;","og_url":"https:\/\/chapterzero-france.com\/index.php\/net-zero-tous-les-engagements-se-valent-ils-decryptage\/","og_site_name":"Chapter Zero France","article_modified_time":"2021-06-30T14:04:07+00:00","twitter_card":"summary_large_image","schema":{"@context":"https:\/\/schema.org","@graph":[{"@type":"WebPage","@id":"https:\/\/chapterzero-france.com\/index.php\/net-zero-tous-les-engagements-se-valent-ils-decryptage\/","url":"https:\/\/chapterzero-france.com\/index.php\/net-zero-tous-les-engagements-se-valent-ils-decryptage\/","name":"Net Zero : tous les engagements se valent-ils ? D\u00e9cryptage. - Chapter Zero France","isPartOf":{"@id":"https:\/\/chapterzero-france.com\/#website"},"datePublished":"2021-06-30T14:04:05+00:00","dateModified":"2021-06-30T14:04:07+00:00","breadcrumb":{"@id":"https:\/\/chapterzero-france.com\/index.php\/net-zero-tous-les-engagements-se-valent-ils-decryptage\/#breadcrumb"},"inLanguage":"fr-FR","potentialAction":[{"@type":"ReadAction","target":["https:\/\/chapterzero-france.com\/index.php\/net-zero-tous-les-engagements-se-valent-ils-decryptage\/"]}]},{"@type":"BreadcrumbList","@id":"https:\/\/chapterzero-france.com\/index.php\/net-zero-tous-les-engagements-se-valent-ils-decryptage\/#breadcrumb","itemListElement":[{"@type":"ListItem","position":1,"name":"Accueil","item":"https:\/\/chapterzero-france.com\/"},{"@type":"ListItem","position":2,"name":"Net Zero : tous les engagements se valent-ils ? D\u00e9cryptage."}]},{"@type":"WebSite","@id":"https:\/\/chapterzero-france.com\/#website","url":"https:\/\/chapterzero-france.com\/","name":"Chapter Zero France","description":"Le Forum Climat des Administrateurs","publisher":{"@id":"https:\/\/chapterzero-france.com\/#organization"},"potentialAction":[{"@type":"SearchAction","target":{"@type":"EntryPoint","urlTemplate":"https:\/\/chapterzero-france.com\/?s={search_term_string}"},"query-input":{"@type":"PropertyValueSpecification","valueRequired":true,"valueName":"search_term_string"}}],"inLanguage":"fr-FR"},{"@type":"Organization","@id":"https:\/\/chapterzero-france.com\/#organization","name":"Chapter Zero France","url":"https:\/\/chapterzero-france.com\/","logo":{"@type":"ImageObject","inLanguage":"fr-FR","@id":"https:\/\/chapterzero-france.com\/#\/schema\/logo\/image\/","url":"https:\/\/chapterzero-france.com\/wp-content\/uploads\/2020\/08\/ChapterZero_Logo_FranceForumClimat-e1598537853484.jpg","contentUrl":"https:\/\/chapterzero-france.com\/wp-content\/uploads\/2020\/08\/ChapterZero_Logo_FranceForumClimat-e1598537853484.jpg","width":100,"height":38,"caption":"Chapter Zero France"},"image":{"@id":"https:\/\/chapterzero-france.com\/#\/schema\/logo\/image\/"}}]}},"coauthors":[],"author_meta":{"author_link":"https:\/\/chapterzero-france.com\/index.php\/author\/czfr\/","display_name":"CZFR"},"relative_dates":{"created":"Publi\u00e9 5 ans il y a","modified":"Mis \u00e0 jour 5 ans il y a"},"absolute_dates":{"created":"Publi\u00e9 le 30 juin 2021","modified":"Mise \u00e0 jour le 30 juin 2021"},"absolute_dates_time":{"created":"Publi\u00e9 le 30 juin 2021 16 h 04 min","modified":"Mise \u00e0 jour le 30 juin 2021 16 h 04 min"},"featured_img_caption":"","featured_img":false,"series_order":"","_links":{"self":[{"href":"https:\/\/chapterzero-france.com\/index.php\/wp-json\/wp\/v2\/pages\/6703","targetHints":{"allow":["GET"]}}],"collection":[{"href":"https:\/\/chapterzero-france.com\/index.php\/wp-json\/wp\/v2\/pages"}],"about":[{"href":"https:\/\/chapterzero-france.com\/index.php\/wp-json\/wp\/v2\/types\/page"}],"author":[{"embeddable":true,"href":"https:\/\/chapterzero-france.com\/index.php\/wp-json\/wp\/v2\/users\/4"}],"replies":[{"embeddable":true,"href":"https:\/\/chapterzero-france.com\/index.php\/wp-json\/wp\/v2\/comments?post=6703"}],"version-history":[{"count":1,"href":"https:\/\/chapterzero-france.com\/index.php\/wp-json\/wp\/v2\/pages\/6703\/revisions"}],"predecessor-version":[{"id":6704,"href":"https:\/\/chapterzero-france.com\/index.php\/wp-json\/wp\/v2\/pages\/6703\/revisions\/6704"}],"wp:attachment":[{"href":"https:\/\/chapterzero-france.com\/index.php\/wp-json\/wp\/v2\/media?parent=6703"}],"curies":[{"name":"wp","href":"https:\/\/api.w.org\/{rel}","templated":true}]}}