{"id":6713,"date":"2021-06-30T16:44:28","date_gmt":"2021-06-30T14:44:28","guid":{"rendered":"http:\/\/chapterzero-france.com\/?page_id=6713"},"modified":"2021-06-30T16:44:29","modified_gmt":"2021-06-30T14:44:29","slug":"pathways-to-net-zero-challenges-and-opportunities-in-aging-assets","status":"publish","type":"page","link":"https:\/\/chapterzero-france.com\/index.php\/pathways-to-net-zero-challenges-and-opportunities-in-aging-assets\/","title":{"rendered":"Pathways to net zero: challenges and opportunities in aging assets"},"content":{"rendered":"<div id=\"wppb-builder-container\" class=\"wppb-builder-container\">                <div  class=\"wppb-row-parent  wppb-row-1612115273447 \"  >\n\t\t\t\t\t\n\t\t\t\t\t\t\t\t\t\t\n\t\t\t\t\t\t\t\t\t\t\n\t\t\t\t\t<div class=\"wppb-container \">\n\t\t\t\t\t\t\t\t\t\t\t\t\t\n                        <div class=\"wppb-row\">\n\t\t\t\t\t\t\t                                    <div  class=\"wppb-column-parent wppb-column-parent-view wppb-col-1612115273446  \"  >\n                                        <div class=\"wppb-column\">\n\t\t\t\t\t\n\t\t\t\t\t\t\t\t\t\t\t\n                                            <div class=\"wppb-builder-addons\">\n\t\t\t\t\t\t\t\t\t\t\t\t<div class='wppb-builder-addon wppb-addon-1612115323379'  data-addon-id='1612115323379'><div class='wppb-addon'><div class=\"wppb-text-block-addon\"><div class=\"wppb-text-block-content 0\"><p style=\"text-align: center\"><strong>Organised by Chapter Zero France in collaboration with <a href=\"https:\/\/www2.deloitte.com\/fr\/fr\/pages\/sustainability-services\/articles\/deloitte-partenaire-chapter-zero-france.html\">Deloitte<\/a>.\u00a0<\/strong><\/p><p style=\"text-align: center\"><strong>Date: 30\/06\/2021<\/strong><\/p><\/div><\/div><\/div><\/div>                                            <\/div>\n                                        <\/div>\n                                    <\/div>\n\t\t\t\t\t\t\t\t\t                        <\/div>\n\n                    <\/div>\n                <\/div>\n\t\t\t\t                <div  class=\"wppb-row-parent  wppb-row-1612115273468 \"  >\n\t\t\t\t\t\n\t\t\t\t\t\t\t\t\t\t\n\t\t\t\t\t\t\t\t\t\t\n\t\t\t\t\t<div class=\"wppb-container \">\n\t\t\t\t\t\t\t\t\t\t\t\t\t\n                        <div class=\"wppb-row\">\n\t\t\t\t\t\t\t                                    <div  class=\"wppb-column-parent wppb-column-parent-view wppb-col-1612115273466  \"  >\n                                        <div class=\"wppb-column\">\n\t\t\t\t\t\n\t\t\t\t\t\t\t\t\t\t\t\n                                            <div class=\"wppb-builder-addons\">\n\t\t\t\t\t\t\t\t\t\t\t\t<div class='wppb-builder-addon wppb-addon-1612115855572'  data-addon-id='1612115855572'><div class='wppb-addon'><div class=\"wppb-text-block-addon\"><div class=\"wppb-text-block-content 0\"><h2 style=\"text-align: center\"><strong>Three takeaways<\/strong><\/h2><ul><li>Divestment was until recently naively seen as a way to get rid of the problem of an aging asset. However it is an increasingly criticized method. Offloading the problem to someone else is not an acceptable option anymore. There are significant inconsistencies from one country to the other, but it is not enough to comply with local regulations: the media test and the risk of litigation remain essential elements that can harm reputation.<\/li><li>There is a high need for the industry to develop common standards. Currently, regulation is changing rapidly and uncertainty prevails.<\/li><li>Boards of directors should keep decommissioning issues top of mind. Directors should ensure all details of the decommissioning process are checked thoroughly, including the evolution of liabilities, size of decommissioning, local regulation, scenario planning, etc.\u00a0<\/li><\/ul><p>A one-pager summary of the session by <a href=\"https:\/\/www.share-share.org\/\">ShARE<\/a> is available for Chapter Zero France members. If interested, please contact us.\u00a0<\/p><\/div><\/div><\/div><\/div>                                            <\/div>\n                                        <\/div>\n                                    <\/div>\n\t\t\t\t\t\t\t\t\t                                    <div  class=\"wppb-column-parent wppb-column-parent-view wppb-col-1612115273467  \"  >\n                                        <div class=\"wppb-column\">\n\t\t\t\t\t\n\t\t\t\t\t\t\t\t\t\t\t\n                                            <div class=\"wppb-builder-addons\">\n\t\t\t\t\t\t\t\t\t\t\t\t<div class='wppb-builder-addon wppb-addon-1612115599606'  data-addon-id='1612115599606'><div class='wppb-addon'><div class=\"wppb-image-addon\"><figure class=\"wppb-image-addon-content-wrap\"><div class=\"wppb-image-addon-content wppb-imginlineblock\"><a rel=nofolow href=\"http:\/\/chapterzero-france.com\/wp-content\/uploads\/2021\/03\/Webinar-TCFD_VF.pdf\" target=_blank><img decoding=\"async\" class=\"wppb-image-addon-img\" src=\"http:\/\/chapterzero-france.com\/wp-content\/uploads\/2021\/06\/Webinar-Decommissionning-30.06-2.jpg\" alt=\"Image\"><\/a><\/div><\/figure><\/div><\/div><\/div>                                            <\/div>\n                                        <\/div>\n                                    <\/div>\n\t\t\t\t\t\t\t\t\t                        <\/div>\n\n                    <\/div>\n                <\/div>\n\t\t\t\t                <div  class=\"wppb-row-parent  wppb-row-1612115273794 \"  >\n\t\t\t\t\t\n\t\t\t\t\t\t\t\t\t\t\n\t\t\t\t\t\t\t\t\t\t\n\t\t\t\t\t<div class=\"wppb-container \">\n\t\t\t\t\t\t\t\t\t\t\t\t\t\n                        <div class=\"wppb-row\">\n\t\t\t\t\t\t\t                                    <div  class=\"wppb-column-parent wppb-column-parent-view wppb-col-1612115273795  \"  >\n                                        <div class=\"wppb-column\">\n\t\t\t\t\t\n\t\t\t\t\t\t\t\t\t\t\t\n                                            <div class=\"wppb-builder-addons\">\n\t\t\t\t\t\t\t\t\t\t\t\t<div class='wppb-builder-addon wppb-addon-1612115273796'  data-addon-id='1612115273796'><div class='wppb-addon'><div class=\"wppb-text-block-addon\"><div class=\"wppb-text-block-content 0\"><h2 style=\"text-align: center\">Webinar speakers<\/h2><p style=\"text-align: left\"><span class=\"has-inline-color has-luminous-vivid-amber-color\">Speakers\u00a0<\/span><!-- wp:list \/--><\/p><ul style=\"text-align: left\"><li><a href=\"https:\/\/www.dlapiper.com\/en\/uk\/people\/w\/widdup-bryony\/\" target=\"_blank\" rel=\"noreferrer noopener\" data-rich-text-format-boundary=\"true\">Bryony Widdup<\/a>, Partner and financial markets specialist, <strong>DLA Piper<\/strong><\/li><li><a href=\"https:\/\/www.linkedin.com\/in\/julienhalfon\/\" target=\"_blank\" rel=\"noreferrer noopener\">Julien Halfon<\/a> - Head of Pensions and Corporate Solutions, <strong>BNP Paribas Asset Management<\/strong><\/li><li><a href=\"https:\/\/www.linkedin.com\/in\/olivier-perrin-949b09a\/\" target=\"_blank\" rel=\"noreferrer noopener\">Olivier Perrin<\/a> - Senior Partner, Energy, Resources &amp; Industrials, <strong>Monitor Deloitte<\/strong><\/li><\/ul><p style=\"text-align: left\"><span class=\"has-inline-color has-luminous-vivid-amber-color\">Moderator\u00a0<\/span><\/p><ul><li><a href=\"https:\/\/www.linkedin.com\/in\/karina-litvack-42070612\/\" target=\"_blank\" rel=\"noreferrer noopener\" data-rich-text-format-boundary=\"true\">Karina Litvack<\/a> - Independent non-executive Director, <strong>ENI S.p.A.<\/strong><\/li><\/ul><\/div><\/div><\/div><\/div>                                            <\/div>\n                                        <\/div>\n                                    <\/div>\n\t\t\t\t\t\t\t\t\t                                    <div  class=\"wppb-column-parent wppb-column-parent-view wppb-col-1612115273797  \"  >\n                                        <div class=\"wppb-column\">\n\t\t\t\t\t\n\t\t\t\t\t\t\t\t\t\t\t\n                                            <div class=\"wppb-builder-addons\">\n\t\t\t\t\t\t\t\t\t\t\t\t<div class='wppb-builder-addon wppb-addon-1617120308009'  data-addon-id='1617120308009'><div class='wppb-addon'><div class=\"wppb-video-addon\"><div class=\"wppb-video-content\"><div class=\"wppb-video-block wppb-embed-responsive wppb-embed-responsive-16by9\"><iframe class=\"wppb-embed-responsive-item\" src=\"\/\/www.youtube.com\/embed\/twq-SHDbIlo?controls=1&#038;modestbranding=1\" allowFullScreen><\/iframe><\/div><\/div><\/div><\/div><\/div>                                            <\/div>\n                                        <\/div>\n                                    <\/div>\n\t\t\t\t\t\t\t\t\t                        <\/div>\n\n                    <\/div>\n                <\/div>\n\t\t\t\t                <div  class=\"wppb-row-parent  wppb-row-1617107221577 \"  >\n\t\t\t\t\t\n\t\t\t\t\t\t\t\t\t\t\n\t\t\t\t\t\t\t\t\t\t\n\t\t\t\t\t<div class=\"wppb-container \">\n\t\t\t\t\t\t\t\t\t\t\t\t\t\n                        <div class=\"wppb-row\">\n\t\t\t\t\t\t\t                                    <div  class=\"wppb-column-parent wppb-column-parent-view wppb-col-1617107221576  \"  >\n                                        <div class=\"wppb-column\">\n\t\t\t\t\t\n\t\t\t\t\t\t\t\t\t\t\t\n                                            <div class=\"wppb-builder-addons\">\n\t\t\t\t\t\t\t\t\t\t\t\t                                            <\/div>\n                                        <\/div>\n                                    <\/div>\n\t\t\t\t\t\t\t\t\t                                    <div  class=\"wppb-column-parent wppb-column-parent-view wppb-col-1617125810841  \"  >\n                                        <div class=\"wppb-column\">\n\t\t\t\t\t\n\t\t\t\t\t\t\t\t\t\t\t\n                                            <div class=\"wppb-builder-addons\">\n\t\t\t\t\t\t\t\t\t\t\t\t<div class='wppb-builder-addon wppb-addon-1617125810842'  data-addon-id='1617125810842'><div class='wppb-addon'><div class=\"wppb-image-addon\"><figure class=\"wppb-image-addon-content-wrap\"><div class=\"wppb-image-addon-content wppb-imginlineblock\"><img decoding=\"async\" class=\"wppb-image-addon-img\" src=\"http:\/\/chapterzero-france.com\/wp-content\/uploads\/2021\/06\/BNP-Paribas-Asset-Management.jpg\" alt=\"Image\"><\/div><\/figure><\/div><\/div><\/div>                                            <\/div>\n                                        <\/div>\n                                    <\/div>\n\t\t\t\t\t\t\t\t\t                                    <div  class=\"wppb-column-parent wppb-column-parent-view wppb-col-1617125810839  \"  >\n                                        <div class=\"wppb-column\">\n\t\t\t\t\t\n\t\t\t\t\t\t\t\t\t\t\t\n                                            <div class=\"wppb-builder-addons\">\n\t\t\t\t\t\t\t\t\t\t\t\t<div class='wppb-builder-addon wppb-addon-1617125810840'  data-addon-id='1617125810840'><div class='wppb-addon'><div class=\"wppb-image-addon\"><figure class=\"wppb-image-addon-content-wrap\"><div class=\"wppb-image-addon-content wppb-imginlineblock\"><img decoding=\"async\" class=\"wppb-image-addon-img\" src=\"http:\/\/chapterzero-france.com\/wp-content\/uploads\/2021\/03\/DEL_PRI_RGB-1536x624.jpg\" alt=\"Image\"><\/div><\/figure><\/div><\/div><\/div>                                            <\/div>\n                                        <\/div>\n                                    <\/div>\n\t\t\t\t\t\t\t\t\t                                    <div  class=\"wppb-column-parent wppb-column-parent-view wppb-col-1617107221613  \"  >\n                                        <div class=\"wppb-column\">\n\t\t\t\t\t\n\t\t\t\t\t\t\t\t\t\t\t\n                                            <div class=\"wppb-builder-addons\">\n\t\t\t\t\t\t\t\t\t\t\t\t<div class='wppb-builder-addon wppb-addon-1617107221614'  data-addon-id='1617107221614'><div class='wppb-addon'><div class=\"wppb-image-addon\"><figure class=\"wppb-image-addon-content-wrap\"><div class=\"wppb-image-addon-content wppb-imginlineblock\"><img decoding=\"async\" class=\"wppb-image-addon-img\" src=\"http:\/\/chapterzero-france.com\/wp-content\/uploads\/2021\/06\/DLA-Piper.png\" alt=\"Image\"><\/div><\/figure><\/div><\/div><\/div>                                            <\/div>\n                                        <\/div>\n                                    <\/div>\n\t\t\t\t\t\t\t\t\t                                    <div  class=\"wppb-column-parent wppb-column-parent-view wppb-col-1617107221596  \"  >\n                                        <div class=\"wppb-column\">\n\t\t\t\t\t\n\t\t\t\t\t\t\t\t\t\t\t\n                                            <div class=\"wppb-builder-addons\">\n\t\t\t\t\t\t\t\t\t\t\t\t                                            <\/div>\n                                        <\/div>\n                                    <\/div>\n\t\t\t\t\t\t\t\t\t                        <\/div>\n\n                    <\/div>\n                <\/div>\n\t\t\t\t<\/div>","protected":false},"excerpt":{"rendered":"<p>Organised by Chapter Zero France in collaboration with Deloitte.\u00a0Date: 30\/06\/2021 Three takeawaysDivestment was until recently naively seen as a way to get rid of the problem of an aging asset. However it is an increasingly criticized method. Offloading the problem to someone else is not an acceptable option anymore. There&hellip;<\/p>\n","protected":false},"author":4,"featured_media":0,"parent":0,"menu_order":0,"comment_status":"closed","ping_status":"closed","template":"","meta":{"advgb_blocks_editor_width":"","advgb_blocks_columns_visual_guide":"","_monsterinsights_skip_tracking":false,"_monsterinsights_sitenote_active":false,"_monsterinsights_sitenote_note":"","_monsterinsights_sitenote_category":0,"footnotes":""},"class_list":["post-6713","page","type-page","status-publish","hentry"],"yoast_head":"<!-- This site is optimized with the Yoast SEO plugin v23.4 - https:\/\/yoast.com\/wordpress\/plugins\/seo\/ -->\n<title>Pathways to net zero: challenges and opportunities in aging assets - Chapter Zero France<\/title>\n<meta name=\"robots\" content=\"index, follow, max-snippet:-1, max-image-preview:large, max-video-preview:-1\" \/>\n<link rel=\"canonical\" href=\"https:\/\/chapterzero-france.com\/index.php\/pathways-to-net-zero-challenges-and-opportunities-in-aging-assets\/\" \/>\n<meta property=\"og:locale\" content=\"fr_FR\" \/>\n<meta property=\"og:type\" content=\"article\" \/>\n<meta property=\"og:title\" content=\"Pathways to net zero: challenges and opportunities in aging assets - Chapter Zero France\" \/>\n<meta property=\"og:description\" content=\"Organised by Chapter Zero France in collaboration with Deloitte.\u00a0Date: 30\/06\/2021 Three takeawaysDivestment was until recently naively seen as a way to get rid of the problem of an aging asset. However it is an increasingly criticized method. Offloading the problem to someone else is not an acceptable option anymore. There&hellip;\" \/>\n<meta property=\"og:url\" content=\"https:\/\/chapterzero-france.com\/index.php\/pathways-to-net-zero-challenges-and-opportunities-in-aging-assets\/\" \/>\n<meta property=\"og:site_name\" content=\"Chapter Zero France\" \/>\n<meta property=\"article:modified_time\" content=\"2021-06-30T14:44:29+00:00\" \/>\n<meta name=\"twitter:card\" content=\"summary_large_image\" \/>\n<script type=\"application\/ld+json\" class=\"yoast-schema-graph\">{\"@context\":\"https:\/\/schema.org\",\"@graph\":[{\"@type\":\"WebPage\",\"@id\":\"https:\/\/chapterzero-france.com\/index.php\/pathways-to-net-zero-challenges-and-opportunities-in-aging-assets\/\",\"url\":\"https:\/\/chapterzero-france.com\/index.php\/pathways-to-net-zero-challenges-and-opportunities-in-aging-assets\/\",\"name\":\"Pathways to net zero: challenges and opportunities in aging assets - Chapter Zero France\",\"isPartOf\":{\"@id\":\"https:\/\/chapterzero-france.com\/#website\"},\"datePublished\":\"2021-06-30T14:44:28+00:00\",\"dateModified\":\"2021-06-30T14:44:29+00:00\",\"breadcrumb\":{\"@id\":\"https:\/\/chapterzero-france.com\/index.php\/pathways-to-net-zero-challenges-and-opportunities-in-aging-assets\/#breadcrumb\"},\"inLanguage\":\"fr-FR\",\"potentialAction\":[{\"@type\":\"ReadAction\",\"target\":[\"https:\/\/chapterzero-france.com\/index.php\/pathways-to-net-zero-challenges-and-opportunities-in-aging-assets\/\"]}]},{\"@type\":\"BreadcrumbList\",\"@id\":\"https:\/\/chapterzero-france.com\/index.php\/pathways-to-net-zero-challenges-and-opportunities-in-aging-assets\/#breadcrumb\",\"itemListElement\":[{\"@type\":\"ListItem\",\"position\":1,\"name\":\"Accueil\",\"item\":\"https:\/\/chapterzero-france.com\/\"},{\"@type\":\"ListItem\",\"position\":2,\"name\":\"Pathways to net zero: challenges and opportunities in aging assets\"}]},{\"@type\":\"WebSite\",\"@id\":\"https:\/\/chapterzero-france.com\/#website\",\"url\":\"https:\/\/chapterzero-france.com\/\",\"name\":\"Chapter Zero France\",\"description\":\"Le Forum Climat des Administrateurs\",\"publisher\":{\"@id\":\"https:\/\/chapterzero-france.com\/#organization\"},\"potentialAction\":[{\"@type\":\"SearchAction\",\"target\":{\"@type\":\"EntryPoint\",\"urlTemplate\":\"https:\/\/chapterzero-france.com\/?s={search_term_string}\"},\"query-input\":{\"@type\":\"PropertyValueSpecification\",\"valueRequired\":true,\"valueName\":\"search_term_string\"}}],\"inLanguage\":\"fr-FR\"},{\"@type\":\"Organization\",\"@id\":\"https:\/\/chapterzero-france.com\/#organization\",\"name\":\"Chapter Zero France\",\"url\":\"https:\/\/chapterzero-france.com\/\",\"logo\":{\"@type\":\"ImageObject\",\"inLanguage\":\"fr-FR\",\"@id\":\"https:\/\/chapterzero-france.com\/#\/schema\/logo\/image\/\",\"url\":\"https:\/\/chapterzero-france.com\/wp-content\/uploads\/2020\/08\/ChapterZero_Logo_FranceForumClimat-e1598537853484.jpg\",\"contentUrl\":\"https:\/\/chapterzero-france.com\/wp-content\/uploads\/2020\/08\/ChapterZero_Logo_FranceForumClimat-e1598537853484.jpg\",\"width\":100,\"height\":38,\"caption\":\"Chapter Zero France\"},\"image\":{\"@id\":\"https:\/\/chapterzero-france.com\/#\/schema\/logo\/image\/\"}}]}<\/script>\n<!-- \/ Yoast SEO plugin. -->","yoast_head_json":{"title":"Pathways to net zero: challenges and opportunities in aging assets - Chapter Zero France","robots":{"index":"index","follow":"follow","max-snippet":"max-snippet:-1","max-image-preview":"max-image-preview:large","max-video-preview":"max-video-preview:-1"},"canonical":"https:\/\/chapterzero-france.com\/index.php\/pathways-to-net-zero-challenges-and-opportunities-in-aging-assets\/","og_locale":"fr_FR","og_type":"article","og_title":"Pathways to net zero: challenges and opportunities in aging assets - Chapter Zero France","og_description":"Organised by Chapter Zero France in collaboration with Deloitte.\u00a0Date: 30\/06\/2021 Three takeawaysDivestment was until recently naively seen as a way to get rid of the problem of an aging asset. However it is an increasingly criticized method. Offloading the problem to someone else is not an acceptable option anymore. There&hellip;","og_url":"https:\/\/chapterzero-france.com\/index.php\/pathways-to-net-zero-challenges-and-opportunities-in-aging-assets\/","og_site_name":"Chapter Zero France","article_modified_time":"2021-06-30T14:44:29+00:00","twitter_card":"summary_large_image","schema":{"@context":"https:\/\/schema.org","@graph":[{"@type":"WebPage","@id":"https:\/\/chapterzero-france.com\/index.php\/pathways-to-net-zero-challenges-and-opportunities-in-aging-assets\/","url":"https:\/\/chapterzero-france.com\/index.php\/pathways-to-net-zero-challenges-and-opportunities-in-aging-assets\/","name":"Pathways to net zero: challenges and opportunities in aging assets - Chapter Zero France","isPartOf":{"@id":"https:\/\/chapterzero-france.com\/#website"},"datePublished":"2021-06-30T14:44:28+00:00","dateModified":"2021-06-30T14:44:29+00:00","breadcrumb":{"@id":"https:\/\/chapterzero-france.com\/index.php\/pathways-to-net-zero-challenges-and-opportunities-in-aging-assets\/#breadcrumb"},"inLanguage":"fr-FR","potentialAction":[{"@type":"ReadAction","target":["https:\/\/chapterzero-france.com\/index.php\/pathways-to-net-zero-challenges-and-opportunities-in-aging-assets\/"]}]},{"@type":"BreadcrumbList","@id":"https:\/\/chapterzero-france.com\/index.php\/pathways-to-net-zero-challenges-and-opportunities-in-aging-assets\/#breadcrumb","itemListElement":[{"@type":"ListItem","position":1,"name":"Accueil","item":"https:\/\/chapterzero-france.com\/"},{"@type":"ListItem","position":2,"name":"Pathways to net zero: challenges and opportunities in aging assets"}]},{"@type":"WebSite","@id":"https:\/\/chapterzero-france.com\/#website","url":"https:\/\/chapterzero-france.com\/","name":"Chapter Zero France","description":"Le Forum Climat des Administrateurs","publisher":{"@id":"https:\/\/chapterzero-france.com\/#organization"},"potentialAction":[{"@type":"SearchAction","target":{"@type":"EntryPoint","urlTemplate":"https:\/\/chapterzero-france.com\/?s={search_term_string}"},"query-input":{"@type":"PropertyValueSpecification","valueRequired":true,"valueName":"search_term_string"}}],"inLanguage":"fr-FR"},{"@type":"Organization","@id":"https:\/\/chapterzero-france.com\/#organization","name":"Chapter Zero France","url":"https:\/\/chapterzero-france.com\/","logo":{"@type":"ImageObject","inLanguage":"fr-FR","@id":"https:\/\/chapterzero-france.com\/#\/schema\/logo\/image\/","url":"https:\/\/chapterzero-france.com\/wp-content\/uploads\/2020\/08\/ChapterZero_Logo_FranceForumClimat-e1598537853484.jpg","contentUrl":"https:\/\/chapterzero-france.com\/wp-content\/uploads\/2020\/08\/ChapterZero_Logo_FranceForumClimat-e1598537853484.jpg","width":100,"height":38,"caption":"Chapter Zero France"},"image":{"@id":"https:\/\/chapterzero-france.com\/#\/schema\/logo\/image\/"}}]}},"coauthors":[],"author_meta":{"author_link":"https:\/\/chapterzero-france.com\/index.php\/author\/czfr\/","display_name":"CZFR"},"relative_dates":{"created":"Publi\u00e9 5 ans il y a","modified":"Mis \u00e0 jour 5 ans il y a"},"absolute_dates":{"created":"Publi\u00e9 le 30 juin 2021","modified":"Mise \u00e0 jour le 30 juin 2021"},"absolute_dates_time":{"created":"Publi\u00e9 le 30 juin 2021 16 h 44 min","modified":"Mise \u00e0 jour le 30 juin 2021 16 h 44 min"},"featured_img_caption":"","featured_img":false,"series_order":"","_links":{"self":[{"href":"https:\/\/chapterzero-france.com\/index.php\/wp-json\/wp\/v2\/pages\/6713","targetHints":{"allow":["GET"]}}],"collection":[{"href":"https:\/\/chapterzero-france.com\/index.php\/wp-json\/wp\/v2\/pages"}],"about":[{"href":"https:\/\/chapterzero-france.com\/index.php\/wp-json\/wp\/v2\/types\/page"}],"author":[{"embeddable":true,"href":"https:\/\/chapterzero-france.com\/index.php\/wp-json\/wp\/v2\/users\/4"}],"replies":[{"embeddable":true,"href":"https:\/\/chapterzero-france.com\/index.php\/wp-json\/wp\/v2\/comments?post=6713"}],"version-history":[{"count":1,"href":"https:\/\/chapterzero-france.com\/index.php\/wp-json\/wp\/v2\/pages\/6713\/revisions"}],"predecessor-version":[{"id":6714,"href":"https:\/\/chapterzero-france.com\/index.php\/wp-json\/wp\/v2\/pages\/6713\/revisions\/6714"}],"wp:attachment":[{"href":"https:\/\/chapterzero-france.com\/index.php\/wp-json\/wp\/v2\/media?parent=6713"}],"curies":[{"name":"wp","href":"https:\/\/api.w.org\/{rel}","templated":true}]}}