{"id":6784,"date":"2021-11-25T19:01:24","date_gmt":"2021-11-25T18:01:24","guid":{"rendered":"http:\/\/chapterzero-france.com\/?page_id=6784"},"modified":"2021-11-25T20:31:13","modified_gmt":"2021-11-25T19:31:13","slug":"accelerating-climate-change-leadership-in-the-boardroom","status":"publish","type":"page","link":"https:\/\/chapterzero-france.com\/index.php\/accelerating-climate-change-leadership-in-the-boardroom\/","title":{"rendered":"Accelerating Climate Change Leadership in the Boardroom"},"content":{"rendered":"<div id=\"wppb-builder-container\" class=\"wppb-builder-container\">                <div  class=\"wppb-row-parent  wppb-row-1612115273447 \"  >\n\t\t\t\t\t\n\t\t\t\t\t\t\t\t\t\t\n\t\t\t\t\t\t\t\t\t\t\n\t\t\t\t\t<div class=\"wppb-container \">\n\t\t\t\t\t\t\t\t\t\t\t\t\t\n                        <div class=\"wppb-row\">\n\t\t\t\t\t\t\t                                    <div  class=\"wppb-column-parent wppb-column-parent-view wppb-col-1612115273446  \"  >\n                                        <div class=\"wppb-column\">\n\t\t\t\t\t\n\t\t\t\t\t\t\t\t\t\t\t\n                                            <div class=\"wppb-builder-addons\">\n\t\t\t\t\t\t\t\t\t\t\t\t<div class='wppb-builder-addon wppb-addon-1612115323379'  data-addon-id='1612115323379'><div class='wppb-addon'><div class=\"wppb-text-block-addon\"><div class=\"wppb-text-block-content 0\"><p style=\"text-align: center\"><strong>Organised by INSEAD Corporate Governance Centre and Chapter Zero France, in collaboration with Heidrick &amp; Struggles.\u00a0<\/strong><\/p><p style=\"text-align: center\"><strong>Date: 16\/11\/2021<\/strong><\/p><\/div><\/div><\/div><\/div>                                            <\/div>\n                                        <\/div>\n                                    <\/div>\n\t\t\t\t\t\t\t\t\t                        <\/div>\n\n                    <\/div>\n                <\/div>\n\t\t\t\t                <div  class=\"wppb-row-parent  wppb-row-1612115273468 \"  >\n\t\t\t\t\t\n\t\t\t\t\t\t\t\t\t\t\n\t\t\t\t\t\t\t\t\t\t\n\t\t\t\t\t<div class=\"wppb-container \">\n\t\t\t\t\t\t\t\t\t\t\t\t\t\n                        <div class=\"wppb-row\">\n\t\t\t\t\t\t\t                                    <div  class=\"wppb-column-parent wppb-column-parent-view wppb-col-1612115273466  \"  >\n                                        <div class=\"wppb-column\">\n\t\t\t\t\t\n\t\t\t\t\t\t\t\t\t\t\t\n                                            <div class=\"wppb-builder-addons\">\n\t\t\t\t\t\t\t\t\t\t\t\t<div class='wppb-builder-addon wppb-addon-1612115855572'  data-addon-id='1612115855572'><div class='wppb-addon'><div class=\"wppb-text-block-addon\"><div class=\"wppb-text-block-content 0\"><h2 style=\"text-align: center\"><strong>Three takeaways<\/strong><\/h2><ul><li>85% of board members say that their board needs to increase their climate knowledge, according to the Insead and Heidrick &amp; Struggles survey. Boards understand the shortcomings but don\u2019t seem to be addressing them. 74% say that climate change is not at all or only slightly integrated into executive performance metrics.<\/li><li>An early engagement with investors is required, we should not wait the next general assembly to raise questions or issues.\u00a0 Directors must be courageous to raise climate change related issues.<\/li><li><p>CO2 emissions are not the only metric to track. Climate change risk is multifaceted: directors need to understand the implications of climate change on the company's business model and operations. It is also important to consider the social implications of the energy transition.<\/p><\/li><\/ul><p>A one-pager summary of the session\u00a0is available for Chapter Zero France members. If interested, please contact us.\u00a0<\/p><\/div><\/div><\/div><\/div>                                            <\/div>\n                                        <\/div>\n                                    <\/div>\n\t\t\t\t\t\t\t\t\t                                    <div  class=\"wppb-column-parent wppb-column-parent-view wppb-col-1612115273467  \"  >\n                                        <div class=\"wppb-column\">\n\t\t\t\t\t\n\t\t\t\t\t\t\t\t\t\t\t\n                                            <div class=\"wppb-builder-addons\">\n\t\t\t\t\t\t\t\t\t\t\t\t<div class='wppb-builder-addon wppb-addon-1612115599606'  data-addon-id='1612115599606'><div class='wppb-addon'><div class=\"wppb-image-addon\"><figure class=\"wppb-image-addon-content-wrap\"><div class=\"wppb-image-addon-content wppb-imginlineblock\"><img decoding=\"async\" class=\"wppb-image-addon-img\" src=\"http:\/\/chapterzero-france.com\/wp-content\/uploads\/2021\/10\/climate-change-webinar-speakers-spotlight-webcard-v2.jpg\" alt=\"Image\"><\/div><\/figure><\/div><\/div><\/div>                                            <\/div>\n                                        <\/div>\n                                    <\/div>\n\t\t\t\t\t\t\t\t\t                        <\/div>\n\n                    <\/div>\n                <\/div>\n\t\t\t\t                <div  class=\"wppb-row-parent  wppb-row-1612115273794 \"  >\n\t\t\t\t\t\n\t\t\t\t\t\t\t\t\t\t\n\t\t\t\t\t\t\t\t\t\t\n\t\t\t\t\t<div class=\"wppb-container \">\n\t\t\t\t\t\t\t\t\t\t\t\t\t\n                        <div class=\"wppb-row\">\n\t\t\t\t\t\t\t                                    <div  class=\"wppb-column-parent wppb-column-parent-view wppb-col-1612115273795  \"  >\n                                        <div class=\"wppb-column\">\n\t\t\t\t\t\n\t\t\t\t\t\t\t\t\t\t\t\n                                            <div class=\"wppb-builder-addons\">\n\t\t\t\t\t\t\t\t\t\t\t\t<div class='wppb-builder-addon wppb-addon-1612115273796'  data-addon-id='1612115273796'><div class='wppb-addon'><div class=\"wppb-text-block-addon\"><div class=\"wppb-text-block-content 0\"><h2 style=\"text-align: center\">Webinar speakers<\/h2><p style=\"text-align: left\"><span class=\"has-inline-color has-luminous-vivid-amber-color\">Speakers\u00a0<\/span><!-- wp:list \/--><\/p><ul style=\"text-align: left\"><li><strong><a href=\"https:\/\/www.linkedin.com\/in\/ieda-gomes-yell-msc-miod-6943a610\/\" target=\"_blank\" rel=\"noreferrer noopener\">Ieda Gomes Yell<\/a><\/strong>\u00a0\u2013 Independent Director; Senior Visiting Research Fellow, Oxford Institute for Energy Studies<\/li><li><a href=\"https:\/\/www.nationalgrid.com\/about-us\/our-leadership-team\/the-board\/sir-peter-gershon\" target=\"_blank\" rel=\"noreferrer noopener\"><strong>Sir Peter Gershon<\/strong><\/a>\u00a0\u2013 former Chairman, National Grid Group; trustee, The Sutton Trust and the Education Endowment Fund; board member, The Investor Forum.<\/li><li><strong><a href=\"https:\/\/www.linkedin.com\/in\/carolinelemeauxlambert\/\" target=\"_blank\" rel=\"noreferrer noopener\">Caroline Le Meaux <\/a><\/strong>\u2013 <span style=\"font-weight: 400\">Global Head of ESG research, Engagement and Voting, Amundi<\/span><\/li><li><strong><a href=\"https:\/\/www.heidrick.com\/en\/people\/b\/alice_breeden\" target=\"_blank\" rel=\"noreferrer noopener\">Alice Breeden\u00a0<\/a><\/strong>\u2013 Partner, Heidrick &amp; Struggles<\/li><li><a href=\"https:\/\/www.linkedin.com\/in\/ron-soonieus\/\" target=\"_blank\" rel=\"noreferrer noopener\"><strong>Ron Soonieus<\/strong><\/a> \u2013 Senior Advisor, Boston Consulting Group; Director in Residence, INSEAD Corporate Governance Center<\/li><\/ul><p><span class=\"has-inline-color has-luminous-vivid-amber-color\">Moderator\u00a0<\/span><\/p><ul style=\"text-align: left\"><li><strong><a href=\"https:\/\/fr.linkedin.com\/in\/rsedatanews\" target=\"_blank\" rel=\"noreferrer noopener\">Pierre Sidem<\/a><\/strong> \u2013 Founder, RSE DataNews<\/li><\/ul><\/div><\/div><\/div><\/div>                                            <\/div>\n                                        <\/div>\n                                    <\/div>\n\t\t\t\t\t\t\t\t\t                                    <div  class=\"wppb-column-parent wppb-column-parent-view wppb-col-1637860968968  \"  >\n                                        <div class=\"wppb-column\">\n\t\t\t\t\t\n\t\t\t\t\t\t\t\t\t\t\t\n                                            <div class=\"wppb-builder-addons\">\n\t\t\t\t\t\t\t\t\t\t\t\t<div class='wppb-builder-addon wppb-addon-1637860968978'  data-addon-id='1637860968978'><div class='wppb-addon'><div class=\"wppb-image-addon\"><figure class=\"wppb-image-addon-content-wrap\"><div class=\"wppb-image-addon-content wppb-imginlineblock\"><a rel=nofolow href=\"http:\/\/chapterzero-france.com\/wp-content\/uploads\/2021\/11\/Webinar-16nov2021-Directors-competencies_final-version.pdf\" target=_blank><img decoding=\"async\" class=\"wppb-image-addon-img\" src=\"http:\/\/chapterzero-france.com\/wp-content\/uploads\/2021\/11\/WebinarDirectorCompetencies.jpg\" alt=\"Image\"><\/a><\/div><figcaption class=\"wppb-addon-image-caption\">Click on the image above to acces the slides of the webinar<\/figcaption><\/figure><\/div><\/div><\/div>                                            <\/div>\n                                        <\/div>\n                                    <\/div>\n\t\t\t\t\t\t\t\t\t                        <\/div>\n\n                    <\/div>\n                <\/div>\n\t\t\t\t                <div  class=\"wppb-row-parent  wppb-row-1617107221577 \"  >\n\t\t\t\t\t\n\t\t\t\t\t\t\t\t\t\t\n\t\t\t\t\t\t\t\t\t\t\n\t\t\t\t\t<div class=\"wppb-container \">\n\t\t\t\t\t\t\t\t\t\t\t\t\t\n                        <div class=\"wppb-row\">\n\t\t\t\t\t\t\t                                    <div  class=\"wppb-column-parent wppb-column-parent-view wppb-col-1617107221576  \"  >\n                                        <div class=\"wppb-column\">\n\t\t\t\t\t\n\t\t\t\t\t\t\t\t\t\t\t\n                                            <div class=\"wppb-builder-addons\">\n\t\t\t\t\t\t\t\t\t\t\t\t                                            <\/div>\n                                        <\/div>\n                                    <\/div>\n\t\t\t\t\t\t\t\t\t                                    <div  class=\"wppb-column-parent wppb-column-parent-view wppb-col-1617125810841  \"  >\n                                        <div class=\"wppb-column\">\n\t\t\t\t\t\n\t\t\t\t\t\t\t\t\t\t\t\n                                            <div class=\"wppb-builder-addons\">\n\t\t\t\t\t\t\t\t\t\t\t\t<div class='wppb-builder-addon wppb-addon-1617125810842'  data-addon-id='1617125810842'><div class='wppb-addon'><div class=\"wppb-image-addon\"><figure class=\"wppb-image-addon-content-wrap\"><div class=\"wppb-image-addon-content wppb-imginlineblock\"><img decoding=\"async\" class=\"wppb-image-addon-img\" src=\"\" alt=\"Image\"><\/div><\/figure><\/div><\/div><\/div>                                            <\/div>\n                                        <\/div>\n                                    <\/div>\n\t\t\t\t\t\t\t\t\t                                    <div  class=\"wppb-column-parent wppb-column-parent-view wppb-col-1617125810839  \"  >\n                                        <div class=\"wppb-column\">\n\t\t\t\t\t\n\t\t\t\t\t\t\t\t\t\t\t\n                                            <div class=\"wppb-builder-addons\">\n\t\t\t\t\t\t\t\t\t\t\t\t<div class='wppb-builder-addon wppb-addon-1617125810840'  data-addon-id='1617125810840'><div class='wppb-addon'><div class=\"wppb-image-addon\"><figure class=\"wppb-image-addon-content-wrap\"><div class=\"wppb-image-addon-content wppb-imginlineblock\"><img decoding=\"async\" class=\"wppb-image-addon-img\" src=\"\" alt=\"Image\"><\/div><\/figure><\/div><\/div><\/div>                                            <\/div>\n                                        <\/div>\n                                    <\/div>\n\t\t\t\t\t\t\t\t\t                                    <div  class=\"wppb-column-parent wppb-column-parent-view wppb-col-1617107221613  \"  >\n                                        <div class=\"wppb-column\">\n\t\t\t\t\t\n\t\t\t\t\t\t\t\t\t\t\t\n                                            <div class=\"wppb-builder-addons\">\n\t\t\t\t\t\t\t\t\t\t\t\t<div class='wppb-builder-addon wppb-addon-1617107221614'  data-addon-id='1617107221614'><div class='wppb-addon'><div class=\"wppb-image-addon\"><figure class=\"wppb-image-addon-content-wrap\"><div class=\"wppb-image-addon-content wppb-imginlineblock\"><img decoding=\"async\" class=\"wppb-image-addon-img\" src=\"\" alt=\"Image\"><\/div><\/figure><\/div><\/div><\/div>                                            <\/div>\n                                        <\/div>\n                                    <\/div>\n\t\t\t\t\t\t\t\t\t                                    <div  class=\"wppb-column-parent wppb-column-parent-view wppb-col-1617107221596  \"  >\n                                        <div class=\"wppb-column\">\n\t\t\t\t\t\n\t\t\t\t\t\t\t\t\t\t\t\n                                            <div class=\"wppb-builder-addons\">\n\t\t\t\t\t\t\t\t\t\t\t\t                                            <\/div>\n                                        <\/div>\n                                    <\/div>\n\t\t\t\t\t\t\t\t\t                        <\/div>\n\n                    <\/div>\n                <\/div>\n\t\t\t\t<\/div>","protected":false},"excerpt":{"rendered":"<p>Organised by INSEAD Corporate Governance Centre and Chapter Zero France, in collaboration with Heidrick &amp; Struggles.\u00a0Date: 16\/11\/2021 Three takeaways85% of board members say that their board needs to increase their climate knowledge, according to the Insead and Heidrick &amp; Struggles survey. Boards understand the shortcomings but don\u2019t seem to be&hellip;<\/p>\n","protected":false},"author":1,"featured_media":0,"parent":0,"menu_order":0,"comment_status":"closed","ping_status":"closed","template":"","meta":{"advgb_blocks_editor_width":"","advgb_blocks_columns_visual_guide":"","_monsterinsights_skip_tracking":false,"_monsterinsights_sitenote_active":false,"_monsterinsights_sitenote_note":"","_monsterinsights_sitenote_category":0,"footnotes":""},"class_list":["post-6784","page","type-page","status-publish","hentry"],"yoast_head":"<!-- This site is optimized with the Yoast SEO plugin v23.4 - https:\/\/yoast.com\/wordpress\/plugins\/seo\/ -->\n<title>Accelerating Climate Change Leadership in the Boardroom - Chapter Zero France<\/title>\n<meta name=\"robots\" content=\"index, follow, max-snippet:-1, max-image-preview:large, max-video-preview:-1\" \/>\n<link rel=\"canonical\" href=\"https:\/\/chapterzero-france.com\/index.php\/accelerating-climate-change-leadership-in-the-boardroom\/\" \/>\n<meta property=\"og:locale\" content=\"fr_FR\" \/>\n<meta property=\"og:type\" content=\"article\" \/>\n<meta property=\"og:title\" content=\"Accelerating Climate Change Leadership in the Boardroom - Chapter Zero France\" \/>\n<meta property=\"og:description\" content=\"Organised by INSEAD Corporate Governance Centre and Chapter Zero France, in collaboration with Heidrick &amp; Struggles.\u00a0Date: 16\/11\/2021 Three takeaways85% of board members say that their board needs to increase their climate knowledge, according to the Insead and Heidrick &amp; Struggles survey. Boards understand the shortcomings but don\u2019t seem to be&hellip;\" \/>\n<meta property=\"og:url\" content=\"https:\/\/chapterzero-france.com\/index.php\/accelerating-climate-change-leadership-in-the-boardroom\/\" \/>\n<meta property=\"og:site_name\" content=\"Chapter Zero France\" \/>\n<meta property=\"article:modified_time\" content=\"2021-11-25T19:31:13+00:00\" \/>\n<meta name=\"twitter:card\" content=\"summary_large_image\" \/>\n<script type=\"application\/ld+json\" class=\"yoast-schema-graph\">{\"@context\":\"https:\/\/schema.org\",\"@graph\":[{\"@type\":\"WebPage\",\"@id\":\"https:\/\/chapterzero-france.com\/index.php\/accelerating-climate-change-leadership-in-the-boardroom\/\",\"url\":\"https:\/\/chapterzero-france.com\/index.php\/accelerating-climate-change-leadership-in-the-boardroom\/\",\"name\":\"Accelerating Climate Change Leadership in the Boardroom - Chapter Zero France\",\"isPartOf\":{\"@id\":\"https:\/\/chapterzero-france.com\/#website\"},\"datePublished\":\"2021-11-25T18:01:24+00:00\",\"dateModified\":\"2021-11-25T19:31:13+00:00\",\"breadcrumb\":{\"@id\":\"https:\/\/chapterzero-france.com\/index.php\/accelerating-climate-change-leadership-in-the-boardroom\/#breadcrumb\"},\"inLanguage\":\"fr-FR\",\"potentialAction\":[{\"@type\":\"ReadAction\",\"target\":[\"https:\/\/chapterzero-france.com\/index.php\/accelerating-climate-change-leadership-in-the-boardroom\/\"]}]},{\"@type\":\"BreadcrumbList\",\"@id\":\"https:\/\/chapterzero-france.com\/index.php\/accelerating-climate-change-leadership-in-the-boardroom\/#breadcrumb\",\"itemListElement\":[{\"@type\":\"ListItem\",\"position\":1,\"name\":\"Accueil\",\"item\":\"https:\/\/chapterzero-france.com\/\"},{\"@type\":\"ListItem\",\"position\":2,\"name\":\"Accelerating Climate Change Leadership in the Boardroom\"}]},{\"@type\":\"WebSite\",\"@id\":\"https:\/\/chapterzero-france.com\/#website\",\"url\":\"https:\/\/chapterzero-france.com\/\",\"name\":\"Chapter Zero France\",\"description\":\"Le Forum Climat des Administrateurs\",\"publisher\":{\"@id\":\"https:\/\/chapterzero-france.com\/#organization\"},\"potentialAction\":[{\"@type\":\"SearchAction\",\"target\":{\"@type\":\"EntryPoint\",\"urlTemplate\":\"https:\/\/chapterzero-france.com\/?s={search_term_string}\"},\"query-input\":{\"@type\":\"PropertyValueSpecification\",\"valueRequired\":true,\"valueName\":\"search_term_string\"}}],\"inLanguage\":\"fr-FR\"},{\"@type\":\"Organization\",\"@id\":\"https:\/\/chapterzero-france.com\/#organization\",\"name\":\"Chapter Zero France\",\"url\":\"https:\/\/chapterzero-france.com\/\",\"logo\":{\"@type\":\"ImageObject\",\"inLanguage\":\"fr-FR\",\"@id\":\"https:\/\/chapterzero-france.com\/#\/schema\/logo\/image\/\",\"url\":\"https:\/\/chapterzero-france.com\/wp-content\/uploads\/2020\/08\/ChapterZero_Logo_FranceForumClimat-e1598537853484.jpg\",\"contentUrl\":\"https:\/\/chapterzero-france.com\/wp-content\/uploads\/2020\/08\/ChapterZero_Logo_FranceForumClimat-e1598537853484.jpg\",\"width\":100,\"height\":38,\"caption\":\"Chapter Zero France\"},\"image\":{\"@id\":\"https:\/\/chapterzero-france.com\/#\/schema\/logo\/image\/\"}}]}<\/script>\n<!-- \/ Yoast SEO plugin. -->","yoast_head_json":{"title":"Accelerating Climate Change Leadership in the Boardroom - Chapter Zero France","robots":{"index":"index","follow":"follow","max-snippet":"max-snippet:-1","max-image-preview":"max-image-preview:large","max-video-preview":"max-video-preview:-1"},"canonical":"https:\/\/chapterzero-france.com\/index.php\/accelerating-climate-change-leadership-in-the-boardroom\/","og_locale":"fr_FR","og_type":"article","og_title":"Accelerating Climate Change Leadership in the Boardroom - Chapter Zero France","og_description":"Organised by INSEAD Corporate Governance Centre and Chapter Zero France, in collaboration with Heidrick &amp; Struggles.\u00a0Date: 16\/11\/2021 Three takeaways85% of board members say that their board needs to increase their climate knowledge, according to the Insead and Heidrick &amp; Struggles survey. Boards understand the shortcomings but don\u2019t seem to be&hellip;","og_url":"https:\/\/chapterzero-france.com\/index.php\/accelerating-climate-change-leadership-in-the-boardroom\/","og_site_name":"Chapter Zero France","article_modified_time":"2021-11-25T19:31:13+00:00","twitter_card":"summary_large_image","schema":{"@context":"https:\/\/schema.org","@graph":[{"@type":"WebPage","@id":"https:\/\/chapterzero-france.com\/index.php\/accelerating-climate-change-leadership-in-the-boardroom\/","url":"https:\/\/chapterzero-france.com\/index.php\/accelerating-climate-change-leadership-in-the-boardroom\/","name":"Accelerating Climate Change Leadership in the Boardroom - Chapter Zero France","isPartOf":{"@id":"https:\/\/chapterzero-france.com\/#website"},"datePublished":"2021-11-25T18:01:24+00:00","dateModified":"2021-11-25T19:31:13+00:00","breadcrumb":{"@id":"https:\/\/chapterzero-france.com\/index.php\/accelerating-climate-change-leadership-in-the-boardroom\/#breadcrumb"},"inLanguage":"fr-FR","potentialAction":[{"@type":"ReadAction","target":["https:\/\/chapterzero-france.com\/index.php\/accelerating-climate-change-leadership-in-the-boardroom\/"]}]},{"@type":"BreadcrumbList","@id":"https:\/\/chapterzero-france.com\/index.php\/accelerating-climate-change-leadership-in-the-boardroom\/#breadcrumb","itemListElement":[{"@type":"ListItem","position":1,"name":"Accueil","item":"https:\/\/chapterzero-france.com\/"},{"@type":"ListItem","position":2,"name":"Accelerating Climate Change Leadership in the Boardroom"}]},{"@type":"WebSite","@id":"https:\/\/chapterzero-france.com\/#website","url":"https:\/\/chapterzero-france.com\/","name":"Chapter Zero France","description":"Le Forum Climat des Administrateurs","publisher":{"@id":"https:\/\/chapterzero-france.com\/#organization"},"potentialAction":[{"@type":"SearchAction","target":{"@type":"EntryPoint","urlTemplate":"https:\/\/chapterzero-france.com\/?s={search_term_string}"},"query-input":{"@type":"PropertyValueSpecification","valueRequired":true,"valueName":"search_term_string"}}],"inLanguage":"fr-FR"},{"@type":"Organization","@id":"https:\/\/chapterzero-france.com\/#organization","name":"Chapter Zero France","url":"https:\/\/chapterzero-france.com\/","logo":{"@type":"ImageObject","inLanguage":"fr-FR","@id":"https:\/\/chapterzero-france.com\/#\/schema\/logo\/image\/","url":"https:\/\/chapterzero-france.com\/wp-content\/uploads\/2020\/08\/ChapterZero_Logo_FranceForumClimat-e1598537853484.jpg","contentUrl":"https:\/\/chapterzero-france.com\/wp-content\/uploads\/2020\/08\/ChapterZero_Logo_FranceForumClimat-e1598537853484.jpg","width":100,"height":38,"caption":"Chapter Zero France"},"image":{"@id":"https:\/\/chapterzero-france.com\/#\/schema\/logo\/image\/"}}]}},"coauthors":[],"author_meta":{"author_link":"https:\/\/chapterzero-france.com\/index.php\/author\/admin3183\/","display_name":"admin3183"},"relative_dates":{"created":"Publi\u00e9 4 ans il y a","modified":"Mis \u00e0 jour 4 ans il y a"},"absolute_dates":{"created":"Publi\u00e9 le 25 novembre 2021","modified":"Mise \u00e0 jour le 25 novembre 2021"},"absolute_dates_time":{"created":"Publi\u00e9 le 25 novembre 2021 19 h 01 min","modified":"Mise \u00e0 jour le 25 novembre 2021 20 h 31 min"},"featured_img_caption":"","featured_img":false,"series_order":"","_links":{"self":[{"href":"https:\/\/chapterzero-france.com\/index.php\/wp-json\/wp\/v2\/pages\/6784","targetHints":{"allow":["GET"]}}],"collection":[{"href":"https:\/\/chapterzero-france.com\/index.php\/wp-json\/wp\/v2\/pages"}],"about":[{"href":"https:\/\/chapterzero-france.com\/index.php\/wp-json\/wp\/v2\/types\/page"}],"author":[{"embeddable":true,"href":"https:\/\/chapterzero-france.com\/index.php\/wp-json\/wp\/v2\/users\/1"}],"replies":[{"embeddable":true,"href":"https:\/\/chapterzero-france.com\/index.php\/wp-json\/wp\/v2\/comments?post=6784"}],"version-history":[{"count":1,"href":"https:\/\/chapterzero-france.com\/index.php\/wp-json\/wp\/v2\/pages\/6784\/revisions"}],"predecessor-version":[{"id":6785,"href":"https:\/\/chapterzero-france.com\/index.php\/wp-json\/wp\/v2\/pages\/6784\/revisions\/6785"}],"wp:attachment":[{"href":"https:\/\/chapterzero-france.com\/index.php\/wp-json\/wp\/v2\/media?parent=6784"}],"curies":[{"name":"wp","href":"https:\/\/api.w.org\/{rel}","templated":true}]}}