{"id":6822,"date":"2022-02-21T15:42:51","date_gmt":"2022-02-21T14:42:51","guid":{"rendered":"http:\/\/chapterzero-france.com\/?page_id=6822"},"modified":"2022-02-21T15:42:52","modified_gmt":"2022-02-21T14:42:52","slug":"lintegration-du-risque-climatique-dans-le-dispositif-global-de-gestion-des-risques-de-lentreprise","status":"publish","type":"page","link":"https:\/\/chapterzero-france.com\/index.php\/lintegration-du-risque-climatique-dans-le-dispositif-global-de-gestion-des-risques-de-lentreprise\/","title":{"rendered":"L\u2019int\u00e9gration du risque climatique dans le dispositif global de gestion des risques de l\u2019entreprise"},"content":{"rendered":"<div id=\"wppb-builder-container\" class=\"wppb-builder-container\">                <div  class=\"wppb-row-parent  wppb-row-1612115273447 \"  >\n\t\t\t\t\t\n\t\t\t\t\t\t\t\t\t\t\n\t\t\t\t\t\t\t\t\t\t\n\t\t\t\t\t<div class=\"wppb-container \">\n\t\t\t\t\t\t\t\t\t\t\t\t\t\n                        <div class=\"wppb-row\">\n\t\t\t\t\t\t\t                                    <div  class=\"wppb-column-parent wppb-column-parent-view wppb-col-1612115273446  \"  >\n                                        <div class=\"wppb-column\">\n\t\t\t\t\t\n\t\t\t\t\t\t\t\t\t\t\t\n                                            <div class=\"wppb-builder-addons\">\n\t\t\t\t\t\t\t\t\t\t\t\t<div class='wppb-builder-addon wppb-addon-1612115323379'  data-addon-id='1612115323379'><div class='wppb-addon'><div class=\"wppb-text-block-addon\"><div class=\"wppb-text-block-content 0\"><p style=\"text-align: center\"><strong>Organis\u00e9 par Chapter Zero France en collaboration avec <a href=\"https:\/\/www2.deloitte.com\/fr\/fr\/pages\/sustainability-services\/articles\/deloitte-partenaire-chapter-zero-france.html\">Deloitte<\/a>.<\/strong><\/p><p style=\"text-align: center\"><strong>Date: 17\/02\/2022<\/strong><\/p><\/div><\/div><\/div><\/div>                                            <\/div>\n                                        <\/div>\n                                    <\/div>\n\t\t\t\t\t\t\t\t\t                        <\/div>\n\n                    <\/div>\n                <\/div>\n\t\t\t\t                <div  class=\"wppb-row-parent  wppb-row-1612115273468 \"  >\n\t\t\t\t\t\n\t\t\t\t\t\t\t\t\t\t\n\t\t\t\t\t\t\t\t\t\t\n\t\t\t\t\t<div class=\"wppb-container \">\n\t\t\t\t\t\t\t\t\t\t\t\t\t\n                        <div class=\"wppb-row\">\n\t\t\t\t\t\t\t                                    <div  class=\"wppb-column-parent wppb-column-parent-view wppb-col-1612115273466  \"  >\n                                        <div class=\"wppb-column\">\n\t\t\t\t\t\n\t\t\t\t\t\t\t\t\t\t\t\n                                            <div class=\"wppb-builder-addons\">\n\t\t\t\t\t\t\t\t\t\t\t\t<div class='wppb-builder-addon wppb-addon-1612115855572'  data-addon-id='1612115855572'><div class='wppb-addon'><div class=\"wppb-text-block-addon\"><div class=\"wppb-text-block-content 0\"><h2 style=\"text-align: left\">R\u00e9sum\u00e9 du webinaire<\/h2><p style=\"text-align: left\">L\u2019inclusion du risque climatique dans les enjeux strat\u00e9giques d\u2019une entreprise soul\u00e8ve d\u2019abord la question de la <strong>d\u00e9composition de ce risque en des sujets pilotables<\/strong> qui donnent du sens \u00e0 la strat\u00e9gie d\u2019entreprise, dont le risque de transition et le risque physique \/ industriel. \u00c0 la suite de cette d\u00e9composition du risque climatique, il convient de parvenir \u00e0 <strong>l\u2019analyser et le quantifier<\/strong> afin de mieux l\u2019int\u00e9grer aux enjeux strat\u00e9giques d\u2019une entreprise. La sc\u00e9narisation du risque climatique \u00e0 horizon plus ou moins lointain est un outil efficace, utilis\u00e9 pour quantifier ce risque et l\u2019int\u00e9grer dans une analyse plus globale. Enfin, une fois identifi\u00e9s, et quantifi\u00e9s, ces risques doivent \u00eatre pris en compte <strong>par la gouvernance<\/strong> de l\u2019entreprise afin d\u2019\u00eatre int\u00e9gr\u00e9s de mani\u00e8re efficace aux enjeux strat\u00e9giques.<\/p><p style=\"text-align: center\">Une courte synth\u00e8se  est disponible pour les membres. Si vous \u00eates int\u00e9ress\u00e9s, veuillez nous contacter.<\/p><\/div><\/div><\/div><\/div>                                            <\/div>\n                                        <\/div>\n                                    <\/div>\n\t\t\t\t\t\t\t\t\t                                    <div  class=\"wppb-column-parent wppb-column-parent-view wppb-col-1612115273467  \"  >\n                                        <div class=\"wppb-column\">\n\t\t\t\t\t\n\t\t\t\t\t\t\t\t\t\t\t\n                                            <div class=\"wppb-builder-addons\">\n\t\t\t\t\t\t\t\t\t\t\t\t<div class='wppb-builder-addon wppb-addon-1612115599606'  data-addon-id='1612115599606'><div class='wppb-addon'><div class=\"wppb-image-addon\"><figure class=\"wppb-image-addon-content-wrap\"><div class=\"wppb-image-addon-content wppb-imginlineblock\"><img decoding=\"async\" class=\"wppb-image-addon-img\" src=\"http:\/\/chapterzero-france.com\/wp-content\/uploads\/2022\/02\/visuel-site.jpg\" alt=\"Image\"><\/div><\/figure><\/div><\/div><\/div>                                            <\/div>\n                                        <\/div>\n                                    <\/div>\n\t\t\t\t\t\t\t\t\t                        <\/div>\n\n                    <\/div>\n                <\/div>\n\t\t\t\t                <div  class=\"wppb-row-parent  wppb-row-1612115273794 \"  >\n\t\t\t\t\t\n\t\t\t\t\t\t\t\t\t\t\n\t\t\t\t\t\t\t\t\t\t\n\t\t\t\t\t<div class=\"wppb-container \">\n\t\t\t\t\t\t\t\t\t\t\t\t\t\n                        <div class=\"wppb-row\">\n\t\t\t\t\t\t\t                                    <div  class=\"wppb-column-parent wppb-column-parent-view wppb-col-1612115273795  \"  >\n                                        <div class=\"wppb-column\">\n\t\t\t\t\t\n\t\t\t\t\t\t\t\t\t\t\t\n                                            <div class=\"wppb-builder-addons\">\n\t\t\t\t\t\t\t\t\t\t\t\t<div class='wppb-builder-addon wppb-addon-1612115273796'  data-addon-id='1612115273796'><div class='wppb-addon'><div class=\"wppb-text-block-addon\"><div class=\"wppb-text-block-content 0\"><h2 style=\"text-align: center\">Pan\u00e9listes de la session<\/h2><p style=\"text-align: left\"><!-- wp:paragraph --><\/p><p style=\"text-align: left\"><strong><span class=\"has-inline-color has-luminous-vivid-amber-color\">Pan\u00e9listes <\/span><\/strong><\/p><p style=\"text-align: left\"><!-- \/wp:paragraph --> <!-- wp:list --><\/p><ul style=\"text-align: left\"><li style=\"text-align: left\"><a href=\"https:\/\/www.linkedin.com\/in\/xavier-galliot-246a6b\/\" target=\"_blank\" rel=\"noreferrer noopener\">Xavier Galliot <\/a>- Chief Sustainability Officer, <strong>Essilor<\/strong><\/li><li style=\"text-align: left\"><a href=\"https:\/\/www.linkedin.com\/in\/hubert-mantel-66016046\/\" target=\"_blank\" rel=\"noreferrer noopener\">Hubert Mantel<\/a> - Head of Enterprise Risk Management, <strong>Airbus<\/strong><\/li><li style=\"text-align: left\"><a href=\"https:\/\/www.linkedin.com\/in\/fran%C3%A7ois-lanav%C3%A8re-ab7406\/\" target=\"_blank\" rel=\"noreferrer noopener\">Fran\u00e7ois Lanav\u00e8re<\/a> - Head of Sales and Business Development, <strong>AXA Climate<\/strong><\/li><li style=\"text-align: left\"><a href=\"https:\/\/www.linkedin.com\/in\/monicadevirgiliis\/\" target=\"_blank\" rel=\"noreferrer noopener\">Monica de Virgiliis<\/a> - Administratrice et membre du comit\u00e9 d'audit, SARAS, ASM, et pr\u00e9sidente de <strong>Chapter Zero France<\/strong><\/li><\/ul><p style=\"text-align: left\"><!-- \/wp:list --> <!-- wp:paragraph --><\/p><p style=\"text-align: left\"><strong><span class=\"has-inline-color has-luminous-vivid-amber-color\">Moderateur <\/span> <\/strong><\/p><p style=\"text-align: left\"><!-- \/wp:paragraph --> <!-- wp:list --><\/p><ul style=\"text-align: left\"><li style=\"text-align: left\"><a href=\"https:\/\/www.linkedin.com\/in\/sonia-cabanis-4239052\/\" target=\"_blank\" rel=\"noreferrer noopener\">Sonia Cabanis<\/a> - Associ\u00e9e Risk Advisory, <strong>Deloitte France<\/strong><\/li><\/ul><p style=\"text-align: left\"><!-- \/wp:list --><\/p><\/div><\/div><\/div><\/div>                                            <\/div>\n                                        <\/div>\n                                    <\/div>\n\t\t\t\t\t\t\t\t\t                                    <div  class=\"wppb-column-parent wppb-column-parent-view wppb-col-1612115273797  \"  >\n                                        <div class=\"wppb-column\">\n\t\t\t\t\t\n\t\t\t\t\t\t\t\t\t\t\t\n                                            <div class=\"wppb-builder-addons\">\n\t\t\t\t\t\t\t\t\t\t\t\t<div class='wppb-builder-addon wppb-addon-1621436171048'  data-addon-id='1621436171048'><div class='wppb-addon'><div class=\"wppb-video-addon\"><div class=\"wppb-video-content\"><div class=\"wppb-video-block wppb-embed-responsive wppb-embed-responsive-16by9\"><iframe class=\"wppb-embed-responsive-item\" src=\"\/\/www.youtube.com\/embed\/02l-h0tF2xI?controls=1&#038;modestbranding=0\" allowFullScreen><\/iframe><\/div><\/div><\/div><\/div><\/div>                                            <\/div>\n                                        <\/div>\n                                    <\/div>\n\t\t\t\t\t\t\t\t\t                        <\/div>\n\n                    <\/div>\n                <\/div>\n\t\t\t\t                <div  class=\"wppb-row-parent  wppb-row-1621272140438 \"  >\n\t\t\t\t\t\n\t\t\t\t\t\t\t\t\t\t\n\t\t\t\t\t\t\t\t\t\t\n\t\t\t\t\t<div class=\"wppb-container \">\n\t\t\t\t\t\t\t\t\t\t\t\t\t\n                        <div class=\"wppb-row\">\n\t\t\t\t\t\t\t                                    <div  class=\"wppb-column-parent wppb-column-parent-view wppb-col-1621272140452  \"  >\n                                        <div class=\"wppb-column\">\n\t\t\t\t\t\n\t\t\t\t\t\t\t\t\t\t\t\n                                            <div class=\"wppb-builder-addons\">\n\t\t\t\t\t\t\t\t\t\t\t\t                                            <\/div>\n                                        <\/div>\n                                    <\/div>\n\t\t\t\t\t\t\t\t\t                                    <div  class=\"wppb-column-parent wppb-column-parent-view wppb-col-1621272140437  \"  >\n                                        <div class=\"wppb-column\">\n\t\t\t\t\t\n\t\t\t\t\t\t\t\t\t\t\t\n                                            <div class=\"wppb-builder-addons\">\n\t\t\t\t\t\t\t\t\t\t\t\t<div class='wppb-builder-addon wppb-addon-1625061948383'  data-addon-id='1625061948383'><div class='wppb-addon'><div class=\"wppb-image-addon\"><figure class=\"wppb-image-addon-content-wrap\"><div class=\"wppb-image-addon-content wppb-imginlineblock\"><img decoding=\"async\" class=\"wppb-image-addon-img\" src=\"http:\/\/chapterzero-france.com\/wp-content\/uploads\/2021\/03\/DEL_PRI_RGB.jpg\" alt=\"Image\"><\/div><\/figure><\/div><\/div><\/div>                                            <\/div>\n                                        <\/div>\n                                    <\/div>\n\t\t\t\t\t\t\t\t\t                                    <div  class=\"wppb-column-parent wppb-column-parent-view wppb-col-1645453686234  \"  >\n                                        <div class=\"wppb-column\">\n\t\t\t\t\t\n\t\t\t\t\t\t\t\t\t\t\t\n                                            <div class=\"wppb-builder-addons\">\n\t\t\t\t\t\t\t\t\t\t\t\t<div class='wppb-builder-addon wppb-addon-1645453686235'  data-addon-id='1645453686235'><div class='wppb-addon'><div class=\"wppb-image-addon\"><figure class=\"wppb-image-addon-content-wrap\"><div class=\"wppb-image-addon-content wppb-imginlineblock\"><img decoding=\"async\" class=\"wppb-image-addon-img\" src=\"http:\/\/chapterzero-france.com\/wp-content\/uploads\/2021\/06\/ChapterZeroFrance_Logo.jpg\" alt=\"Image\"><\/div><\/figure><\/div><\/div><\/div>                                            <\/div>\n                                        <\/div>\n                                    <\/div>\n\t\t\t\t\t\t\t\t\t                                    <div  class=\"wppb-column-parent wppb-column-parent-view wppb-col-1621272140451  \"  >\n                                        <div class=\"wppb-column\">\n\t\t\t\t\t\n\t\t\t\t\t\t\t\t\t\t\t\n                                            <div class=\"wppb-builder-addons\">\n\t\t\t\t\t\t\t\t\t\t\t\t                                            <\/div>\n                                        <\/div>\n                                    <\/div>\n\t\t\t\t\t\t\t\t\t                        <\/div>\n\n                    <\/div>\n                <\/div>\n\t\t\t\t<\/div>","protected":false},"excerpt":{"rendered":"<p>Organis\u00e9 par Chapter Zero France en collaboration avec Deloitte.Date: 17\/02\/2022 R\u00e9sum\u00e9 du webinaireL\u2019inclusion du risque climatique dans les enjeux strat\u00e9giques d\u2019une entreprise soul\u00e8ve d\u2019abord la question de la d\u00e9composition de ce risque en des sujets pilotables qui donnent du sens \u00e0 la strat\u00e9gie d\u2019entreprise, dont le risque de transition et&hellip;<\/p>\n","protected":false},"author":4,"featured_media":0,"parent":0,"menu_order":0,"comment_status":"closed","ping_status":"closed","template":"","meta":{"advgb_blocks_editor_width":"","advgb_blocks_columns_visual_guide":"","_monsterinsights_skip_tracking":false,"_monsterinsights_sitenote_active":false,"_monsterinsights_sitenote_note":"","_monsterinsights_sitenote_category":0,"footnotes":""},"class_list":["post-6822","page","type-page","status-publish","hentry"],"yoast_head":"<!-- This site is optimized with the Yoast SEO plugin v23.4 - https:\/\/yoast.com\/wordpress\/plugins\/seo\/ -->\n<title>L\u2019int\u00e9gration du risque climatique dans le dispositif global de gestion des risques de l\u2019entreprise - Chapter Zero France<\/title>\n<meta name=\"robots\" content=\"index, follow, max-snippet:-1, max-image-preview:large, max-video-preview:-1\" \/>\n<link rel=\"canonical\" href=\"https:\/\/chapterzero-france.com\/index.php\/lintegration-du-risque-climatique-dans-le-dispositif-global-de-gestion-des-risques-de-lentreprise\/\" \/>\n<meta property=\"og:locale\" content=\"fr_FR\" \/>\n<meta property=\"og:type\" content=\"article\" \/>\n<meta property=\"og:title\" content=\"L\u2019int\u00e9gration du risque climatique dans le dispositif global de gestion des risques de l\u2019entreprise - Chapter Zero France\" \/>\n<meta property=\"og:description\" content=\"Organis\u00e9 par Chapter Zero France en collaboration avec Deloitte.Date: 17\/02\/2022 R\u00e9sum\u00e9 du webinaireL\u2019inclusion du risque climatique dans les enjeux strat\u00e9giques d\u2019une entreprise soul\u00e8ve d\u2019abord la question de la d\u00e9composition de ce risque en des sujets pilotables qui donnent du sens \u00e0 la strat\u00e9gie d\u2019entreprise, dont le risque de transition et&hellip;\" \/>\n<meta property=\"og:url\" content=\"https:\/\/chapterzero-france.com\/index.php\/lintegration-du-risque-climatique-dans-le-dispositif-global-de-gestion-des-risques-de-lentreprise\/\" \/>\n<meta property=\"og:site_name\" content=\"Chapter Zero France\" \/>\n<meta property=\"article:modified_time\" content=\"2022-02-21T14:42:52+00:00\" \/>\n<meta name=\"twitter:card\" content=\"summary_large_image\" \/>\n<script type=\"application\/ld+json\" class=\"yoast-schema-graph\">{\"@context\":\"https:\/\/schema.org\",\"@graph\":[{\"@type\":\"WebPage\",\"@id\":\"https:\/\/chapterzero-france.com\/index.php\/lintegration-du-risque-climatique-dans-le-dispositif-global-de-gestion-des-risques-de-lentreprise\/\",\"url\":\"https:\/\/chapterzero-france.com\/index.php\/lintegration-du-risque-climatique-dans-le-dispositif-global-de-gestion-des-risques-de-lentreprise\/\",\"name\":\"L\u2019int\u00e9gration du risque climatique dans le dispositif global de gestion des risques de l\u2019entreprise - Chapter Zero France\",\"isPartOf\":{\"@id\":\"https:\/\/chapterzero-france.com\/#website\"},\"datePublished\":\"2022-02-21T14:42:51+00:00\",\"dateModified\":\"2022-02-21T14:42:52+00:00\",\"breadcrumb\":{\"@id\":\"https:\/\/chapterzero-france.com\/index.php\/lintegration-du-risque-climatique-dans-le-dispositif-global-de-gestion-des-risques-de-lentreprise\/#breadcrumb\"},\"inLanguage\":\"fr-FR\",\"potentialAction\":[{\"@type\":\"ReadAction\",\"target\":[\"https:\/\/chapterzero-france.com\/index.php\/lintegration-du-risque-climatique-dans-le-dispositif-global-de-gestion-des-risques-de-lentreprise\/\"]}]},{\"@type\":\"BreadcrumbList\",\"@id\":\"https:\/\/chapterzero-france.com\/index.php\/lintegration-du-risque-climatique-dans-le-dispositif-global-de-gestion-des-risques-de-lentreprise\/#breadcrumb\",\"itemListElement\":[{\"@type\":\"ListItem\",\"position\":1,\"name\":\"Accueil\",\"item\":\"https:\/\/chapterzero-france.com\/\"},{\"@type\":\"ListItem\",\"position\":2,\"name\":\"L\u2019int\u00e9gration du risque climatique dans le dispositif global de gestion des risques de l\u2019entreprise\"}]},{\"@type\":\"WebSite\",\"@id\":\"https:\/\/chapterzero-france.com\/#website\",\"url\":\"https:\/\/chapterzero-france.com\/\",\"name\":\"Chapter Zero France\",\"description\":\"Le Forum Climat des Administrateurs\",\"publisher\":{\"@id\":\"https:\/\/chapterzero-france.com\/#organization\"},\"potentialAction\":[{\"@type\":\"SearchAction\",\"target\":{\"@type\":\"EntryPoint\",\"urlTemplate\":\"https:\/\/chapterzero-france.com\/?s={search_term_string}\"},\"query-input\":{\"@type\":\"PropertyValueSpecification\",\"valueRequired\":true,\"valueName\":\"search_term_string\"}}],\"inLanguage\":\"fr-FR\"},{\"@type\":\"Organization\",\"@id\":\"https:\/\/chapterzero-france.com\/#organization\",\"name\":\"Chapter Zero France\",\"url\":\"https:\/\/chapterzero-france.com\/\",\"logo\":{\"@type\":\"ImageObject\",\"inLanguage\":\"fr-FR\",\"@id\":\"https:\/\/chapterzero-france.com\/#\/schema\/logo\/image\/\",\"url\":\"https:\/\/chapterzero-france.com\/wp-content\/uploads\/2020\/08\/ChapterZero_Logo_FranceForumClimat-e1598537853484.jpg\",\"contentUrl\":\"https:\/\/chapterzero-france.com\/wp-content\/uploads\/2020\/08\/ChapterZero_Logo_FranceForumClimat-e1598537853484.jpg\",\"width\":100,\"height\":38,\"caption\":\"Chapter Zero France\"},\"image\":{\"@id\":\"https:\/\/chapterzero-france.com\/#\/schema\/logo\/image\/\"}}]}<\/script>\n<!-- \/ Yoast SEO plugin. -->","yoast_head_json":{"title":"L\u2019int\u00e9gration du risque climatique dans le dispositif global de gestion des risques de l\u2019entreprise - Chapter Zero France","robots":{"index":"index","follow":"follow","max-snippet":"max-snippet:-1","max-image-preview":"max-image-preview:large","max-video-preview":"max-video-preview:-1"},"canonical":"https:\/\/chapterzero-france.com\/index.php\/lintegration-du-risque-climatique-dans-le-dispositif-global-de-gestion-des-risques-de-lentreprise\/","og_locale":"fr_FR","og_type":"article","og_title":"L\u2019int\u00e9gration du risque climatique dans le dispositif global de gestion des risques de l\u2019entreprise - Chapter Zero France","og_description":"Organis\u00e9 par Chapter Zero France en collaboration avec Deloitte.Date: 17\/02\/2022 R\u00e9sum\u00e9 du webinaireL\u2019inclusion du risque climatique dans les enjeux strat\u00e9giques d\u2019une entreprise soul\u00e8ve d\u2019abord la question de la d\u00e9composition de ce risque en des sujets pilotables qui donnent du sens \u00e0 la strat\u00e9gie d\u2019entreprise, dont le risque de transition et&hellip;","og_url":"https:\/\/chapterzero-france.com\/index.php\/lintegration-du-risque-climatique-dans-le-dispositif-global-de-gestion-des-risques-de-lentreprise\/","og_site_name":"Chapter Zero France","article_modified_time":"2022-02-21T14:42:52+00:00","twitter_card":"summary_large_image","schema":{"@context":"https:\/\/schema.org","@graph":[{"@type":"WebPage","@id":"https:\/\/chapterzero-france.com\/index.php\/lintegration-du-risque-climatique-dans-le-dispositif-global-de-gestion-des-risques-de-lentreprise\/","url":"https:\/\/chapterzero-france.com\/index.php\/lintegration-du-risque-climatique-dans-le-dispositif-global-de-gestion-des-risques-de-lentreprise\/","name":"L\u2019int\u00e9gration du risque climatique dans le dispositif global de gestion des risques de l\u2019entreprise - Chapter Zero France","isPartOf":{"@id":"https:\/\/chapterzero-france.com\/#website"},"datePublished":"2022-02-21T14:42:51+00:00","dateModified":"2022-02-21T14:42:52+00:00","breadcrumb":{"@id":"https:\/\/chapterzero-france.com\/index.php\/lintegration-du-risque-climatique-dans-le-dispositif-global-de-gestion-des-risques-de-lentreprise\/#breadcrumb"},"inLanguage":"fr-FR","potentialAction":[{"@type":"ReadAction","target":["https:\/\/chapterzero-france.com\/index.php\/lintegration-du-risque-climatique-dans-le-dispositif-global-de-gestion-des-risques-de-lentreprise\/"]}]},{"@type":"BreadcrumbList","@id":"https:\/\/chapterzero-france.com\/index.php\/lintegration-du-risque-climatique-dans-le-dispositif-global-de-gestion-des-risques-de-lentreprise\/#breadcrumb","itemListElement":[{"@type":"ListItem","position":1,"name":"Accueil","item":"https:\/\/chapterzero-france.com\/"},{"@type":"ListItem","position":2,"name":"L\u2019int\u00e9gration du risque climatique dans le dispositif global de gestion des risques de l\u2019entreprise"}]},{"@type":"WebSite","@id":"https:\/\/chapterzero-france.com\/#website","url":"https:\/\/chapterzero-france.com\/","name":"Chapter Zero France","description":"Le Forum Climat des Administrateurs","publisher":{"@id":"https:\/\/chapterzero-france.com\/#organization"},"potentialAction":[{"@type":"SearchAction","target":{"@type":"EntryPoint","urlTemplate":"https:\/\/chapterzero-france.com\/?s={search_term_string}"},"query-input":{"@type":"PropertyValueSpecification","valueRequired":true,"valueName":"search_term_string"}}],"inLanguage":"fr-FR"},{"@type":"Organization","@id":"https:\/\/chapterzero-france.com\/#organization","name":"Chapter Zero France","url":"https:\/\/chapterzero-france.com\/","logo":{"@type":"ImageObject","inLanguage":"fr-FR","@id":"https:\/\/chapterzero-france.com\/#\/schema\/logo\/image\/","url":"https:\/\/chapterzero-france.com\/wp-content\/uploads\/2020\/08\/ChapterZero_Logo_FranceForumClimat-e1598537853484.jpg","contentUrl":"https:\/\/chapterzero-france.com\/wp-content\/uploads\/2020\/08\/ChapterZero_Logo_FranceForumClimat-e1598537853484.jpg","width":100,"height":38,"caption":"Chapter Zero France"},"image":{"@id":"https:\/\/chapterzero-france.com\/#\/schema\/logo\/image\/"}}]}},"coauthors":[],"author_meta":{"author_link":"https:\/\/chapterzero-france.com\/index.php\/author\/czfr\/","display_name":"CZFR"},"relative_dates":{"created":"Publi\u00e9 4 ans il y a","modified":"Mis \u00e0 jour 4 ans il y a"},"absolute_dates":{"created":"Publi\u00e9 le 21 f\u00e9vrier 2022","modified":"Mise \u00e0 jour le 21 f\u00e9vrier 2022"},"absolute_dates_time":{"created":"Publi\u00e9 le 21 f\u00e9vrier 2022 15 h 42 min","modified":"Mise \u00e0 jour le 21 f\u00e9vrier 2022 15 h 42 min"},"featured_img_caption":"","featured_img":false,"series_order":"","_links":{"self":[{"href":"https:\/\/chapterzero-france.com\/index.php\/wp-json\/wp\/v2\/pages\/6822","targetHints":{"allow":["GET"]}}],"collection":[{"href":"https:\/\/chapterzero-france.com\/index.php\/wp-json\/wp\/v2\/pages"}],"about":[{"href":"https:\/\/chapterzero-france.com\/index.php\/wp-json\/wp\/v2\/types\/page"}],"author":[{"embeddable":true,"href":"https:\/\/chapterzero-france.com\/index.php\/wp-json\/wp\/v2\/users\/4"}],"replies":[{"embeddable":true,"href":"https:\/\/chapterzero-france.com\/index.php\/wp-json\/wp\/v2\/comments?post=6822"}],"version-history":[{"count":1,"href":"https:\/\/chapterzero-france.com\/index.php\/wp-json\/wp\/v2\/pages\/6822\/revisions"}],"predecessor-version":[{"id":6823,"href":"https:\/\/chapterzero-france.com\/index.php\/wp-json\/wp\/v2\/pages\/6822\/revisions\/6823"}],"wp:attachment":[{"href":"https:\/\/chapterzero-france.com\/index.php\/wp-json\/wp\/v2\/media?parent=6822"}],"curies":[{"name":"wp","href":"https:\/\/api.w.org\/{rel}","templated":true}]}}