{"id":7103,"date":"2022-10-26T13:26:34","date_gmt":"2022-10-26T11:26:34","guid":{"rendered":"https:\/\/chapterzero-france.com\/?page_id=7103"},"modified":"2022-10-26T13:26:35","modified_gmt":"2022-10-26T11:26:35","slug":"le-defi-climatique-comme-levier-de-lactivisme-actionnarial-2","status":"publish","type":"page","link":"https:\/\/chapterzero-france.com\/index.php\/le-defi-climatique-comme-levier-de-lactivisme-actionnarial-2\/","title":{"rendered":"Le d\u00e9fi climatique comme levier de l\u2019activisme actionnarial"},"content":{"rendered":"<div id=\"wppb-builder-container\" class=\"wppb-builder-container\">                <div  class=\"wppb-row-parent  wppb-row-1612115273447 \"  >\n\t\t\t\t\t\n\t\t\t\t\t\t\t\t\t\t\n\t\t\t\t\t\t\t\t\t\t\n\t\t\t\t\t<div class=\"wppb-container \">\n\t\t\t\t\t\t\t\t\t\t\t\t\t\n                        <div class=\"wppb-row\">\n\t\t\t\t\t\t\t                                    <div  class=\"wppb-column-parent wppb-column-parent-view wppb-col-1612115273446  \"  >\n                                        <div class=\"wppb-column\">\n\t\t\t\t\t\n\t\t\t\t\t\t\t\t\t\t\t\n                                            <div class=\"wppb-builder-addons\">\n\t\t\t\t\t\t\t\t\t\t\t\t<div class='wppb-builder-addon wppb-addon-1612115323379'  data-addon-id='1612115323379'><div class='wppb-addon'><div class=\"wppb-text-block-addon\"><div class=\"wppb-text-block-content 0\"><p style=\"text-align: center\"><strong>Organis\u00e9 par Chapter Zero France en collaboration avec <a href=\"https:\/\/squarewell-partners.com\/home\/\" target=\"_blank\" rel=\"noreferrer noopener\">SquareWell Partners<\/a>.<\/strong><\/p><p style=\"text-align: center\"><strong>Date: 10\/03\/2022<\/strong><\/p><\/div><\/div><\/div><\/div>                                            <\/div>\n                                        <\/div>\n                                    <\/div>\n\t\t\t\t\t\t\t\t\t                        <\/div>\n\n                    <\/div>\n                <\/div>\n\t\t\t\t                <div  class=\"wppb-row-parent  wppb-row-1612115273468 \"  >\n\t\t\t\t\t\n\t\t\t\t\t\t\t\t\t\t\n\t\t\t\t\t\t\t\t\t\t\n\t\t\t\t\t<div class=\"wppb-container \">\n\t\t\t\t\t\t\t\t\t\t\t\t\t\n                        <div class=\"wppb-row\">\n\t\t\t\t\t\t\t                                    <div  class=\"wppb-column-parent wppb-column-parent-view wppb-col-1612115273466  \"  >\n                                        <div class=\"wppb-column\">\n\t\t\t\t\t\n\t\t\t\t\t\t\t\t\t\t\t\n                                            <div class=\"wppb-builder-addons\">\n\t\t\t\t\t\t\t\t\t\t\t\t<div class='wppb-builder-addon wppb-addon-1612115855572'  data-addon-id='1612115855572'><div class='wppb-addon'><div class=\"wppb-text-block-addon\"><div class=\"wppb-text-block-content 0\"><h2 style=\"text-align: left\">Trois points essentiels \u00e0 retenir<\/h2><p style=\"text-align: left\">Les intervenants convergent sur les enjeux-cl\u00e9s suivants pour les administrateurs et les entreprises :<\/p><ul><li style=\"text-align: left\">L\u2019actionnaire est une partie prenante incontournable pour les soci\u00e9t\u00e9s : la menace d\u2019une prise de parole est un levier puissant pour faire bouger les conseils d\u2019administration ou dirigeants. Certaines ONG l\u2019ont bien compris et s\u2019adossent ou cherchent le soutien des actionnaires<\/li><li style=\"text-align: left\">Le d\u00e9p\u00f4t de r\u00e9solution est un outil privil\u00e9gi\u00e9 des actionnaires activistes pour mobiliser les soci\u00e9t\u00e9s sur les enjeux climatiques<\/li><li style=\"text-align: left\">Le contentieux visant les administrateurs demeure rare mais on peut imaginer que cela se d\u00e9veloppe \u00e0 l\u2019avenir. Pour l\u2019instant, le risque de r\u00e9putation pr\u00e9vaut. La fa\u00e7on la plus habile pour les administrateurs d\u2019anticiper ou de contourner l\u2019obstacle, c\u2019est de se former et de pr\u00e9empter (avec sinc\u00e9rit\u00e9) le sujet. Un dialogue actionnarial de qualite\u0301 et tout le long de l\u2019anne\u0301e est fondamental.<\/li><\/ul><ol><li style=\"list-style-type: none\">\u00a0<\/li><\/ol><p style=\"text-align: left\">Une courte synth\u00e8se pr\u00e9par\u00e9e par <a href=\"https:\/\/www.share-share.org\/\">ShARE<\/a> est disponible pour les membres. Si vous \u00eates int\u00e9ress\u00e9s, veuillez nous contacter.<\/p><\/div><\/div><\/div><\/div>                                            <\/div>\n                                        <\/div>\n                                    <\/div>\n\t\t\t\t\t\t\t\t\t                                    <div  class=\"wppb-column-parent wppb-column-parent-view wppb-col-1612115273467  \"  >\n                                        <div class=\"wppb-column\">\n\t\t\t\t\t\n\t\t\t\t\t\t\t\t\t\t\t\n                                            <div class=\"wppb-builder-addons\">\n\t\t\t\t\t\t\t\t\t\t\t\t<div class='wppb-builder-addon wppb-addon-1666860118766'  data-addon-id='1666860118766'><div class='wppb-addon'><div class=\"wppb-image-addon\"><figure class=\"wppb-image-addon-content-wrap\"><div class=\"wppb-image-addon-content wppb-imginlineblock\"><a rel=nofolow href=\"http:\/\/chapterzero-france.com\/wp-content\/uploads\/2022\/03\/CZF_slides-webinaire-activisme.pdf\" target=_blank><img decoding=\"async\" class=\"wppb-image-addon-img\" src=\"http:\/\/chapterzero-france.com\/wp-content\/uploads\/2022\/03\/panel.png\" alt=\"Image\"><\/a><\/div><\/figure><\/div><\/div><\/div>                                            <\/div>\n                                        <\/div>\n                                    <\/div>\n\t\t\t\t\t\t\t\t\t                        <\/div>\n\n                    <\/div>\n                <\/div>\n\t\t\t\t                <div  class=\"wppb-row-parent  wppb-row-1612115273794 \"  >\n\t\t\t\t\t\n\t\t\t\t\t\t\t\t\t\t\n\t\t\t\t\t\t\t\t\t\t\n\t\t\t\t\t<div class=\"wppb-container \">\n\t\t\t\t\t\t\t\t\t\t\t\t\t\n                        <div class=\"wppb-row\">\n\t\t\t\t\t\t\t                                    <div  class=\"wppb-column-parent wppb-column-parent-view wppb-col-1612115273795  \"  >\n                                        <div class=\"wppb-column\">\n\t\t\t\t\t\n\t\t\t\t\t\t\t\t\t\t\t\n                                            <div class=\"wppb-builder-addons\">\n\t\t\t\t\t\t\t\t\t\t\t\t<div class='wppb-builder-addon wppb-addon-1612115273796'  data-addon-id='1612115273796'><div class='wppb-addon'><div class=\"wppb-text-block-addon\"><div class=\"wppb-text-block-content 0\"><h2 style=\"text-align: center\">Pan\u00e9listes de la session<\/h2><p style=\"text-align: left\"><!-- wp:paragraph --><\/p><p style=\"text-align: left\"><strong><span class=\"has-inline-color has-luminous-vivid-amber-color\">Pan\u00e9listes <\/span><\/strong><\/p><p style=\"text-align: left\"><!-- \/wp:paragraph --> <!-- wp:list --><\/p><ul style=\"text-align: left\"><li><a href=\"https:\/\/www.linkedin.com\/in\/caroline-ruellan\/\" target=\"_blank\" rel=\"noreferrer noopener\">Caroline Ruellan<\/a>\u00a0\u2013 Pr\u00e9sidente du\u00a0<strong>Cercle Des Administrateurs (CDA)<\/strong>\u00a0et de<strong>\u00a0SONJ Conseil<\/strong><\/li><li><a href=\"https:\/\/www.linkedin.com\/in\/clementine-baldon\/\" target=\"_blank\" rel=\"noreferrer noopener\">Clementine Baldon\u00a0<\/a>\u2013 Avocate,\u00a0<strong>Baldon Avocats<\/strong><\/li><li><a href=\"https:\/\/www.linkedin.com\/in\/nicolas-ceron-66b5661b\/\" target=\"_blank\" rel=\"noreferrer noopener\">Nicolas Ceron<\/a>\u00a0\u2013 Portfolio Manager,\u00a0<strong>Bluebell Capital Partner<\/strong><\/li><li><a href=\"https:\/\/www.linkedin.com\/in\/tarek-bouhouch-76912b97\/\">Tarek Bouhouch<\/a>\u00a0\u2013 Country representative for France | Engagement &amp; research manager,\u00a0<strong>Follow This<\/strong><\/li><\/ul><p style=\"text-align: left\"><strong><span class=\"has-inline-color has-luminous-vivid-amber-color\">Moderateur <\/span> <\/strong><\/p><p style=\"text-align: left\"><!-- \/wp:list --> <!-- wp:list --><\/p><ul style=\"text-align: left\"><li><a href=\"https:\/\/www.linkedin.com\/in\/louis-barbier-5b647b1\/\" target=\"_blank\" rel=\"noreferrer noopener\">Louis Barbier<\/a>\u00a0\u2013 Partner,\u00a0<strong>SquareWell Partners<\/strong><\/li><\/ul><p style=\"text-align: left\"><!-- \/wp:list --><\/p><\/div><\/div><\/div><\/div>                                            <\/div>\n                                        <\/div>\n                                    <\/div>\n\t\t\t\t\t\t\t\t\t                                    <div  class=\"wppb-column-parent wppb-column-parent-view wppb-col-1612115273797  \"  >\n                                        <div class=\"wppb-column\">\n\t\t\t\t\t\n\t\t\t\t\t\t\t\t\t\t\t\n                                            <div class=\"wppb-builder-addons\">\n\t\t\t\t\t\t\t\t\t\t\t\t<div class='wppb-builder-addon wppb-addon-1621436171048'  data-addon-id='1621436171048'><div class='wppb-addon'><div class=\"wppb-video-addon\"><div class=\"wppb-video-content\"><div class=\"wppb-video-block wppb-embed-responsive wppb-embed-responsive-16by9\"><iframe class=\"wppb-embed-responsive-item\" src=\"\/\/www.youtube.com\/embed\/Y-A8GavTfMg?controls=1&#038;modestbranding=0\" allowFullScreen><\/iframe><\/div><\/div><\/div><\/div><\/div>                                            <\/div>\n                                        <\/div>\n                                    <\/div>\n\t\t\t\t\t\t\t\t\t                        <\/div>\n\n                    <\/div>\n                <\/div>\n\t\t\t\t                <div  class=\"wppb-row-parent  wppb-row-1621272140438 \"  >\n\t\t\t\t\t\n\t\t\t\t\t\t\t\t\t\t\n\t\t\t\t\t\t\t\t\t\t\n\t\t\t\t\t<div class=\"wppb-container \">\n\t\t\t\t\t\t\t\t\t\t\t\t\t\n                        <div class=\"wppb-row\">\n\t\t\t\t\t\t\t                                    <div  class=\"wppb-column-parent wppb-column-parent-view wppb-col-1621272140437  \"  >\n                                        <div class=\"wppb-column\">\n\t\t\t\t\t\n\t\t\t\t\t\t\t\t\t\t\t\n                                            <div class=\"wppb-builder-addons\">\n\t\t\t\t\t\t\t\t\t\t\t\t<div class='wppb-builder-addon wppb-addon-1625061948383'  data-addon-id='1625061948383'><div class='wppb-addon'><div class=\"wppb-image-addon\"><figure class=\"wppb-image-addon-content-wrap\"><div class=\"wppb-image-addon-content wppb-imginlineblock\"><img decoding=\"async\" class=\"wppb-image-addon-img\" src=\"http:\/\/chapterzero-france.com\/wp-content\/uploads\/2022\/03\/SW.jpg\" alt=\"Image\"><\/div><\/figure><\/div><\/div><\/div>                                            <\/div>\n                                        <\/div>\n                                    <\/div>\n\t\t\t\t\t\t\t\t\t                                    <div  class=\"wppb-column-parent wppb-column-parent-view wppb-col-1621272140451  \"  >\n                                        <div class=\"wppb-column\">\n\t\t\t\t\t\n\t\t\t\t\t\t\t\t\t\t\t\n                                            <div class=\"wppb-builder-addons\">\n\t\t\t\t\t\t\t\t\t\t\t\t                                            <\/div>\n                                        <\/div>\n                                    <\/div>\n\t\t\t\t\t\t\t\t\t                                    <div  class=\"wppb-column-parent wppb-column-parent-view wppb-col-1666860118815  \"  >\n                                        <div class=\"wppb-column\">\n\t\t\t\t\t\n\t\t\t\t\t\t\t\t\t\t\t\n                                            <div class=\"wppb-builder-addons\">\n\t\t\t\t\t\t\t\t\t\t\t\t                                            <\/div>\n                                        <\/div>\n                                    <\/div>\n\t\t\t\t\t\t\t\t\t                        <\/div>\n\n                    <\/div>\n                <\/div>\n\t\t\t\t<\/div>","protected":false},"excerpt":{"rendered":"<p>Organis\u00e9 par Chapter Zero France en collaboration avec SquareWell Partners.Date: 10\/03\/2022 Trois points essentiels \u00e0 retenirLes intervenants convergent sur les enjeux-cl\u00e9s suivants pour les administrateurs et les entreprises :L\u2019actionnaire est une partie prenante incontournable pour les soci\u00e9t\u00e9s : la menace d\u2019une prise de parole est un levier puissant pour faire&hellip;<\/p>\n","protected":false},"author":4,"featured_media":0,"parent":0,"menu_order":0,"comment_status":"closed","ping_status":"closed","template":"","meta":{"advgb_blocks_editor_width":"","advgb_blocks_columns_visual_guide":"","_monsterinsights_skip_tracking":false,"_monsterinsights_sitenote_active":false,"_monsterinsights_sitenote_note":"","_monsterinsights_sitenote_category":0,"footnotes":""},"class_list":["post-7103","page","type-page","status-publish","hentry"],"yoast_head":"<!-- This site is optimized with the Yoast SEO plugin v23.4 - https:\/\/yoast.com\/wordpress\/plugins\/seo\/ -->\n<title>Le d\u00e9fi climatique comme levier de l\u2019activisme actionnarial - Chapter Zero France<\/title>\n<meta name=\"robots\" content=\"index, follow, max-snippet:-1, max-image-preview:large, max-video-preview:-1\" \/>\n<link rel=\"canonical\" href=\"https:\/\/chapterzero-france.com\/index.php\/le-defi-climatique-comme-levier-de-lactivisme-actionnarial-2\/\" \/>\n<meta property=\"og:locale\" content=\"fr_FR\" \/>\n<meta property=\"og:type\" content=\"article\" \/>\n<meta property=\"og:title\" content=\"Le d\u00e9fi climatique comme levier de l\u2019activisme actionnarial - Chapter Zero France\" \/>\n<meta property=\"og:description\" content=\"Organis\u00e9 par Chapter Zero France en collaboration avec SquareWell Partners.Date: 10\/03\/2022 Trois points essentiels \u00e0 retenirLes intervenants convergent sur les enjeux-cl\u00e9s suivants pour les administrateurs et les entreprises :L\u2019actionnaire est une partie prenante incontournable pour les soci\u00e9t\u00e9s : la menace d\u2019une prise de parole est un levier puissant pour faire&hellip;\" \/>\n<meta property=\"og:url\" content=\"https:\/\/chapterzero-france.com\/index.php\/le-defi-climatique-comme-levier-de-lactivisme-actionnarial-2\/\" \/>\n<meta property=\"og:site_name\" content=\"Chapter Zero France\" \/>\n<meta property=\"article:modified_time\" content=\"2022-10-26T11:26:35+00:00\" \/>\n<meta name=\"twitter:card\" content=\"summary_large_image\" \/>\n<script type=\"application\/ld+json\" class=\"yoast-schema-graph\">{\"@context\":\"https:\/\/schema.org\",\"@graph\":[{\"@type\":\"WebPage\",\"@id\":\"https:\/\/chapterzero-france.com\/index.php\/le-defi-climatique-comme-levier-de-lactivisme-actionnarial-2\/\",\"url\":\"https:\/\/chapterzero-france.com\/index.php\/le-defi-climatique-comme-levier-de-lactivisme-actionnarial-2\/\",\"name\":\"Le d\u00e9fi climatique comme levier de l\u2019activisme actionnarial - Chapter Zero France\",\"isPartOf\":{\"@id\":\"https:\/\/chapterzero-france.com\/#website\"},\"datePublished\":\"2022-10-26T11:26:34+00:00\",\"dateModified\":\"2022-10-26T11:26:35+00:00\",\"breadcrumb\":{\"@id\":\"https:\/\/chapterzero-france.com\/index.php\/le-defi-climatique-comme-levier-de-lactivisme-actionnarial-2\/#breadcrumb\"},\"inLanguage\":\"fr-FR\",\"potentialAction\":[{\"@type\":\"ReadAction\",\"target\":[\"https:\/\/chapterzero-france.com\/index.php\/le-defi-climatique-comme-levier-de-lactivisme-actionnarial-2\/\"]}]},{\"@type\":\"BreadcrumbList\",\"@id\":\"https:\/\/chapterzero-france.com\/index.php\/le-defi-climatique-comme-levier-de-lactivisme-actionnarial-2\/#breadcrumb\",\"itemListElement\":[{\"@type\":\"ListItem\",\"position\":1,\"name\":\"Accueil\",\"item\":\"https:\/\/chapterzero-france.com\/\"},{\"@type\":\"ListItem\",\"position\":2,\"name\":\"Le d\u00e9fi climatique comme levier de l\u2019activisme actionnarial\"}]},{\"@type\":\"WebSite\",\"@id\":\"https:\/\/chapterzero-france.com\/#website\",\"url\":\"https:\/\/chapterzero-france.com\/\",\"name\":\"Chapter Zero France\",\"description\":\"Le Forum Climat des Administrateurs\",\"publisher\":{\"@id\":\"https:\/\/chapterzero-france.com\/#organization\"},\"potentialAction\":[{\"@type\":\"SearchAction\",\"target\":{\"@type\":\"EntryPoint\",\"urlTemplate\":\"https:\/\/chapterzero-france.com\/?s={search_term_string}\"},\"query-input\":{\"@type\":\"PropertyValueSpecification\",\"valueRequired\":true,\"valueName\":\"search_term_string\"}}],\"inLanguage\":\"fr-FR\"},{\"@type\":\"Organization\",\"@id\":\"https:\/\/chapterzero-france.com\/#organization\",\"name\":\"Chapter Zero France\",\"url\":\"https:\/\/chapterzero-france.com\/\",\"logo\":{\"@type\":\"ImageObject\",\"inLanguage\":\"fr-FR\",\"@id\":\"https:\/\/chapterzero-france.com\/#\/schema\/logo\/image\/\",\"url\":\"https:\/\/chapterzero-france.com\/wp-content\/uploads\/2020\/08\/ChapterZero_Logo_FranceForumClimat-e1598537853484.jpg\",\"contentUrl\":\"https:\/\/chapterzero-france.com\/wp-content\/uploads\/2020\/08\/ChapterZero_Logo_FranceForumClimat-e1598537853484.jpg\",\"width\":100,\"height\":38,\"caption\":\"Chapter Zero France\"},\"image\":{\"@id\":\"https:\/\/chapterzero-france.com\/#\/schema\/logo\/image\/\"}}]}<\/script>\n<!-- \/ Yoast SEO plugin. -->","yoast_head_json":{"title":"Le d\u00e9fi climatique comme levier de l\u2019activisme actionnarial - Chapter Zero France","robots":{"index":"index","follow":"follow","max-snippet":"max-snippet:-1","max-image-preview":"max-image-preview:large","max-video-preview":"max-video-preview:-1"},"canonical":"https:\/\/chapterzero-france.com\/index.php\/le-defi-climatique-comme-levier-de-lactivisme-actionnarial-2\/","og_locale":"fr_FR","og_type":"article","og_title":"Le d\u00e9fi climatique comme levier de l\u2019activisme actionnarial - Chapter Zero France","og_description":"Organis\u00e9 par Chapter Zero France en collaboration avec SquareWell Partners.Date: 10\/03\/2022 Trois points essentiels \u00e0 retenirLes intervenants convergent sur les enjeux-cl\u00e9s suivants pour les administrateurs et les entreprises :L\u2019actionnaire est une partie prenante incontournable pour les soci\u00e9t\u00e9s : la menace d\u2019une prise de parole est un levier puissant pour faire&hellip;","og_url":"https:\/\/chapterzero-france.com\/index.php\/le-defi-climatique-comme-levier-de-lactivisme-actionnarial-2\/","og_site_name":"Chapter Zero France","article_modified_time":"2022-10-26T11:26:35+00:00","twitter_card":"summary_large_image","schema":{"@context":"https:\/\/schema.org","@graph":[{"@type":"WebPage","@id":"https:\/\/chapterzero-france.com\/index.php\/le-defi-climatique-comme-levier-de-lactivisme-actionnarial-2\/","url":"https:\/\/chapterzero-france.com\/index.php\/le-defi-climatique-comme-levier-de-lactivisme-actionnarial-2\/","name":"Le d\u00e9fi climatique comme levier de l\u2019activisme actionnarial - Chapter Zero France","isPartOf":{"@id":"https:\/\/chapterzero-france.com\/#website"},"datePublished":"2022-10-26T11:26:34+00:00","dateModified":"2022-10-26T11:26:35+00:00","breadcrumb":{"@id":"https:\/\/chapterzero-france.com\/index.php\/le-defi-climatique-comme-levier-de-lactivisme-actionnarial-2\/#breadcrumb"},"inLanguage":"fr-FR","potentialAction":[{"@type":"ReadAction","target":["https:\/\/chapterzero-france.com\/index.php\/le-defi-climatique-comme-levier-de-lactivisme-actionnarial-2\/"]}]},{"@type":"BreadcrumbList","@id":"https:\/\/chapterzero-france.com\/index.php\/le-defi-climatique-comme-levier-de-lactivisme-actionnarial-2\/#breadcrumb","itemListElement":[{"@type":"ListItem","position":1,"name":"Accueil","item":"https:\/\/chapterzero-france.com\/"},{"@type":"ListItem","position":2,"name":"Le d\u00e9fi climatique comme levier de l\u2019activisme actionnarial"}]},{"@type":"WebSite","@id":"https:\/\/chapterzero-france.com\/#website","url":"https:\/\/chapterzero-france.com\/","name":"Chapter Zero France","description":"Le Forum Climat des Administrateurs","publisher":{"@id":"https:\/\/chapterzero-france.com\/#organization"},"potentialAction":[{"@type":"SearchAction","target":{"@type":"EntryPoint","urlTemplate":"https:\/\/chapterzero-france.com\/?s={search_term_string}"},"query-input":{"@type":"PropertyValueSpecification","valueRequired":true,"valueName":"search_term_string"}}],"inLanguage":"fr-FR"},{"@type":"Organization","@id":"https:\/\/chapterzero-france.com\/#organization","name":"Chapter Zero France","url":"https:\/\/chapterzero-france.com\/","logo":{"@type":"ImageObject","inLanguage":"fr-FR","@id":"https:\/\/chapterzero-france.com\/#\/schema\/logo\/image\/","url":"https:\/\/chapterzero-france.com\/wp-content\/uploads\/2020\/08\/ChapterZero_Logo_FranceForumClimat-e1598537853484.jpg","contentUrl":"https:\/\/chapterzero-france.com\/wp-content\/uploads\/2020\/08\/ChapterZero_Logo_FranceForumClimat-e1598537853484.jpg","width":100,"height":38,"caption":"Chapter Zero France"},"image":{"@id":"https:\/\/chapterzero-france.com\/#\/schema\/logo\/image\/"}}]}},"coauthors":[],"author_meta":{"author_link":"https:\/\/chapterzero-france.com\/index.php\/author\/czfr\/","display_name":"CZFR"},"relative_dates":{"created":"Publi\u00e9 3 ans il y a","modified":"Mis \u00e0 jour 3 ans il y a"},"absolute_dates":{"created":"Publi\u00e9 le 26 octobre 2022","modified":"Mise \u00e0 jour le 26 octobre 2022"},"absolute_dates_time":{"created":"Publi\u00e9 le 26 octobre 2022 13 h 26 min","modified":"Mise \u00e0 jour le 26 octobre 2022 13 h 26 min"},"featured_img_caption":"","featured_img":false,"series_order":"","_links":{"self":[{"href":"https:\/\/chapterzero-france.com\/index.php\/wp-json\/wp\/v2\/pages\/7103","targetHints":{"allow":["GET"]}}],"collection":[{"href":"https:\/\/chapterzero-france.com\/index.php\/wp-json\/wp\/v2\/pages"}],"about":[{"href":"https:\/\/chapterzero-france.com\/index.php\/wp-json\/wp\/v2\/types\/page"}],"author":[{"embeddable":true,"href":"https:\/\/chapterzero-france.com\/index.php\/wp-json\/wp\/v2\/users\/4"}],"replies":[{"embeddable":true,"href":"https:\/\/chapterzero-france.com\/index.php\/wp-json\/wp\/v2\/comments?post=7103"}],"version-history":[{"count":1,"href":"https:\/\/chapterzero-france.com\/index.php\/wp-json\/wp\/v2\/pages\/7103\/revisions"}],"predecessor-version":[{"id":7104,"href":"https:\/\/chapterzero-france.com\/index.php\/wp-json\/wp\/v2\/pages\/7103\/revisions\/7104"}],"wp:attachment":[{"href":"https:\/\/chapterzero-france.com\/index.php\/wp-json\/wp\/v2\/media?parent=7103"}],"curies":[{"name":"wp","href":"https:\/\/api.w.org\/{rel}","templated":true}]}}