{"id":7152,"date":"2022-12-02T15:03:43","date_gmt":"2022-12-02T14:03:43","guid":{"rendered":"https:\/\/chapterzero-france.com\/?page_id=7152"},"modified":"2022-12-06T10:39:54","modified_gmt":"2022-12-06T09:39:54","slug":"comment-integrer-efficacement-la-trajectoire-de-decarbonation-dans-la-remuneration-des-dirigeants-2","status":"publish","type":"page","link":"https:\/\/chapterzero-france.com\/index.php\/comment-integrer-efficacement-la-trajectoire-de-decarbonation-dans-la-remuneration-des-dirigeants-2\/","title":{"rendered":"comment int\u00e9grer efficacement la trajectoire de d\u00e9carbonation dans la r\u00e9mun\u00e9ration des dirigeants ?"},"content":{"rendered":"<div id=\"wppb-builder-container\" class=\"wppb-builder-container\">                <div  class=\"wppb-row-parent  wppb-row-1664952127682 \"  >\n\t\t\t\t\t\n\t\t\t\t\t\t\t\t\t\t\n\t\t\t\t\t\t\t\t\t\t\n\t\t\t\t\t<div class=\"wppb-container \">\n\t\t\t\t\t\t\t\t\t\t\t\t\t\n                        <div class=\"wppb-row\">\n\t\t\t\t\t\t\t                                    <div  class=\"wppb-column-parent wppb-column-parent-view wppb-col-1664952127681  \"  >\n                                        <div class=\"wppb-column\">\n\t\t\t\t\t\n\t\t\t\t\t\t\t\t\t\t\t\n                                            <div class=\"wppb-builder-addons\">\n\t\t\t\t\t\t\t\t\t\t\t\t                                            <\/div>\n                                        <\/div>\n                                    <\/div>\n\t\t\t\t\t\t\t\t\t                        <\/div>\n\n                    <\/div>\n                <\/div>\n\t\t\t\t                <div  class=\"wppb-row-parent  wppb-row-1612115273447 \"  >\n\t\t\t\t\t\n\t\t\t\t\t\t\t\t\t\t\n\t\t\t\t\t\t\t\t\t\t\n\t\t\t\t\t<div class=\"wppb-container \">\n\t\t\t\t\t\t\t\t\t\t\t\t\t\n                        <div class=\"wppb-row\">\n\t\t\t\t\t\t\t                                    <div  class=\"wppb-column-parent wppb-column-parent-view wppb-col-1612115273446  \"  >\n                                        <div class=\"wppb-column\">\n\t\t\t\t\t\n\t\t\t\t\t\t\t\t\t\t\t\n                                            <div class=\"wppb-builder-addons\">\n\t\t\t\t\t\t\t\t\t\t\t\t<div class='wppb-builder-addon wppb-addon-1612115323379'  data-addon-id='1612115323379'><div class='wppb-addon'><div class=\"wppb-text-block-addon\"><div class=\"wppb-text-block-content 0\"><p style=\"text-align: center\"><strong>Organis\u00e9 par Chapter Zero France en collaboration avec <a href=\"https:\/\/www.linkedin.com\/company\/wwf-france\/\">WWF France<\/a>.<\/strong><\/p><p>Les intervenants convergent sur les enjeux-cl\u00e9s suivants pour les administrateurs et les entreprises :<\/p><ol><li>L\u2019alignement de la r\u00e9mun\u00e9ration variable des dirigeants sur des crit\u00e8res environnementaux et sociaux est n\u00e9cessaire et, pour WWF et Mirova, ces crit\u00e8res devraient peser autant que les crit\u00e8res financiers ;<\/li><li>La d\u00e9finition de targes et leur mesure est complexe, et que seuls des objectifs d\u00e9duits de plans plan climat valid\u00e9s par la science sont acceptables ;<\/li><li>D\u2019autres objectifs (environnementaux et sociaux) devraient influencer la r\u00e9mun\u00e9ration des dirigeants mais la plus grande complexit\u00e9 dans leur mise en \u0153uvre divise les pan\u00e9listes.<\/li><\/ol><\/div><\/div><\/div><\/div>                                            <\/div>\n                                        <\/div>\n                                    <\/div>\n\t\t\t\t\t\t\t\t\t                                    <div  class=\"wppb-column-parent wppb-column-parent-view wppb-col-1667233365723  \"  >\n                                        <div class=\"wppb-column\">\n\t\t\t\t\t\n\t\t\t\t\t\t\t\t\t\t\t\n                                            <div class=\"wppb-builder-addons\">\n\t\t\t\t\t\t\t\t\t\t\t\t<div class='wppb-builder-addon wppb-addon-1667233365728'  data-addon-id='1667233365728'><div class='wppb-addon'><div class=\"wppb-text-block-addon\"><div class=\"wppb-text-block-content 0\"><p><img loading=\"lazy\" decoding=\"async\" class=\"alignnone wp-image-7151 size-full\" src=\"https:\/\/chapterzero-france.com\/wp-content\/uploads\/2022\/12\/Capture-de\u0301cran-2022-12-02-a\u0300-14.25.29.png\" alt=\"\" width=\"1097\" height=\"616\" srcset=\"https:\/\/chapterzero-france.com\/wp-content\/uploads\/2022\/12\/Capture-de\u0301cran-2022-12-02-a\u0300-14.25.29.png 1097w, https:\/\/chapterzero-france.com\/wp-content\/uploads\/2022\/12\/Capture-de\u0301cran-2022-12-02-a\u0300-14.25.29-300x168.png 300w, https:\/\/chapterzero-france.com\/wp-content\/uploads\/2022\/12\/Capture-de\u0301cran-2022-12-02-a\u0300-14.25.29-1024x575.png 1024w, https:\/\/chapterzero-france.com\/wp-content\/uploads\/2022\/12\/Capture-de\u0301cran-2022-12-02-a\u0300-14.25.29-150x84.png 150w, https:\/\/chapterzero-france.com\/wp-content\/uploads\/2022\/12\/Capture-de\u0301cran-2022-12-02-a\u0300-14.25.29-768x431.png 768w, https:\/\/chapterzero-france.com\/wp-content\/uploads\/2022\/12\/Capture-de\u0301cran-2022-12-02-a\u0300-14.25.29-360x202.png 360w\" sizes=\"auto, (max-width: 1097px) 100vw, 1097px\" \/><\/p><\/div><\/div><\/div><\/div>                                            <\/div>\n                                        <\/div>\n                                    <\/div>\n\t\t\t\t\t\t\t\t\t                        <\/div>\n\n                    <\/div>\n                <\/div>\n\t\t\t\t                <div  class=\"wppb-row-parent  wppb-row-1667233365709 \"  >\n\t\t\t\t\t\n\t\t\t\t\t\t\t\t\t\t\n\t\t\t\t\t\t\t\t\t\t\n\t\t\t\t\t<div class=\"wppb-container \">\n\t\t\t\t\t\t\t\t\t\t\t\t\t\n                        <div class=\"wppb-row\">\n\t\t\t\t\t\t\t                                    <div  class=\"wppb-column-parent wppb-column-parent-view wppb-col-1667233365710  \"  >\n                                        <div class=\"wppb-column\">\n\t\t\t\t\t\n\t\t\t\t\t\t\t\t\t\t\t\n                                            <div class=\"wppb-builder-addons\">\n\t\t\t\t\t\t\t\t\t\t\t\t<div class='wppb-builder-addon wppb-addon-1667233365711'  data-addon-id='1667233365711'><div class='wppb-addon'><div class=\"wppb-text-block-addon\"><div class=\"wppb-text-block-content 0\"><h2 style=\"text-align: center\">Pan\u00e9listes de la session<\/h2><p style=\"text-align: left\"><strong><span class=\"has-inline-color has-luminous-vivid-amber-color\">Pan\u00e9listes<\/span><\/strong><\/p><p><!-- \/wp:paragraph --> <!-- wp:list --><\/p><ul style=\"text-align: left\"><li><a href=\"https:\/\/www.linkedin.com\/in\/ACoAAADhGckB8XSd3wLYezFmlQ2r18uIYY-sOuU?lipi=urn%3Ali%3Apage%3Ad_flagship3_company_admin%3Bw9hh4FJZR%2BK%2BHp373DY7ZQ%3D%3D\">Nicolas Loz de Co\u00ebtgourhant<\/a> -\u00a0 Responsable des relations entreprises chez <a href=\"https:\/\/www.linkedin.com\/company\/wwf-france\/?lipi=urn%3Ali%3Apage%3Ad_flagship3_company_admin%3BpTTcHUsHQ2uVm%2FJ4clRJiA%3D%3D\">WWF France<\/a><\/li><li><a href=\"https:\/\/www.linkedin.com\/in\/ACoAAAFpoOwBMvej6mOzcRMatNSHmSmCSW4C4hY?lipi=urn%3Ali%3Apage%3Ad_flagship3_company_admin%3Bw9hh4FJZR%2BK%2BHp373DY7ZQ%3D%3D\">Vincent Auriac<\/a> - Pr\u00e9sident d'<a href=\"https:\/\/www.linkedin.com\/company\/scorecarboneaxylia\/?lipi=urn%3Ali%3Apage%3Ad_flagship3_company_admin%3BpTTcHUsHQ2uVm%2FJ4clRJiA%3D%3D\">Axylia<\/a><\/li><li><a href=\"https:\/\/www.linkedin.com\/in\/ACoAAAlXlgwB0QbPe-Lh2h_PYmcgMYS61QqbQGY?lipi=urn%3Ali%3Apage%3Ad_flagship3_company_admin%3Bw9hh4FJZR%2BK%2BHp373DY7ZQ%3D%3D\">Louise Schreiber<\/a> - Co-Responsable de la recherche en durabilit\u00e9 \u2013 Actifs cot\u00e9s <a href=\"https:\/\/www.linkedin.com\/company\/mirova\/?lipi=urn%3Ali%3Apage%3Ad_flagship3_company_admin%3BpTTcHUsHQ2uVm%2FJ4clRJiA%3D%3D\">Mirova<\/a><\/li><\/ul><p style=\"text-align: left\"><strong><span class=\"has-inline-color has-luminous-vivid-amber-color\">Moderateur<\/span><\/strong><\/p><ul style=\"text-align: left\"><li><a href=\"https:\/\/www.linkedin.com\/in\/ACoAAAMoISoBv4qg5wWgZ4k_oi_E7mQhWo6QI2E?lipi=urn%3Ali%3Apage%3Ad_flagship3_company_admin%3Bw9hh4FJZR%2BK%2BHp373DY7ZQ%3D%3D\">Monica de Virgiliis -<\/a>Pr\u00e9sidente du Conseil d\u2019Administration - SNAM; membre du Conseil de Surveillance - ASM; Pr\u00e9sidente - Chapter Zero France<\/li><\/ul><p style=\"text-align: left\"><strong>Date: 01\/12\/2022<\/strong><\/p><\/div><\/div><\/div><\/div>                                            <\/div>\n                                        <\/div>\n                                    <\/div>\n\t\t\t\t\t\t\t\t\t                                    <div  class=\"wppb-column-parent wppb-column-parent-view wppb-col-1667233365712  \"  >\n                                        <div class=\"wppb-column\">\n\t\t\t\t\t\n\t\t\t\t\t\t\t\t\t\t\t\n                                            <div class=\"wppb-builder-addons\">\n\t\t\t\t\t\t\t\t\t\t\t\t<div class='wppb-builder-addon wppb-addon-1667233365713'  data-addon-id='1667233365713'><div class='wppb-addon'><div class=\"wppb-video-addon\"><div class=\"wppb-video-content\"><div class=\"wppb-video-block wppb-embed-responsive wppb-embed-responsive-16by9\"><iframe class=\"wppb-embed-responsive-item\" src=\"\/\/www.youtube.com\/embed\/hxaCqOyc2Yg?controls=1&#038;modestbranding=0\" allowFullScreen><\/iframe><\/div><\/div><\/div><\/div><\/div>                                            <\/div>\n                                        <\/div>\n                                    <\/div>\n\t\t\t\t\t\t\t\t\t                        <\/div>\n\n                    <\/div>\n                <\/div>\n\t\t\t\t<\/div>","protected":false},"excerpt":{"rendered":"<p>Organis\u00e9 par Chapter Zero France en collaboration avec WWF France.Les intervenants convergent sur les enjeux-cl\u00e9s suivants pour les administrateurs et les entreprises :L\u2019alignement de la r\u00e9mun\u00e9ration variable des dirigeants sur des crit\u00e8res environnementaux et sociaux est n\u00e9cessaire et, pour WWF et Mirova, ces crit\u00e8res devraient peser autant que les crit\u00e8res&hellip;<\/p>\n","protected":false},"author":4,"featured_media":0,"parent":0,"menu_order":0,"comment_status":"closed","ping_status":"closed","template":"","meta":{"advgb_blocks_editor_width":"","advgb_blocks_columns_visual_guide":"","_monsterinsights_skip_tracking":false,"_monsterinsights_sitenote_active":false,"_monsterinsights_sitenote_note":"","_monsterinsights_sitenote_category":0,"footnotes":""},"class_list":["post-7152","page","type-page","status-publish","hentry"],"yoast_head":"<!-- This site is optimized with the Yoast SEO plugin v23.4 - https:\/\/yoast.com\/wordpress\/plugins\/seo\/ -->\n<title>comment int\u00e9grer efficacement la trajectoire de d\u00e9carbonation dans la r\u00e9mun\u00e9ration des dirigeants ? - Chapter Zero France<\/title>\n<meta name=\"robots\" content=\"index, follow, max-snippet:-1, max-image-preview:large, max-video-preview:-1\" \/>\n<link rel=\"canonical\" href=\"https:\/\/chapterzero-france.com\/index.php\/comment-integrer-efficacement-la-trajectoire-de-decarbonation-dans-la-remuneration-des-dirigeants-2\/\" \/>\n<meta property=\"og:locale\" content=\"fr_FR\" \/>\n<meta property=\"og:type\" content=\"article\" \/>\n<meta property=\"og:title\" content=\"comment int\u00e9grer efficacement la trajectoire de d\u00e9carbonation dans la r\u00e9mun\u00e9ration des dirigeants ? - Chapter Zero France\" \/>\n<meta property=\"og:description\" content=\"Organis\u00e9 par Chapter Zero France en collaboration avec WWF France.Les intervenants convergent sur les enjeux-cl\u00e9s suivants pour les administrateurs et les entreprises :L\u2019alignement de la r\u00e9mun\u00e9ration variable des dirigeants sur des crit\u00e8res environnementaux et sociaux est n\u00e9cessaire et, pour WWF et Mirova, ces crit\u00e8res devraient peser autant que les crit\u00e8res&hellip;\" \/>\n<meta property=\"og:url\" content=\"https:\/\/chapterzero-france.com\/index.php\/comment-integrer-efficacement-la-trajectoire-de-decarbonation-dans-la-remuneration-des-dirigeants-2\/\" \/>\n<meta property=\"og:site_name\" content=\"Chapter Zero France\" \/>\n<meta property=\"article:modified_time\" content=\"2022-12-06T09:39:54+00:00\" \/>\n<meta name=\"twitter:card\" content=\"summary_large_image\" \/>\n<script type=\"application\/ld+json\" class=\"yoast-schema-graph\">{\"@context\":\"https:\/\/schema.org\",\"@graph\":[{\"@type\":\"WebPage\",\"@id\":\"https:\/\/chapterzero-france.com\/index.php\/comment-integrer-efficacement-la-trajectoire-de-decarbonation-dans-la-remuneration-des-dirigeants-2\/\",\"url\":\"https:\/\/chapterzero-france.com\/index.php\/comment-integrer-efficacement-la-trajectoire-de-decarbonation-dans-la-remuneration-des-dirigeants-2\/\",\"name\":\"comment int\u00e9grer efficacement la trajectoire de d\u00e9carbonation dans la r\u00e9mun\u00e9ration des dirigeants ? - Chapter Zero France\",\"isPartOf\":{\"@id\":\"https:\/\/chapterzero-france.com\/#website\"},\"datePublished\":\"2022-12-02T14:03:43+00:00\",\"dateModified\":\"2022-12-06T09:39:54+00:00\",\"breadcrumb\":{\"@id\":\"https:\/\/chapterzero-france.com\/index.php\/comment-integrer-efficacement-la-trajectoire-de-decarbonation-dans-la-remuneration-des-dirigeants-2\/#breadcrumb\"},\"inLanguage\":\"fr-FR\",\"potentialAction\":[{\"@type\":\"ReadAction\",\"target\":[\"https:\/\/chapterzero-france.com\/index.php\/comment-integrer-efficacement-la-trajectoire-de-decarbonation-dans-la-remuneration-des-dirigeants-2\/\"]}]},{\"@type\":\"BreadcrumbList\",\"@id\":\"https:\/\/chapterzero-france.com\/index.php\/comment-integrer-efficacement-la-trajectoire-de-decarbonation-dans-la-remuneration-des-dirigeants-2\/#breadcrumb\",\"itemListElement\":[{\"@type\":\"ListItem\",\"position\":1,\"name\":\"Accueil\",\"item\":\"https:\/\/chapterzero-france.com\/\"},{\"@type\":\"ListItem\",\"position\":2,\"name\":\"comment int\u00e9grer efficacement la trajectoire de d\u00e9carbonation dans la r\u00e9mun\u00e9ration des dirigeants ?\"}]},{\"@type\":\"WebSite\",\"@id\":\"https:\/\/chapterzero-france.com\/#website\",\"url\":\"https:\/\/chapterzero-france.com\/\",\"name\":\"Chapter Zero France\",\"description\":\"Le Forum Climat des Administrateurs\",\"publisher\":{\"@id\":\"https:\/\/chapterzero-france.com\/#organization\"},\"potentialAction\":[{\"@type\":\"SearchAction\",\"target\":{\"@type\":\"EntryPoint\",\"urlTemplate\":\"https:\/\/chapterzero-france.com\/?s={search_term_string}\"},\"query-input\":{\"@type\":\"PropertyValueSpecification\",\"valueRequired\":true,\"valueName\":\"search_term_string\"}}],\"inLanguage\":\"fr-FR\"},{\"@type\":\"Organization\",\"@id\":\"https:\/\/chapterzero-france.com\/#organization\",\"name\":\"Chapter Zero France\",\"url\":\"https:\/\/chapterzero-france.com\/\",\"logo\":{\"@type\":\"ImageObject\",\"inLanguage\":\"fr-FR\",\"@id\":\"https:\/\/chapterzero-france.com\/#\/schema\/logo\/image\/\",\"url\":\"https:\/\/chapterzero-france.com\/wp-content\/uploads\/2020\/08\/ChapterZero_Logo_FranceForumClimat-e1598537853484.jpg\",\"contentUrl\":\"https:\/\/chapterzero-france.com\/wp-content\/uploads\/2020\/08\/ChapterZero_Logo_FranceForumClimat-e1598537853484.jpg\",\"width\":100,\"height\":38,\"caption\":\"Chapter Zero France\"},\"image\":{\"@id\":\"https:\/\/chapterzero-france.com\/#\/schema\/logo\/image\/\"}}]}<\/script>\n<!-- \/ Yoast SEO plugin. -->","yoast_head_json":{"title":"comment int\u00e9grer efficacement la trajectoire de d\u00e9carbonation dans la r\u00e9mun\u00e9ration des dirigeants ? - Chapter Zero France","robots":{"index":"index","follow":"follow","max-snippet":"max-snippet:-1","max-image-preview":"max-image-preview:large","max-video-preview":"max-video-preview:-1"},"canonical":"https:\/\/chapterzero-france.com\/index.php\/comment-integrer-efficacement-la-trajectoire-de-decarbonation-dans-la-remuneration-des-dirigeants-2\/","og_locale":"fr_FR","og_type":"article","og_title":"comment int\u00e9grer efficacement la trajectoire de d\u00e9carbonation dans la r\u00e9mun\u00e9ration des dirigeants ? - Chapter Zero France","og_description":"Organis\u00e9 par Chapter Zero France en collaboration avec WWF France.Les intervenants convergent sur les enjeux-cl\u00e9s suivants pour les administrateurs et les entreprises :L\u2019alignement de la r\u00e9mun\u00e9ration variable des dirigeants sur des crit\u00e8res environnementaux et sociaux est n\u00e9cessaire et, pour WWF et Mirova, ces crit\u00e8res devraient peser autant que les crit\u00e8res&hellip;","og_url":"https:\/\/chapterzero-france.com\/index.php\/comment-integrer-efficacement-la-trajectoire-de-decarbonation-dans-la-remuneration-des-dirigeants-2\/","og_site_name":"Chapter Zero France","article_modified_time":"2022-12-06T09:39:54+00:00","twitter_card":"summary_large_image","schema":{"@context":"https:\/\/schema.org","@graph":[{"@type":"WebPage","@id":"https:\/\/chapterzero-france.com\/index.php\/comment-integrer-efficacement-la-trajectoire-de-decarbonation-dans-la-remuneration-des-dirigeants-2\/","url":"https:\/\/chapterzero-france.com\/index.php\/comment-integrer-efficacement-la-trajectoire-de-decarbonation-dans-la-remuneration-des-dirigeants-2\/","name":"comment int\u00e9grer efficacement la trajectoire de d\u00e9carbonation dans la r\u00e9mun\u00e9ration des dirigeants ? - Chapter Zero France","isPartOf":{"@id":"https:\/\/chapterzero-france.com\/#website"},"datePublished":"2022-12-02T14:03:43+00:00","dateModified":"2022-12-06T09:39:54+00:00","breadcrumb":{"@id":"https:\/\/chapterzero-france.com\/index.php\/comment-integrer-efficacement-la-trajectoire-de-decarbonation-dans-la-remuneration-des-dirigeants-2\/#breadcrumb"},"inLanguage":"fr-FR","potentialAction":[{"@type":"ReadAction","target":["https:\/\/chapterzero-france.com\/index.php\/comment-integrer-efficacement-la-trajectoire-de-decarbonation-dans-la-remuneration-des-dirigeants-2\/"]}]},{"@type":"BreadcrumbList","@id":"https:\/\/chapterzero-france.com\/index.php\/comment-integrer-efficacement-la-trajectoire-de-decarbonation-dans-la-remuneration-des-dirigeants-2\/#breadcrumb","itemListElement":[{"@type":"ListItem","position":1,"name":"Accueil","item":"https:\/\/chapterzero-france.com\/"},{"@type":"ListItem","position":2,"name":"comment int\u00e9grer efficacement la trajectoire de d\u00e9carbonation dans la r\u00e9mun\u00e9ration des dirigeants ?"}]},{"@type":"WebSite","@id":"https:\/\/chapterzero-france.com\/#website","url":"https:\/\/chapterzero-france.com\/","name":"Chapter Zero France","description":"Le Forum Climat des Administrateurs","publisher":{"@id":"https:\/\/chapterzero-france.com\/#organization"},"potentialAction":[{"@type":"SearchAction","target":{"@type":"EntryPoint","urlTemplate":"https:\/\/chapterzero-france.com\/?s={search_term_string}"},"query-input":{"@type":"PropertyValueSpecification","valueRequired":true,"valueName":"search_term_string"}}],"inLanguage":"fr-FR"},{"@type":"Organization","@id":"https:\/\/chapterzero-france.com\/#organization","name":"Chapter Zero France","url":"https:\/\/chapterzero-france.com\/","logo":{"@type":"ImageObject","inLanguage":"fr-FR","@id":"https:\/\/chapterzero-france.com\/#\/schema\/logo\/image\/","url":"https:\/\/chapterzero-france.com\/wp-content\/uploads\/2020\/08\/ChapterZero_Logo_FranceForumClimat-e1598537853484.jpg","contentUrl":"https:\/\/chapterzero-france.com\/wp-content\/uploads\/2020\/08\/ChapterZero_Logo_FranceForumClimat-e1598537853484.jpg","width":100,"height":38,"caption":"Chapter Zero France"},"image":{"@id":"https:\/\/chapterzero-france.com\/#\/schema\/logo\/image\/"}}]}},"coauthors":[],"author_meta":{"author_link":"https:\/\/chapterzero-france.com\/index.php\/author\/czfr\/","display_name":"CZFR"},"relative_dates":{"created":"Publi\u00e9 3 ans il y a","modified":"Mis \u00e0 jour 3 ans il y a"},"absolute_dates":{"created":"Publi\u00e9 le 2 d\u00e9cembre 2022","modified":"Mise \u00e0 jour le 6 d\u00e9cembre 2022"},"absolute_dates_time":{"created":"Publi\u00e9 le 2 d\u00e9cembre 2022 15 h 03 min","modified":"Mise \u00e0 jour le 6 d\u00e9cembre 2022 10 h 39 min"},"featured_img_caption":"","featured_img":false,"series_order":"","_links":{"self":[{"href":"https:\/\/chapterzero-france.com\/index.php\/wp-json\/wp\/v2\/pages\/7152","targetHints":{"allow":["GET"]}}],"collection":[{"href":"https:\/\/chapterzero-france.com\/index.php\/wp-json\/wp\/v2\/pages"}],"about":[{"href":"https:\/\/chapterzero-france.com\/index.php\/wp-json\/wp\/v2\/types\/page"}],"author":[{"embeddable":true,"href":"https:\/\/chapterzero-france.com\/index.php\/wp-json\/wp\/v2\/users\/4"}],"replies":[{"embeddable":true,"href":"https:\/\/chapterzero-france.com\/index.php\/wp-json\/wp\/v2\/comments?post=7152"}],"version-history":[{"count":1,"href":"https:\/\/chapterzero-france.com\/index.php\/wp-json\/wp\/v2\/pages\/7152\/revisions"}],"predecessor-version":[{"id":7153,"href":"https:\/\/chapterzero-france.com\/index.php\/wp-json\/wp\/v2\/pages\/7152\/revisions\/7153"}],"wp:attachment":[{"href":"https:\/\/chapterzero-france.com\/index.php\/wp-json\/wp\/v2\/media?parent=7152"}],"curies":[{"name":"wp","href":"https:\/\/api.w.org\/{rel}","templated":true}]}}