{"id":7257,"date":"2023-12-18T22:04:10","date_gmt":"2023-12-18T21:04:10","guid":{"rendered":"https:\/\/chapterzero-france.com\/?page_id=7257"},"modified":"2023-12-18T22:04:12","modified_gmt":"2023-12-18T21:04:12","slug":"webinaire-ifa-sur-le-barometre-remuneration-et-climat-chapter-zero-france-ifa-ethics-board","status":"publish","type":"page","link":"https:\/\/chapterzero-france.com\/index.php\/webinaire-ifa-sur-le-barometre-remuneration-et-climat-chapter-zero-france-ifa-ethics-board\/","title":{"rendered":"Webinaire IFA sur le barom\u00e8tre r\u00e9mun\u00e9ration et climat. Chapter Zero France \u2013 IFA -Ethics &#038; Board"},"content":{"rendered":"<div id=\"wppb-builder-container\" class=\"wppb-builder-container\">                <div  class=\"wppb-row-parent  wppb-row-1664952127682 \"  >\n\t\t\t\t\t\n\t\t\t\t\t\t\t\t\t\t\n\t\t\t\t\t\t\t\t\t\t\n\t\t\t\t\t<div class=\"wppb-container \">\n\t\t\t\t\t\t\t\t\t\t\t\t\t\n                        <div class=\"wppb-row\">\n\t\t\t\t\t\t\t                                    <div  class=\"wppb-column-parent wppb-column-parent-view wppb-col-1664952127681  \"  >\n                                        <div class=\"wppb-column\">\n\t\t\t\t\t\n\t\t\t\t\t\t\t\t\t\t\t\n                                            <div class=\"wppb-builder-addons\">\n\t\t\t\t\t\t\t\t\t\t\t\t                                            <\/div>\n                                        <\/div>\n                                    <\/div>\n\t\t\t\t\t\t\t\t\t                        <\/div>\n\n                    <\/div>\n                <\/div>\n\t\t\t\t                <div  class=\"wppb-row-parent  wppb-row-1612115273447 \"  >\n\t\t\t\t\t\n\t\t\t\t\t\t\t\t\t\t\n\t\t\t\t\t\t\t\t\t\t\n\t\t\t\t\t<div class=\"wppb-container \">\n\t\t\t\t\t\t\t\t\t\t\t\t\t\n                        <div class=\"wppb-row\">\n\t\t\t\t\t\t\t                                    <div  class=\"wppb-column-parent wppb-column-parent-view wppb-col-1612115273446  \"  >\n                                        <div class=\"wppb-column\">\n\t\t\t\t\t\n\t\t\t\t\t\t\t\t\t\t\t\n                                            <div class=\"wppb-builder-addons\">\n\t\t\t\t\t\t\t\t\t\t\t\t<div class='wppb-builder-addon wppb-addon-1612115323379'  data-addon-id='1612115323379'><div class='wppb-addon'><div class=\"wppb-text-block-addon\"><div class=\"wppb-text-block-content 0\"><p style=\"text-align: center\"><strong>Organis\u00e9 par IFA<\/strong><\/p><p style=\"text-align: left\">En cette fin d'ann\u00e9e 2023, l\u2019<strong>Institut Fran\u00e7ais des Administrateurs, Ethics &amp; Boards et Chapter Zero France publient la troisi\u00e8me \u00e9dition du barom\u00e8tre des r\u00e9mun\u00e9rations<\/strong>\u00a0consacr\u00e9 aux objectifs climat dans la politique de r\u00e9mun\u00e9ration des dirigeants du SBF 120.<\/p><p style=\"text-align: left\">Les auteurs du <strong><a href=\"https:\/\/chapterzero-france.com\/wp-content\/uploads\/2023\/11\/IFA-EB-Chapter-Zero-2023_BAROMETRE_Remuneration_Climat-29_11_2023.pdf\">barom\u00e8tre Rem&amp;Climat <\/a><\/strong>en conversation avec un investisseur pionnier sur le sujet, se sont r\u00e9unis autour d'une table ronde en ligne le <strong>jeudi 14 d\u00e9cembre 11h30-12h30.<\/strong><\/p><p style=\"text-align: left\"><strong>Ce webinar propose d'explorer les donn\u00e9es pr\u00e9sent\u00e9es dans cette nouvelle \u00e9dition du barom\u00e8tre<\/strong>\u00a0et d'en approfondir les conclusions, permettant ainsi \u00e0 ses participants de\u00a0<strong>mieux appr\u00e9hender les enjeux des objectifs climat dans les politiques de r\u00e9mun\u00e9ration des dirigeants du SBF 120<\/strong>.<\/p><\/div><\/div><\/div><\/div>                                            <\/div>\n                                        <\/div>\n                                    <\/div>\n\t\t\t\t\t\t\t\t\t                                    <div  class=\"wppb-column-parent wppb-column-parent-view wppb-col-1667233365723  \"  >\n                                        <div class=\"wppb-column\">\n\t\t\t\t\t\n\t\t\t\t\t\t\t\t\t\t\t\n                                            <div class=\"wppb-builder-addons\">\n\t\t\t\t\t\t\t\t\t\t\t\t<div class='wppb-builder-addon wppb-addon-1702811310806'  data-addon-id='1702811310806'><div class='wppb-addon'><div class=\"wppb-video-addon\"><div class=\"wppb-video-content\"><div class=\"wppb-video-block wppb-embed-responsive wppb-embed-responsive-16by9\"><iframe class=\"wppb-embed-responsive-item\" src=\"\/\/www.youtube.com\/embed\/xw1eP6H6T2s?controls=1&#038;modestbranding=0\" allowFullScreen><\/iframe><\/div><\/div><\/div><\/div><\/div>                                            <\/div>\n                                        <\/div>\n                                    <\/div>\n\t\t\t\t\t\t\t\t\t                        <\/div>\n\n                    <\/div>\n                <\/div>\n\t\t\t\t                <div  class=\"wppb-row-parent  wppb-row-1667233365709 \"  >\n\t\t\t\t\t\n\t\t\t\t\t\t\t\t\t\t\n\t\t\t\t\t\t\t\t\t\t\n\t\t\t\t\t<div class=\"wppb-container \">\n\t\t\t\t\t\t\t\t\t\t\t\t\t\n                        <div class=\"wppb-row\">\n\t\t\t\t\t\t\t                                    <div  class=\"wppb-column-parent wppb-column-parent-view wppb-col-1667233365710  \"  >\n                                        <div class=\"wppb-column\">\n\t\t\t\t\t\n\t\t\t\t\t\t\t\t\t\t\t\n                                            <div class=\"wppb-builder-addons\">\n\t\t\t\t\t\t\t\t\t\t\t\t<div class='wppb-builder-addon wppb-addon-1667233365711'  data-addon-id='1667233365711'><div class='wppb-addon'><div class=\"wppb-text-block-addon\"><div class=\"wppb-text-block-content 0\"><h2 style=\"text-align: center\">Pan\u00e9listes de la session<\/h2><p style=\"text-align: left\"><strong><span class=\"has-inline-color has-luminous-vivid-amber-color\">Pan\u00e9listes<\/span><\/strong><\/p><p><!-- \/wp:paragraph --> <!-- wp:list --><\/p><ul style=\"text-align: left\"><li><strong>Karine DOGNIN-SAUZE<\/strong>, Directrice g\u00e9n\u00e9rale de l'Institut Fran\u00e7ais des Administrateurs (IFA)<\/li><li><strong>Raphael MATTEI<\/strong>, Investisseur chez Cevian Capital<\/li><li><strong>Floriane de SAINT PIERRE<\/strong>, Fondatrice et pr\u00e9sidente d'Ethics &amp; Boards<\/li><li><strong>Monica de VIRGILIIS<\/strong>, Pr\u00e9sidente de Chapter Zero France, copr\u00e9sidente du Club des nominations et r\u00e9mun\u00e9rations de l'IFA<\/li><\/ul><p style=\"text-align: left\"><strong>Date: 14\/12\/2023<\/strong><\/p><\/div><\/div><\/div><\/div>                                            <\/div>\n                                        <\/div>\n                                    <\/div>\n\t\t\t\t\t\t\t\t\t                                    <div  class=\"wppb-column-parent wppb-column-parent-view wppb-col-1667233365712  \"  >\n                                        <div class=\"wppb-column\">\n\t\t\t\t\t\n\t\t\t\t\t\t\t\t\t\t\t\n                                            <div class=\"wppb-builder-addons\">\n\t\t\t\t\t\t\t\t\t\t\t\t                                            <\/div>\n                                        <\/div>\n                                    <\/div>\n\t\t\t\t\t\t\t\t\t                        <\/div>\n\n                    <\/div>\n                <\/div>\n\t\t\t\t<\/div>","protected":false},"excerpt":{"rendered":"<p>Organis\u00e9 par IFAEn cette fin d&#8217;ann\u00e9e 2023, l\u2019Institut Fran\u00e7ais des Administrateurs, Ethics &amp; Boards et Chapter Zero France publient la troisi\u00e8me \u00e9dition du barom\u00e8tre des r\u00e9mun\u00e9rations\u00a0consacr\u00e9 aux objectifs climat dans la politique de r\u00e9mun\u00e9ration des dirigeants du SBF 120.Les auteurs du barom\u00e8tre Rem&amp;Climat en conversation avec un investisseur pionnier sur&hellip;<\/p>\n","protected":false},"author":4,"featured_media":0,"parent":0,"menu_order":0,"comment_status":"closed","ping_status":"closed","template":"","meta":{"advgb_blocks_editor_width":"","advgb_blocks_columns_visual_guide":"","_monsterinsights_skip_tracking":false,"_monsterinsights_sitenote_active":false,"_monsterinsights_sitenote_note":"","_monsterinsights_sitenote_category":0,"footnotes":""},"class_list":["post-7257","page","type-page","status-publish","hentry"],"yoast_head":"<!-- This site is optimized with the Yoast SEO plugin v23.4 - https:\/\/yoast.com\/wordpress\/plugins\/seo\/ -->\n<title>Webinaire IFA sur le barom\u00e8tre r\u00e9mun\u00e9ration et climat. Chapter Zero France \u2013 IFA -Ethics &#038; Board - Chapter Zero France<\/title>\n<meta name=\"robots\" content=\"index, follow, max-snippet:-1, max-image-preview:large, max-video-preview:-1\" \/>\n<link rel=\"canonical\" href=\"https:\/\/chapterzero-france.com\/index.php\/webinaire-ifa-sur-le-barometre-remuneration-et-climat-chapter-zero-france-ifa-ethics-board\/\" \/>\n<meta property=\"og:locale\" content=\"fr_FR\" \/>\n<meta property=\"og:type\" content=\"article\" \/>\n<meta property=\"og:title\" content=\"Webinaire IFA sur le barom\u00e8tre r\u00e9mun\u00e9ration et climat. Chapter Zero France \u2013 IFA -Ethics &#038; Board - Chapter Zero France\" \/>\n<meta property=\"og:description\" content=\"Organis\u00e9 par IFAEn cette fin d&#039;ann\u00e9e 2023, l\u2019Institut Fran\u00e7ais des Administrateurs, Ethics &amp; Boards et Chapter Zero France publient la troisi\u00e8me \u00e9dition du barom\u00e8tre des r\u00e9mun\u00e9rations\u00a0consacr\u00e9 aux objectifs climat dans la politique de r\u00e9mun\u00e9ration des dirigeants du SBF 120.Les auteurs du barom\u00e8tre Rem&amp;Climat en conversation avec un investisseur pionnier sur&hellip;\" \/>\n<meta property=\"og:url\" content=\"https:\/\/chapterzero-france.com\/index.php\/webinaire-ifa-sur-le-barometre-remuneration-et-climat-chapter-zero-france-ifa-ethics-board\/\" \/>\n<meta property=\"og:site_name\" content=\"Chapter Zero France\" \/>\n<meta property=\"article:modified_time\" content=\"2023-12-18T21:04:12+00:00\" \/>\n<meta name=\"twitter:card\" content=\"summary_large_image\" \/>\n<script type=\"application\/ld+json\" class=\"yoast-schema-graph\">{\"@context\":\"https:\/\/schema.org\",\"@graph\":[{\"@type\":\"WebPage\",\"@id\":\"https:\/\/chapterzero-france.com\/index.php\/webinaire-ifa-sur-le-barometre-remuneration-et-climat-chapter-zero-france-ifa-ethics-board\/\",\"url\":\"https:\/\/chapterzero-france.com\/index.php\/webinaire-ifa-sur-le-barometre-remuneration-et-climat-chapter-zero-france-ifa-ethics-board\/\",\"name\":\"Webinaire IFA sur le barom\u00e8tre r\u00e9mun\u00e9ration et climat. Chapter Zero France \u2013 IFA -Ethics &#038; Board - Chapter Zero France\",\"isPartOf\":{\"@id\":\"https:\/\/chapterzero-france.com\/#website\"},\"datePublished\":\"2023-12-18T21:04:10+00:00\",\"dateModified\":\"2023-12-18T21:04:12+00:00\",\"breadcrumb\":{\"@id\":\"https:\/\/chapterzero-france.com\/index.php\/webinaire-ifa-sur-le-barometre-remuneration-et-climat-chapter-zero-france-ifa-ethics-board\/#breadcrumb\"},\"inLanguage\":\"fr-FR\",\"potentialAction\":[{\"@type\":\"ReadAction\",\"target\":[\"https:\/\/chapterzero-france.com\/index.php\/webinaire-ifa-sur-le-barometre-remuneration-et-climat-chapter-zero-france-ifa-ethics-board\/\"]}]},{\"@type\":\"BreadcrumbList\",\"@id\":\"https:\/\/chapterzero-france.com\/index.php\/webinaire-ifa-sur-le-barometre-remuneration-et-climat-chapter-zero-france-ifa-ethics-board\/#breadcrumb\",\"itemListElement\":[{\"@type\":\"ListItem\",\"position\":1,\"name\":\"Accueil\",\"item\":\"https:\/\/chapterzero-france.com\/\"},{\"@type\":\"ListItem\",\"position\":2,\"name\":\"Webinaire IFA sur le barom\u00e8tre r\u00e9mun\u00e9ration et climat. Chapter Zero France \u2013 IFA -Ethics &#038; Board\"}]},{\"@type\":\"WebSite\",\"@id\":\"https:\/\/chapterzero-france.com\/#website\",\"url\":\"https:\/\/chapterzero-france.com\/\",\"name\":\"Chapter Zero France\",\"description\":\"Le Forum Climat des Administrateurs\",\"publisher\":{\"@id\":\"https:\/\/chapterzero-france.com\/#organization\"},\"potentialAction\":[{\"@type\":\"SearchAction\",\"target\":{\"@type\":\"EntryPoint\",\"urlTemplate\":\"https:\/\/chapterzero-france.com\/?s={search_term_string}\"},\"query-input\":{\"@type\":\"PropertyValueSpecification\",\"valueRequired\":true,\"valueName\":\"search_term_string\"}}],\"inLanguage\":\"fr-FR\"},{\"@type\":\"Organization\",\"@id\":\"https:\/\/chapterzero-france.com\/#organization\",\"name\":\"Chapter Zero France\",\"url\":\"https:\/\/chapterzero-france.com\/\",\"logo\":{\"@type\":\"ImageObject\",\"inLanguage\":\"fr-FR\",\"@id\":\"https:\/\/chapterzero-france.com\/#\/schema\/logo\/image\/\",\"url\":\"https:\/\/chapterzero-france.com\/wp-content\/uploads\/2020\/08\/ChapterZero_Logo_FranceForumClimat-e1598537853484.jpg\",\"contentUrl\":\"https:\/\/chapterzero-france.com\/wp-content\/uploads\/2020\/08\/ChapterZero_Logo_FranceForumClimat-e1598537853484.jpg\",\"width\":100,\"height\":38,\"caption\":\"Chapter Zero France\"},\"image\":{\"@id\":\"https:\/\/chapterzero-france.com\/#\/schema\/logo\/image\/\"}}]}<\/script>\n<!-- \/ Yoast SEO plugin. -->","yoast_head_json":{"title":"Webinaire IFA sur le barom\u00e8tre r\u00e9mun\u00e9ration et climat. Chapter Zero France \u2013 IFA -Ethics &#038; Board - Chapter Zero France","robots":{"index":"index","follow":"follow","max-snippet":"max-snippet:-1","max-image-preview":"max-image-preview:large","max-video-preview":"max-video-preview:-1"},"canonical":"https:\/\/chapterzero-france.com\/index.php\/webinaire-ifa-sur-le-barometre-remuneration-et-climat-chapter-zero-france-ifa-ethics-board\/","og_locale":"fr_FR","og_type":"article","og_title":"Webinaire IFA sur le barom\u00e8tre r\u00e9mun\u00e9ration et climat. Chapter Zero France \u2013 IFA -Ethics &#038; Board - Chapter Zero France","og_description":"Organis\u00e9 par IFAEn cette fin d'ann\u00e9e 2023, l\u2019Institut Fran\u00e7ais des Administrateurs, Ethics &amp; Boards et Chapter Zero France publient la troisi\u00e8me \u00e9dition du barom\u00e8tre des r\u00e9mun\u00e9rations\u00a0consacr\u00e9 aux objectifs climat dans la politique de r\u00e9mun\u00e9ration des dirigeants du SBF 120.Les auteurs du barom\u00e8tre Rem&amp;Climat en conversation avec un investisseur pionnier sur&hellip;","og_url":"https:\/\/chapterzero-france.com\/index.php\/webinaire-ifa-sur-le-barometre-remuneration-et-climat-chapter-zero-france-ifa-ethics-board\/","og_site_name":"Chapter Zero France","article_modified_time":"2023-12-18T21:04:12+00:00","twitter_card":"summary_large_image","schema":{"@context":"https:\/\/schema.org","@graph":[{"@type":"WebPage","@id":"https:\/\/chapterzero-france.com\/index.php\/webinaire-ifa-sur-le-barometre-remuneration-et-climat-chapter-zero-france-ifa-ethics-board\/","url":"https:\/\/chapterzero-france.com\/index.php\/webinaire-ifa-sur-le-barometre-remuneration-et-climat-chapter-zero-france-ifa-ethics-board\/","name":"Webinaire IFA sur le barom\u00e8tre r\u00e9mun\u00e9ration et climat. Chapter Zero France \u2013 IFA -Ethics &#038; Board - Chapter Zero France","isPartOf":{"@id":"https:\/\/chapterzero-france.com\/#website"},"datePublished":"2023-12-18T21:04:10+00:00","dateModified":"2023-12-18T21:04:12+00:00","breadcrumb":{"@id":"https:\/\/chapterzero-france.com\/index.php\/webinaire-ifa-sur-le-barometre-remuneration-et-climat-chapter-zero-france-ifa-ethics-board\/#breadcrumb"},"inLanguage":"fr-FR","potentialAction":[{"@type":"ReadAction","target":["https:\/\/chapterzero-france.com\/index.php\/webinaire-ifa-sur-le-barometre-remuneration-et-climat-chapter-zero-france-ifa-ethics-board\/"]}]},{"@type":"BreadcrumbList","@id":"https:\/\/chapterzero-france.com\/index.php\/webinaire-ifa-sur-le-barometre-remuneration-et-climat-chapter-zero-france-ifa-ethics-board\/#breadcrumb","itemListElement":[{"@type":"ListItem","position":1,"name":"Accueil","item":"https:\/\/chapterzero-france.com\/"},{"@type":"ListItem","position":2,"name":"Webinaire IFA sur le barom\u00e8tre r\u00e9mun\u00e9ration et climat. Chapter Zero France \u2013 IFA -Ethics &#038; Board"}]},{"@type":"WebSite","@id":"https:\/\/chapterzero-france.com\/#website","url":"https:\/\/chapterzero-france.com\/","name":"Chapter Zero France","description":"Le Forum Climat des Administrateurs","publisher":{"@id":"https:\/\/chapterzero-france.com\/#organization"},"potentialAction":[{"@type":"SearchAction","target":{"@type":"EntryPoint","urlTemplate":"https:\/\/chapterzero-france.com\/?s={search_term_string}"},"query-input":{"@type":"PropertyValueSpecification","valueRequired":true,"valueName":"search_term_string"}}],"inLanguage":"fr-FR"},{"@type":"Organization","@id":"https:\/\/chapterzero-france.com\/#organization","name":"Chapter Zero France","url":"https:\/\/chapterzero-france.com\/","logo":{"@type":"ImageObject","inLanguage":"fr-FR","@id":"https:\/\/chapterzero-france.com\/#\/schema\/logo\/image\/","url":"https:\/\/chapterzero-france.com\/wp-content\/uploads\/2020\/08\/ChapterZero_Logo_FranceForumClimat-e1598537853484.jpg","contentUrl":"https:\/\/chapterzero-france.com\/wp-content\/uploads\/2020\/08\/ChapterZero_Logo_FranceForumClimat-e1598537853484.jpg","width":100,"height":38,"caption":"Chapter Zero France"},"image":{"@id":"https:\/\/chapterzero-france.com\/#\/schema\/logo\/image\/"}}]}},"coauthors":[],"author_meta":{"author_link":"https:\/\/chapterzero-france.com\/index.php\/author\/czfr\/","display_name":"CZFR"},"relative_dates":{"created":"Publi\u00e9 2 ans il y a","modified":"Mis \u00e0 jour 2 ans il y a"},"absolute_dates":{"created":"Publi\u00e9 le 18 d\u00e9cembre 2023","modified":"Mise \u00e0 jour le 18 d\u00e9cembre 2023"},"absolute_dates_time":{"created":"Publi\u00e9 le 18 d\u00e9cembre 2023 22 h 04 min","modified":"Mise \u00e0 jour le 18 d\u00e9cembre 2023 22 h 04 min"},"featured_img_caption":"","featured_img":false,"series_order":"","_links":{"self":[{"href":"https:\/\/chapterzero-france.com\/index.php\/wp-json\/wp\/v2\/pages\/7257","targetHints":{"allow":["GET"]}}],"collection":[{"href":"https:\/\/chapterzero-france.com\/index.php\/wp-json\/wp\/v2\/pages"}],"about":[{"href":"https:\/\/chapterzero-france.com\/index.php\/wp-json\/wp\/v2\/types\/page"}],"author":[{"embeddable":true,"href":"https:\/\/chapterzero-france.com\/index.php\/wp-json\/wp\/v2\/users\/4"}],"replies":[{"embeddable":true,"href":"https:\/\/chapterzero-france.com\/index.php\/wp-json\/wp\/v2\/comments?post=7257"}],"version-history":[{"count":1,"href":"https:\/\/chapterzero-france.com\/index.php\/wp-json\/wp\/v2\/pages\/7257\/revisions"}],"predecessor-version":[{"id":7258,"href":"https:\/\/chapterzero-france.com\/index.php\/wp-json\/wp\/v2\/pages\/7257\/revisions\/7258"}],"wp:attachment":[{"href":"https:\/\/chapterzero-france.com\/index.php\/wp-json\/wp\/v2\/media?parent=7257"}],"curies":[{"name":"wp","href":"https:\/\/api.w.org\/{rel}","templated":true}]}}