{"id":7313,"date":"2024-05-03T16:07:58","date_gmt":"2024-05-03T14:07:58","guid":{"rendered":"https:\/\/chapterzero-france.com\/?page_id=7313"},"modified":"2024-05-03T16:08:00","modified_gmt":"2024-05-03T14:08:00","slug":"interactions-biodiversite-et-climat-quelles-implications-pour-le-board","status":"publish","type":"page","link":"https:\/\/chapterzero-france.com\/index.php\/interactions-biodiversite-et-climat-quelles-implications-pour-le-board\/","title":{"rendered":"Interactions Biodiversit\u00e9 et Climat\u00a0: quelles implications pour le Board\u00a0?"},"content":{"rendered":"<div id=\"wppb-builder-container\" class=\"wppb-builder-container\">                <div  class=\"wppb-row-parent  wppb-row-1664952127682 \"  >\n\t\t\t\t\t\n\t\t\t\t\t\t\t\t\t\t\n\t\t\t\t\t\t\t\t\t\t\n\t\t\t\t\t<div class=\"wppb-container \">\n\t\t\t\t\t\t\t\t\t\t\t\t\t\n                        <div class=\"wppb-row\">\n\t\t\t\t\t\t\t                                    <div  class=\"wppb-column-parent wppb-column-parent-view wppb-col-1664952127681  \"  >\n                                        <div class=\"wppb-column\">\n\t\t\t\t\t\n\t\t\t\t\t\t\t\t\t\t\t\n                                            <div class=\"wppb-builder-addons\">\n\t\t\t\t\t\t\t\t\t\t\t\t                                            <\/div>\n                                        <\/div>\n                                    <\/div>\n\t\t\t\t\t\t\t\t\t                        <\/div>\n\n                    <\/div>\n                <\/div>\n\t\t\t\t                <div  class=\"wppb-row-parent  wppb-row-1612115273447 \"  >\n\t\t\t\t\t\n\t\t\t\t\t\t\t\t\t\t\n\t\t\t\t\t\t\t\t\t\t\n\t\t\t\t\t<div class=\"wppb-container \">\n\t\t\t\t\t\t\t\t\t\t\t\t\t\n                        <div class=\"wppb-row\">\n\t\t\t\t\t\t\t                                    <div  class=\"wppb-column-parent wppb-column-parent-view wppb-col-1612115273446  \"  >\n                                        <div class=\"wppb-column\">\n\t\t\t\t\t\n\t\t\t\t\t\t\t\t\t\t\t\n                                            <div class=\"wppb-builder-addons\">\n\t\t\t\t\t\t\t\t\t\t\t\t<div class='wppb-builder-addon wppb-addon-1612115323379'  data-addon-id='1612115323379'><div class='wppb-addon'><div class=\"wppb-text-block-addon\"><div class=\"wppb-text-block-content 0\"><p style=\"text-align: center\"><strong>Organis\u00e9 par Chapter Zero France en collaboration avec <a href=\"https:\/\/www.linkedin.com\/company\/cdc-biodiversite\/\">CDC Biodiversit\u00e9<\/a> et <a href=\"https:\/\/www.linkedin.com\/company\/vivae-eco\/\">VIVAE<\/a><\/strong><\/p><p>La biodiversit\u00e9 intervient dans une mesure diff\u00e9rente selon le maillon de la cha\u00eene de valeur de l\u2019entreprise:<\/p><p>-Directement dans les achats pour les secteurs qui dependent de la nature; par exemple agroalimentaire, cosm\u00e9tique<\/p><p>-Dans les produits \/ services des entreprises qui ont un impact direct sur la biodiversit\u00e9; par exemple la construction, le secteur minier<\/p><p>-Dans la motivation des salari\u00e9s qui souhaitent voir leur entreprise s\u2019engager pour une cause.\u00a0<\/p><p>De plus, le r\u00e9chauffement climatique et la perte de biodiversit\u00e9 sont deux faces de la meme crise mais les solutions peuvent ne pas \u00eatre les memes.\u00a0<\/p><p>Les boards doivent donc s\u2019y int\u00e9resser et non seulement pour des obligations de reporting.\u00a0<\/p><p>Synth\u00e8se du webinaire disponible pour les membres de Chapter Zero France <a href=\"https:\/\/chapterzero-france.com\/index.php\/nous-rejoindre\/\">(adh\u00e9rer)\u00a0<\/a><\/p><\/div><\/div><\/div><\/div>                                            <\/div>\n                                        <\/div>\n                                    <\/div>\n\t\t\t\t\t\t\t\t\t                                    <div  class=\"wppb-column-parent wppb-column-parent-view wppb-col-1667233365723  \"  >\n                                        <div class=\"wppb-column\">\n\t\t\t\t\t\n\t\t\t\t\t\t\t\t\t\t\t\n                                            <div class=\"wppb-builder-addons\">\n\t\t\t\t\t\t\t\t\t\t\t\t<div class='wppb-builder-addon wppb-addon-1702811310806'  data-addon-id='1702811310806'><div class='wppb-addon'><div class=\"wppb-video-addon\"><div class=\"wppb-video-content\"><div class=\"wppb-video-block wppb-embed-responsive wppb-embed-responsive-16by9\"><iframe class=\"wppb-embed-responsive-item\" src=\"\/\/www.youtube.com\/embed\/3itNWKcExi0?controls=1&#038;modestbranding=0\" allowFullScreen><\/iframe><\/div><\/div><\/div><\/div><\/div>                                            <\/div>\n                                        <\/div>\n                                    <\/div>\n\t\t\t\t\t\t\t\t\t                        <\/div>\n\n                    <\/div>\n                <\/div>\n\t\t\t\t                <div  class=\"wppb-row-parent  wppb-row-1667233365709 \"  >\n\t\t\t\t\t\n\t\t\t\t\t\t\t\t\t\t\n\t\t\t\t\t\t\t\t\t\t\n\t\t\t\t\t<div class=\"wppb-container \">\n\t\t\t\t\t\t\t\t\t\t\t\t\t\n                        <div class=\"wppb-row\">\n\t\t\t\t\t\t\t                                    <div  class=\"wppb-column-parent wppb-column-parent-view wppb-col-1667233365710  \"  >\n                                        <div class=\"wppb-column\">\n\t\t\t\t\t\n\t\t\t\t\t\t\t\t\t\t\t\n                                            <div class=\"wppb-builder-addons\">\n\t\t\t\t\t\t\t\t\t\t\t\t<div class='wppb-builder-addon wppb-addon-1667233365711'  data-addon-id='1667233365711'><div class='wppb-addon'><div class=\"wppb-text-block-addon\"><div class=\"wppb-text-block-content 0\"><h2 style=\"text-align: center\">Pan\u00e9listes de la session<\/h2><p style=\"text-align: left\"><strong><span class=\"has-inline-color has-luminous-vivid-amber-color\">Pan\u00e9listes<\/span><\/strong><\/p><p><!-- \/wp:paragraph --> <!-- wp:list --><\/p><ul><li style=\"font-weight: 400\"><span style=\"font-weight: 400\">Marianne LOURADOUR, Pr\u00e9sidente de CDC Biodiversit\u00e9, Administratrice de ICADE<\/span><\/li><li style=\"font-weight: 400\"><span>Christine RODWELL, Presidente de VIVAE, Administrative de Jacky PERRENOT <\/span><span>et de la FACE (Fondation Agir Contre l'Exclusion).<\/span><\/li><\/ul><p style=\"text-align: left\"><strong><span class=\"has-inline-color has-luminous-vivid-amber-color\">Mod\u00e9rateur<\/span><\/strong><\/p><ul style=\"text-align: left\"><li style=\"font-weight: 400\"><span style=\"font-weight: 400\">Fr\u00e9d\u00e9ric COUTANT, Chapter Zero France<\/span><\/li><\/ul><p style=\"text-align: left\"><strong>Date: 26\/04\/2024<\/strong><\/p><\/div><\/div><\/div><\/div>                                            <\/div>\n                                        <\/div>\n                                    <\/div>\n\t\t\t\t\t\t\t\t\t                                    <div  class=\"wppb-column-parent wppb-column-parent-view wppb-col-1667233365712  \"  >\n                                        <div class=\"wppb-column\">\n\t\t\t\t\t\n\t\t\t\t\t\t\t\t\t\t\t\n                                            <div class=\"wppb-builder-addons\">\n\t\t\t\t\t\t\t\t\t\t\t\t                                            <\/div>\n                                        <\/div>\n                                    <\/div>\n\t\t\t\t\t\t\t\t\t                        <\/div>\n\n                    <\/div>\n                <\/div>\n\t\t\t\t<\/div>","protected":false},"excerpt":{"rendered":"<p>Organis\u00e9 par Chapter Zero France en collaboration avec CDC Biodiversit\u00e9 et VIVAELa biodiversit\u00e9 intervient dans une mesure diff\u00e9rente selon le maillon de la cha\u00eene de valeur de l\u2019entreprise:-Directement dans les achats pour les secteurs qui dependent de la nature; par exemple agroalimentaire, cosm\u00e9tique-Dans les produits \/ services des entreprises qui&hellip;<\/p>\n","protected":false},"author":4,"featured_media":0,"parent":0,"menu_order":0,"comment_status":"closed","ping_status":"closed","template":"","meta":{"advgb_blocks_editor_width":"","advgb_blocks_columns_visual_guide":"","_monsterinsights_skip_tracking":false,"_monsterinsights_sitenote_active":false,"_monsterinsights_sitenote_note":"","_monsterinsights_sitenote_category":0,"footnotes":""},"class_list":["post-7313","page","type-page","status-publish","hentry"],"yoast_head":"<!-- This site is optimized with the Yoast SEO plugin v23.4 - https:\/\/yoast.com\/wordpress\/plugins\/seo\/ -->\n<title>Interactions Biodiversit\u00e9 et Climat\u00a0: quelles implications pour le Board\u00a0? - Chapter Zero France<\/title>\n<meta name=\"robots\" content=\"index, follow, max-snippet:-1, max-image-preview:large, max-video-preview:-1\" \/>\n<link rel=\"canonical\" href=\"https:\/\/chapterzero-france.com\/index.php\/interactions-biodiversite-et-climat-quelles-implications-pour-le-board\/\" \/>\n<meta property=\"og:locale\" content=\"fr_FR\" \/>\n<meta property=\"og:type\" content=\"article\" \/>\n<meta property=\"og:title\" content=\"Interactions Biodiversit\u00e9 et Climat\u00a0: quelles implications pour le Board\u00a0? - Chapter Zero France\" \/>\n<meta property=\"og:description\" content=\"Organis\u00e9 par Chapter Zero France en collaboration avec CDC Biodiversit\u00e9 et VIVAELa biodiversit\u00e9 intervient dans une mesure diff\u00e9rente selon le maillon de la cha\u00eene de valeur de l\u2019entreprise:-Directement dans les achats pour les secteurs qui dependent de la nature; par exemple agroalimentaire, cosm\u00e9tique-Dans les produits \/ services des entreprises qui&hellip;\" \/>\n<meta property=\"og:url\" content=\"https:\/\/chapterzero-france.com\/index.php\/interactions-biodiversite-et-climat-quelles-implications-pour-le-board\/\" \/>\n<meta property=\"og:site_name\" content=\"Chapter Zero France\" \/>\n<meta property=\"article:modified_time\" content=\"2024-05-03T14:08:00+00:00\" \/>\n<meta name=\"twitter:card\" content=\"summary_large_image\" \/>\n<script type=\"application\/ld+json\" class=\"yoast-schema-graph\">{\"@context\":\"https:\/\/schema.org\",\"@graph\":[{\"@type\":\"WebPage\",\"@id\":\"https:\/\/chapterzero-france.com\/index.php\/interactions-biodiversite-et-climat-quelles-implications-pour-le-board\/\",\"url\":\"https:\/\/chapterzero-france.com\/index.php\/interactions-biodiversite-et-climat-quelles-implications-pour-le-board\/\",\"name\":\"Interactions Biodiversit\u00e9 et Climat\u00a0: quelles implications pour le Board\u00a0? - Chapter Zero France\",\"isPartOf\":{\"@id\":\"https:\/\/chapterzero-france.com\/#website\"},\"datePublished\":\"2024-05-03T14:07:58+00:00\",\"dateModified\":\"2024-05-03T14:08:00+00:00\",\"breadcrumb\":{\"@id\":\"https:\/\/chapterzero-france.com\/index.php\/interactions-biodiversite-et-climat-quelles-implications-pour-le-board\/#breadcrumb\"},\"inLanguage\":\"fr-FR\",\"potentialAction\":[{\"@type\":\"ReadAction\",\"target\":[\"https:\/\/chapterzero-france.com\/index.php\/interactions-biodiversite-et-climat-quelles-implications-pour-le-board\/\"]}]},{\"@type\":\"BreadcrumbList\",\"@id\":\"https:\/\/chapterzero-france.com\/index.php\/interactions-biodiversite-et-climat-quelles-implications-pour-le-board\/#breadcrumb\",\"itemListElement\":[{\"@type\":\"ListItem\",\"position\":1,\"name\":\"Accueil\",\"item\":\"https:\/\/chapterzero-france.com\/\"},{\"@type\":\"ListItem\",\"position\":2,\"name\":\"Interactions Biodiversit\u00e9 et Climat\u00a0: quelles implications pour le Board\u00a0?\"}]},{\"@type\":\"WebSite\",\"@id\":\"https:\/\/chapterzero-france.com\/#website\",\"url\":\"https:\/\/chapterzero-france.com\/\",\"name\":\"Chapter Zero France\",\"description\":\"Le Forum Climat des Administrateurs\",\"publisher\":{\"@id\":\"https:\/\/chapterzero-france.com\/#organization\"},\"potentialAction\":[{\"@type\":\"SearchAction\",\"target\":{\"@type\":\"EntryPoint\",\"urlTemplate\":\"https:\/\/chapterzero-france.com\/?s={search_term_string}\"},\"query-input\":{\"@type\":\"PropertyValueSpecification\",\"valueRequired\":true,\"valueName\":\"search_term_string\"}}],\"inLanguage\":\"fr-FR\"},{\"@type\":\"Organization\",\"@id\":\"https:\/\/chapterzero-france.com\/#organization\",\"name\":\"Chapter Zero France\",\"url\":\"https:\/\/chapterzero-france.com\/\",\"logo\":{\"@type\":\"ImageObject\",\"inLanguage\":\"fr-FR\",\"@id\":\"https:\/\/chapterzero-france.com\/#\/schema\/logo\/image\/\",\"url\":\"https:\/\/chapterzero-france.com\/wp-content\/uploads\/2020\/08\/ChapterZero_Logo_FranceForumClimat-e1598537853484.jpg\",\"contentUrl\":\"https:\/\/chapterzero-france.com\/wp-content\/uploads\/2020\/08\/ChapterZero_Logo_FranceForumClimat-e1598537853484.jpg\",\"width\":100,\"height\":38,\"caption\":\"Chapter Zero France\"},\"image\":{\"@id\":\"https:\/\/chapterzero-france.com\/#\/schema\/logo\/image\/\"}}]}<\/script>\n<!-- \/ Yoast SEO plugin. -->","yoast_head_json":{"title":"Interactions Biodiversit\u00e9 et Climat\u00a0: quelles implications pour le Board\u00a0? - Chapter Zero France","robots":{"index":"index","follow":"follow","max-snippet":"max-snippet:-1","max-image-preview":"max-image-preview:large","max-video-preview":"max-video-preview:-1"},"canonical":"https:\/\/chapterzero-france.com\/index.php\/interactions-biodiversite-et-climat-quelles-implications-pour-le-board\/","og_locale":"fr_FR","og_type":"article","og_title":"Interactions Biodiversit\u00e9 et Climat\u00a0: quelles implications pour le Board\u00a0? - Chapter Zero France","og_description":"Organis\u00e9 par Chapter Zero France en collaboration avec CDC Biodiversit\u00e9 et VIVAELa biodiversit\u00e9 intervient dans une mesure diff\u00e9rente selon le maillon de la cha\u00eene de valeur de l\u2019entreprise:-Directement dans les achats pour les secteurs qui dependent de la nature; par exemple agroalimentaire, cosm\u00e9tique-Dans les produits \/ services des entreprises qui&hellip;","og_url":"https:\/\/chapterzero-france.com\/index.php\/interactions-biodiversite-et-climat-quelles-implications-pour-le-board\/","og_site_name":"Chapter Zero France","article_modified_time":"2024-05-03T14:08:00+00:00","twitter_card":"summary_large_image","schema":{"@context":"https:\/\/schema.org","@graph":[{"@type":"WebPage","@id":"https:\/\/chapterzero-france.com\/index.php\/interactions-biodiversite-et-climat-quelles-implications-pour-le-board\/","url":"https:\/\/chapterzero-france.com\/index.php\/interactions-biodiversite-et-climat-quelles-implications-pour-le-board\/","name":"Interactions Biodiversit\u00e9 et Climat\u00a0: quelles implications pour le Board\u00a0? - Chapter Zero France","isPartOf":{"@id":"https:\/\/chapterzero-france.com\/#website"},"datePublished":"2024-05-03T14:07:58+00:00","dateModified":"2024-05-03T14:08:00+00:00","breadcrumb":{"@id":"https:\/\/chapterzero-france.com\/index.php\/interactions-biodiversite-et-climat-quelles-implications-pour-le-board\/#breadcrumb"},"inLanguage":"fr-FR","potentialAction":[{"@type":"ReadAction","target":["https:\/\/chapterzero-france.com\/index.php\/interactions-biodiversite-et-climat-quelles-implications-pour-le-board\/"]}]},{"@type":"BreadcrumbList","@id":"https:\/\/chapterzero-france.com\/index.php\/interactions-biodiversite-et-climat-quelles-implications-pour-le-board\/#breadcrumb","itemListElement":[{"@type":"ListItem","position":1,"name":"Accueil","item":"https:\/\/chapterzero-france.com\/"},{"@type":"ListItem","position":2,"name":"Interactions Biodiversit\u00e9 et Climat\u00a0: quelles implications pour le Board\u00a0?"}]},{"@type":"WebSite","@id":"https:\/\/chapterzero-france.com\/#website","url":"https:\/\/chapterzero-france.com\/","name":"Chapter Zero France","description":"Le Forum Climat des Administrateurs","publisher":{"@id":"https:\/\/chapterzero-france.com\/#organization"},"potentialAction":[{"@type":"SearchAction","target":{"@type":"EntryPoint","urlTemplate":"https:\/\/chapterzero-france.com\/?s={search_term_string}"},"query-input":{"@type":"PropertyValueSpecification","valueRequired":true,"valueName":"search_term_string"}}],"inLanguage":"fr-FR"},{"@type":"Organization","@id":"https:\/\/chapterzero-france.com\/#organization","name":"Chapter Zero France","url":"https:\/\/chapterzero-france.com\/","logo":{"@type":"ImageObject","inLanguage":"fr-FR","@id":"https:\/\/chapterzero-france.com\/#\/schema\/logo\/image\/","url":"https:\/\/chapterzero-france.com\/wp-content\/uploads\/2020\/08\/ChapterZero_Logo_FranceForumClimat-e1598537853484.jpg","contentUrl":"https:\/\/chapterzero-france.com\/wp-content\/uploads\/2020\/08\/ChapterZero_Logo_FranceForumClimat-e1598537853484.jpg","width":100,"height":38,"caption":"Chapter Zero France"},"image":{"@id":"https:\/\/chapterzero-france.com\/#\/schema\/logo\/image\/"}}]}},"coauthors":[],"author_meta":{"author_link":"https:\/\/chapterzero-france.com\/index.php\/author\/czfr\/","display_name":"CZFR"},"relative_dates":{"created":"Publi\u00e9 2 ans il y a","modified":"Mis \u00e0 jour 2 ans il y a"},"absolute_dates":{"created":"Publi\u00e9 le 3 mai 2024","modified":"Mise \u00e0 jour le 3 mai 2024"},"absolute_dates_time":{"created":"Publi\u00e9 le 3 mai 2024 16 h 07 min","modified":"Mise \u00e0 jour le 3 mai 2024 16 h 08 min"},"featured_img_caption":"","featured_img":false,"series_order":"","_links":{"self":[{"href":"https:\/\/chapterzero-france.com\/index.php\/wp-json\/wp\/v2\/pages\/7313","targetHints":{"allow":["GET"]}}],"collection":[{"href":"https:\/\/chapterzero-france.com\/index.php\/wp-json\/wp\/v2\/pages"}],"about":[{"href":"https:\/\/chapterzero-france.com\/index.php\/wp-json\/wp\/v2\/types\/page"}],"author":[{"embeddable":true,"href":"https:\/\/chapterzero-france.com\/index.php\/wp-json\/wp\/v2\/users\/4"}],"replies":[{"embeddable":true,"href":"https:\/\/chapterzero-france.com\/index.php\/wp-json\/wp\/v2\/comments?post=7313"}],"version-history":[{"count":1,"href":"https:\/\/chapterzero-france.com\/index.php\/wp-json\/wp\/v2\/pages\/7313\/revisions"}],"predecessor-version":[{"id":7314,"href":"https:\/\/chapterzero-france.com\/index.php\/wp-json\/wp\/v2\/pages\/7313\/revisions\/7314"}],"wp:attachment":[{"href":"https:\/\/chapterzero-france.com\/index.php\/wp-json\/wp\/v2\/media?parent=7313"}],"curies":[{"name":"wp","href":"https:\/\/api.w.org\/{rel}","templated":true}]}}