{"id":7335,"date":"2024-06-24T09:54:40","date_gmt":"2024-06-24T07:54:40","guid":{"rendered":"https:\/\/chapterzero-france.com\/?page_id=7335"},"modified":"2024-06-24T09:54:42","modified_gmt":"2024-06-24T07:54:42","slug":"ladministrateur-face-au-plan-de-transition-climat","status":"publish","type":"page","link":"https:\/\/chapterzero-france.com\/index.php\/ladministrateur-face-au-plan-de-transition-climat\/","title":{"rendered":"L&#8217;administrateur face au plan de transition climat"},"content":{"rendered":"<div id=\"wppb-builder-container\" class=\"wppb-builder-container\">                <div  class=\"wppb-row-parent  wppb-row-1664952127682 \"  >\n\t\t\t\t\t\n\t\t\t\t\t\t\t\t\t\t\n\t\t\t\t\t\t\t\t\t\t\n\t\t\t\t\t<div class=\"wppb-container \">\n\t\t\t\t\t\t\t\t\t\t\t\t\t\n                        <div class=\"wppb-row\">\n\t\t\t\t\t\t\t                                    <div  class=\"wppb-column-parent wppb-column-parent-view wppb-col-1664952127681  \"  >\n                                        <div class=\"wppb-column\">\n\t\t\t\t\t\n\t\t\t\t\t\t\t\t\t\t\t\n                                            <div class=\"wppb-builder-addons\">\n\t\t\t\t\t\t\t\t\t\t\t\t                                            <\/div>\n                                        <\/div>\n                                    <\/div>\n\t\t\t\t\t\t\t\t\t                        <\/div>\n\n                    <\/div>\n                <\/div>\n\t\t\t\t                <div  class=\"wppb-row-parent  wppb-row-1612115273447 \"  >\n\t\t\t\t\t\n\t\t\t\t\t\t\t\t\t\t\n\t\t\t\t\t\t\t\t\t\t\n\t\t\t\t\t<div class=\"wppb-container \">\n\t\t\t\t\t\t\t\t\t\t\t\t\t\n                        <div class=\"wppb-row\">\n\t\t\t\t\t\t\t                                    <div  class=\"wppb-column-parent wppb-column-parent-view wppb-col-1612115273446  \"  >\n                                        <div class=\"wppb-column\">\n\t\t\t\t\t\n\t\t\t\t\t\t\t\t\t\t\t\n                                            <div class=\"wppb-builder-addons\">\n\t\t\t\t\t\t\t\t\t\t\t\t<div class='wppb-builder-addon wppb-addon-1612115323379'  data-addon-id='1612115323379'><div class='wppb-addon'><div class=\"wppb-text-block-addon\"><div class=\"wppb-text-block-content 0\"><p style=\"text-align: center\"><strong>Organis\u00e9 par Chapter Zero France en partenariat avec <a href=\"https:\/\/www2.deloitte.com\/fr\/fr\/pages\/home.html\">Deloitte<\/a><\/strong><\/p><p style=\"font-weight: 400\">Dans un monde\u00a0qui a d\u00e9j\u00e0 d\u00e9pass\u00e9 6 des 9\u00a0limites plan\u00e9taires, la d\u00e9finition et la mise en \u0153uvre d\u2019un plan de transition climat compatible avec les accords de Paris (r\u00e9chauffement limit\u00e9 \u00e0 1,5\u00b0) sont au c\u0153ur des pr\u00e9occupations des entreprises,\u00a0en particulier dans le cadre de la mise en \u0153uvre de la CSRD.\u00a0<\/p><p style=\"font-weight: 400\">Sur la base des pratiques de place qui ont pu \u00eatre observ\u00e9es\u00a0: Quel r\u00f4le pour la gouvernance et l\u2019administrateur en particulier\u00a0? Quels sont les incontournables\u00a0? Quels pi\u00e8ges \u00e9viter\u00a0?\u00a0<\/p><p style=\"font-weight: 400\">Comment appr\u00e9cier l\u2019impact des plans climat sur l\u2019activit\u00e9 de l\u2019entreprise\u00a0? Quelles transformations du pilotage des performances de l\u2019entreprise\u00a0? Comment les membres du conseil peuvent-ils interagir au mieux avec les directions op\u00e9rationnelles\u00a0?<\/p><p>Synth\u00e8se du webinaire disponible pour les membres de Chapter Zero France <a href=\"https:\/\/chapterzero-france.com\/index.php\/nous-rejoindre\/\">(adh\u00e9rer)\u00a0<\/a><\/p><\/div><\/div><\/div><\/div>                                            <\/div>\n                                        <\/div>\n                                    <\/div>\n\t\t\t\t\t\t\t\t\t                                    <div  class=\"wppb-column-parent wppb-column-parent-view wppb-col-1667233365723  \"  >\n                                        <div class=\"wppb-column\">\n\t\t\t\t\t\n\t\t\t\t\t\t\t\t\t\t\t\n                                            <div class=\"wppb-builder-addons\">\n\t\t\t\t\t\t\t\t\t\t\t\t<div class='wppb-builder-addon wppb-addon-1702811310806'  data-addon-id='1702811310806'><div class='wppb-addon'><div class=\"wppb-video-addon\"><div class=\"wppb-video-content\"><div class=\"wppb-video-block wppb-embed-responsive wppb-embed-responsive-16by9\"><iframe class=\"wppb-embed-responsive-item\" src=\"\/\/www.youtube.com\/embed\/Bvc-uAmzkmc?controls=1&#038;modestbranding=0\" allowFullScreen><\/iframe><\/div><\/div><\/div><\/div><\/div>                                            <\/div>\n                                        <\/div>\n                                    <\/div>\n\t\t\t\t\t\t\t\t\t                        <\/div>\n\n                    <\/div>\n                <\/div>\n\t\t\t\t                <div  class=\"wppb-row-parent  wppb-row-1667233365709 \"  >\n\t\t\t\t\t\n\t\t\t\t\t\t\t\t\t\t\n\t\t\t\t\t\t\t\t\t\t\n\t\t\t\t\t<div class=\"wppb-container \">\n\t\t\t\t\t\t\t\t\t\t\t\t\t\n                        <div class=\"wppb-row\">\n\t\t\t\t\t\t\t                                    <div  class=\"wppb-column-parent wppb-column-parent-view wppb-col-1667233365710  \"  >\n                                        <div class=\"wppb-column\">\n\t\t\t\t\t\n\t\t\t\t\t\t\t\t\t\t\t\n                                            <div class=\"wppb-builder-addons\">\n\t\t\t\t\t\t\t\t\t\t\t\t<div class='wppb-builder-addon wppb-addon-1667233365711'  data-addon-id='1667233365711'><div class='wppb-addon'><div class=\"wppb-text-block-addon\"><div class=\"wppb-text-block-content 0\"><h2 style=\"text-align: center\">Pan\u00e9listes de la session<\/h2><p style=\"text-align: left\"><strong><span class=\"has-inline-color has-luminous-vivid-amber-color\">Pan\u00e9listes<\/span><\/strong><\/p><p><!-- \/wp:paragraph --> <!-- wp:list --><\/p><ul><li style=\"font-weight: 400\"><strong>Christian Didier<\/strong>, associ\u00e9 Sustainability de Deloitte<\/li><li style=\"font-weight: 400\"><strong>Carine de Boissezon<\/strong>, administratrice\u00a0de Geodis et Chief Impact Officer d\u2019EDF<\/li><\/ul><p style=\"text-align: left\"><strong><span class=\"has-inline-color has-luminous-vivid-amber-color\">Mod\u00e9ratrice<\/span><\/strong><\/p><ul style=\"text-align: left\"><li style=\"font-weight: 400\"><strong>Florence Priouret, <\/strong>experte ESG et r\u00e9glementation boursi\u00e8re, membre de Chapter Zero<\/li><\/ul><p style=\"text-align: left\"><strong>Date: 04\/06\/2024<\/strong><\/p><\/div><\/div><\/div><\/div>                                            <\/div>\n                                        <\/div>\n                                    <\/div>\n\t\t\t\t\t\t\t\t\t                                    <div  class=\"wppb-column-parent wppb-column-parent-view wppb-col-1667233365712  \"  >\n                                        <div class=\"wppb-column\">\n\t\t\t\t\t\n\t\t\t\t\t\t\t\t\t\t\t\n                                            <div class=\"wppb-builder-addons\">\n\t\t\t\t\t\t\t\t\t\t\t\t                                            <\/div>\n                                        <\/div>\n                                    <\/div>\n\t\t\t\t\t\t\t\t\t                        <\/div>\n\n                    <\/div>\n                <\/div>\n\t\t\t\t<\/div>","protected":false},"excerpt":{"rendered":"<p>Organis\u00e9 par Chapter Zero France en partenariat avec DeloitteDans un monde\u00a0qui a d\u00e9j\u00e0 d\u00e9pass\u00e9 6 des 9\u00a0limites plan\u00e9taires, la d\u00e9finition et la mise en \u0153uvre d\u2019un plan de transition climat compatible avec les accords de Paris (r\u00e9chauffement limit\u00e9 \u00e0 1,5\u00b0) sont au c\u0153ur des pr\u00e9occupations des entreprises,\u00a0en particulier dans le&hellip;<\/p>\n","protected":false},"author":4,"featured_media":0,"parent":0,"menu_order":0,"comment_status":"closed","ping_status":"closed","template":"","meta":{"advgb_blocks_editor_width":"","advgb_blocks_columns_visual_guide":"","_monsterinsights_skip_tracking":false,"_monsterinsights_sitenote_active":false,"_monsterinsights_sitenote_note":"","_monsterinsights_sitenote_category":0,"footnotes":""},"class_list":["post-7335","page","type-page","status-publish","hentry"],"yoast_head":"<!-- This site is optimized with the Yoast SEO plugin v23.4 - https:\/\/yoast.com\/wordpress\/plugins\/seo\/ -->\n<title>L&#8217;administrateur face au plan de transition climat - Chapter Zero France<\/title>\n<meta name=\"robots\" content=\"index, follow, max-snippet:-1, max-image-preview:large, max-video-preview:-1\" \/>\n<link rel=\"canonical\" href=\"https:\/\/chapterzero-france.com\/index.php\/ladministrateur-face-au-plan-de-transition-climat\/\" \/>\n<meta property=\"og:locale\" content=\"fr_FR\" \/>\n<meta property=\"og:type\" content=\"article\" \/>\n<meta property=\"og:title\" content=\"L&#8217;administrateur face au plan de transition climat - Chapter Zero France\" \/>\n<meta property=\"og:description\" content=\"Organis\u00e9 par Chapter Zero France en partenariat avec DeloitteDans un monde\u00a0qui a d\u00e9j\u00e0 d\u00e9pass\u00e9 6 des 9\u00a0limites plan\u00e9taires, la d\u00e9finition et la mise en \u0153uvre d\u2019un plan de transition climat compatible avec les accords de Paris (r\u00e9chauffement limit\u00e9 \u00e0 1,5\u00b0) sont au c\u0153ur des pr\u00e9occupations des entreprises,\u00a0en particulier dans le&hellip;\" \/>\n<meta property=\"og:url\" content=\"https:\/\/chapterzero-france.com\/index.php\/ladministrateur-face-au-plan-de-transition-climat\/\" \/>\n<meta property=\"og:site_name\" content=\"Chapter Zero France\" \/>\n<meta property=\"article:modified_time\" content=\"2024-06-24T07:54:42+00:00\" \/>\n<meta name=\"twitter:card\" content=\"summary_large_image\" \/>\n<script type=\"application\/ld+json\" class=\"yoast-schema-graph\">{\"@context\":\"https:\/\/schema.org\",\"@graph\":[{\"@type\":\"WebPage\",\"@id\":\"https:\/\/chapterzero-france.com\/index.php\/ladministrateur-face-au-plan-de-transition-climat\/\",\"url\":\"https:\/\/chapterzero-france.com\/index.php\/ladministrateur-face-au-plan-de-transition-climat\/\",\"name\":\"L&#8217;administrateur face au plan de transition climat - Chapter Zero France\",\"isPartOf\":{\"@id\":\"https:\/\/chapterzero-france.com\/#website\"},\"datePublished\":\"2024-06-24T07:54:40+00:00\",\"dateModified\":\"2024-06-24T07:54:42+00:00\",\"breadcrumb\":{\"@id\":\"https:\/\/chapterzero-france.com\/index.php\/ladministrateur-face-au-plan-de-transition-climat\/#breadcrumb\"},\"inLanguage\":\"fr-FR\",\"potentialAction\":[{\"@type\":\"ReadAction\",\"target\":[\"https:\/\/chapterzero-france.com\/index.php\/ladministrateur-face-au-plan-de-transition-climat\/\"]}]},{\"@type\":\"BreadcrumbList\",\"@id\":\"https:\/\/chapterzero-france.com\/index.php\/ladministrateur-face-au-plan-de-transition-climat\/#breadcrumb\",\"itemListElement\":[{\"@type\":\"ListItem\",\"position\":1,\"name\":\"Accueil\",\"item\":\"https:\/\/chapterzero-france.com\/\"},{\"@type\":\"ListItem\",\"position\":2,\"name\":\"L&#8217;administrateur face au plan de transition climat\"}]},{\"@type\":\"WebSite\",\"@id\":\"https:\/\/chapterzero-france.com\/#website\",\"url\":\"https:\/\/chapterzero-france.com\/\",\"name\":\"Chapter Zero France\",\"description\":\"Le Forum Climat des Administrateurs\",\"publisher\":{\"@id\":\"https:\/\/chapterzero-france.com\/#organization\"},\"potentialAction\":[{\"@type\":\"SearchAction\",\"target\":{\"@type\":\"EntryPoint\",\"urlTemplate\":\"https:\/\/chapterzero-france.com\/?s={search_term_string}\"},\"query-input\":{\"@type\":\"PropertyValueSpecification\",\"valueRequired\":true,\"valueName\":\"search_term_string\"}}],\"inLanguage\":\"fr-FR\"},{\"@type\":\"Organization\",\"@id\":\"https:\/\/chapterzero-france.com\/#organization\",\"name\":\"Chapter Zero France\",\"url\":\"https:\/\/chapterzero-france.com\/\",\"logo\":{\"@type\":\"ImageObject\",\"inLanguage\":\"fr-FR\",\"@id\":\"https:\/\/chapterzero-france.com\/#\/schema\/logo\/image\/\",\"url\":\"https:\/\/chapterzero-france.com\/wp-content\/uploads\/2020\/08\/ChapterZero_Logo_FranceForumClimat-e1598537853484.jpg\",\"contentUrl\":\"https:\/\/chapterzero-france.com\/wp-content\/uploads\/2020\/08\/ChapterZero_Logo_FranceForumClimat-e1598537853484.jpg\",\"width\":100,\"height\":38,\"caption\":\"Chapter Zero France\"},\"image\":{\"@id\":\"https:\/\/chapterzero-france.com\/#\/schema\/logo\/image\/\"}}]}<\/script>\n<!-- \/ Yoast SEO plugin. -->","yoast_head_json":{"title":"L&#8217;administrateur face au plan de transition climat - Chapter Zero France","robots":{"index":"index","follow":"follow","max-snippet":"max-snippet:-1","max-image-preview":"max-image-preview:large","max-video-preview":"max-video-preview:-1"},"canonical":"https:\/\/chapterzero-france.com\/index.php\/ladministrateur-face-au-plan-de-transition-climat\/","og_locale":"fr_FR","og_type":"article","og_title":"L&#8217;administrateur face au plan de transition climat - Chapter Zero France","og_description":"Organis\u00e9 par Chapter Zero France en partenariat avec DeloitteDans un monde\u00a0qui a d\u00e9j\u00e0 d\u00e9pass\u00e9 6 des 9\u00a0limites plan\u00e9taires, la d\u00e9finition et la mise en \u0153uvre d\u2019un plan de transition climat compatible avec les accords de Paris (r\u00e9chauffement limit\u00e9 \u00e0 1,5\u00b0) sont au c\u0153ur des pr\u00e9occupations des entreprises,\u00a0en particulier dans le&hellip;","og_url":"https:\/\/chapterzero-france.com\/index.php\/ladministrateur-face-au-plan-de-transition-climat\/","og_site_name":"Chapter Zero France","article_modified_time":"2024-06-24T07:54:42+00:00","twitter_card":"summary_large_image","schema":{"@context":"https:\/\/schema.org","@graph":[{"@type":"WebPage","@id":"https:\/\/chapterzero-france.com\/index.php\/ladministrateur-face-au-plan-de-transition-climat\/","url":"https:\/\/chapterzero-france.com\/index.php\/ladministrateur-face-au-plan-de-transition-climat\/","name":"L&#8217;administrateur face au plan de transition climat - Chapter Zero France","isPartOf":{"@id":"https:\/\/chapterzero-france.com\/#website"},"datePublished":"2024-06-24T07:54:40+00:00","dateModified":"2024-06-24T07:54:42+00:00","breadcrumb":{"@id":"https:\/\/chapterzero-france.com\/index.php\/ladministrateur-face-au-plan-de-transition-climat\/#breadcrumb"},"inLanguage":"fr-FR","potentialAction":[{"@type":"ReadAction","target":["https:\/\/chapterzero-france.com\/index.php\/ladministrateur-face-au-plan-de-transition-climat\/"]}]},{"@type":"BreadcrumbList","@id":"https:\/\/chapterzero-france.com\/index.php\/ladministrateur-face-au-plan-de-transition-climat\/#breadcrumb","itemListElement":[{"@type":"ListItem","position":1,"name":"Accueil","item":"https:\/\/chapterzero-france.com\/"},{"@type":"ListItem","position":2,"name":"L&#8217;administrateur face au plan de transition climat"}]},{"@type":"WebSite","@id":"https:\/\/chapterzero-france.com\/#website","url":"https:\/\/chapterzero-france.com\/","name":"Chapter Zero France","description":"Le Forum Climat des Administrateurs","publisher":{"@id":"https:\/\/chapterzero-france.com\/#organization"},"potentialAction":[{"@type":"SearchAction","target":{"@type":"EntryPoint","urlTemplate":"https:\/\/chapterzero-france.com\/?s={search_term_string}"},"query-input":{"@type":"PropertyValueSpecification","valueRequired":true,"valueName":"search_term_string"}}],"inLanguage":"fr-FR"},{"@type":"Organization","@id":"https:\/\/chapterzero-france.com\/#organization","name":"Chapter Zero France","url":"https:\/\/chapterzero-france.com\/","logo":{"@type":"ImageObject","inLanguage":"fr-FR","@id":"https:\/\/chapterzero-france.com\/#\/schema\/logo\/image\/","url":"https:\/\/chapterzero-france.com\/wp-content\/uploads\/2020\/08\/ChapterZero_Logo_FranceForumClimat-e1598537853484.jpg","contentUrl":"https:\/\/chapterzero-france.com\/wp-content\/uploads\/2020\/08\/ChapterZero_Logo_FranceForumClimat-e1598537853484.jpg","width":100,"height":38,"caption":"Chapter Zero France"},"image":{"@id":"https:\/\/chapterzero-france.com\/#\/schema\/logo\/image\/"}}]}},"coauthors":[],"author_meta":{"author_link":"https:\/\/chapterzero-france.com\/index.php\/author\/czfr\/","display_name":"CZFR"},"relative_dates":{"created":"Publi\u00e9 2 ans il y a","modified":"Mis \u00e0 jour 2 ans il y a"},"absolute_dates":{"created":"Publi\u00e9 le 24 juin 2024","modified":"Mise \u00e0 jour le 24 juin 2024"},"absolute_dates_time":{"created":"Publi\u00e9 le 24 juin 2024 9 h 54 min","modified":"Mise \u00e0 jour le 24 juin 2024 9 h 54 min"},"featured_img_caption":"","featured_img":false,"series_order":"","_links":{"self":[{"href":"https:\/\/chapterzero-france.com\/index.php\/wp-json\/wp\/v2\/pages\/7335","targetHints":{"allow":["GET"]}}],"collection":[{"href":"https:\/\/chapterzero-france.com\/index.php\/wp-json\/wp\/v2\/pages"}],"about":[{"href":"https:\/\/chapterzero-france.com\/index.php\/wp-json\/wp\/v2\/types\/page"}],"author":[{"embeddable":true,"href":"https:\/\/chapterzero-france.com\/index.php\/wp-json\/wp\/v2\/users\/4"}],"replies":[{"embeddable":true,"href":"https:\/\/chapterzero-france.com\/index.php\/wp-json\/wp\/v2\/comments?post=7335"}],"version-history":[{"count":3,"href":"https:\/\/chapterzero-france.com\/index.php\/wp-json\/wp\/v2\/pages\/7335\/revisions"}],"predecessor-version":[{"id":7338,"href":"https:\/\/chapterzero-france.com\/index.php\/wp-json\/wp\/v2\/pages\/7335\/revisions\/7338"}],"wp:attachment":[{"href":"https:\/\/chapterzero-france.com\/index.php\/wp-json\/wp\/v2\/media?parent=7335"}],"curies":[{"name":"wp","href":"https:\/\/api.w.org\/{rel}","templated":true}]}}