{"id":7527,"date":"2025-04-07T09:25:16","date_gmt":"2025-04-07T07:25:16","guid":{"rendered":"https:\/\/chapterzero-france.com\/?page_id=7527"},"modified":"2025-04-07T09:25:17","modified_gmt":"2025-04-07T07:25:17","slug":"neds-perspective-on-the-new-eu-measures-industrial-policy-and-reporting","status":"publish","type":"page","link":"https:\/\/chapterzero-france.com\/index.php\/neds-perspective-on-the-new-eu-measures-industrial-policy-and-reporting\/","title":{"rendered":"NED\u2019s perspective on the new EU measures: industrial policy and reporting"},"content":{"rendered":"<div id=\"wppb-builder-container\" class=\"wppb-builder-container\">                <div  class=\"wppb-row-parent  wppb-row-1664952127682 \"  >\n\t\t\t\t\t\n\t\t\t\t\t\t\t\t\t\t\n\t\t\t\t\t\t\t\t\t\t\n\t\t\t\t\t<div class=\"wppb-container \">\n\t\t\t\t\t\t\t\t\t\t\t\t\t\n                        <div class=\"wppb-row\">\n\t\t\t\t\t\t\t                                    <div  class=\"wppb-column-parent wppb-column-parent-view wppb-col-1664952127681  \"  >\n                                        <div class=\"wppb-column\">\n\t\t\t\t\t\n\t\t\t\t\t\t\t\t\t\t\t\n                                            <div class=\"wppb-builder-addons\">\n\t\t\t\t\t\t\t\t\t\t\t\t                                            <\/div>\n                                        <\/div>\n                                    <\/div>\n\t\t\t\t\t\t\t\t\t                        <\/div>\n\n                    <\/div>\n                <\/div>\n\t\t\t\t                <div  class=\"wppb-row-parent  wppb-row-1612115273447 \"  >\n\t\t\t\t\t\n\t\t\t\t\t\t\t\t\t\t\n\t\t\t\t\t\t\t\t\t\t\n\t\t\t\t\t<div class=\"wppb-container \">\n\t\t\t\t\t\t\t\t\t\t\t\t\t\n                        <div class=\"wppb-row\">\n\t\t\t\t\t\t\t                                    <div  class=\"wppb-column-parent wppb-column-parent-view wppb-col-1612115273446  \"  >\n                                        <div class=\"wppb-column\">\n\t\t\t\t\t\n\t\t\t\t\t\t\t\t\t\t\t\n                                            <div class=\"wppb-builder-addons\">\n\t\t\t\t\t\t\t\t\t\t\t\t<div class='wppb-builder-addon wppb-addon-1612115323379'  data-addon-id='1612115323379'><div class='wppb-addon'><div class=\"wppb-text-block-addon\"><div class=\"wppb-text-block-content 0\"><p style=\"text-align: center\"><strong>Organis\u00e9 par Chapter Zero France, Chapter Zero Brussels, Chapter Zero Spain, Chapter Zero Italy, Board Impact Forum<\/strong><\/p><p data-olk-copy-source=\"MessageBody\">Nous vous partageons les premi\u00e8res r\u00e9actions d\u2019administrateurs europ\u00e9ens sur les orientations strat\u00e9giques et les propositions \u00ab<a title=\"https:\/\/click.pstmrk.it\/3s\/commission.europa.eu%2Fdocument%2Fdownload%2F9db1c5c8-9e82-467b-ab6a-905feeb4b6b0_en%3Ffilename%3DCommunication%2520-%2520Clean%2520Industrial%2520Deal_en.pdf\/lvid\/JRS8AQ\/AQ\/c308f8e1-e9c9-49ac-9e88-defcd1ff05f0\/2\/9514tB7dUJ\" href=\"https:\/\/click.pstmrk.it\/3s\/commission.europa.eu%2Fdocument%2Fdownload%2F9db1c5c8-9e82-467b-ab6a-905feeb4b6b0_en%3Ffilename%3DCommunication%2520-%2520Clean%2520Industrial%2520Deal_en.pdf\/lvid\/JRS8AQ\/AQ\/c308f8e1-e9c9-49ac-9e88-defcd1ff05f0\/2\/9514tB7dUJ\" target=\"_blank\" rel=\"noopener noreferrer\" data-auth=\"NotApplicable\" data-linkindex=\"1\">\u00a0<strong><em>Clean Industrial Deal<\/em><\/strong>\u00a0<\/a>\u00bb et \u00ab\u00a0<a title=\"https:\/\/click.pstmrk.it\/3s\/ec.europa.eu%2Fcommission%2Fpresscorner%2Fapi%2Ffiles%2Fdocument%2Fprint%2Fen%2Fip_25_614%2FIP_25_614_EN.pdf\/lvid\/JRS8AQ\/AQ\/c308f8e1-e9c9-49ac-9e88-defcd1ff05f0\/3\/Kr1a64QL7D\" href=\"https:\/\/click.pstmrk.it\/3s\/ec.europa.eu%2Fcommission%2Fpresscorner%2Fapi%2Ffiles%2Fdocument%2Fprint%2Fen%2Fip_25_614%2FIP_25_614_EN.pdf\/lvid\/JRS8AQ\/AQ\/c308f8e1-e9c9-49ac-9e88-defcd1ff05f0\/3\/Kr1a64QL7D\" target=\"_blank\" rel=\"noopener noreferrer\" data-auth=\"NotApplicable\" data-linkindex=\"2\"><strong><em>Paquet Omnibus<\/em><\/strong><\/a>\u00bb annonc\u00e9es par la Commission Europ\u00e9enne 26 f\u00e9vrier derniers, nous vous invitons \u00e0 retrouver la conversation, en webinaire zoom, avec nos confr\u00e8res des Chapters Zero Belgique, Italie, Espagne et nordiques\/Board Impact Forum, sur le th\u00e8me :<\/p><p><strong><span class=\"marklxfryk1cs\" data-markjs=\"true\" data-ogac=\"\" data-ogab=\"\" data-ogsc=\"\" data-ogsb=\"\">NED<\/span>'s perspective on the new EU measures: industrial policy and reporting<\/strong><\/p><p>Synth\u00e8se du webinaire disponible pour les membres de Chapter Zero France <a href=\"https:\/\/chapterzero-france.com\/index.php\/nous-rejoindre\/\">(adh\u00e9rer)\u00a0<\/a><\/p><\/div><\/div><\/div><\/div>                                            <\/div>\n                                        <\/div>\n                                    <\/div>\n\t\t\t\t\t\t\t\t\t                                    <div  class=\"wppb-column-parent wppb-column-parent-view wppb-col-1667233365723  \"  >\n                                        <div class=\"wppb-column\">\n\t\t\t\t\t\n\t\t\t\t\t\t\t\t\t\t\t\n                                            <div class=\"wppb-builder-addons\">\n\t\t\t\t\t\t\t\t\t\t\t\t<div class='wppb-builder-addon wppb-addon-1702811310806'  data-addon-id='1702811310806'><div class='wppb-addon'><div class=\"wppb-video-addon\"><div class=\"wppb-video-content\"><div class=\"wppb-video-block wppb-embed-responsive wppb-embed-responsive-16by9\"><iframe class=\"wppb-embed-responsive-item\" src=\"\/\/www.youtube.com\/embed\/cAT9fzN54ew?controls=1&#038;modestbranding=0\" allowFullScreen><\/iframe><\/div><\/div><\/div><\/div><\/div>                                            <\/div>\n                                        <\/div>\n                                    <\/div>\n\t\t\t\t\t\t\t\t\t                        <\/div>\n\n                    <\/div>\n                <\/div>\n\t\t\t\t                <div  class=\"wppb-row-parent  wppb-row-1667233365709 \"  >\n\t\t\t\t\t\n\t\t\t\t\t\t\t\t\t\t\n\t\t\t\t\t\t\t\t\t\t\n\t\t\t\t\t<div class=\"wppb-container \">\n\t\t\t\t\t\t\t\t\t\t\t\t\t\n                        <div class=\"wppb-row\">\n\t\t\t\t\t\t\t                                    <div  class=\"wppb-column-parent wppb-column-parent-view wppb-col-1667233365710  \"  >\n                                        <div class=\"wppb-column\">\n\t\t\t\t\t\n\t\t\t\t\t\t\t\t\t\t\t\n                                            <div class=\"wppb-builder-addons\">\n\t\t\t\t\t\t\t\t\t\t\t\t<div class='wppb-builder-addon wppb-addon-1667233365711'  data-addon-id='1667233365711'><div class='wppb-addon'><div class=\"wppb-text-block-addon\"><div class=\"wppb-text-block-content 0\"><h2 style=\"text-align: center\">Pan\u00e9listes de la session<\/h2><p style=\"text-align: left\"><strong><span class=\"has-inline-color has-luminous-vivid-amber-color\">Pan\u00e9listes<\/span><\/strong><\/p><p><!-- wp:paragraph --><\/p><p><a title=\"https:\/\/click.pstmrk.it\/3s\/www.linkedin.com%2Fin%2Fcarine-de-boissezon%2F\/lvid\/JRS8AQ\/AQ\/c308f8e1-e9c9-49ac-9e88-defcd1ff05f0\/6\/L5sQ5ZkzDS\" href=\"https:\/\/click.pstmrk.it\/3s\/www.linkedin.com%2Fin%2Fcarine-de-boissezon%2F\/lvid\/JRS8AQ\/AQ\/c308f8e1-e9c9-49ac-9e88-defcd1ff05f0\/6\/L5sQ5ZkzDS\" target=\"_blank\" rel=\"noopener noreferrer\" data-auth=\"NotApplicable\" data-linkindex=\"5\">Carine de Boissezon<\/a>\u00a0(<a title=\"https:\/\/click.pstmrk.it\/3s\/chapterzero-france.com%2F\/lvid\/JRS8AQ\/AQ\/c308f8e1-e9c9-49ac-9e88-defcd1ff05f0\/7\/2FHWniZAFi\" href=\"https:\/\/click.pstmrk.it\/3s\/chapterzero-france.com%2F\/lvid\/JRS8AQ\/AQ\/c308f8e1-e9c9-49ac-9e88-defcd1ff05f0\/7\/2FHWniZAFi\" target=\"_blank\" rel=\"noopener noreferrer\" data-auth=\"NotApplicable\" data-linkindex=\"6\">Chapter Zero France<\/a>),<\/p><p><a title=\"https:\/\/click.pstmrk.it\/3s\/www.linkedin.com%2Fin%2Falberto-horcajo-08278224a%2F\/lvid\/JRS8AQ\/AQ\/c308f8e1-e9c9-49ac-9e88-defcd1ff05f0\/8\/__7pOcz-Bg\" href=\"https:\/\/click.pstmrk.it\/3s\/www.linkedin.com%2Fin%2Falberto-horcajo-08278224a%2F\/lvid\/JRS8AQ\/AQ\/c308f8e1-e9c9-49ac-9e88-defcd1ff05f0\/8\/__7pOcz-Bg\" target=\"_blank\" rel=\"noopener noreferrer\" data-auth=\"NotApplicable\" data-linkindex=\"7\">Alberto Horcajo<\/a>\u00a0(<a title=\"https:\/\/click.pstmrk.it\/3s\/www.chapterzerospain.org%2Fen%2F\/lvid\/JRS8AQ\/AQ\/c308f8e1-e9c9-49ac-9e88-defcd1ff05f0\/9\/l9OY5aNUSB\" href=\"https:\/\/click.pstmrk.it\/3s\/www.chapterzerospain.org%2Fen%2F\/lvid\/JRS8AQ\/AQ\/c308f8e1-e9c9-49ac-9e88-defcd1ff05f0\/9\/l9OY5aNUSB\" target=\"_blank\" rel=\"noopener noreferrer\" data-auth=\"NotApplicable\" data-linkindex=\"8\">Chapter Zero Spain<\/a>),\u00a0<\/p><p><a title=\"https:\/\/click.pstmrk.it\/3s\/www.linkedin.com%2Fin%2Fsilvia-stefini-milan%2F\/lvid\/JRS8AQ\/AQ\/c308f8e1-e9c9-49ac-9e88-defcd1ff05f0\/10\/EacivGSFP-\" href=\"https:\/\/click.pstmrk.it\/3s\/www.linkedin.com%2Fin%2Fsilvia-stefini-milan%2F\/lvid\/JRS8AQ\/AQ\/c308f8e1-e9c9-49ac-9e88-defcd1ff05f0\/10\/EacivGSFP-\" target=\"_blank\" rel=\"noopener noreferrer\" data-auth=\"NotApplicable\" data-linkindex=\"9\">Silvia Stefini<\/a>\u00a0(<a title=\"https:\/\/click.pstmrk.it\/3s\/www.nedcommunity.com%2Fchapter-zero-italy%2F\/lvid\/JRS8AQ\/AQ\/c308f8e1-e9c9-49ac-9e88-defcd1ff05f0\/11\/2olPcaw7wm\" href=\"https:\/\/click.pstmrk.it\/3s\/www.nedcommunity.com%2Fchapter-zero-italy%2F\/lvid\/JRS8AQ\/AQ\/c308f8e1-e9c9-49ac-9e88-defcd1ff05f0\/11\/2olPcaw7wm\" target=\"_blank\" rel=\"noopener noreferrer\" data-auth=\"NotApplicable\" data-linkindex=\"10\">Chapter Zero Italy<\/a>)<\/p><p><a title=\"https:\/\/click.pstmrk.it\/3s\/www.linkedin.com%2Fin%2Ffernandastorre%2F\/lvid\/JRS8AQ\/AQ\/c308f8e1-e9c9-49ac-9e88-defcd1ff05f0\/12\/MEs8URQ7Eh\" href=\"https:\/\/click.pstmrk.it\/3s\/www.linkedin.com%2Fin%2Ffernandastorre%2F\/lvid\/JRS8AQ\/AQ\/c308f8e1-e9c9-49ac-9e88-defcd1ff05f0\/12\/MEs8URQ7Eh\" target=\"_blank\" rel=\"noopener noreferrer\" data-auth=\"NotApplicable\" data-linkindex=\"11\">Fernanda Torre<\/a>\u00a0(<a title=\"https:\/\/click.pstmrk.it\/3s\/boardsimpactforum.com%2F\/lvid\/JRS8AQ\/AQ\/c308f8e1-e9c9-49ac-9e88-defcd1ff05f0\/13\/saSgraI8G5\" href=\"https:\/\/click.pstmrk.it\/3s\/boardsimpactforum.com%2F\/lvid\/JRS8AQ\/AQ\/c308f8e1-e9c9-49ac-9e88-defcd1ff05f0\/13\/saSgraI8G5\" target=\"_blank\" rel=\"noopener noreferrer\" data-auth=\"NotApplicable\" data-linkindex=\"12\">Board Impact Forum<\/a>)..<\/p><p><strong><span class=\"has-inline-color has-luminous-vivid-amber-color\">Mod\u00e9rateur<\/span><\/strong><\/p><p><a title=\"https:\/\/click.pstmrk.it\/3s\/www.linkedin.com%2Fin%2Fmercedessanchezvarela%2F\/lvid\/JRS8AQ\/AQ\/c308f8e1-e9c9-49ac-9e88-defcd1ff05f0\/4\/hZPtKQME9I\" href=\"https:\/\/click.pstmrk.it\/3s\/www.linkedin.com%2Fin%2Fmercedessanchezvarela%2F\/lvid\/JRS8AQ\/AQ\/c308f8e1-e9c9-49ac-9e88-defcd1ff05f0\/4\/hZPtKQME9I\" target=\"_blank\" rel=\"noopener noreferrer\" data-auth=\"NotApplicable\" data-linkindex=\"3\" data-olk-copy-source=\"MessageBody\">Mercedes Sanchez Varela<\/a>\u00a0(<a title=\"https:\/\/click.pstmrk.it\/3s\/www.chapterzerobrussels.eu%2F\/lvid\/JRS8AQ\/AQ\/c308f8e1-e9c9-49ac-9e88-defcd1ff05f0\/5\/I9_4ynaWW8\" href=\"https:\/\/click.pstmrk.it\/3s\/www.chapterzerobrussels.eu%2F\/lvid\/JRS8AQ\/AQ\/c308f8e1-e9c9-49ac-9e88-defcd1ff05f0\/5\/I9_4ynaWW8\" target=\"_blank\" rel=\"noopener noreferrer\" data-auth=\"NotApplicable\" data-linkindex=\"4\">Chapter Zero Brussels<\/a>)<\/p><p style=\"text-align: left\"><strong>Date: 20\/03\/2025<\/strong><\/p><!-- \/wp:paragraph --><\/div><\/div><\/div><\/div>                                            <\/div>\n                                        <\/div>\n                                    <\/div>\n\t\t\t\t\t\t\t\t\t                                    <div  class=\"wppb-column-parent wppb-column-parent-view wppb-col-1667233365712  \"  >\n                                        <div class=\"wppb-column\">\n\t\t\t\t\t\n\t\t\t\t\t\t\t\t\t\t\t\n                                            <div class=\"wppb-builder-addons\">\n\t\t\t\t\t\t\t\t\t\t\t\t                                            <\/div>\n                                        <\/div>\n                                    <\/div>\n\t\t\t\t\t\t\t\t\t                        <\/div>\n\n                    <\/div>\n                <\/div>\n\t\t\t\t<\/div>","protected":false},"excerpt":{"rendered":"<p>Organis\u00e9 par Chapter Zero France, Chapter Zero Brussels, Chapter Zero Spain, Chapter Zero Italy, Board Impact ForumNous vous partageons les premi\u00e8res r\u00e9actions d\u2019administrateurs europ\u00e9ens sur les orientations strat\u00e9giques et les propositions \u00ab\u00a0Clean Industrial Deal\u00a0\u00bb et \u00ab\u00a0Paquet Omnibus\u00bb annonc\u00e9es par la Commission Europ\u00e9enne 26 f\u00e9vrier derniers, nous vous invitons \u00e0 retrouver&hellip;<\/p>\n","protected":false},"author":4,"featured_media":0,"parent":0,"menu_order":0,"comment_status":"closed","ping_status":"closed","template":"","meta":{"advgb_blocks_editor_width":"","advgb_blocks_columns_visual_guide":"","_monsterinsights_skip_tracking":false,"_monsterinsights_sitenote_active":false,"_monsterinsights_sitenote_note":"","_monsterinsights_sitenote_category":0,"footnotes":""},"class_list":["post-7527","page","type-page","status-publish","hentry"],"yoast_head":"<!-- This site is optimized with the Yoast SEO plugin v23.4 - https:\/\/yoast.com\/wordpress\/plugins\/seo\/ -->\n<title>NED\u2019s perspective on the new EU measures: industrial policy and reporting - Chapter Zero France<\/title>\n<meta name=\"robots\" content=\"index, follow, max-snippet:-1, max-image-preview:large, max-video-preview:-1\" \/>\n<link rel=\"canonical\" href=\"https:\/\/chapterzero-france.com\/index.php\/neds-perspective-on-the-new-eu-measures-industrial-policy-and-reporting\/\" \/>\n<meta property=\"og:locale\" content=\"fr_FR\" \/>\n<meta property=\"og:type\" content=\"article\" \/>\n<meta property=\"og:title\" content=\"NED\u2019s perspective on the new EU measures: industrial policy and reporting - Chapter Zero France\" \/>\n<meta property=\"og:description\" content=\"Organis\u00e9 par Chapter Zero France, Chapter Zero Brussels, Chapter Zero Spain, Chapter Zero Italy, Board Impact ForumNous vous partageons les premi\u00e8res r\u00e9actions d\u2019administrateurs europ\u00e9ens sur les orientations strat\u00e9giques et les propositions \u00ab\u00a0Clean Industrial Deal\u00a0\u00bb et \u00ab\u00a0Paquet Omnibus\u00bb annonc\u00e9es par la Commission Europ\u00e9enne 26 f\u00e9vrier derniers, nous vous invitons \u00e0 retrouver&hellip;\" \/>\n<meta property=\"og:url\" content=\"https:\/\/chapterzero-france.com\/index.php\/neds-perspective-on-the-new-eu-measures-industrial-policy-and-reporting\/\" \/>\n<meta property=\"og:site_name\" content=\"Chapter Zero France\" \/>\n<meta property=\"article:modified_time\" content=\"2025-04-07T07:25:17+00:00\" \/>\n<meta name=\"twitter:card\" content=\"summary_large_image\" \/>\n<script type=\"application\/ld+json\" class=\"yoast-schema-graph\">{\"@context\":\"https:\/\/schema.org\",\"@graph\":[{\"@type\":\"WebPage\",\"@id\":\"https:\/\/chapterzero-france.com\/index.php\/neds-perspective-on-the-new-eu-measures-industrial-policy-and-reporting\/\",\"url\":\"https:\/\/chapterzero-france.com\/index.php\/neds-perspective-on-the-new-eu-measures-industrial-policy-and-reporting\/\",\"name\":\"NED\u2019s perspective on the new EU measures: industrial policy and reporting - Chapter Zero France\",\"isPartOf\":{\"@id\":\"https:\/\/chapterzero-france.com\/#website\"},\"datePublished\":\"2025-04-07T07:25:16+00:00\",\"dateModified\":\"2025-04-07T07:25:17+00:00\",\"breadcrumb\":{\"@id\":\"https:\/\/chapterzero-france.com\/index.php\/neds-perspective-on-the-new-eu-measures-industrial-policy-and-reporting\/#breadcrumb\"},\"inLanguage\":\"fr-FR\",\"potentialAction\":[{\"@type\":\"ReadAction\",\"target\":[\"https:\/\/chapterzero-france.com\/index.php\/neds-perspective-on-the-new-eu-measures-industrial-policy-and-reporting\/\"]}]},{\"@type\":\"BreadcrumbList\",\"@id\":\"https:\/\/chapterzero-france.com\/index.php\/neds-perspective-on-the-new-eu-measures-industrial-policy-and-reporting\/#breadcrumb\",\"itemListElement\":[{\"@type\":\"ListItem\",\"position\":1,\"name\":\"Accueil\",\"item\":\"https:\/\/chapterzero-france.com\/\"},{\"@type\":\"ListItem\",\"position\":2,\"name\":\"NED\u2019s perspective on the new EU measures: industrial policy and reporting\"}]},{\"@type\":\"WebSite\",\"@id\":\"https:\/\/chapterzero-france.com\/#website\",\"url\":\"https:\/\/chapterzero-france.com\/\",\"name\":\"Chapter Zero France\",\"description\":\"Le Forum Climat des Administrateurs\",\"publisher\":{\"@id\":\"https:\/\/chapterzero-france.com\/#organization\"},\"potentialAction\":[{\"@type\":\"SearchAction\",\"target\":{\"@type\":\"EntryPoint\",\"urlTemplate\":\"https:\/\/chapterzero-france.com\/?s={search_term_string}\"},\"query-input\":{\"@type\":\"PropertyValueSpecification\",\"valueRequired\":true,\"valueName\":\"search_term_string\"}}],\"inLanguage\":\"fr-FR\"},{\"@type\":\"Organization\",\"@id\":\"https:\/\/chapterzero-france.com\/#organization\",\"name\":\"Chapter Zero France\",\"url\":\"https:\/\/chapterzero-france.com\/\",\"logo\":{\"@type\":\"ImageObject\",\"inLanguage\":\"fr-FR\",\"@id\":\"https:\/\/chapterzero-france.com\/#\/schema\/logo\/image\/\",\"url\":\"https:\/\/chapterzero-france.com\/wp-content\/uploads\/2020\/08\/ChapterZero_Logo_FranceForumClimat-e1598537853484.jpg\",\"contentUrl\":\"https:\/\/chapterzero-france.com\/wp-content\/uploads\/2020\/08\/ChapterZero_Logo_FranceForumClimat-e1598537853484.jpg\",\"width\":100,\"height\":38,\"caption\":\"Chapter Zero France\"},\"image\":{\"@id\":\"https:\/\/chapterzero-france.com\/#\/schema\/logo\/image\/\"}}]}<\/script>\n<!-- \/ Yoast SEO plugin. -->","yoast_head_json":{"title":"NED\u2019s perspective on the new EU measures: industrial policy and reporting - Chapter Zero France","robots":{"index":"index","follow":"follow","max-snippet":"max-snippet:-1","max-image-preview":"max-image-preview:large","max-video-preview":"max-video-preview:-1"},"canonical":"https:\/\/chapterzero-france.com\/index.php\/neds-perspective-on-the-new-eu-measures-industrial-policy-and-reporting\/","og_locale":"fr_FR","og_type":"article","og_title":"NED\u2019s perspective on the new EU measures: industrial policy and reporting - Chapter Zero France","og_description":"Organis\u00e9 par Chapter Zero France, Chapter Zero Brussels, Chapter Zero Spain, Chapter Zero Italy, Board Impact ForumNous vous partageons les premi\u00e8res r\u00e9actions d\u2019administrateurs europ\u00e9ens sur les orientations strat\u00e9giques et les propositions \u00ab\u00a0Clean Industrial Deal\u00a0\u00bb et \u00ab\u00a0Paquet Omnibus\u00bb annonc\u00e9es par la Commission Europ\u00e9enne 26 f\u00e9vrier derniers, nous vous invitons \u00e0 retrouver&hellip;","og_url":"https:\/\/chapterzero-france.com\/index.php\/neds-perspective-on-the-new-eu-measures-industrial-policy-and-reporting\/","og_site_name":"Chapter Zero France","article_modified_time":"2025-04-07T07:25:17+00:00","twitter_card":"summary_large_image","schema":{"@context":"https:\/\/schema.org","@graph":[{"@type":"WebPage","@id":"https:\/\/chapterzero-france.com\/index.php\/neds-perspective-on-the-new-eu-measures-industrial-policy-and-reporting\/","url":"https:\/\/chapterzero-france.com\/index.php\/neds-perspective-on-the-new-eu-measures-industrial-policy-and-reporting\/","name":"NED\u2019s perspective on the new EU measures: industrial policy and reporting - Chapter Zero France","isPartOf":{"@id":"https:\/\/chapterzero-france.com\/#website"},"datePublished":"2025-04-07T07:25:16+00:00","dateModified":"2025-04-07T07:25:17+00:00","breadcrumb":{"@id":"https:\/\/chapterzero-france.com\/index.php\/neds-perspective-on-the-new-eu-measures-industrial-policy-and-reporting\/#breadcrumb"},"inLanguage":"fr-FR","potentialAction":[{"@type":"ReadAction","target":["https:\/\/chapterzero-france.com\/index.php\/neds-perspective-on-the-new-eu-measures-industrial-policy-and-reporting\/"]}]},{"@type":"BreadcrumbList","@id":"https:\/\/chapterzero-france.com\/index.php\/neds-perspective-on-the-new-eu-measures-industrial-policy-and-reporting\/#breadcrumb","itemListElement":[{"@type":"ListItem","position":1,"name":"Accueil","item":"https:\/\/chapterzero-france.com\/"},{"@type":"ListItem","position":2,"name":"NED\u2019s perspective on the new EU measures: industrial policy and reporting"}]},{"@type":"WebSite","@id":"https:\/\/chapterzero-france.com\/#website","url":"https:\/\/chapterzero-france.com\/","name":"Chapter Zero France","description":"Le Forum Climat des Administrateurs","publisher":{"@id":"https:\/\/chapterzero-france.com\/#organization"},"potentialAction":[{"@type":"SearchAction","target":{"@type":"EntryPoint","urlTemplate":"https:\/\/chapterzero-france.com\/?s={search_term_string}"},"query-input":{"@type":"PropertyValueSpecification","valueRequired":true,"valueName":"search_term_string"}}],"inLanguage":"fr-FR"},{"@type":"Organization","@id":"https:\/\/chapterzero-france.com\/#organization","name":"Chapter Zero France","url":"https:\/\/chapterzero-france.com\/","logo":{"@type":"ImageObject","inLanguage":"fr-FR","@id":"https:\/\/chapterzero-france.com\/#\/schema\/logo\/image\/","url":"https:\/\/chapterzero-france.com\/wp-content\/uploads\/2020\/08\/ChapterZero_Logo_FranceForumClimat-e1598537853484.jpg","contentUrl":"https:\/\/chapterzero-france.com\/wp-content\/uploads\/2020\/08\/ChapterZero_Logo_FranceForumClimat-e1598537853484.jpg","width":100,"height":38,"caption":"Chapter Zero France"},"image":{"@id":"https:\/\/chapterzero-france.com\/#\/schema\/logo\/image\/"}}]}},"coauthors":[],"author_meta":{"author_link":"https:\/\/chapterzero-france.com\/index.php\/author\/czfr\/","display_name":"CZFR"},"relative_dates":{"created":"Publi\u00e9 1 an il y a","modified":"Mis \u00e0 jour 1 an il y a"},"absolute_dates":{"created":"Publi\u00e9 le 7 avril 2025","modified":"Mise \u00e0 jour le 7 avril 2025"},"absolute_dates_time":{"created":"Publi\u00e9 le 7 avril 2025 9 h 25 min","modified":"Mise \u00e0 jour le 7 avril 2025 9 h 25 min"},"featured_img_caption":"","featured_img":false,"series_order":"","_links":{"self":[{"href":"https:\/\/chapterzero-france.com\/index.php\/wp-json\/wp\/v2\/pages\/7527","targetHints":{"allow":["GET"]}}],"collection":[{"href":"https:\/\/chapterzero-france.com\/index.php\/wp-json\/wp\/v2\/pages"}],"about":[{"href":"https:\/\/chapterzero-france.com\/index.php\/wp-json\/wp\/v2\/types\/page"}],"author":[{"embeddable":true,"href":"https:\/\/chapterzero-france.com\/index.php\/wp-json\/wp\/v2\/users\/4"}],"replies":[{"embeddable":true,"href":"https:\/\/chapterzero-france.com\/index.php\/wp-json\/wp\/v2\/comments?post=7527"}],"version-history":[{"count":4,"href":"https:\/\/chapterzero-france.com\/index.php\/wp-json\/wp\/v2\/pages\/7527\/revisions"}],"predecessor-version":[{"id":7541,"href":"https:\/\/chapterzero-france.com\/index.php\/wp-json\/wp\/v2\/pages\/7527\/revisions\/7541"}],"wp:attachment":[{"href":"https:\/\/chapterzero-france.com\/index.php\/wp-json\/wp\/v2\/media?parent=7527"}],"curies":[{"name":"wp","href":"https:\/\/api.w.org\/{rel}","templated":true}]}}