{"id":7575,"date":"2025-05-09T16:55:08","date_gmt":"2025-05-09T14:55:08","guid":{"rendered":"https:\/\/chapterzero-france.com\/?page_id=7575"},"modified":"2025-05-09T16:55:09","modified_gmt":"2025-05-09T14:55:09","slug":"parcours-de-formation","status":"publish","type":"page","link":"https:\/\/chapterzero-france.com\/index.php\/parcours-de-formation\/","title":{"rendered":"Parcours de formation"},"content":{"rendered":"<div id=\"wppb-builder-container\" class=\"wppb-builder-container\">                <div  class=\"wppb-row-parent  wppb-row-1746976260749 \"  >\n\t\t\t\t\t\n\t\t\t\t\t\t\t\t\t\t\n\t\t\t\t\t\t\t\t\t\t\n\t\t\t\t\t<div class=\"wppb-container \">\n\t\t\t\t\t\t\t\t\t\t\t\t\t\n                        <div class=\"wppb-row\">\n\t\t\t\t\t\t\t                                    <div  class=\"wppb-column-parent wppb-column-parent-view wppb-col-1746976260748  \"  >\n                                        <div class=\"wppb-column\">\n\t\t\t\t\t\n\t\t\t\t\t\t\t\t\t\t\t\n                                            <div class=\"wppb-builder-addons\">\n\t\t\t\t\t\t\t\t\t\t\t\t<div class='wppb-builder-addon wppb-addon-1746976299074'  data-addon-id='1746976299074'><div class='wppb-addon'><div class=\"wppb-text-block-addon\"><div class=\"wppb-text-block-content 0\"><h6><strong>Se former aux enjeux climat : des ressources pour administrateurs.trices<\/strong><\/h6><h6>Chapter Zero France joue un <strong>r\u00f4le de plateforme d'information<\/strong> : sont pr\u00e9sent\u00e9es ici des formations qui <strong>s\u2019adressent \u00e0 des membres de conseils d\u2019administration, et accordent une place significative aux enjeux climat<\/strong><\/h6><h6>Elles peuvent \u00eatre : en <strong>fran\u00e7ais<\/strong> ou en <strong>anglais<\/strong>\u00a0; en pr\u00e9sentiel, distanciel ou format hybride\u00a0; d\u00e9velopp\u00e9es par des homologues de Chapter Zero France et <strong>labellis\u00e9es par la Climate Governance Initiative<\/strong> ou organis\u00e9es par des acteurs fran\u00e7ais reconnus. Certaines accordent un tarif sp\u00e9cifique pour les membres de Chapter Zero France.<\/h6><h6>Tous ces parcours<\/h6><h6>- S\u2019inscrivent dans une m\u00eame conviction, au c\u0153ur de la mission de Chapter Zero France : <strong>face aux enjeux climat, les conseils d\u2019administration ont un r\u00f4le cl\u00e9 \u00e0 jouer,<\/strong> par leur mission de pr\u00e9server la valeur \u00e0 long terme de l\u2019entreprise.<\/h6><h6>- Ont \u00e9t\u00e9 con\u00e7us <strong>avec des administrateurs.trices<\/strong>, sont concrets, illustr\u00e9s de cas r\u00e9els, et propices aux \u00e9changes entre participants.<\/h6><h6>- Font une large part aux enjeux climat<\/h6><h6>\u00a0<\/h6><\/div><\/div><\/div><\/div>                                            <\/div>\n                                        <\/div>\n                                    <\/div>\n\t\t\t\t\t\t\t\t\t                        <\/div>\n\n                    <\/div>\n                <\/div>\n\t\t\t\t                <div  class=\"wppb-row-parent  wppb-row-1601630604739 \"  >\n\t\t\t\t\t\n\t\t\t\t\t\t\t\t\t\t\n\t\t\t\t\t\t\t\t\t\t\n\t\t\t\t\t<div class=\"wppb-container \">\n\t\t\t\t\t\t\t\t\t\t\t\t\t\n                        <div class=\"wppb-row\">\n\t\t\t\t\t\t\t                                    <div  class=\"wppb-column-parent wppb-column-parent-view wppb-col-1601630604740  \"  >\n                                        <div class=\"wppb-column\">\n\t\t\t\t\t\n\t\t\t\t\t\t\t\t\t\t\t\n                                            <div class=\"wppb-builder-addons\">\n\t\t\t\t\t\t\t\t\t\t\t\t<div class='wppb-builder-addon wppb-addon-1601630655921'  data-addon-id='1601630655921'><div class='wppb-addon'><div class=\"wppb-image-addon\"><figure class=\"wppb-image-addon-content-wrap\"><div class=\"wppb-image-addon-content wppb-imgblock\"><img decoding=\"async\" class=\"wppb-image-addon-img\" src=\"https:\/\/chapterzero-france.com\/wp-content\/uploads\/2025\/05\/image-webinaire-4.png\" alt=\"Un gouvernail pour nous guider vers les \u00e9missions nettes vers z\u00e9ro.\"><\/div><\/figure><\/div><\/div><\/div>                                            <\/div>\n                                        <\/div>\n                                    <\/div>\n\t\t\t\t\t\t\t\t\t                                    <div  class=\"wppb-column-parent wppb-column-parent-view wppb-col-1601630604742  \"  >\n                                        <div class=\"wppb-column\">\n\t\t\t\t\t\n\t\t\t\t\t\t\t\t\t\t\t\n                                            <div class=\"wppb-builder-addons\">\n\t\t\t\t\t\t\t\t\t\t\t\t<div class='wppb-builder-addon wppb-addon-1601630604743'  data-addon-id='1601630604743'><div class='wppb-addon'><div class=\"wppb-text-block-addon\"><div class=\"wppb-text-block-content 0\"><p>Notre d\u00e9marche n'\u00e9tant\u00a0<b>ni exhaustive ni prescriptive,<\/b> nous restons \u00e0 votre \u00e9coute.<\/p><ul><li><strong>Vous connaissez une formation \u00e0 destination des administrateurs sur ces enjeux ?<\/strong> Faites nous signe\u00a0!<\/li><li><strong>Vous faites partie de la communaut\u00e9 CZF et avez suivi l\u2019une de ces formations ?<\/strong> Vos retours nous int\u00e9ressent et enrichiront l\u2019information partag\u00e9e.<\/li><\/ul><p><a href=\"mailto:contact@chapterzero-france.com\">contact@chapterzero-france.com<\/a><\/p><\/div><\/div><\/div><\/div>            <div  class=\"wppb-row-parent wppb-inner-row-parent wppb-row-1632499843664 \">\n\t\t\t\n\t\t\t\t\t\t\n\t\t\t\t<div class=\"wppb-container\">\n                    <div class=\"wppb-row\">\n\t\t\t\t\t\t                                <div  class=\"wppb-column-parent wppb-column-parent-view wppb-col-1632499843665  \" >\n                                    <div class=\"wppb-column\">\n                                        <div class=\"wppb-builder-addons\">\n\t\t\t\t\t\t\t\t\t\t\t<div  class='wppb-builder-addon wppb-addon-1732975105238   '   ><div class='wppb-addon'><div class=\"wppb-addon wppb-button-addon\"><div class=\"wppb-button-addon-content\"><a  href=\"https:\/\/chapterzero-france.com\/index.php\/parcours-formation\/\" target=_blank class=\"wppb-btn-addons  wppb-btn-warning wppb-btn-square wppb-btn-small wppb-btn-no\">Boards Oversight of Sustainability for Value Creation \u00a0par Boards Impact Forum<\/a><\/div><\/div><\/div><\/div>                                        <\/div>\n                                    <\/div>\n                                <\/div>\n\t\t\t\t\t\t\t\t                    <\/div>\n                <\/div>\n            <\/div>\n\t\t\t            <div  class=\"wppb-row-parent wppb-inner-row-parent wppb-row-1733180480742 \">\n\t\t\t\n\t\t\t\t\t\t\n\t\t\t\t<div class=\"wppb-container\">\n                    <div class=\"wppb-row\">\n\t\t\t\t\t\t                                <div  class=\"wppb-column-parent wppb-column-parent-view wppb-col-1733180480743  \" >\n                                    <div class=\"wppb-column\">\n                                        <div class=\"wppb-builder-addons\">\n\t\t\t\t\t\t\t\t\t\t\t<div  class='wppb-builder-addon wppb-addon-1733180480744   '   ><div class='wppb-addon'><div class=\"wppb-addon wppb-button-addon\"><div class=\"wppb-button-addon-content\"><a  href=\"https:\/\/chapterzero-france.com\/?page_id=7579\" target=_blank class=\"wppb-btn-addons  wppb-btn-warning wppb-btn-square wppb-btn-xsmall wppb-btn-full-no\">L\u2019Administrateur Architecte de la Transformation Durable\u00a0par Earth on Board\/ Ecolearn<\/a><\/div><\/div><\/div><\/div>                                        <\/div>\n                                    <\/div>\n                                <\/div>\n\t\t\t\t\t\t\t\t                    <\/div>\n                <\/div>\n            <\/div>\n\t\t\t            <div  class=\"wppb-row-parent wppb-inner-row-parent wppb-row-1640799773375 \">\n\t\t\t\n\t\t\t\t\t\t\n\t\t\t\t<div class=\"wppb-container\">\n                    <div class=\"wppb-row\">\n\t\t\t\t\t\t                                <div  class=\"wppb-column-parent wppb-column-parent-view wppb-col-1640799773376  \" >\n                                    <div class=\"wppb-column\">\n                                        <div class=\"wppb-builder-addons\">\n\t\t\t\t\t\t\t\t\t\t\t<div  class='wppb-builder-addon wppb-addon-1601630604762   '   ><div class='wppb-addon'><div class=\"wppb-addon wppb-button-addon\"><div class=\"wppb-button-addon-content\"><a  href=\"https:\/\/chapterzero-france.com\/?page_id=7584\" target=_blank class=\"wppb-btn-addons  wppb-btn-warning wppb-btn-rounded wppb-btn-small wppb-btn-no\">Gouvernance, Climat &amp; Transformation Durable par Dauphine Executive Education<\/a><\/div><\/div><\/div><\/div>                                        <\/div>\n                                    <\/div>\n                                <\/div>\n\t\t\t\t\t\t\t\t                    <\/div>\n                <\/div>\n            <\/div>\n\t\t\t            <div  class=\"wppb-row-parent wppb-inner-row-parent wppb-row-1732975105236 \">\n\t\t\t\n\t\t\t\t\t\t\n\t\t\t\t<div class=\"wppb-container\">\n                    <div class=\"wppb-row\">\n\t\t\t\t\t\t                                <div  class=\"wppb-column-parent wppb-column-parent-view wppb-col-1732975105237  \" >\n                                    <div class=\"wppb-column\">\n                                        <div class=\"wppb-builder-addons\">\n\t\t\t\t\t\t\t\t\t\t\t<div  class='wppb-builder-addon wppb-addon-1632499843674   '   ><div class='wppb-addon'><div class=\"wppb-addon wppb-button-addon\"><div class=\"wppb-button-addon-content\"><a  href=\"https:\/\/chapterzero-france.com\/?page_id=7587\" target=_blank class=\"wppb-btn-addons  wppb-btn-warning wppb-btn-rounded wppb-btn-small wppb-btn-no\">The Director Climate Journey par Chapter Zero Brussels et Vlerick Business School<\/a><\/div><\/div><\/div><\/div>                                        <\/div>\n                                    <\/div>\n                                <\/div>\n\t\t\t\t\t\t\t\t                    <\/div>\n                <\/div>\n            <\/div>\n\t\t\t                                            <\/div>\n                                        <\/div>\n                                    <\/div>\n\t\t\t\t\t\t\t\t\t                        <\/div>\n\n                    <\/div>\n                <\/div>\n\t\t\t\t<\/div>","protected":false},"excerpt":{"rendered":"<p>Se former aux enjeux climat : des ressources pour administrateurs.tricesChapter Zero France joue un r\u00f4le de plateforme d&#8217;information : sont pr\u00e9sent\u00e9es ici des formations qui s\u2019adressent \u00e0 des membres de conseils d\u2019administration, et accordent une place significative aux enjeux climatElles peuvent \u00eatre : en fran\u00e7ais ou en anglais\u00a0; en pr\u00e9sentiel,&hellip;<\/p>\n","protected":false},"author":4,"featured_media":0,"parent":0,"menu_order":0,"comment_status":"closed","ping_status":"closed","template":"","meta":{"advgb_blocks_editor_width":"","advgb_blocks_columns_visual_guide":"","_monsterinsights_skip_tracking":false,"_monsterinsights_sitenote_active":false,"_monsterinsights_sitenote_note":"","_monsterinsights_sitenote_category":0,"footnotes":""},"class_list":["post-7575","page","type-page","status-publish","hentry"],"yoast_head":"<!-- This site is optimized with the Yoast SEO plugin v23.4 - https:\/\/yoast.com\/wordpress\/plugins\/seo\/ -->\n<title>Ressources et outils climat et gouvernance - Chapter Zero France<\/title>\n<meta name=\"description\" content=\"Pr\u00e9sentation des ressources et outils mis \u00e0 disposition pour accompagner les administrateurs dans la compr\u00e9hension et la prise en compte du sujet climatique.\" \/>\n<meta name=\"robots\" content=\"index, follow, max-snippet:-1, max-image-preview:large, max-video-preview:-1\" \/>\n<link rel=\"canonical\" href=\"https:\/\/chapterzero-france.com\/index.php\/parcours-de-formation\/\" \/>\n<meta property=\"og:locale\" content=\"fr_FR\" \/>\n<meta property=\"og:type\" content=\"article\" \/>\n<meta property=\"og:title\" content=\"Ressources et outils climat et gouvernance - Chapter Zero France\" \/>\n<meta property=\"og:description\" content=\"Pr\u00e9sentation des ressources et outils mis \u00e0 disposition pour accompagner les administrateurs dans la compr\u00e9hension et la prise en compte du sujet climatique.\" \/>\n<meta property=\"og:url\" content=\"https:\/\/chapterzero-france.com\/index.php\/parcours-de-formation\/\" \/>\n<meta property=\"og:site_name\" content=\"Chapter Zero France\" \/>\n<meta property=\"article:modified_time\" content=\"2025-05-09T14:55:09+00:00\" \/>\n<meta name=\"twitter:card\" content=\"summary_large_image\" \/>\n<script type=\"application\/ld+json\" class=\"yoast-schema-graph\">{\"@context\":\"https:\/\/schema.org\",\"@graph\":[{\"@type\":\"WebPage\",\"@id\":\"https:\/\/chapterzero-france.com\/index.php\/parcours-de-formation\/\",\"url\":\"https:\/\/chapterzero-france.com\/index.php\/parcours-de-formation\/\",\"name\":\"Ressources et outils climat et gouvernance - Chapter Zero France\",\"isPartOf\":{\"@id\":\"https:\/\/chapterzero-france.com\/#website\"},\"datePublished\":\"2025-05-09T14:55:08+00:00\",\"dateModified\":\"2025-05-09T14:55:09+00:00\",\"description\":\"Pr\u00e9sentation des ressources et outils mis \u00e0 disposition pour accompagner les administrateurs dans la compr\u00e9hension et la prise en compte du sujet climatique.\",\"breadcrumb\":{\"@id\":\"https:\/\/chapterzero-france.com\/index.php\/parcours-de-formation\/#breadcrumb\"},\"inLanguage\":\"fr-FR\",\"potentialAction\":[{\"@type\":\"ReadAction\",\"target\":[\"https:\/\/chapterzero-france.com\/index.php\/parcours-de-formation\/\"]}]},{\"@type\":\"BreadcrumbList\",\"@id\":\"https:\/\/chapterzero-france.com\/index.php\/parcours-de-formation\/#breadcrumb\",\"itemListElement\":[{\"@type\":\"ListItem\",\"position\":1,\"name\":\"Accueil\",\"item\":\"https:\/\/chapterzero-france.com\/\"},{\"@type\":\"ListItem\",\"position\":2,\"name\":\"Parcours de formation\"}]},{\"@type\":\"WebSite\",\"@id\":\"https:\/\/chapterzero-france.com\/#website\",\"url\":\"https:\/\/chapterzero-france.com\/\",\"name\":\"Chapter Zero France\",\"description\":\"Le Forum Climat des Administrateurs\",\"publisher\":{\"@id\":\"https:\/\/chapterzero-france.com\/#organization\"},\"potentialAction\":[{\"@type\":\"SearchAction\",\"target\":{\"@type\":\"EntryPoint\",\"urlTemplate\":\"https:\/\/chapterzero-france.com\/?s={search_term_string}\"},\"query-input\":{\"@type\":\"PropertyValueSpecification\",\"valueRequired\":true,\"valueName\":\"search_term_string\"}}],\"inLanguage\":\"fr-FR\"},{\"@type\":\"Organization\",\"@id\":\"https:\/\/chapterzero-france.com\/#organization\",\"name\":\"Chapter Zero France\",\"url\":\"https:\/\/chapterzero-france.com\/\",\"logo\":{\"@type\":\"ImageObject\",\"inLanguage\":\"fr-FR\",\"@id\":\"https:\/\/chapterzero-france.com\/#\/schema\/logo\/image\/\",\"url\":\"https:\/\/chapterzero-france.com\/wp-content\/uploads\/2020\/08\/ChapterZero_Logo_FranceForumClimat-e1598537853484.jpg\",\"contentUrl\":\"https:\/\/chapterzero-france.com\/wp-content\/uploads\/2020\/08\/ChapterZero_Logo_FranceForumClimat-e1598537853484.jpg\",\"width\":100,\"height\":38,\"caption\":\"Chapter Zero France\"},\"image\":{\"@id\":\"https:\/\/chapterzero-france.com\/#\/schema\/logo\/image\/\"}}]}<\/script>\n<!-- \/ Yoast SEO plugin. -->","yoast_head_json":{"title":"Ressources et outils climat et gouvernance - Chapter Zero France","description":"Pr\u00e9sentation des ressources et outils mis \u00e0 disposition pour accompagner les administrateurs dans la compr\u00e9hension et la prise en compte du sujet climatique.","robots":{"index":"index","follow":"follow","max-snippet":"max-snippet:-1","max-image-preview":"max-image-preview:large","max-video-preview":"max-video-preview:-1"},"canonical":"https:\/\/chapterzero-france.com\/index.php\/parcours-de-formation\/","og_locale":"fr_FR","og_type":"article","og_title":"Ressources et outils climat et gouvernance - Chapter Zero France","og_description":"Pr\u00e9sentation des ressources et outils mis \u00e0 disposition pour accompagner les administrateurs dans la compr\u00e9hension et la prise en compte du sujet climatique.","og_url":"https:\/\/chapterzero-france.com\/index.php\/parcours-de-formation\/","og_site_name":"Chapter Zero France","article_modified_time":"2025-05-09T14:55:09+00:00","twitter_card":"summary_large_image","schema":{"@context":"https:\/\/schema.org","@graph":[{"@type":"WebPage","@id":"https:\/\/chapterzero-france.com\/index.php\/parcours-de-formation\/","url":"https:\/\/chapterzero-france.com\/index.php\/parcours-de-formation\/","name":"Ressources et outils climat et gouvernance - Chapter Zero France","isPartOf":{"@id":"https:\/\/chapterzero-france.com\/#website"},"datePublished":"2025-05-09T14:55:08+00:00","dateModified":"2025-05-09T14:55:09+00:00","description":"Pr\u00e9sentation des ressources et outils mis \u00e0 disposition pour accompagner les administrateurs dans la compr\u00e9hension et la prise en compte du sujet climatique.","breadcrumb":{"@id":"https:\/\/chapterzero-france.com\/index.php\/parcours-de-formation\/#breadcrumb"},"inLanguage":"fr-FR","potentialAction":[{"@type":"ReadAction","target":["https:\/\/chapterzero-france.com\/index.php\/parcours-de-formation\/"]}]},{"@type":"BreadcrumbList","@id":"https:\/\/chapterzero-france.com\/index.php\/parcours-de-formation\/#breadcrumb","itemListElement":[{"@type":"ListItem","position":1,"name":"Accueil","item":"https:\/\/chapterzero-france.com\/"},{"@type":"ListItem","position":2,"name":"Parcours de formation"}]},{"@type":"WebSite","@id":"https:\/\/chapterzero-france.com\/#website","url":"https:\/\/chapterzero-france.com\/","name":"Chapter Zero France","description":"Le Forum Climat des Administrateurs","publisher":{"@id":"https:\/\/chapterzero-france.com\/#organization"},"potentialAction":[{"@type":"SearchAction","target":{"@type":"EntryPoint","urlTemplate":"https:\/\/chapterzero-france.com\/?s={search_term_string}"},"query-input":{"@type":"PropertyValueSpecification","valueRequired":true,"valueName":"search_term_string"}}],"inLanguage":"fr-FR"},{"@type":"Organization","@id":"https:\/\/chapterzero-france.com\/#organization","name":"Chapter Zero France","url":"https:\/\/chapterzero-france.com\/","logo":{"@type":"ImageObject","inLanguage":"fr-FR","@id":"https:\/\/chapterzero-france.com\/#\/schema\/logo\/image\/","url":"https:\/\/chapterzero-france.com\/wp-content\/uploads\/2020\/08\/ChapterZero_Logo_FranceForumClimat-e1598537853484.jpg","contentUrl":"https:\/\/chapterzero-france.com\/wp-content\/uploads\/2020\/08\/ChapterZero_Logo_FranceForumClimat-e1598537853484.jpg","width":100,"height":38,"caption":"Chapter Zero France"},"image":{"@id":"https:\/\/chapterzero-france.com\/#\/schema\/logo\/image\/"}}]}},"coauthors":[],"author_meta":{"author_link":"https:\/\/chapterzero-france.com\/index.php\/author\/czfr\/","display_name":"CZFR"},"relative_dates":{"created":"Publi\u00e9 11 mois il y a","modified":"Mis \u00e0 jour 11 mois il y a"},"absolute_dates":{"created":"Publi\u00e9 le 9 mai 2025","modified":"Mise \u00e0 jour le 9 mai 2025"},"absolute_dates_time":{"created":"Publi\u00e9 le 9 mai 2025 16 h 55 min","modified":"Mise \u00e0 jour le 9 mai 2025 16 h 55 min"},"featured_img_caption":"","featured_img":false,"series_order":"","_links":{"self":[{"href":"https:\/\/chapterzero-france.com\/index.php\/wp-json\/wp\/v2\/pages\/7575","targetHints":{"allow":["GET"]}}],"collection":[{"href":"https:\/\/chapterzero-france.com\/index.php\/wp-json\/wp\/v2\/pages"}],"about":[{"href":"https:\/\/chapterzero-france.com\/index.php\/wp-json\/wp\/v2\/types\/page"}],"author":[{"embeddable":true,"href":"https:\/\/chapterzero-france.com\/index.php\/wp-json\/wp\/v2\/users\/4"}],"replies":[{"embeddable":true,"href":"https:\/\/chapterzero-france.com\/index.php\/wp-json\/wp\/v2\/comments?post=7575"}],"version-history":[{"count":1,"href":"https:\/\/chapterzero-france.com\/index.php\/wp-json\/wp\/v2\/pages\/7575\/revisions"}],"predecessor-version":[{"id":7576,"href":"https:\/\/chapterzero-france.com\/index.php\/wp-json\/wp\/v2\/pages\/7575\/revisions\/7576"}],"wp:attachment":[{"href":"https:\/\/chapterzero-france.com\/index.php\/wp-json\/wp\/v2\/media?parent=7575"}],"curies":[{"name":"wp","href":"https:\/\/api.w.org\/{rel}","templated":true}]}}