{"id":7587,"date":"2025-05-09T16:57:14","date_gmt":"2025-05-09T14:57:14","guid":{"rendered":"https:\/\/chapterzero-france.com\/?page_id=7587"},"modified":"2025-05-09T16:57:23","modified_gmt":"2025-05-09T14:57:23","slug":"director-climate-journey-by-chapter-zero-brussels","status":"publish","type":"page","link":"https:\/\/chapterzero-france.com\/index.php\/director-climate-journey-by-chapter-zero-brussels\/","title":{"rendered":"&#8220;Director Climate Journey&#8221; by Chapter Zero Brussels"},"content":{"rendered":"<div id=\"wppb-builder-container\" class=\"wppb-builder-container\">                <div  class=\"wppb-row-parent  wppb-row-1601474898508 \"  >\n\t\t\t\t\t\n\t\t\t\t\t\t\t\t\t\t\n\t\t\t\t\t\t\t\t\t\t\n\t\t\t\t\t<div class=\"wppb-container \">\n\t\t\t\t\t\t\t\t\t\t\t\t\t\n                        <div class=\"wppb-row\">\n\t\t\t\t\t\t\t                                    <div  class=\"wppb-column-parent wppb-column-parent-view wppb-col-1601474898509  \"  >\n                                        <div class=\"wppb-column\">\n\t\t\t\t\t\n\t\t\t\t\t\t\t\t\t\t\t\n                                            <div class=\"wppb-builder-addons\">\n\t\t\t\t\t\t\t\t\t\t\t\t<div class='wppb-builder-addon wppb-addon-1746978433744'  data-addon-id='1746978433744'><div class='wppb-addon'><div class=\"wppb-text-block-addon\"><div class=\"wppb-text-block-content 0\"><h2 style=\"text-align: left\"><strong>Une formation labellis\u00e9e par la Climate Governance Initiative, en format hybride (pr\u00e9sentiel et distanciel) et en anglais, en partenariat avec la Vlerick Business School.<\/strong><\/h2><\/div><\/div><\/div><\/div>                                            <\/div>\n                                        <\/div>\n                                    <\/div>\n\t\t\t\t\t\t\t\t\t                                    <div  class=\"wppb-column-parent wppb-column-parent-view wppb-col-1746978204846  \"  >\n                                        <div class=\"wppb-column\">\n\t\t\t\t\t\n\t\t\t\t\t\t\t\t\t\t\t\n                                            <div class=\"wppb-builder-addons\">\n\t\t\t\t\t\t\t\t\t\t\t\t<div class='wppb-builder-addon wppb-addon-1746978204847'  data-addon-id='1746978204847'><div class='wppb-addon'><div class=\"wppb-image-addon\"><figure class=\"wppb-image-addon-content-wrap\"><div class=\"wppb-image-addon-content wppb-imginlineblock\"><img decoding=\"async\" class=\"wppb-image-addon-img\" src=\"https:\/\/chapterzero-france.com\/wp-content\/uploads\/2025\/05\/dj-formation.jpg\" alt=\"Combinaison des risques climatiques et de la gouvernance\"><\/div><\/figure><\/div><\/div><\/div>                                            <\/div>\n                                        <\/div>\n                                    <\/div>\n\t\t\t\t\t\t\t\t\t                        <\/div>\n\n                    <\/div>\n                <\/div>\n\t\t\t\t                <div  class=\"wppb-row-parent \"  >\n\t\t\t\t\t\n\t\t\t\t\t\t\t\t\t\t\n\t\t\t\t\t\t\t\t\t\t\n\t\t\t\t\t<div class=\"wppb-container  wppb-row-1601625144427  wppb-container-row-default\">\n\t\t\t\t\t\t\t\t\t\t\t\t\t\n                        <div class=\"wppb-row\">\n\t\t\t\t\t\t\t                                    <div  class=\"wppb-column-parent wppb-column-parent-view wppb-col-1601625144426  \"  >\n                                        <div class=\"wppb-column\">\n\t\t\t\t\t\n\t\t\t\t\t\t\t\t\t\t\t\n                                            <div class=\"wppb-builder-addons\">\n\t\t\t\t\t\t\t\t\t\t\t\t<div class='wppb-builder-addon wppb-addon-1733055340363'  data-addon-id='1733055340363'><div class='wppb-addon'><div class=\"wppb-text-block-addon\"><div class=\"wppb-text-block-content 0\"><h4 style=\"text-align: center\">Face \u00e0 l\u2019acc\u00e9l\u00e9ration des enjeux climatiques et de biodiversit\u00e9, les administrateurs ont un r\u00f4le d\u00e9terminant \u00e0 jouer pour assurer la r\u00e9silience de leur entreprise.<\/h4><h4 style=\"text-align: center\">Le programme \"Director Climate Journey\", accompagne les administrateurs et dirigeants ex\u00e9cutifs dans l\u2019int\u00e9gration concr\u00e8te des dimensions climat et nature au c\u0153ur des strat\u00e9gies et de la gouvernance.<\/h4><h4 style=\"text-align: center\">Organis\u00e9 par Chapter Zero Brussels, en partenariat avec la Vlerick Business School, ce parcours propose une approche immersive et structur\u00e9e pour d\u00e9velopper une vision syst\u00e9mique et orient\u00e9e action.<\/h4><h4 style=\"text-align: center\">Sept cohortes ont d\u00e9j\u00e0 suivi ce parcours avec succ\u00e8s<\/h4><\/div><\/div><\/div><\/div>                                            <\/div>\n                                        <\/div>\n                                    <\/div>\n\t\t\t\t\t\t\t\t\t                        <\/div>\n\n                    <\/div>\n                <\/div>\n\t\t\t\t                <div  class=\"wppb-row-parent  wppb-row-1601474898804 \"  >\n\t\t\t\t\t\n\t\t\t\t\t\t\t\t\t\t\n\t\t\t\t\t\t\t\t\t\t\n\t\t\t\t\t<div class=\"wppb-container \">\n\t\t\t\t\t\t\t\t\t\t\t\t\t\n                        <div class=\"wppb-row\">\n\t\t\t\t\t\t\t                                    <div  class=\"wppb-column-parent wppb-column-parent-view wppb-col-1601474898802  \"  >\n                                        <div class=\"wppb-column\">\n\t\t\t\t\t\n\t\t\t\t\t\t\t\t\t\t\t\n                                            <div class=\"wppb-builder-addons\">\n\t\t\t\t\t\t\t\t\t\t\t\t<div class='wppb-builder-addon wppb-addon-1601561106010'  data-addon-id='1601561106010'><div class='wppb-addon'><div class=\"wppb-text-block-addon\"><div class=\"wppb-text-block-content 0\"><h2>L'essentiel de cette formation<\/h2><hr \/><\/div><\/div><\/div><\/div><div class='wppb-builder-addon wppb-addon-1601561025833'  data-addon-id='1601561025833'><div class='wppb-addon'><div class=\"wppb-accordion-addon\"><div class=\"wppb-accordion-addon-content\"><div class=\"wppb-accordion-items\"><div class=\"wppb-accordion-item repeater-0\"><div class=\"wppb-accordion-title wppb-toggle-right \"><span class=\"wppb-accordion-title-content\">Pour qui et avec quels b\u00e9n\u00e9fices ? <\/span><span class=\"wppb-toggle-direction wppb-toggle-right\"><i class=\"fas fas fa-plus-circle\"><\/i><\/span><\/div><div class=\"wppb-panel-collapse\" style=\"display: none;\"><div class=\"wppb-accordion-content\"><p>Ce programme s'adresse aux administrateurs et\u00a0aux\u00a0dirigeants\u00a0 souhaitant<\/p><ul><li>Renforcer leur compr\u00e9hension des risques climatiques et \u00e9cologiques,<\/li><li>Identifier les leviers de transformation au niveau du conseil,<\/li><li>Int\u00e9grer ces enjeux dans la strat\u00e9gie, la gouvernance, le pilotage et le dialogue avec les parties prenantes.<\/li><\/ul><\/div><\/div><\/div><div class=\"wppb-accordion-item repeater-1\"><div class=\"wppb-accordion-title wppb-toggle-right \"><span class=\"wppb-accordion-title-content\">Points cl\u00e9s du programme\u00a0<\/span><span class=\"wppb-toggle-direction wppb-toggle-right\"><i class=\"fas fas fa-plus-circle\"><\/i><\/span><\/div><div class=\"wppb-panel-collapse\" style=\"display: none;\"><div class=\"wppb-accordion-content\"><p><a href=\"https:\/\/www.chapterzerobrussels.eu\/director-climate-journey\">Planning<\/a><\/p><p>Session 1\u00a0: L\u2019\u00e9volution du r\u00f4le des conseils d\u2019administration face au changement climatique - en collaboration avec Earth on Board.<\/p><p>Session 2 : Contexte climatique : science, causes, impacts et implications<\/p><p>Session 3\u00a0: \u00c9laboration et mise en \u0153uvre d\u2019une strat\u00e9gie climatique.<\/p><p>Session 4 : Immersion For\u00eat et climat (Forest &amp; climate walk)<\/p><p>Session 5\u00a0: Atteindre la neutralit\u00e9 carbone.<\/p><p>Session 6\u00a0: Leadership du conseil d'administration et action individuelle - en collaboration avec Earth on Board<\/p><p>La p\u00e9dagogie pr\u00e9voit notamment des t\u00e9moignages, la mise en avant d\u2019\u00e9tudes de cas, par exemple de r\u00e9duction des \u00e9missions dans des secteurs cl\u00e9s.<\/p><p>Lors de la derni\u00e8re session les participants sont invit\u00e9s \u00e0 appliquer les connaissances acquises \u00e0 l'\u00e9laboration d'un plan pour l\u2019entreprise dont ils sont administrateurs.trices.<\/p><\/div><\/div><\/div><div class=\"wppb-accordion-item repeater-2\"><div class=\"wppb-accordion-title wppb-toggle-right \"><span class=\"wppb-accordion-title-content\">Modalit\u00e9s<\/span><span class=\"wppb-toggle-direction wppb-toggle-right\"><i class=\"fas fas fa-plus-circle\"><\/i><\/span><\/div><div class=\"wppb-panel-collapse\" style=\"display: none;\"><div class=\"wppb-accordion-content\"><ul><li>Public\u00a0: Administrateurs et dirigeants ex\u00e9cutifs<\/li><li>Organisateurs\u00a0: \u00a0<a href=\"https:\/\/www.chapterzerobrussels.eu\">Chapter Zero Brussels<\/a> et <a href=\"https:\/\/www.vlerick.com\/en\/\">Vlerick Business School\u00a0<\/a><\/li><li>Formation en anglais<\/li><li>Promotions d\u2019une vingtaine d\u2019administrateurs.trices<\/li><li>Format\u00a0: 26 heures\/ 6 jours \u2013 6 sessions dont 4 en pr\u00e9sentiel au campus de Vlerick Business School Brussels et une \u00ab\u00a0Forest &amp; Climate walk\u00a0\u00bb dans la for\u00eat de Soignes<\/li><li>Dates\u00a0: Du 25 septembre au 27 novembre 2025<\/li><li>Tarif\u00a0: 4195\u20ac (hors TVA 21%)<\/li><li>Campus de Vlerick Business School et la for\u00eat de Soignes<\/li><\/ul><p>Site <a href=\"https:\/\/click.pstmrk.it\/3s\/www.chapterzerobrussels.eu%2Fdirector-climate-journey\/lvid\/eKy8AQ\/AQ\/4d02241a-dcc0-4a6a-a422-47f434d9fb43\/8\/otJagwthM-\">ici<\/a><\/p><p>Planning <a href=\"https:\/\/www.chapterzerobrussels.eu\/director-climate-journey\">ici<\/a><\/p><p>Brochure sur demande :\u00a0<a href=\"https:\/\/www.chapterzerobrussels.eu\/contact-9\">https:\/\/www.chapterzerobrussels.eu\/contact-9<\/a><br \/>Contact :\u00a0<a href=\"mailto:bianca.romeijnders@chapterzerobrussels.eu\">bianca.romeijnders@chapterzerobrussels.eu<\/a><\/p><\/div><\/div><\/div><\/div><\/div><\/div><\/div><\/div>                                            <\/div>\n                                        <\/div>\n                                    <\/div>\n\t\t\t\t\t\t\t\t\t                        <\/div>\n\n                    <\/div>\n                <\/div>\n\t\t\t\t                <div  class=\"wppb-row-parent  wppb-row-1746714926297 \"  >\n\t\t\t\t\t\n\t\t\t\t\t\t\t\t\t\t\n\t\t\t\t\t\t\t\t\t\t\n\t\t\t\t\t<div class=\"wppb-container \">\n\t\t\t\t\t\t\t\t\t\t\t\t\t\n                        <div class=\"wppb-row\">\n\t\t\t\t\t\t\t                                    <div  class=\"wppb-column-parent wppb-column-parent-view wppb-col-1746714926296  \"  >\n                                        <div class=\"wppb-column\">\n\t\t\t\t\t\n\t\t\t\t\t\t\t\t\t\t\t\n                                            <div class=\"wppb-builder-addons\">\n\t\t\t\t\t\t\t\t\t\t\t\t<div class='wppb-builder-addon wppb-addon-1746716427179'  data-addon-id='1746716427179'><div class='wppb-addon'><div class=\"wppb-addon wppb-button-addon\"><div class=\"wppb-button-addon-content\"><a  href=\"https:\/\/www.chapterzerobrussels.eu\/director-climate-journey\" target=_blank class=\"wppb-btn-addons  wppb-btn-success wppb-btn-rounded wppb-btn-xlarge wppb-btn-no\">S&#039;inscrire<\/a><\/div><\/div><\/div><\/div>                                            <\/div>\n                                        <\/div>\n                                    <\/div>\n\t\t\t\t\t\t\t\t\t                        <\/div>\n\n                    <\/div>\n                <\/div>\n\t\t\t\t                <div  class=\"wppb-row-parent  wppb-row-1601560059984 \"  >\n\t\t\t\t\t\n\t\t\t\t\t\t\t\t\t\t\n\t\t\t\t\t\t\t\t\t\t\n\t\t\t\t\t<div class=\"wppb-container \">\n\t\t\t\t\t\t\t\t\t\t\t\t\t\n                        <div class=\"wppb-row\">\n\t\t\t\t\t\t\t                                    <div  class=\"wppb-column-parent wppb-column-parent-view wppb-col-1601560059982  \"  >\n                                        <div class=\"wppb-column\">\n\t\t\t\t\t\n\t\t\t\t\t\t\t\t\t\t\t\n                                            <div class=\"wppb-builder-addons\">\n\t\t\t\t\t\t\t\t\t\t\t\t<div class='wppb-builder-addon wppb-addon-1601562936152'  data-addon-id='1601562936152'><div class='wppb-addon'><div class=\"wppb-text-block-addon\"><div class=\"wppb-text-block-content 0\"><h4 style=\"text-align: center\"><span style=\"color: #ffffff\"><strong>Vous avez besoin d\u2019en savoir plus\u00a0?<\/strong><\/span><\/h4><h4 style=\"text-align: center\"><span style=\"color: #ffffff\"> Vous pouvez aller sur les sites de \u00a0<a href=\"https:\/\/www.chapterzerobrussels.eu\">Chapter Zero Brussels<\/a> et <a href=\"https:\/\/www.vlerick.com\/en\/\">Vlerick Business School\u00a0<\/a><\/span><\/h4><h4 style=\"text-align: center\"><span style=\"color: #ffffff\">ou contacter <a href=\"mailto:bianca.romeijnders@chapterzerobrussels.eu\">bianca.romeijnders@chapterzerobrussels.eu<\/a><\/span><\/h4><\/div><\/div><\/div><\/div>                                            <\/div>\n                                        <\/div>\n                                    <\/div>\n\t\t\t\t\t\t\t\t\t                        <\/div>\n\n                    <\/div>\n                <\/div>\n\t\t\t\t                <div  class=\"wppb-row-parent  wppb-row-1601569941160 \"  >\n\t\t\t\t\t\n\t\t\t\t\t\t\t\t\t\t\n\t\t\t\t\t\t\t\t\t\t\n\t\t\t\t\t<div class=\"wppb-container \">\n\t\t\t\t\t\t\t\t\t\t\t\t\t\n                        <div class=\"wppb-row\">\n\t\t\t\t\t\t\t                                    <div  class=\"wppb-column-parent wppb-column-parent-view wppb-col-1601569941158  \"  >\n                                        <div class=\"wppb-column\">\n\t\t\t\t\t\n\t\t\t\t\t\t\t\t\t\t\t\n                                            <div class=\"wppb-builder-addons\">\n\t\t\t\t\t\t\t\t\t\t\t\t<div class='wppb-builder-addon wppb-addon-1601575306987'  data-addon-id='1601575306987'><div class='wppb-addon'><div class=\"wppb-text-block-addon\"><div class=\"wppb-text-block-content 0\"><h2 style=\"text-align: center\">Nous aimerions avoir votre avis<\/h2><h3 style=\"text-align: center\"><strong>Pour nous faire part de vos commentaires \u00e9crivez nous.<\/strong><\/h3><\/div><\/div><\/div><\/div><div class='wppb-builder-addon wppb-addon-1601575479550'  data-addon-id='1601575479550'><div class='wppb-addon'><div class=\"wppb-addon wppb-button-addon\"><div class=\"wppb-button-addon-content\"><a  href=\"http:\/\/chapterzero-france.com\/index.php\/contact\/\" target=_self class=\"wppb-btn-addons  wppb-btn-dark wppb-btn-rounded wppb-btn-large wppb-btn-no\">Ecrivez nous<\/a><\/div><\/div><\/div><\/div>                                            <\/div>\n                                        <\/div>\n                                    <\/div>\n\t\t\t\t\t\t\t\t\t                                    <div  class=\"wppb-column-parent wppb-column-parent-view wppb-col-1601569941159  \"  >\n                                        <div class=\"wppb-column\">\n\t\t\t\t\t\n\t\t\t\t\t\t\t\t\t\t\t\n                                            <div class=\"wppb-builder-addons\">\n\t\t\t\t\t\t\t\t\t\t\t\t<div class='wppb-builder-addon wppb-addon-1601575876047'  data-addon-id='1601575876047'><div class='wppb-addon'><div class=\"wppb-image-addon\"><figure class=\"wppb-image-addon-content-wrap\"><div class=\"wppb-image-addon-content wppb-imginlineblock\"><img decoding=\"async\" class=\"wppb-image-addon-img\" src=\"http:\/\/chapterzero-france.com\/wp-content\/uploads\/2020\/10\/Hand-Transparent-300x273.png\" alt=\"Nos actions impactent la Terre\"><\/div><\/figure><\/div><\/div><\/div>                                            <\/div>\n                                        <\/div>\n                                    <\/div>\n\t\t\t\t\t\t\t\t\t                        <\/div>\n\n                    <\/div>\n                <\/div>\n\t\t\t\t<\/div>","protected":false},"excerpt":{"rendered":"<p>Une formation labellis\u00e9e par la Climate Governance Initiative, en format hybride (pr\u00e9sentiel et distanciel) et en anglais, en partenariat avec la Vlerick Business School. Face \u00e0 l\u2019acc\u00e9l\u00e9ration des enjeux climatiques et de biodiversit\u00e9, les administrateurs ont un r\u00f4le d\u00e9terminant \u00e0 jouer pour assurer la r\u00e9silience de leur entreprise.Le programme &#8220;Director&hellip;<\/p>\n","protected":false},"author":4,"featured_media":0,"parent":0,"menu_order":0,"comment_status":"closed","ping_status":"closed","template":"","meta":{"advgb_blocks_editor_width":"","advgb_blocks_columns_visual_guide":"","_monsterinsights_skip_tracking":false,"_monsterinsights_sitenote_active":false,"_monsterinsights_sitenote_note":"","_monsterinsights_sitenote_category":0,"footnotes":""},"class_list":["post-7587","page","type-page","status-publish","hentry"],"yoast_head":"<!-- This site is optimized with the Yoast SEO plugin v23.4 - https:\/\/yoast.com\/wordpress\/plugins\/seo\/ -->\n<title>Parcours Climat des administrateurs - Chapter Zero France<\/title>\n<meta name=\"description\" content=\"Le Parcours Climat des Administrateurs est une boite \u00e0 outil permettant de mieux appr\u00e9hender l&#039;importance du sujet climat en relation avec la gouvernance.\" \/>\n<meta name=\"robots\" content=\"index, follow, max-snippet:-1, max-image-preview:large, max-video-preview:-1\" \/>\n<link rel=\"canonical\" href=\"https:\/\/chapterzero-france.com\/index.php\/director-climate-journey-by-chapter-zero-brussels\/\" \/>\n<meta property=\"og:locale\" content=\"fr_FR\" \/>\n<meta property=\"og:type\" content=\"article\" \/>\n<meta property=\"og:title\" content=\"Parcours Climat des administrateurs - Chapter Zero France\" \/>\n<meta property=\"og:description\" content=\"Le Parcours Climat des Administrateurs est une boite \u00e0 outil permettant de mieux appr\u00e9hender l&#039;importance du sujet climat en relation avec la gouvernance.\" \/>\n<meta property=\"og:url\" content=\"https:\/\/chapterzero-france.com\/index.php\/director-climate-journey-by-chapter-zero-brussels\/\" \/>\n<meta property=\"og:site_name\" content=\"Chapter Zero France\" \/>\n<meta property=\"article:modified_time\" content=\"2025-05-09T14:57:23+00:00\" \/>\n<meta name=\"twitter:card\" content=\"summary_large_image\" \/>\n<script type=\"application\/ld+json\" class=\"yoast-schema-graph\">{\"@context\":\"https:\/\/schema.org\",\"@graph\":[{\"@type\":\"WebPage\",\"@id\":\"https:\/\/chapterzero-france.com\/index.php\/director-climate-journey-by-chapter-zero-brussels\/\",\"url\":\"https:\/\/chapterzero-france.com\/index.php\/director-climate-journey-by-chapter-zero-brussels\/\",\"name\":\"Parcours Climat des administrateurs - Chapter Zero France\",\"isPartOf\":{\"@id\":\"https:\/\/chapterzero-france.com\/#website\"},\"datePublished\":\"2025-05-09T14:57:14+00:00\",\"dateModified\":\"2025-05-09T14:57:23+00:00\",\"description\":\"Le Parcours Climat des Administrateurs est une boite \u00e0 outil permettant de mieux appr\u00e9hender l'importance du sujet climat en relation avec la gouvernance.\",\"breadcrumb\":{\"@id\":\"https:\/\/chapterzero-france.com\/index.php\/director-climate-journey-by-chapter-zero-brussels\/#breadcrumb\"},\"inLanguage\":\"fr-FR\",\"potentialAction\":[{\"@type\":\"ReadAction\",\"target\":[\"https:\/\/chapterzero-france.com\/index.php\/director-climate-journey-by-chapter-zero-brussels\/\"]}]},{\"@type\":\"BreadcrumbList\",\"@id\":\"https:\/\/chapterzero-france.com\/index.php\/director-climate-journey-by-chapter-zero-brussels\/#breadcrumb\",\"itemListElement\":[{\"@type\":\"ListItem\",\"position\":1,\"name\":\"Accueil\",\"item\":\"https:\/\/chapterzero-france.com\/\"},{\"@type\":\"ListItem\",\"position\":2,\"name\":\"&#8220;Director Climate Journey&#8221; by Chapter Zero Brussels\"}]},{\"@type\":\"WebSite\",\"@id\":\"https:\/\/chapterzero-france.com\/#website\",\"url\":\"https:\/\/chapterzero-france.com\/\",\"name\":\"Chapter Zero France\",\"description\":\"Le Forum Climat des Administrateurs\",\"publisher\":{\"@id\":\"https:\/\/chapterzero-france.com\/#organization\"},\"potentialAction\":[{\"@type\":\"SearchAction\",\"target\":{\"@type\":\"EntryPoint\",\"urlTemplate\":\"https:\/\/chapterzero-france.com\/?s={search_term_string}\"},\"query-input\":{\"@type\":\"PropertyValueSpecification\",\"valueRequired\":true,\"valueName\":\"search_term_string\"}}],\"inLanguage\":\"fr-FR\"},{\"@type\":\"Organization\",\"@id\":\"https:\/\/chapterzero-france.com\/#organization\",\"name\":\"Chapter Zero France\",\"url\":\"https:\/\/chapterzero-france.com\/\",\"logo\":{\"@type\":\"ImageObject\",\"inLanguage\":\"fr-FR\",\"@id\":\"https:\/\/chapterzero-france.com\/#\/schema\/logo\/image\/\",\"url\":\"https:\/\/chapterzero-france.com\/wp-content\/uploads\/2020\/08\/ChapterZero_Logo_FranceForumClimat-e1598537853484.jpg\",\"contentUrl\":\"https:\/\/chapterzero-france.com\/wp-content\/uploads\/2020\/08\/ChapterZero_Logo_FranceForumClimat-e1598537853484.jpg\",\"width\":100,\"height\":38,\"caption\":\"Chapter Zero France\"},\"image\":{\"@id\":\"https:\/\/chapterzero-france.com\/#\/schema\/logo\/image\/\"}}]}<\/script>\n<!-- \/ Yoast SEO plugin. -->","yoast_head_json":{"title":"Parcours Climat des administrateurs - Chapter Zero France","description":"Le Parcours Climat des Administrateurs est une boite \u00e0 outil permettant de mieux appr\u00e9hender l'importance du sujet climat en relation avec la gouvernance.","robots":{"index":"index","follow":"follow","max-snippet":"max-snippet:-1","max-image-preview":"max-image-preview:large","max-video-preview":"max-video-preview:-1"},"canonical":"https:\/\/chapterzero-france.com\/index.php\/director-climate-journey-by-chapter-zero-brussels\/","og_locale":"fr_FR","og_type":"article","og_title":"Parcours Climat des administrateurs - Chapter Zero France","og_description":"Le Parcours Climat des Administrateurs est une boite \u00e0 outil permettant de mieux appr\u00e9hender l'importance du sujet climat en relation avec la gouvernance.","og_url":"https:\/\/chapterzero-france.com\/index.php\/director-climate-journey-by-chapter-zero-brussels\/","og_site_name":"Chapter Zero France","article_modified_time":"2025-05-09T14:57:23+00:00","twitter_card":"summary_large_image","schema":{"@context":"https:\/\/schema.org","@graph":[{"@type":"WebPage","@id":"https:\/\/chapterzero-france.com\/index.php\/director-climate-journey-by-chapter-zero-brussels\/","url":"https:\/\/chapterzero-france.com\/index.php\/director-climate-journey-by-chapter-zero-brussels\/","name":"Parcours Climat des administrateurs - Chapter Zero France","isPartOf":{"@id":"https:\/\/chapterzero-france.com\/#website"},"datePublished":"2025-05-09T14:57:14+00:00","dateModified":"2025-05-09T14:57:23+00:00","description":"Le Parcours Climat des Administrateurs est une boite \u00e0 outil permettant de mieux appr\u00e9hender l'importance du sujet climat en relation avec la gouvernance.","breadcrumb":{"@id":"https:\/\/chapterzero-france.com\/index.php\/director-climate-journey-by-chapter-zero-brussels\/#breadcrumb"},"inLanguage":"fr-FR","potentialAction":[{"@type":"ReadAction","target":["https:\/\/chapterzero-france.com\/index.php\/director-climate-journey-by-chapter-zero-brussels\/"]}]},{"@type":"BreadcrumbList","@id":"https:\/\/chapterzero-france.com\/index.php\/director-climate-journey-by-chapter-zero-brussels\/#breadcrumb","itemListElement":[{"@type":"ListItem","position":1,"name":"Accueil","item":"https:\/\/chapterzero-france.com\/"},{"@type":"ListItem","position":2,"name":"&#8220;Director Climate Journey&#8221; by Chapter Zero Brussels"}]},{"@type":"WebSite","@id":"https:\/\/chapterzero-france.com\/#website","url":"https:\/\/chapterzero-france.com\/","name":"Chapter Zero France","description":"Le Forum Climat des Administrateurs","publisher":{"@id":"https:\/\/chapterzero-france.com\/#organization"},"potentialAction":[{"@type":"SearchAction","target":{"@type":"EntryPoint","urlTemplate":"https:\/\/chapterzero-france.com\/?s={search_term_string}"},"query-input":{"@type":"PropertyValueSpecification","valueRequired":true,"valueName":"search_term_string"}}],"inLanguage":"fr-FR"},{"@type":"Organization","@id":"https:\/\/chapterzero-france.com\/#organization","name":"Chapter Zero France","url":"https:\/\/chapterzero-france.com\/","logo":{"@type":"ImageObject","inLanguage":"fr-FR","@id":"https:\/\/chapterzero-france.com\/#\/schema\/logo\/image\/","url":"https:\/\/chapterzero-france.com\/wp-content\/uploads\/2020\/08\/ChapterZero_Logo_FranceForumClimat-e1598537853484.jpg","contentUrl":"https:\/\/chapterzero-france.com\/wp-content\/uploads\/2020\/08\/ChapterZero_Logo_FranceForumClimat-e1598537853484.jpg","width":100,"height":38,"caption":"Chapter Zero France"},"image":{"@id":"https:\/\/chapterzero-france.com\/#\/schema\/logo\/image\/"}}]}},"coauthors":[],"author_meta":{"author_link":"https:\/\/chapterzero-france.com\/index.php\/author\/czfr\/","display_name":"CZFR"},"relative_dates":{"created":"Publi\u00e9 11 mois il y a","modified":"Mis \u00e0 jour 11 mois il y a"},"absolute_dates":{"created":"Publi\u00e9 le 9 mai 2025","modified":"Mise \u00e0 jour le 9 mai 2025"},"absolute_dates_time":{"created":"Publi\u00e9 le 9 mai 2025 16 h 57 min","modified":"Mise \u00e0 jour le 9 mai 2025 16 h 57 min"},"featured_img_caption":"","featured_img":false,"series_order":"","_links":{"self":[{"href":"https:\/\/chapterzero-france.com\/index.php\/wp-json\/wp\/v2\/pages\/7587","targetHints":{"allow":["GET"]}}],"collection":[{"href":"https:\/\/chapterzero-france.com\/index.php\/wp-json\/wp\/v2\/pages"}],"about":[{"href":"https:\/\/chapterzero-france.com\/index.php\/wp-json\/wp\/v2\/types\/page"}],"author":[{"embeddable":true,"href":"https:\/\/chapterzero-france.com\/index.php\/wp-json\/wp\/v2\/users\/4"}],"replies":[{"embeddable":true,"href":"https:\/\/chapterzero-france.com\/index.php\/wp-json\/wp\/v2\/comments?post=7587"}],"version-history":[{"count":4,"href":"https:\/\/chapterzero-france.com\/index.php\/wp-json\/wp\/v2\/pages\/7587\/revisions"}],"predecessor-version":[{"id":7592,"href":"https:\/\/chapterzero-france.com\/index.php\/wp-json\/wp\/v2\/pages\/7587\/revisions\/7592"}],"wp:attachment":[{"href":"https:\/\/chapterzero-france.com\/index.php\/wp-json\/wp\/v2\/media?parent=7587"}],"curies":[{"name":"wp","href":"https:\/\/api.w.org\/{rel}","templated":true}]}}