{"id":7645,"date":"2025-11-06T20:13:54","date_gmt":"2025-11-06T19:13:54","guid":{"rendered":"https:\/\/chapterzero-france.com\/?page_id=7645"},"modified":"2025-11-06T20:13:55","modified_gmt":"2025-11-06T19:13:55","slug":"fidal-avocats-renouvelle-son-soutien-a-chapter-zero-france-pour-renforcer-la-gouvernance-climatique-des-entreprises","status":"publish","type":"page","link":"https:\/\/chapterzero-france.com\/index.php\/fidal-avocats-renouvelle-son-soutien-a-chapter-zero-france-pour-renforcer-la-gouvernance-climatique-des-entreprises\/","title":{"rendered":"Fidal Avocats renouvelle son soutien \u00e0 Chapter Zero France pour renforcer la gouvernance climatique des entreprises."},"content":{"rendered":"<div id=\"wppb-builder-container\" class=\"wppb-builder-container\">\n<p><strong>Chapter Zero France<\/strong><strong>&nbsp;renouvelle son partenariat avec FIDAL Avocats \u2013 Mobiliser les conseils d\u2019administration pour le climat<\/strong><\/p>\n\n\n\n<p>Chapter Zero France est fier de renouveler son partenariat avec @<strong>FIDAL Avocats<\/strong>,&nbsp;un acteur&nbsp;majeur du droit des affaires en France.&nbsp;L\u2019\u00e9quipe Fondations, M\u00e9c\u00e9nat et Entreprises \u00e0 Impact (FME) dirig\u00e9e par @St\u00e9phane Couchoux accompagne CZF dans sa mission d\u2019int\u00e9r\u00eat g\u00e9n\u00e9ral :&nbsp;#<\/p>\n\n\n\n<p><strong>sensibiliser et #former les #administrateurs d\u2019entreprises aux #enjeux climatiques, \u00e0 la transition bas carbone et \u00e0 la pr\u00e9servation de la #biodiversit\u00e9.<\/strong><\/p>\n\n\n\n<p>Ce partenariat s\u2019inscrit dans la d\u00e9marche&nbsp;@<strong>Fidal Impact<\/strong>, qui mobilise les expertises juridiques du cabinet pour soutenir les entreprises dans leurs engagements soci\u00e9taux, environnementaux et de gouvernance durable.<\/p>\n\n\n\n<p>\u00ab Ce renouvellement de partenariat illustre la conviction que le Droit peut \u00eatre un levier et un outil de transformation durable. \u00bb<br><strong>St\u00e9phane Couchoux<\/strong>, Avocat \u2013 Directeur associ\u00e9 FIDAL Avocats<\/p>\n\n\n\n<p>\u00ab Ce m\u00e9c\u00e9nat nous accompagne dans la poursuite de notre mission d\u2019engagement des administrateurs ind\u00e9pendants vers une gouvernance climatique \u00e9clair\u00e9e. \u00bb<br><strong>Monica de Virgiliis<\/strong>, Pr\u00e9sidente Chapter Zero France<\/p>\n\n\n\n<p>FIDAL Avocats met ainsi \u00e0 disposition de CZF une s\u00e9rie de prestations juridiques et fiscales \u00e0 titre gracieux, pour soutenir l\u2019\u00e9volution de sa gouvernance, la structuration de ses services \u00e0 impact et l\u2019animation de sa communaut\u00e9 d\u2019administrateurs engag\u00e9s.<\/p>\n\n\n\n<p><em><br><strong>\u00a0<a href=\"http:\/\/fidal.com\/\" target=\"_blank\" rel=\"noreferrer noopener\">Fidal.com<\/a><\/strong><\/em><\/p>\n\n\n\n<p>Lire le communiqu\u00e9 de Presse<\/p>\n<\/div>","protected":false},"excerpt":{"rendered":"<p>Chapter Zero France&nbsp;renouvelle son partenariat avec FIDAL Avocats \u2013 Mobiliser les conseils d\u2019administration pour le climat Chapter Zero France est fier de renouveler son partenariat avec @FIDAL Avocats,&nbsp;un acteur&nbsp;majeur du droit des affaires en France.&nbsp;L\u2019\u00e9quipe Fondations, M\u00e9c\u00e9nat et Entreprises \u00e0 Impact (FME) dirig\u00e9e par @St\u00e9phane Couchoux accompagne CZF dans sa&hellip;<\/p>\n","protected":false},"author":4,"featured_media":7648,"parent":0,"menu_order":0,"comment_status":"closed","ping_status":"closed","template":"","meta":{"advgb_blocks_editor_width":"","advgb_blocks_columns_visual_guide":"","_monsterinsights_skip_tracking":false,"_monsterinsights_sitenote_active":false,"_monsterinsights_sitenote_note":"","_monsterinsights_sitenote_category":0,"footnotes":""},"class_list":["post-7645","page","type-page","status-publish","has-post-thumbnail","hentry"],"yoast_head":"<!-- This site is optimized with the Yoast SEO plugin v23.4 - https:\/\/yoast.com\/wordpress\/plugins\/seo\/ -->\n<title>Fidal Avocats renouvelle son soutien \u00e0 Chapter Zero France pour renforcer la gouvernance climatique des entreprises. - Chapter Zero France<\/title>\n<meta name=\"robots\" content=\"index, follow, max-snippet:-1, max-image-preview:large, max-video-preview:-1\" \/>\n<link rel=\"canonical\" href=\"https:\/\/chapterzero-france.com\/index.php\/fidal-avocats-renouvelle-son-soutien-a-chapter-zero-france-pour-renforcer-la-gouvernance-climatique-des-entreprises\/\" \/>\n<meta property=\"og:locale\" content=\"fr_FR\" \/>\n<meta property=\"og:type\" content=\"article\" \/>\n<meta property=\"og:title\" content=\"Fidal Avocats renouvelle son soutien \u00e0 Chapter Zero France pour renforcer la gouvernance climatique des entreprises. - Chapter Zero France\" \/>\n<meta property=\"og:description\" content=\"Chapter Zero France&nbsp;renouvelle son partenariat avec FIDAL Avocats \u2013 Mobiliser les conseils d\u2019administration pour le climat Chapter Zero France est fier de renouveler son partenariat avec @FIDAL Avocats,&nbsp;un acteur&nbsp;majeur du droit des affaires en France.&nbsp;L\u2019\u00e9quipe Fondations, M\u00e9c\u00e9nat et Entreprises \u00e0 Impact (FME) dirig\u00e9e par @St\u00e9phane Couchoux accompagne CZF dans sa&hellip;\" \/>\n<meta property=\"og:url\" content=\"https:\/\/chapterzero-france.com\/index.php\/fidal-avocats-renouvelle-son-soutien-a-chapter-zero-france-pour-renforcer-la-gouvernance-climatique-des-entreprises\/\" \/>\n<meta property=\"og:site_name\" content=\"Chapter Zero France\" \/>\n<meta property=\"article:modified_time\" content=\"2025-11-06T19:13:55+00:00\" \/>\n<meta property=\"og:image\" content=\"https:\/\/chapterzero-france.com\/wp-content\/uploads\/2025\/11\/fidal.png.jpg\" \/>\n\t<meta property=\"og:image:width\" content=\"330\" \/>\n\t<meta property=\"og:image:height\" content=\"153\" \/>\n\t<meta property=\"og:image:type\" content=\"image\/jpeg\" \/>\n<meta name=\"twitter:card\" content=\"summary_large_image\" \/>\n<meta name=\"twitter:label1\" content=\"Dur\u00e9e de lecture estim\u00e9e\" \/>\n\t<meta name=\"twitter:data1\" content=\"1 minute\" \/>\n<script type=\"application\/ld+json\" class=\"yoast-schema-graph\">{\"@context\":\"https:\/\/schema.org\",\"@graph\":[{\"@type\":\"WebPage\",\"@id\":\"https:\/\/chapterzero-france.com\/index.php\/fidal-avocats-renouvelle-son-soutien-a-chapter-zero-france-pour-renforcer-la-gouvernance-climatique-des-entreprises\/\",\"url\":\"https:\/\/chapterzero-france.com\/index.php\/fidal-avocats-renouvelle-son-soutien-a-chapter-zero-france-pour-renforcer-la-gouvernance-climatique-des-entreprises\/\",\"name\":\"Fidal Avocats renouvelle son soutien \u00e0 Chapter Zero France pour renforcer la gouvernance climatique des entreprises. - Chapter Zero France\",\"isPartOf\":{\"@id\":\"https:\/\/chapterzero-france.com\/#website\"},\"primaryImageOfPage\":{\"@id\":\"https:\/\/chapterzero-france.com\/index.php\/fidal-avocats-renouvelle-son-soutien-a-chapter-zero-france-pour-renforcer-la-gouvernance-climatique-des-entreprises\/#primaryimage\"},\"image\":{\"@id\":\"https:\/\/chapterzero-france.com\/index.php\/fidal-avocats-renouvelle-son-soutien-a-chapter-zero-france-pour-renforcer-la-gouvernance-climatique-des-entreprises\/#primaryimage\"},\"thumbnailUrl\":\"https:\/\/chapterzero-france.com\/wp-content\/uploads\/2025\/11\/fidal.png.jpg\",\"datePublished\":\"2025-11-06T19:13:54+00:00\",\"dateModified\":\"2025-11-06T19:13:55+00:00\",\"breadcrumb\":{\"@id\":\"https:\/\/chapterzero-france.com\/index.php\/fidal-avocats-renouvelle-son-soutien-a-chapter-zero-france-pour-renforcer-la-gouvernance-climatique-des-entreprises\/#breadcrumb\"},\"inLanguage\":\"fr-FR\",\"potentialAction\":[{\"@type\":\"ReadAction\",\"target\":[\"https:\/\/chapterzero-france.com\/index.php\/fidal-avocats-renouvelle-son-soutien-a-chapter-zero-france-pour-renforcer-la-gouvernance-climatique-des-entreprises\/\"]}]},{\"@type\":\"ImageObject\",\"inLanguage\":\"fr-FR\",\"@id\":\"https:\/\/chapterzero-france.com\/index.php\/fidal-avocats-renouvelle-son-soutien-a-chapter-zero-france-pour-renforcer-la-gouvernance-climatique-des-entreprises\/#primaryimage\",\"url\":\"https:\/\/chapterzero-france.com\/wp-content\/uploads\/2025\/11\/fidal.png.jpg\",\"contentUrl\":\"https:\/\/chapterzero-france.com\/wp-content\/uploads\/2025\/11\/fidal.png.jpg\",\"width\":330,\"height\":153},{\"@type\":\"BreadcrumbList\",\"@id\":\"https:\/\/chapterzero-france.com\/index.php\/fidal-avocats-renouvelle-son-soutien-a-chapter-zero-france-pour-renforcer-la-gouvernance-climatique-des-entreprises\/#breadcrumb\",\"itemListElement\":[{\"@type\":\"ListItem\",\"position\":1,\"name\":\"Accueil\",\"item\":\"https:\/\/chapterzero-france.com\/\"},{\"@type\":\"ListItem\",\"position\":2,\"name\":\"Fidal Avocats renouvelle son soutien \u00e0 Chapter Zero France pour renforcer la gouvernance climatique des entreprises.\"}]},{\"@type\":\"WebSite\",\"@id\":\"https:\/\/chapterzero-france.com\/#website\",\"url\":\"https:\/\/chapterzero-france.com\/\",\"name\":\"Chapter Zero France\",\"description\":\"Le Forum Climat des Administrateurs\",\"publisher\":{\"@id\":\"https:\/\/chapterzero-france.com\/#organization\"},\"potentialAction\":[{\"@type\":\"SearchAction\",\"target\":{\"@type\":\"EntryPoint\",\"urlTemplate\":\"https:\/\/chapterzero-france.com\/?s={search_term_string}\"},\"query-input\":{\"@type\":\"PropertyValueSpecification\",\"valueRequired\":true,\"valueName\":\"search_term_string\"}}],\"inLanguage\":\"fr-FR\"},{\"@type\":\"Organization\",\"@id\":\"https:\/\/chapterzero-france.com\/#organization\",\"name\":\"Chapter Zero France\",\"url\":\"https:\/\/chapterzero-france.com\/\",\"logo\":{\"@type\":\"ImageObject\",\"inLanguage\":\"fr-FR\",\"@id\":\"https:\/\/chapterzero-france.com\/#\/schema\/logo\/image\/\",\"url\":\"https:\/\/chapterzero-france.com\/wp-content\/uploads\/2020\/08\/ChapterZero_Logo_FranceForumClimat-e1598537853484.jpg\",\"contentUrl\":\"https:\/\/chapterzero-france.com\/wp-content\/uploads\/2020\/08\/ChapterZero_Logo_FranceForumClimat-e1598537853484.jpg\",\"width\":100,\"height\":38,\"caption\":\"Chapter Zero France\"},\"image\":{\"@id\":\"https:\/\/chapterzero-france.com\/#\/schema\/logo\/image\/\"}}]}<\/script>\n<!-- \/ Yoast SEO plugin. -->","yoast_head_json":{"title":"Fidal Avocats renouvelle son soutien \u00e0 Chapter Zero France pour renforcer la gouvernance climatique des entreprises. - Chapter Zero France","robots":{"index":"index","follow":"follow","max-snippet":"max-snippet:-1","max-image-preview":"max-image-preview:large","max-video-preview":"max-video-preview:-1"},"canonical":"https:\/\/chapterzero-france.com\/index.php\/fidal-avocats-renouvelle-son-soutien-a-chapter-zero-france-pour-renforcer-la-gouvernance-climatique-des-entreprises\/","og_locale":"fr_FR","og_type":"article","og_title":"Fidal Avocats renouvelle son soutien \u00e0 Chapter Zero France pour renforcer la gouvernance climatique des entreprises. - Chapter Zero France","og_description":"Chapter Zero France&nbsp;renouvelle son partenariat avec FIDAL Avocats \u2013 Mobiliser les conseils d\u2019administration pour le climat Chapter Zero France est fier de renouveler son partenariat avec @FIDAL Avocats,&nbsp;un acteur&nbsp;majeur du droit des affaires en France.&nbsp;L\u2019\u00e9quipe Fondations, M\u00e9c\u00e9nat et Entreprises \u00e0 Impact (FME) dirig\u00e9e par @St\u00e9phane Couchoux accompagne CZF dans sa&hellip;","og_url":"https:\/\/chapterzero-france.com\/index.php\/fidal-avocats-renouvelle-son-soutien-a-chapter-zero-france-pour-renforcer-la-gouvernance-climatique-des-entreprises\/","og_site_name":"Chapter Zero France","article_modified_time":"2025-11-06T19:13:55+00:00","og_image":[{"width":330,"height":153,"url":"https:\/\/chapterzero-france.com\/wp-content\/uploads\/2025\/11\/fidal.png.jpg","type":"image\/jpeg"}],"twitter_card":"summary_large_image","twitter_misc":{"Dur\u00e9e de lecture estim\u00e9e":"1 minute"},"schema":{"@context":"https:\/\/schema.org","@graph":[{"@type":"WebPage","@id":"https:\/\/chapterzero-france.com\/index.php\/fidal-avocats-renouvelle-son-soutien-a-chapter-zero-france-pour-renforcer-la-gouvernance-climatique-des-entreprises\/","url":"https:\/\/chapterzero-france.com\/index.php\/fidal-avocats-renouvelle-son-soutien-a-chapter-zero-france-pour-renforcer-la-gouvernance-climatique-des-entreprises\/","name":"Fidal Avocats renouvelle son soutien \u00e0 Chapter Zero France pour renforcer la gouvernance climatique des entreprises. - Chapter Zero France","isPartOf":{"@id":"https:\/\/chapterzero-france.com\/#website"},"primaryImageOfPage":{"@id":"https:\/\/chapterzero-france.com\/index.php\/fidal-avocats-renouvelle-son-soutien-a-chapter-zero-france-pour-renforcer-la-gouvernance-climatique-des-entreprises\/#primaryimage"},"image":{"@id":"https:\/\/chapterzero-france.com\/index.php\/fidal-avocats-renouvelle-son-soutien-a-chapter-zero-france-pour-renforcer-la-gouvernance-climatique-des-entreprises\/#primaryimage"},"thumbnailUrl":"https:\/\/chapterzero-france.com\/wp-content\/uploads\/2025\/11\/fidal.png.jpg","datePublished":"2025-11-06T19:13:54+00:00","dateModified":"2025-11-06T19:13:55+00:00","breadcrumb":{"@id":"https:\/\/chapterzero-france.com\/index.php\/fidal-avocats-renouvelle-son-soutien-a-chapter-zero-france-pour-renforcer-la-gouvernance-climatique-des-entreprises\/#breadcrumb"},"inLanguage":"fr-FR","potentialAction":[{"@type":"ReadAction","target":["https:\/\/chapterzero-france.com\/index.php\/fidal-avocats-renouvelle-son-soutien-a-chapter-zero-france-pour-renforcer-la-gouvernance-climatique-des-entreprises\/"]}]},{"@type":"ImageObject","inLanguage":"fr-FR","@id":"https:\/\/chapterzero-france.com\/index.php\/fidal-avocats-renouvelle-son-soutien-a-chapter-zero-france-pour-renforcer-la-gouvernance-climatique-des-entreprises\/#primaryimage","url":"https:\/\/chapterzero-france.com\/wp-content\/uploads\/2025\/11\/fidal.png.jpg","contentUrl":"https:\/\/chapterzero-france.com\/wp-content\/uploads\/2025\/11\/fidal.png.jpg","width":330,"height":153},{"@type":"BreadcrumbList","@id":"https:\/\/chapterzero-france.com\/index.php\/fidal-avocats-renouvelle-son-soutien-a-chapter-zero-france-pour-renforcer-la-gouvernance-climatique-des-entreprises\/#breadcrumb","itemListElement":[{"@type":"ListItem","position":1,"name":"Accueil","item":"https:\/\/chapterzero-france.com\/"},{"@type":"ListItem","position":2,"name":"Fidal Avocats renouvelle son soutien \u00e0 Chapter Zero France pour renforcer la gouvernance climatique des entreprises."}]},{"@type":"WebSite","@id":"https:\/\/chapterzero-france.com\/#website","url":"https:\/\/chapterzero-france.com\/","name":"Chapter Zero France","description":"Le Forum Climat des Administrateurs","publisher":{"@id":"https:\/\/chapterzero-france.com\/#organization"},"potentialAction":[{"@type":"SearchAction","target":{"@type":"EntryPoint","urlTemplate":"https:\/\/chapterzero-france.com\/?s={search_term_string}"},"query-input":{"@type":"PropertyValueSpecification","valueRequired":true,"valueName":"search_term_string"}}],"inLanguage":"fr-FR"},{"@type":"Organization","@id":"https:\/\/chapterzero-france.com\/#organization","name":"Chapter Zero France","url":"https:\/\/chapterzero-france.com\/","logo":{"@type":"ImageObject","inLanguage":"fr-FR","@id":"https:\/\/chapterzero-france.com\/#\/schema\/logo\/image\/","url":"https:\/\/chapterzero-france.com\/wp-content\/uploads\/2020\/08\/ChapterZero_Logo_FranceForumClimat-e1598537853484.jpg","contentUrl":"https:\/\/chapterzero-france.com\/wp-content\/uploads\/2020\/08\/ChapterZero_Logo_FranceForumClimat-e1598537853484.jpg","width":100,"height":38,"caption":"Chapter Zero France"},"image":{"@id":"https:\/\/chapterzero-france.com\/#\/schema\/logo\/image\/"}}]}},"coauthors":[],"author_meta":{"author_link":"https:\/\/chapterzero-france.com\/index.php\/author\/czfr\/","display_name":"CZFR"},"relative_dates":{"created":"Publi\u00e9 5 mois il y a","modified":"Mis \u00e0 jour 5 mois il y a"},"absolute_dates":{"created":"Publi\u00e9 le 6 novembre 2025","modified":"Mise \u00e0 jour le 6 novembre 2025"},"absolute_dates_time":{"created":"Publi\u00e9 le 6 novembre 2025 20 h 13 min","modified":"Mise \u00e0 jour le 6 novembre 2025 20 h 13 min"},"featured_img_caption":"","featured_img":"https:\/\/chapterzero-france.com\/wp-content\/uploads\/2025\/11\/fidal.png.jpg","series_order":"","_links":{"self":[{"href":"https:\/\/chapterzero-france.com\/index.php\/wp-json\/wp\/v2\/pages\/7645","targetHints":{"allow":["GET"]}}],"collection":[{"href":"https:\/\/chapterzero-france.com\/index.php\/wp-json\/wp\/v2\/pages"}],"about":[{"href":"https:\/\/chapterzero-france.com\/index.php\/wp-json\/wp\/v2\/types\/page"}],"author":[{"embeddable":true,"href":"https:\/\/chapterzero-france.com\/index.php\/wp-json\/wp\/v2\/users\/4"}],"replies":[{"embeddable":true,"href":"https:\/\/chapterzero-france.com\/index.php\/wp-json\/wp\/v2\/comments?post=7645"}],"version-history":[{"count":2,"href":"https:\/\/chapterzero-france.com\/index.php\/wp-json\/wp\/v2\/pages\/7645\/revisions"}],"predecessor-version":[{"id":7649,"href":"https:\/\/chapterzero-france.com\/index.php\/wp-json\/wp\/v2\/pages\/7645\/revisions\/7649"}],"wp:featuredmedia":[{"embeddable":true,"href":"https:\/\/chapterzero-france.com\/index.php\/wp-json\/wp\/v2\/media\/7648"}],"wp:attachment":[{"href":"https:\/\/chapterzero-france.com\/index.php\/wp-json\/wp\/v2\/media?parent=7645"}],"curies":[{"name":"wp","href":"https:\/\/api.w.org\/{rel}","templated":true}]}}